{"id":248643,"date":"2024-08-27T11:57:10","date_gmt":"2024-08-27T11:57:10","guid":{"rendered":"https:\/\/oddesse.de\/?page_id=248643"},"modified":"2024-10-23T13:08:21","modified_gmt":"2024-10-23T13:08:21","slug":"assistent-der-geschaeftsfuehrung","status":"publish","type":"page","link":"https:\/\/oddesse.de\/ru\/karriere\/assistent-der-geschaeftsfuehrung\/","title":{"rendered":"Assistent der Gesch\u00e4ftsf\u00fchrung"},"content":{"rendered":"<p>[et_pb_section fb_built=&#187;1&#8243; fullwidth=&#187;on&#187; _builder_version=&#187;4.16&#8243; _module_preset=&#187;default&#187; global_colors_info=&#187;{}&#187;][et_pb_fullwidth_slider _builder_version=&#187;4.16&#8243; _module_preset=&#187;default&#187; background_enable_color=&#187;off&#187; background_image=&#187;https:\/\/oddesse.de\/wp-content\/uploads\/2022\/02\/karriere-banner.jpg&#187; width_tablet=&#187;&#187; width_phone=&#187;&#187; width_last_edited=&#187;on|phone&#187; module_alignment=&#187;left&#187; content_width=&#187;73%&#187; content_width_tablet=&#187;73%&#187; content_width_phone=&#187;100%&#187; content_width_last_edited=&#187;on|phone&#187; content_max_width_tablet=&#187;&#187; content_max_width_phone=&#187;1080%&#187; content_max_width_last_edited=&#187;on|phone&#187; min_height_tablet=&#187;&#187; min_height_phone=&#187;&#187; min_height_last_edited=&#187;on|phone&#187; height=&#187;500px&#187; height_tablet=&#187;500px&#187; height_phone=&#187;250px&#187; height_last_edited=&#187;on|phone&#187; max_height=&#187;500px&#187; max_height_tablet=&#187;500px&#187; max_height_phone=&#187;250px&#187; max_height_last_edited=&#187;on|phone&#187; custom_padding=&#187;4px||6px|||&#187; header_font_size_tablet=&#187;&#187; header_font_size_phone=&#187;20px&#187; header_font_size_last_edited=&#187;on|phone&#187; body_font_size_tablet=&#187;&#187; body_font_size_phone=&#187;17px&#187; body_font_size_last_edited=&#187;on|phone&#187; background_last_edited=&#187;on|tablet&#187; background_image_tablet=&#187;https:\/\/oddesse.de\/wp-content\/uploads\/2022\/02\/karriere-banner.jpg&#187; background_enable_image_tablet=&#187;on&#187; parallax_phone=&#187;off&#187; background_size_phone=&#187;cover&#187; text_orientation_tablet=&#187;&#187; text_orientation_phone=&#187;&#187; text_orientation_last_edited=&#187;on|phone&#187; module_alignment_tablet=&#187;left&#187; module_alignment_phone=&#187;center&#187; module_alignment_last_edited=&#187;on|phone&#187; global_colors_info=&#187;{}&#187;][et_pb_slide heading=&#187;Wir bieten neue Perspektiven&#187; use_bg_overlay=&#187;off&#187; use_text_overlay=&#187;on&#187; text_overlay_color=&#187;rgba(181,18,62,0.54)&#187; text_border_radius=&#187;0px&#187; heading_tablet=&#187;Wir bieten neue Perspektiven&#187; heading_phone=&#187;Wir bieten neue Perspektiven&#187; heading_last_edited=&#187;on|desktop&#187; content_tablet=&#187;<\/p>\n<h1><\/h1>\n<h1><\/h1>\n<h1>Karriere bei oddesse<\/h1>\n<p>&#187; content_phone=&#187;<\/p>\n<h1>Karriere bei oddesse<\/h1>\n<p>&#187; content_last_edited=&#187;on|phone&#187; text_border_radius_tablet=&#187;0px&#187; text_border_radius_phone=&#187;0px&#187; text_border_radius_last_edited=&#187;on|phone&#187; _builder_version=&#187;4.16&#8243; _module_preset=&#187;default&#187; body_font_size=&#187;30px&#187; background_image=&#187;https:\/\/oddesse.de\/wp-content\/uploads\/2022\/02\/karriere-banner.jpg&#187; background_enable_image=&#187;on&#187; width=&#187;100%&#187; custom_padding_tablet=&#187;&#187; custom_padding_phone=&#187;0px|0px|0px|0px|false|false&#187; custom_padding_last_edited=&#187;on|phone&#187; header_font_tablet=&#187;&#187; header_font_phone=&#187;&#187; header_font_last_edited=&#187;on|phone&#187; body_font_size_tablet=&#187;30px&#187; body_font_size_phone=&#187;16px&#187; body_font_size_last_edited=&#187;on|phone&#187; background_last_edited=&#187;on|desktop&#187; background_image_tablet=&#187;https:\/\/oddesse.de\/wp-content\/uploads\/2022\/02\/karriere-banner.jpg&#187; background_enable_image_tablet=&#187;on&#187; background_size_tablet=&#187;cover&#187; background_size_phone=&#187;cover&#187; global_colors_info=&#187;{}&#187; sticky_transition=&#187;on&#187;]<\/p>\n<h1><\/h1>\n<h1>Karriere bei oddesse<\/h1>\n<p>[\/et_pb_slide][\/et_pb_fullwidth_slider][\/et_pb_section][et_pb_section fb_built=&#187;1&#8243; admin_label=&#187;section&#187; _builder_version=&#187;4.16&#8243; global_colors_info=&#187;{}&#187;][et_pb_row admin_label=&#187;row&#187; _builder_version=&#187;4.16&#8243; background_size=&#187;initial&#187; background_position=&#187;top_left&#187; background_repeat=&#187;repeat&#187; custom_padding=&#187;3px||22px|||&#187; global_colors_info=&#187;{}&#187;][et_pb_column type=&#187;4_4&#8243; _builder_version=&#187;4.16&#8243; custom_padding=&#187;|||&#187; global_colors_info=&#187;{}&#187; custom_padding__hover=&#187;|||&#187;][et_pb_text admin_label=&#187;Text&#187; _builder_version=&#187;4.23.4&#8243; background_size=&#187;initial&#187; background_position=&#187;top_left&#187; background_repeat=&#187;repeat&#187; hover_enabled=&#187;0&#8243; global_colors_info=&#187;{}&#187; sticky_enabled=&#187;0&#8243;]<\/p>\n<p><!-- divi:paragraph --><\/p>\n<div class=\"ce_text first block\">\n<div class=\"mod_article last block\" id=\"karriere\">\n<div class=\"ce_text first last block\">\n<h1>Assistent der Gesch\u00e4ftsf\u00fchrung (m\/w\/d)<\/h1>\n<p>Sie sind interessiert an einer T\u00e4tigkeit in den Bereichen Management, IT und Personal und suchen eine abwechslungsreiche T\u00e4tigkeit? Sie stellen Ihr Wissen und Ihre F\u00e4higkeiten gern unter Beweis und haben Lust auf neue Herausforderungen? Ja, dann sollten wir uns unbedingt kennenlernen.<\/p>\n<p>Wir \u2013 die oddesse Pumpen- und Motorenfabrik GmbH \u2013 sind ein traditionsreiches mittel-st\u00e4ndisches Unternehmen. Wir entwickeln, fertigen und verkaufen hochwertige Pumpen und Motoren von hervorragendem internationalem Renommee.<\/p>\n<p>Geben Sie Ihrer Zukunft den entscheidenden Impuls und werden Sie Teil unseres Managements. Gemeinsam mit hochmotivierten Kollegen organisieren Sie Projekte und kreieren L\u00f6sungen \u2013 sowohl f\u00fcr die Gesch\u00e4ftsf\u00fchrung, als auch f\u00fcr die Bereiche IT und Personal.<\/p>\n<p>Wesentliche Bestandteile Ihrer T\u00e4tigkeit sind die Unterst\u00fctzung der Gesch\u00e4ftsf\u00fchrung und der Bereiche Planung und Controlling, Personalmanagement und IT-Betreuung.<\/p>\n<p>Neben einer sehr guten Bezahlung, bieten wir Ihnen M\u00f6glichkeiten zur pers\u00f6nlichen Weiterentwicklung im Unternehmen. Sie erhalten eine intensive Einarbeitung in Ihre Aufgabengebiete, damit der erfolgreiche Start in Ihr neues Arbeitsumfeld gesichert ist.<\/p>\n<p>Ihr (ideales) Profil beinhaltet:<\/p>\n<p>\u2022 technisches Fachwissen, bestenfalls Kenntnisse des Maschinen- und Anlagenbaus<br \/>\u2022 Berufserfahrung in der Wasser- und Abwasserbranche<br \/>\u2022 fundierte Bedienerkenntnisse bei der Arbeit mit MS-Office und ERP-Systemen<\/p>\n<\/div>\n<\/div>\n<p>&nbsp;<\/p>\n<\/div>\n<p><!-- \/divi:paragraph --><\/p>\n<p>[\/et_pb_text][\/et_pb_column][\/et_pb_row][et_pb_row column_structure=&#187;3_5,2_5&#8243; _builder_version=&#187;4.23.4&#8243; _module_preset=&#187;default&#187; custom_padding=&#187;0px|||||&#187; global_colors_info=&#187;{}&#187;][et_pb_column type=&#187;3_5&#8243; _builder_version=&#187;4.23.4&#8243; _module_preset=&#187;default&#187; global_colors_info=&#187;{}&#187;][et_pb_text _builder_version=&#187;4.23.4&#8243; _module_preset=&#187;default&#187; global_colors_info=&#187;{}&#187;]<\/p>\n<p><strong><\/strong><\/p>\n<div class=\"mod_article last block\" id=\"karriere\">\n<div class=\"ce_text first last block\">\n<p>Sofern wir Ihr Interesse wecken konnten, senden Sie bitte Ihre aussagef\u00e4higen Bewerbungsunterlagen inklusive Angabe Ihrer Gehaltsvorstellungen an die Gesch\u00e4ftsf\u00fchrung.\u00a0<\/p>\n<\/div>\n<\/div>\n<p>&nbsp;<\/p>\n<p><strong><\/strong><\/p>\n<p><strong>oddesse<br \/>Pumpen- und Motorenfabrik GmbH<br \/>Am Pappelwald 12<\/strong><br \/><strong>39387 Oschersleben (Bode)<\/strong><\/p>\n<p>Telefon: +49 3949 932-480<br \/>E-Mail: <span style=\"color: #b5123e;\"><a href=\"mailto:info@oddesse.de\" style=\"color: #b5123e;\">info@oddesse.de<\/a><\/span><\/p>\n<p>[\/et_pb_text][\/et_pb_column][et_pb_column type=&#187;2_5&#8243; _builder_version=&#187;4.23.4&#8243; _module_preset=&#187;default&#187; global_colors_info=&#187;{}&#187;][et_pb_image src=&#187;https:\/\/oddesse.de\/wp-content\/uploads\/2024\/09\/Stellenanzeige-Assistent-der-Geschaeftsfuehrung-400&#215;516-1.png&#187; title_text=&#187;Stellenanzeige-Assistent-der-Geschaeftsfuehrung-400&#215;516&#8243; _builder_version=&#187;4.23.4&#8243; _module_preset=&#187;default&#187; max_height=&#187;450px&#187; hover_enabled=&#187;0&#8243; global_colors_info=&#187;{}&#187; sticky_enabled=&#187;0&#8243;][\/et_pb_image][\/et_pb_column][\/et_pb_row][\/et_pb_section]<\/p>\n","protected":false},"excerpt":{"rendered":"<p>Karriere bei oddesse Assistent der Gesch\u00e4ftsf\u00fchrung (m\/w\/d) Sie sind interessiert an einer T\u00e4tigkeit in den Bereichen Management, IT und Personal und suchen eine abwechslungsreiche T\u00e4tigkeit? Sie stellen Ihr Wissen und Ihre F\u00e4higkeiten gern unter Beweis und haben Lust auf neue Herausforderungen? Ja, dann sollten wir uns unbedingt kennenlernen. Wir \u2013 die oddesse Pumpen- und Motorenfabrik [&hellip;]<\/p>\n","protected":false},"author":2,"featured_media":0,"parent":1485,"menu_order":0,"comment_status":"closed","ping_status":"closed","template":"","meta":{"_et_pb_use_builder":"on","_et_pb_old_content":"<!-- wp:paragraph -->\n<p>This is an example page. It's different from a blog post because it will stay in one place and will show up in your site navigation (in most themes). Most people start with an About page that introduces them to potential site visitors. It might say something like this:<\/p>\n<!-- \/wp:paragraph -->\n\n<!-- wp:quote -->\n<blockquote class=\"wp-block-quote\"><p>Hi there! I'm a bike messenger by day, aspiring actor by night, and this is my website. I live in Los Angeles, have a great dog named Jack, and I like pi\u00f1a coladas. (And gettin' caught in the rain.)<\/p><\/blockquote>\n<!-- \/wp:quote -->\n\n<!-- wp:paragraph -->\n<p>...or something like this:<\/p>\n<!-- \/wp:paragraph -->\n\n<!-- wp:quote -->\n<blockquote class=\"wp-block-quote\"><p>The XYZ Doohickey Company was founded in 1971, and has been providing quality doohickeys to the public ever since. Located in Gotham City, XYZ employs over 2,000 people and does all kinds of awesome things for the Gotham community.<\/p><\/blockquote>\n<!-- \/wp:quote -->\n\n<!-- wp:paragraph -->\n<p>As a new WordPress user, you should go to <a href=\"https:\/\/oddesse.de\/wp-admin\/\">your dashboard<\/a> to delete this page and create new pages for your content. Have fun!<\/p>\n<!-- \/wp:paragraph -->","_et_gb_content_width":"","footnotes":""},"class_list":["post-248643","page","type-page","status-publish","hentry"],"_links":{"self":[{"href":"https:\/\/oddesse.de\/ru\/wp-json\/wp\/v2\/pages\/248643","targetHints":{"allow":["GET"]}}],"collection":[{"href":"https:\/\/oddesse.de\/ru\/wp-json\/wp\/v2\/pages"}],"about":[{"href":"https:\/\/oddesse.de\/ru\/wp-json\/wp\/v2\/types\/page"}],"author":[{"embeddable":true,"href":"https:\/\/oddesse.de\/ru\/wp-json\/wp\/v2\/users\/2"}],"replies":[{"embeddable":true,"href":"https:\/\/oddesse.de\/ru\/wp-json\/wp\/v2\/comments?post=248643"}],"version-history":[{"count":3,"href":"https:\/\/oddesse.de\/ru\/wp-json\/wp\/v2\/pages\/248643\/revisions"}],"predecessor-version":[{"id":248655,"href":"https:\/\/oddesse.de\/ru\/wp-json\/wp\/v2\/pages\/248643\/revisions\/248655"}],"up":[{"embeddable":true,"href":"https:\/\/oddesse.de\/ru\/wp-json\/wp\/v2\/pages\/1485"}],"wp:attachment":[{"href":"https:\/\/oddesse.de\/ru\/wp-json\/wp\/v2\/media?parent=248643"}],"curies":[{"name":"wp","href":"https:\/\/api.w.org\/{rel}","templated":true}]}}