{"id":243159,"date":"2022-01-27T14:46:40","date_gmt":"2022-01-27T14:46:40","guid":{"rendered":"https:\/\/test376518.live-website.com\/%d0%bf%d1%80%d0%be%d0%b8%d0%b7%d0%b2%d0%be%d0%b4%d1%81%d1%82%d0%b2%d0%be\/"},"modified":"2022-06-10T08:59:56","modified_gmt":"2022-06-10T08:59:56","slug":"%d0%bf%d1%80%d0%be%d0%b8%d0%b7%d0%b2%d0%be%d0%b4%d1%81%d1%82%d0%b2%d0%be","status":"publish","type":"page","link":"https:\/\/oddesse.de\/ru\/%d0%be%d0%b1-%d0%be%d0%b4%d0%b4%d0%b5%d1%81%d1%81%d0%b5\/%d0%bf%d1%80%d0%be%d0%b8%d0%b7%d0%b2%d0%be%d0%b4%d1%81%d1%82%d0%b2%d0%be\/","title":{"rendered":"\u041f\u0440\u043e\u0438\u0437\u0432\u043e\u0434\u0441\u0442\u0432\u043e"},"content":{"rendered":"<p>[et_pb_section fb_built=&#187;1&#8243; fullwidth=&#187;on&#187; _builder_version=&#187;4.16&#8243; _module_preset=&#187;default&#187; global_colors_info=&#187;{}&#187;][et_pb_fullwidth_slider _builder_version=&#187;4.16&#8243; _module_preset=&#187;default&#187; background_image=&#187;https:\/\/oddesse.de\/wp-content\/uploads\/2022\/02\/Produktion.jpg&#187; width_tablet=&#187;&#187; width_phone=&#187;&#187; width_last_edited=&#187;on|phone&#187; module_alignment=&#187;left&#187; content_width=&#187;73%&#187; content_width_tablet=&#187;73%&#187; content_width_phone=&#187;100%&#187; content_width_last_edited=&#187;on|phone&#187; content_max_width_tablet=&#187;&#187; content_max_width_phone=&#187;1080%&#187; content_max_width_last_edited=&#187;on|phone&#187; min_height_tablet=&#187;&#187; min_height_phone=&#187;&#187; min_height_last_edited=&#187;on|phone&#187; height=&#187;500px&#187; height_tablet=&#187;500px&#187; height_phone=&#187;250px&#187; height_last_edited=&#187;on|phone&#187; max_height=&#187;500px&#187; max_height_tablet=&#187;500px&#187; max_height_phone=&#187;250px&#187; max_height_last_edited=&#187;on|phone&#187; custom_padding=&#187;4px||6px|||&#187; header_font_size_tablet=&#187;&#187; header_font_size_phone=&#187;20px&#187; header_font_size_last_edited=&#187;on|phone&#187; body_font_size_tablet=&#187;&#187; body_font_size_phone=&#187;17px&#187; body_font_size_last_edited=&#187;on|phone&#187; background_last_edited=&#187;on|phone&#187; background_size_phone=&#187;cover&#187; text_orientation_tablet=&#187;&#187; text_orientation_phone=&#187;&#187; text_orientation_last_edited=&#187;on|phone&#187; module_alignment_tablet=&#187;left&#187; module_alignment_phone=&#187;center&#187; module_alignment_last_edited=&#187;on|phone&#187; global_colors_info=&#187;{}&#187;][et_pb_slide heading=&#187;\u0412\u044b\u0441\u043e\u043a\u0430\u044f \u0433\u0438\u0431\u043a\u043e\u0441\u0442\u044c&#187; use_bg_overlay=&#187;off&#187; use_text_overlay=&#187;on&#187; text_border_radius=&#187;0px&#187; content_tablet=&#187;<\/p>\n<h1><\/h1>\n<h1><\/h1>\n<h1><\/h1>\n<h1>\u0432 \u0438\u043d\u0442\u0435\u0440\u0435\u0441\u0430\u0445 \u043d\u0430\u0448\u0438\u0445 \u043a\u043b\u0438\u0435\u043d\u0442\u043e\u0432<\/h1>\n<p>&#187; content_phone=&#187;<\/p>\n<h1><\/h1>\n<h1><\/h1>\n<h1><\/h1>\n<h1>\u0432 \u0438\u043d\u0442\u0435\u0440\u0435\u0441\u0430\u0445 \u043d\u0430\u0448\u0438\u0445 \u043a\u043b\u0438\u0435\u043d\u0442\u043e\u0432<\/h1>\n<p>&#187; content_last_edited=&#187;on|phone&#187; text_border_radius_tablet=&#187;0px&#187; text_border_radius_phone=&#187;0px&#187; text_border_radius_last_edited=&#187;on|phone&#187; _builder_version=&#187;4.16&#8243; _module_preset=&#187;default&#187; body_font_size=&#187;30px&#187; background_image=&#187;https:\/\/oddesse.de\/wp-content\/uploads\/2022\/01\/Produktion.jpg&#187; background_enable_image=&#187;on&#187; width=&#187;100%&#187; custom_padding_tablet=&#187;&#187; custom_padding_phone=&#187;0px|0px|0px|0px|false|false&#187; custom_padding_last_edited=&#187;on|phone&#187; header_font_tablet=&#187;&#187; header_font_phone=&#187;&#187; header_font_last_edited=&#187;on|phone&#187; body_font_size_tablet=&#187;30px&#187; body_font_size_phone=&#187;16px&#187; body_font_size_last_edited=&#187;on|phone&#187; background_last_edited=&#187;on|phone&#187; background_image_phone=&#187;https:\/\/oddesse.de\/wp-content\/uploads\/2022\/02\/Produktion.jpg&#187; background_enable_image_phone=&#187;on&#187; background_size_phone=&#187;cover&#187; global_colors_info=&#187;{}&#187; sticky_transition=&#187;on&#187;]<\/p>\n<h1><\/h1>\n<h1>\u0432 \u0438\u043d\u0442\u0435\u0440\u0435\u0441\u0430\u0445 \u043d\u0430\u0448\u0438\u0445 \u043a\u043b\u0438\u0435\u043d\u0442\u043e\u0432<\/h1>\n<p>[\/et_pb_slide][\/et_pb_fullwidth_slider][\/et_pb_section][et_pb_section fb_built=&#187;1&#8243; admin_label=&#187;section&#187; _builder_version=&#187;4.16&#8243; custom_padding=&#187;60px|||||&#187; global_colors_info=&#187;{}&#187;][et_pb_row admin_label=&#187;\u0440\u044f\u0434&#187; _builder_version=&#187;4.16&#8243; background_size=&#187;initial&#187; background_position=&#187;top_left&#187; background_repeat=&#187;repeat&#187; custom_padding=&#187;5px|||||&#187; global_colors_info=&#187;{}&#187;][et_pb_column type=&#187;4_4&#8243; _builder_version=&#187;4.16&#8243; custom_padding=&#187;|||&#187; global_colors_info=&#187;{}&#187; custom_padding__hover=&#187;|||&#187;][et_pb_text content_tablet=&#187;<\/p>\n<p><!-- divi:paragraph --><\/p>\n<h1>Die Qualit\u00e4t eines Unternehmens bestimmt die Qualit\u00e4t der Produkte<\/h1>\n<p>oddesse ist mit moderner Fertigungstechnik ausger\u00fcstet, die orientiert ist auf h\u00f6chste Qualit\u00e4t, gr\u00f6\u00dftm\u00f6gliche Flexibilit\u00e4t, kurze Lieferzeiten und hohe Produktivit\u00e4t. Mit Hilfe der Permanentmagnet-Technologie entwickeln wir hocheffiziente Tauchmotorpumpensysteme aus physiologisch unbedenklichen Materialien. Dadurch sind die Pumpen und Motoren f\u00fcr den Einsatz im Trinkwasser geeignet. Die effizienten Systeme zeichnen sich durch einen erh\u00f6hten Wirkungsgrad aus und sparen nachhaltig Energie und Kosten ein. Somit hilft die Umr\u00fcstung von alten Pumpenanalagen auf effizientere Systeme dabei den \u00f6kologischen Fu\u00dfabdruck der Wasserwirtschaft zu reduzieren und die Umwelt zu sch\u00fctzen.<\/p>\n<p>Im Interesse unserer Kundinnen und Kunden verf\u00fcgt oddesse \u00fcber eine hohe Fertigungstiefe sowie eine moderne Fertigungssteuerung, um Kundenw\u00fcnsche schnell realisieren zu k\u00f6nnen. Mit einem hochproduktiven Maschinenpark, modernster CAD-Produktentwicklung und Auftragssteuerung, vor allem aber mit einem erfahrenen und hoch qualifizierten Team von Facharbeitern, Ingenieuren und Managern setzen wir die \u00fcber 120-J\u00e4hrige Tradition im Pumpenbau in Oschersleben fort.<\/p>\n<p>Die qualifizierten Ingenieure, Meister, Facharbeiterinnen und Facharbeiter garantieren h\u00f6chste Qualit\u00e4t und Betriebssicherheit der oddesse-Produkte.<\/p>\n<p>Unser Team ber\u00e4t Sie zudem gern zur Umr\u00fcstung Ihrer alten Anlagen auf hocheffiziente Tauchmotorpumpensysteme.<\/p>\n<\/p>\n<p><!-- \/divi:paragraph --><\/p>\n<p>&#187; content_phone=&#187;<\/p>\n<p><!-- divi:paragraph --><\/p>\n<h1>Die Qualit\u00e4t eines Unternehmens bestimmt die Qualit\u00e4t der Produkte<\/h1>\n<p>oddesse ist mit moderner Fertigungstechnik ausger\u00fcstet, die orientiert ist auf h\u00f6chste Qualit\u00e4t, gr\u00f6\u00dftm\u00f6gliche Flexibilit\u00e4t, kurze Lieferzeiten und hohe Produktivit\u00e4t. Mit Hilfe der Permanentmagnet-Technologie entwickeln wir hocheffiziente Tauchmotorpumpensysteme aus physiologisch unbedenklichen Materialien. Dadurch sind die Pumpen und Motoren f\u00fcr den Einsatz im Trinkwasser geeignet. Die effizienten Systeme zeichnen sich durch einen erh\u00f6hten Wirkungsgrad aus und sparen nachhaltig Energie und Kosten ein. Somit hilft die Umr\u00fcstung von alten Pumpenanalagen auf effizientere Systeme dabei den \u00f6kologischen Fu\u00dfabdruck der Wasserwirtschaft zu reduzieren und die Umwelt zu sch\u00fctzen.<\/p>\n<p>Im Interesse unserer Kundinnen und Kunden verf\u00fcgt oddesse \u00fcber eine hohe Fertigungstiefe sowie eine moderne Fertigungssteuerung, um Kundenw\u00fcnsche schnell realisieren zu k\u00f6nnen. Mit einem hochproduktiven Maschinenpark, modernster CAD-Produktentwicklung und Auftragssteuerung, vor allem aber mit einem erfahrenen und hoch qualifizierten Team von Facharbeitern, Ingenieuren und Managern setzen wir die \u00fcber 120-J\u00e4hrige Tradition im Pumpenbau in Oschersleben fort.<\/p>\n<p>Die qualifizierten Ingenieure, Meister, Facharbeiterinnen und Facharbeiter garantieren h\u00f6chste Qualit\u00e4t und Betriebssicherheit der oddesse-Produkte.<\/p>\n<p>Unser Team ber\u00e4t Sie zudem gern zur Umr\u00fcstung Ihrer alten Anlagen auf hocheffiziente Tauchmotorpumpensysteme.<\/p>\n<\/p>\n<p><!-- \/divi:paragraph --><\/p>\n<p>&#187; content_last_edited=&#187;on|phone&#187; admin_label=&#187;Text&#187; _builder_version=&#187;4.17.0&#8243; background_size=&#187;initial&#187; background_position=&#187;top_left&#187; background_repeat=&#187;repeat&#187; global_colors_info=&#187;{}&#187;]<!-- divi:paragraph --><\/p>\n<h1>\u041a\u0430\u0447\u0435\u0441\u0442\u0432\u043e \u043a\u043e\u043c\u043f\u0430\u043d\u0438\u0438 \u043e\u043f\u0440\u0435\u0434\u0435\u043b\u044f\u0435\u0442 \u043a\u0430\u0447\u0435\u0441\u0442\u0432\u043e \u043f\u0440\u043e\u0434\u0443\u043a\u0446\u0438\u0438<\/h1>\n<p>\u041f\u043e\u0441\u0442\u043e\u044f\u043d\u043d\u043e\u0435 \u043d\u043e\u0432\u0430\u0442\u043e\u0440\u0441\u0442\u0432\u043e \u0432 \u043f\u0440\u043e\u0446\u0435\u0441\u0441\u0435 \u0440\u0430\u0437\u0440\u0430\u0431\u043e\u0442\u043a\u0438 \u043d\u043e\u0432\u043e\u0439 \u043f\u0440\u043e\u0434\u0443\u043a\u0446\u0438\u0438, \u0447\u0435\u0442\u043a\u0430\u044f \u043d\u0430\u043f\u0440\u0430\u0432\u043b\u0435\u043d\u043d\u043e\u0441\u0442\u044c \u043d\u0430 \u043f\u043e\u0442\u0440\u0435\u0431\u043d\u043e\u0441\u0442\u0438 \u0438 \u043f\u043e\u0436\u0435\u043b\u0430\u043d\u0438\u044f \u0437\u0430\u043a\u0430\u0437\u0447\u0438\u043a\u043e\u0432, \u043d\u0430\u0434\u0435\u0436\u043d\u043e\u0435 \u043a\u0430\u0447\u0435\u0441\u0442\u0432\u043e \u043f\u0440\u043e\u0434\u0443\u043a\u0446\u0438\u0438, \u0430 \u0442\u0430\u043a\u0436\u0435 \u0433\u0438\u0431\u043a\u043e\u0435 \u0441\u0435\u0440\u0432\u0438\u0441\u043d\u043e\u0435 \u043e\u0431\u0441\u043b\u0443\u0436\u0438\u0432\u0430\u043d\u0438\u0435 \u043e\u0431\u0435\u0441\u043f\u0435\u0447\u0438\u0432\u0430\u044e\u0442 \u043f\u0440\u043e\u0434\u043e\u043b\u0436\u0435\u043d\u0438\u0435 \u0438\u0441\u0442\u043e\u0440\u0438\u0438 \u0443\u0441\u043f\u0435\u0445\u0430. \u0418\u0441\u043f\u043e\u043b\u044c\u0437\u0443\u044f \u0442\u0435\u0445\u043d\u043e\u043b\u043e\u0433\u0438\u044e \u043f\u043e\u0441\u0442\u043e\u044f\u043d\u043d\u044b\u0445 \u043c\u0430\u0433\u043d\u0438\u0442\u043e\u0432, \u043c\u044b \u0440\u0430\u0437\u0440\u0430\u0431\u0430\u0442\u044b\u0432\u0430\u0435\u043c \u0432\u044b\u0441\u043e\u043a\u043e\u044d\u0444\u0444\u0435\u043a\u0442\u0438\u0432\u043d\u044b\u0435 \u043f\u043e\u0433\u0440\u0443\u0436\u043d\u044b\u0435 \u043d\u0430\u0441\u043e\u0441\u043d\u044b\u0435 \u0441\u0438\u0441\u0442\u0435\u043c\u044b \u0438\u0437 \u0444\u0438\u0437\u0438\u043e\u043b\u043e\u0433\u0438\u0447\u0435\u0441\u043a\u0438 \u0431\u0435\u0437\u0432\u0440\u0435\u0434\u043d\u044b\u0445 \u043c\u0430\u0442\u0435\u0440\u0438\u0430\u043b\u043e\u0432. \u042d\u0442\u043e \u0434\u0435\u043b\u0430\u0435\u0442 \u043d\u0430\u0441\u043e\u0441\u044b \u0438 \u0434\u0432\u0438\u0433\u0430\u0442\u0435\u043b\u0438 \u043f\u0440\u0438\u0433\u043e\u0434\u043d\u044b\u043c\u0438 \u0434\u043b\u044f \u0438\u0441\u043f\u043e\u043b\u044c\u0437\u043e\u0432\u0430\u043d\u0438\u044f \u0432 \u043f\u0438\u0442\u044c\u0435\u0432\u043e\u0439 \u0432\u043e\u0434\u0435. \u042d\u0444\u0444\u0435\u043a\u0442\u0438\u0432\u043d\u044b\u0435 \u0441\u0438\u0441\u0442\u0435\u043c\u044b \u0445\u0430\u0440\u0430\u043a\u0442\u0435\u0440\u0438\u0437\u0443\u044e\u0442\u0441\u044f \u043f\u043e\u0432\u044b\u0448\u0435\u043d\u043d\u043e\u0439 \u043f\u0440\u043e\u0438\u0437\u0432\u043e\u0434\u0438\u0442\u0435\u043b\u044c\u043d\u043e\u0441\u0442\u044c\u044e \u0438 \u043e\u0431\u0435\u0441\u043f\u0435\u0447\u0438\u0432\u0430\u044e\u0442 \u0443\u0441\u0442\u043e\u0439\u0447\u0438\u0432\u0443\u044e \u044d\u043a\u043e\u043d\u043e\u043c\u0438\u044e \u044d\u043d\u0435\u0440\u0433\u0438\u0438 \u0438 \u0437\u0430\u0442\u0440\u0430\u0442. \u041f\u0435\u0440\u0435\u043e\u0431\u043e\u0440\u0443\u0434\u043e\u0432\u0430\u043d\u0438\u0435 \u0441\u0442\u0430\u0440\u043e\u0433\u043e \u043d\u0430\u0441\u043e\u0441\u043d\u043e\u0433\u043e \u043e\u0431\u043e\u0440\u0443\u0434\u043e\u0432\u0430\u043d\u0438\u044f \u0432 \u0431\u043e\u043b\u0435\u0435 \u044d\u0444\u0444\u0435\u043a\u0442\u0438\u0432\u043d\u044b\u0435 \u0441\u0438\u0441\u0442\u0435\u043c\u044b \u043f\u043e\u043c\u043e\u0433\u0430\u0435\u0442 \u0443\u043c\u0435\u043d\u044c\u0448\u0438\u0442\u044c \u044d\u043a\u043e\u043b\u043e\u0433\u0438\u0447\u0435\u0441\u043a\u0438\u0439 \u0441\u043b\u0435\u0434 \u0432\u043e\u0434\u043d\u043e\u0439 \u043f\u0440\u043e\u043c\u044b\u0448\u043b\u0435\u043d\u043d\u043e\u0441\u0442\u0438 \u0438 \u0437\u0430\u0449\u0438\u0442\u0438\u0442\u044c \u043e\u043a\u0440\u0443\u0436\u0430\u044e\u0449\u0443\u044e \u0441\u0440\u0435\u0434\u0443.<\/p>\n<p>\u0412 \u0438\u043d\u0442\u0435\u0440\u0435\u0441\u0430\u0445 \u043d\u0430\u0448\u0438\u0445 \u043a\u043b\u0438\u0435\u043d\u0442\u043e\u0432, \u043a\u043e\u043c\u043f\u0430\u043d\u0438\u044f Odesse \u0438\u043c\u0435\u0435\u0442 \u0432\u044b\u0441\u043e\u043a\u0438\u0439 \u0443\u0440\u043e\u0432\u0435\u043d\u044c \u0432\u0435\u0440\u0442\u0438\u043a\u0430\u043b\u044c\u043d\u043e\u0439 \u0438\u043d\u0442\u0435\u0433\u0440\u0430\u0446\u0438\u0438 \u0438 \u0441\u043e\u0432\u0440\u0435\u043c\u0435\u043d\u043d\u044b\u0439 \u043a\u043e\u043d\u0442\u0440\u043e\u043b\u044c \u043f\u0440\u043e\u0438\u0437\u0432\u043e\u0434\u0441\u0442\u0432\u0430, \u0447\u0442\u043e\u0431\u044b \u0438\u043c\u0435\u0442\u044c \u0432\u043e\u0437\u043c\u043e\u0436\u043d\u043e\u0441\u0442\u044c \u0431\u044b\u0441\u0442\u0440\u043e \u0440\u0435\u0430\u043b\u0438\u0437\u043e\u0432\u044b\u0432\u0430\u0442\u044c \u0437\u0430\u043f\u0440\u043e\u0441\u044b \u043a\u043b\u0438\u0435\u043d\u0442\u043e\u0432. \u0411\u043b\u0430\u0433\u043e\u0434\u0430\u0440\u044f \u0432\u044b\u0441\u043e\u043a\u043e\u043f\u0440\u043e\u0438\u0437\u0432\u043e\u0434\u0438\u0442\u0435\u043b\u044c\u043d\u043e\u043c\u0443 \u043c\u0430\u0448\u0438\u043d\u043d\u043e\u043c\u0443 \u043f\u0430\u0440\u043a\u0443, \u0440\u0430\u0437\u0440\u0430\u0431\u043e\u0442\u043a\u0435 \u043d\u043e\u0432\u0435\u0439\u0448\u0438\u0445 \u043f\u0440\u043e\u0434\u0443\u043a\u0442\u043e\u0432 \u0421\u0410\u041f\u0420 \u0438 \u0443\u043f\u0440\u0430\u0432\u043b\u0435\u043d\u0438\u044e \u0437\u0430\u043a\u0430\u0437\u0430\u043c\u0438, \u043d\u043e, \u043f\u0440\u0435\u0436\u0434\u0435 \u0432\u0441\u0435\u0433\u043e, \u043e\u043f\u044b\u0442\u043d\u043e\u0439 \u0438 \u0432\u044b\u0441\u043e\u043a\u043e\u043a\u0432\u0430\u043b\u0438\u0444\u0438\u0446\u0438\u0440\u043e\u0432\u0430\u043d\u043d\u043e\u0439 \u043a\u043e\u043c\u0430\u043d\u0434\u0435 \u043a\u0432\u0430\u043b\u0438\u0444\u0438\u0446\u0438\u0440\u043e\u0432\u0430\u043d\u043d\u044b\u0445 \u0440\u0430\u0431\u043e\u0447\u0438\u0445, \u0438\u043d\u0436\u0435\u043d\u0435\u0440\u043e\u0432 \u0438 \u043c\u0435\u043d\u0435\u0434\u0436\u0435\u0440\u043e\u0432, \u043c\u044b \u043f\u0440\u043e\u0434\u043e\u043b\u0436\u0430\u0435\u043c \u0431\u043e\u043b\u0435\u0435 \u0447\u0435\u043c 120-\u043b\u0435\u0442\u043d\u044e\u044e \u0442\u0440\u0430\u0434\u0438\u0446\u0438\u044e \u043d\u0430\u0441\u043e\u0441\u043e\u0441\u0442\u0440\u043e\u0435\u043d\u0438\u044f \u0432 \u041e\u0448\u0435\u0440\u0441\u043b\u0435\u0431\u0435\u043d\u0435.<\/p>\n<p>\u041a\u0432\u0430\u043b\u0438\u0444\u0438\u0446\u0438\u0440\u043e\u0432\u0430\u043d\u043d\u044b\u0435 \u0438\u043d\u0436\u0435\u043d\u0435\u0440\u044b, \u043c\u0430\u0441\u0442\u0435\u0440\u0430 \u0438 \u043a\u0432\u0430\u043b\u0438\u0444\u0438\u0446\u0438\u0440\u043e\u0432\u0430\u043d\u043d\u044b\u0435 \u0440\u0430\u0431\u043e\u0447\u0438\u0435 \u0433\u0430\u0440\u0430\u043d\u0442\u0438\u0440\u0443\u044e\u0442 \u0432\u044b\u0441\u043e\u0447\u0430\u0439\u0448\u0435\u0435 \u043a\u0430\u0447\u0435\u0441\u0442\u0432\u043e \u0438 \u044d\u043a\u0441\u043f\u043b\u0443\u0430\u0442\u0430\u0446\u0438\u043e\u043d\u043d\u0443\u044e \u043d\u0430\u0434\u0435\u0436\u043d\u043e\u0441\u0442\u044c \u043f\u0440\u043e\u0434\u0443\u043a\u0446\u0438\u0438 oddesse.<\/p>\n<p>\u041d\u0430\u0448\u0438 \u0441\u043e\u0442\u0440\u0443\u0434\u043d\u0438\u043a\u0438 \u0442\u0430\u043a\u0436\u0435 \u0431\u0443\u0434\u0443\u0442 \u0440\u0430\u0434\u044b \u043f\u0440\u043e\u043a\u043e\u043d\u0441\u0443\u043b\u044c\u0442\u0438\u0440\u043e\u0432\u0430\u0442\u044c \u0432\u0430\u0441 \u043f\u043e \u0432\u043e\u043f\u0440\u043e\u0441\u0430\u043c \u043f\u0435\u0440\u0435\u043e\u0431\u043e\u0440\u0443\u0434\u043e\u0432\u0430\u043d\u0438\u044f \u0441\u0442\u0430\u0440\u044b\u0445 \u0441\u0438\u0441\u0442\u0435\u043c \u043d\u0430 \u0432\u044b\u0441\u043e\u043a\u043e\u044d\u0444\u0444\u0435\u043a\u0442\u0438\u0432\u043d\u044b\u0435 \u0441\u0438\u0441\u0442\u0435\u043c\u044b \u043f\u043e\u0433\u0440\u0443\u0436\u043d\u044b\u0445 \u043d\u0430\u0441\u043e\u0441\u043e\u0432.<\/p>\n<p>&nbsp;<\/p>\n<p><!-- \/divi:paragraph -->[\/et_pb_text][\/et_pb_column][\/et_pb_row][et_pb_row column_structure=&#187;1_3,1_3,1_3&#8243; _builder_version=&#187;4.16&#8243; _module_preset=&#187;default&#187; global_colors_info=&#187;{}&#187;][et_pb_column type=&#187;1_3&#8243; _builder_version=&#187;4.16&#8243; _module_preset=&#187;default&#187; global_colors_info=&#187;{}&#187;][et_pb_image src=&#187;https:\/\/oddesse.de\/wp-content\/uploads\/2022\/03\/Produktion-2.jpg&#187; title_text=&#187;\u041f\u0440\u043e\u0438\u0437\u0432\u043e\u0434\u0441\u0442\u0432\u043e 2&#8243; _builder_version=&#187;4.16&#8243; _module_preset=&#187;default&#187; border_radii=&#187;on|10px|10px|10px|10px&#187; global_colors_info=&#187;{}&#187;][\/et_pb_image][\/et_pb_column][et_pb_column type=&#187;1_3&#8243; _builder_version=&#187;4.16&#8243; _module_preset=&#187;default&#187; global_colors_info=&#187;{}&#187;][et_pb_image src=&#187;https:\/\/oddesse.de\/wp-content\/uploads\/2022\/03\/Produktion-3-2.jpg&#187; title_text=&#187;\u041f\u0440\u043e\u0438\u0437\u0432\u043e\u0434\u0441\u0442\u0432\u043e 3&#8243; _builder_version=&#187;4.16&#8243; _module_preset=&#187;default&#187; border_radii=&#187;on|10px|10px|10px|10px&#187; global_colors_info=&#187;{}&#187;][\/et_pb_image][\/et_pb_column][et_pb_column type=&#187;1_3&#8243; _builder_version=&#187;4.16&#8243; _module_preset=&#187;default&#187; global_colors_info=&#187;{}&#187;][et_pb_image src=&#187;https:\/\/oddesse.de\/wp-content\/uploads\/2022\/03\/Produktion-1-1.jpg&#187; title_text=&#187;\u041f\u0440\u043e\u0438\u0437\u0432\u043e\u0434\u0441\u0442\u0432\u043e 1&#8243; _builder_version=&#187;4.16&#8243; _module_preset=&#187;default&#187; border_radii=&#187;on|10px|10px|10px|10px&#187; global_colors_info=&#187;{}&#187;][\/et_pb_image][\/et_pb_column][\/et_pb_row][\/et_pb_section]<\/p>\n","protected":false},"excerpt":{"rendered":"<p>\u0432 \u0438\u043d\u0442\u0435\u0440\u0435\u0441\u0430\u0445 \u043d\u0430\u0448\u0438\u0445 \u043a\u043b\u0438\u0435\u043d\u0442\u043e\u0432 \u041a\u0430\u0447\u0435\u0441\u0442\u0432\u043e \u043a\u043e\u043c\u043f\u0430\u043d\u0438\u0438 \u043e\u043f\u0440\u0435\u0434\u0435\u043b\u044f\u0435\u0442 \u043a\u0430\u0447\u0435\u0441\u0442\u0432\u043e \u043f\u0440\u043e\u0434\u0443\u043a\u0446\u0438\u0438 \u041f\u043e\u0441\u0442\u043e\u044f\u043d\u043d\u043e\u0435 \u043d\u043e\u0432\u0430\u0442\u043e\u0440\u0441\u0442\u0432\u043e \u0432 \u043f\u0440\u043e\u0446\u0435\u0441\u0441\u0435 \u0440\u0430\u0437\u0440\u0430\u0431\u043e\u0442\u043a\u0438 \u043d\u043e\u0432\u043e\u0439 \u043f\u0440\u043e\u0434\u0443\u043a\u0446\u0438\u0438, \u0447\u0435\u0442\u043a\u0430\u044f \u043d\u0430\u043f\u0440\u0430\u0432\u043b\u0435\u043d\u043d\u043e\u0441\u0442\u044c \u043d\u0430 \u043f\u043e\u0442\u0440\u0435\u0431\u043d\u043e\u0441\u0442\u0438 \u0438 \u043f\u043e\u0436\u0435\u043b\u0430\u043d\u0438\u044f \u0437\u0430\u043a\u0430\u0437\u0447\u0438\u043a\u043e\u0432, \u043d\u0430\u0434\u0435\u0436\u043d\u043e\u0435 \u043a\u0430\u0447\u0435\u0441\u0442\u0432\u043e \u043f\u0440\u043e\u0434\u0443\u043a\u0446\u0438\u0438, \u0430 \u0442\u0430\u043a\u0436\u0435 \u0433\u0438\u0431\u043a\u043e\u0435 \u0441\u0435\u0440\u0432\u0438\u0441\u043d\u043e\u0435 \u043e\u0431\u0441\u043b\u0443\u0436\u0438\u0432\u0430\u043d\u0438\u0435 \u043e\u0431\u0435\u0441\u043f\u0435\u0447\u0438\u0432\u0430\u044e\u0442 \u043f\u0440\u043e\u0434\u043e\u043b\u0436\u0435\u043d\u0438\u0435 \u0438\u0441\u0442\u043e\u0440\u0438\u0438 \u0443\u0441\u043f\u0435\u0445\u0430. \u0418\u0441\u043f\u043e\u043b\u044c\u0437\u0443\u044f \u0442\u0435\u0445\u043d\u043e\u043b\u043e\u0433\u0438\u044e \u043f\u043e\u0441\u0442\u043e\u044f\u043d\u043d\u044b\u0445 \u043c\u0430\u0433\u043d\u0438\u0442\u043e\u0432, \u043c\u044b \u0440\u0430\u0437\u0440\u0430\u0431\u0430\u0442\u044b\u0432\u0430\u0435\u043c \u0432\u044b\u0441\u043e\u043a\u043e\u044d\u0444\u0444\u0435\u043a\u0442\u0438\u0432\u043d\u044b\u0435 \u043f\u043e\u0433\u0440\u0443\u0436\u043d\u044b\u0435 \u043d\u0430\u0441\u043e\u0441\u043d\u044b\u0435 \u0441\u0438\u0441\u0442\u0435\u043c\u044b \u0438\u0437 \u0444\u0438\u0437\u0438\u043e\u043b\u043e\u0433\u0438\u0447\u0435\u0441\u043a\u0438 \u0431\u0435\u0437\u0432\u0440\u0435\u0434\u043d\u044b\u0445 \u043c\u0430\u0442\u0435\u0440\u0438\u0430\u043b\u043e\u0432. \u042d\u0442\u043e \u0434\u0435\u043b\u0430\u0435\u0442 \u043d\u0430\u0441\u043e\u0441\u044b \u0438 \u0434\u0432\u0438\u0433\u0430\u0442\u0435\u043b\u0438 \u043f\u0440\u0438\u0433\u043e\u0434\u043d\u044b\u043c\u0438 [&hellip;]<\/p>\n","protected":false},"author":2,"featured_media":0,"parent":243363,"menu_order":0,"comment_status":"closed","ping_status":"closed","template":"","meta":{"_et_pb_use_builder":"on","_et_pb_old_content":"","_et_gb_content_width":"","footnotes":""},"class_list":["post-243159","page","type-page","status-publish","hentry"],"_links":{"self":[{"href":"https:\/\/oddesse.de\/ru\/wp-json\/wp\/v2\/pages\/243159","targetHints":{"allow":["GET"]}}],"collection":[{"href":"https:\/\/oddesse.de\/ru\/wp-json\/wp\/v2\/pages"}],"about":[{"href":"https:\/\/oddesse.de\/ru\/wp-json\/wp\/v2\/types\/page"}],"author":[{"embeddable":true,"href":"https:\/\/oddesse.de\/ru\/wp-json\/wp\/v2\/users\/2"}],"replies":[{"embeddable":true,"href":"https:\/\/oddesse.de\/ru\/wp-json\/wp\/v2\/comments?post=243159"}],"version-history":[{"count":7,"href":"https:\/\/oddesse.de\/ru\/wp-json\/wp\/v2\/pages\/243159\/revisions"}],"predecessor-version":[{"id":246040,"href":"https:\/\/oddesse.de\/ru\/wp-json\/wp\/v2\/pages\/243159\/revisions\/246040"}],"up":[{"embeddable":true,"href":"https:\/\/oddesse.de\/ru\/wp-json\/wp\/v2\/pages\/243363"}],"wp:attachment":[{"href":"https:\/\/oddesse.de\/ru\/wp-json\/wp\/v2\/media?parent=243159"}],"curies":[{"name":"wp","href":"https:\/\/api.w.org\/{rel}","templated":true}]}}