{"id":1485,"date":"2022-02-10T11:57:10","date_gmt":"2022-02-10T11:57:10","guid":{"rendered":"https:\/\/test376518.live-website.com\/?page_id=1485"},"modified":"2026-03-19T14:50:50","modified_gmt":"2026-03-19T14:50:50","slug":"karriere","status":"publish","type":"page","link":"https:\/\/oddesse.de\/ru\/karriere\/","title":{"rendered":"Karriere"},"content":{"rendered":"<p>[et_pb_section fb_built=&#187;1&#8243; fullwidth=&#187;on&#187; theme_builder_area=&#187;post_content&#187; _builder_version=&#187;4.27.4&#8243; _module_preset=&#187;default&#187; da_is_popup=&#187;off&#187; da_exit_intent=&#187;off&#187; da_has_close=&#187;on&#187; da_alt_close=&#187;off&#187; da_dark_close=&#187;off&#187; da_not_modal=&#187;on&#187; da_is_singular=&#187;off&#187; da_with_loader=&#187;off&#187; da_has_shadow=&#187;on&#187; da_disable_devices=&#187;off|off|off&#187;][et_pb_fullwidth_slider _builder_version=&#187;4.27.4&#8243; _module_preset=&#187;default&#187; theme_builder_area=&#187;post_content&#187; title_text=&#187;Titelbilder Homepage oddesse-5&#8243; background_image=&#187;https:\/\/oddesse.de\/wp-content\/uploads\/2026\/03\/Titelbilder-Homepage-oddesse-5-1-scaled.jpeg&#187; use_bg_overlay=&#187;on&#187; use_text_overlay=&#187;on&#187; text_border_radius=&#187;5px&#187; hover_enabled=&#187;0&#8243; sticky_enabled=&#187;0&#8243;][et_pb_slide heading=&#187;Wir bieten neue Perspektiven&#187; _builder_version=&#187;4.27.4&#8243; _module_preset=&#187;default&#187; theme_builder_area=&#187;post_content&#187; hover_enabled=&#187;0&#8243; sticky_enabled=&#187;0&#8243; use_bg_overlay=&#187;on&#187; use_text_overlay=&#187;on&#187; text_border_radius=&#187;5px&#187; text_overlay_color=&#187;rgba(181,18,62,0.54)&#187;]<\/p>\n<h1><\/h1>\n<h1>Karriere bei oddesse<\/h1>\n<p>[\/et_pb_slide][\/et_pb_fullwidth_slider][\/et_pb_section][et_pb_section fb_built=&#187;1&#8243; admin_label=&#187;section&#187; _builder_version=&#187;4.16&#8243; da_disable_devices=&#187;off|off|off&#187; global_colors_info=&#187;{}&#187; da_is_popup=&#187;off&#187; da_exit_intent=&#187;off&#187; da_has_close=&#187;on&#187; da_alt_close=&#187;off&#187; da_dark_close=&#187;off&#187; da_not_modal=&#187;on&#187; da_is_singular=&#187;off&#187; da_with_loader=&#187;off&#187; da_has_shadow=&#187;on&#187;][et_pb_row _builder_version=&#187;4.16&#8243; _module_preset=&#187;default&#187; global_colors_info=&#187;{}&#187;][et_pb_column type=&#187;4_4&#8243; _builder_version=&#187;4.16&#8243; _module_preset=&#187;default&#187; global_colors_info=&#187;{}&#187;][et_pb_text admin_label=&#187;Text&#187; _builder_version=&#187;4.17.4&#8243; background_size=&#187;initial&#187; background_position=&#187;top_left&#187; background_repeat=&#187;repeat&#187; global_colors_info=&#187;{}&#187;]<\/p>\n<p><!-- divi:paragraph --><\/p>\n<div class=\"ce_text first block\">\n<div class=\"mod_article last block\" id=\"karriere\">\n<div class=\"ce_text first last block\">\n<h1>Initiativbewerbung<\/h1>\n<p>Sie wollen sich ver\u00e4ndern oder suchen nach neuen Herausforderungen und interessanten Erfahrungen? Sie haben bereits einschl\u00e4gige Berufserfahrung gesammelt und haben sehr konkrete Vorstellungen, was Sie gerne machen m\u00f6chten?<\/p>\n<p>Sie k\u00f6nnen sich gern initiativ bei uns bewerben. Bewerben Sie sich online oder senden Sie Ihre vollst\u00e4ndigen Bewerbungsunterlagen an die Personalabteilung der oddesse Pumpen- und Motorenfabrik GmbH.<\/p>\n<p>Bitte senden Sie Ihre vollst\u00e4ndigen Bewerbungsunterlagen per E-Mail nur als PDF-Format.<\/p>\n<p><strong>oddesse<br \/>Pumpen- und Motorenfabrik GmbH<br \/>Am Pappelwald 12<\/strong><br \/><strong>39387 Oschersleben (Bode)<\/strong><\/p>\n<p>Telefon: +49 3949 932-0<br \/>E-Mail: <span style=\"color: #b5123e;\"><a href=\"mailto:info@oddesse.de\" style=\"color: #b5123e;\">info@oddesse.de<\/a><\/span><\/p>\n<\/div>\n<\/div>\n<p>&nbsp;<\/p>\n<\/div>\n<p><!-- \/divi:paragraph --><\/p>\n<p>[\/et_pb_text][et_pb_text disabled_on=&#187;on|on|on&#187; admin_label=&#187;Text&#187; _builder_version=&#187;4.27.4&#8243; _dynamic_attributes=&#187;link_option_url&#187; background_size=&#187;initial&#187; background_position=&#187;top_left&#187; background_repeat=&#187;repeat&#187; link_option_url=&#187;@ET-DC@eyJkeW5hbWljIjp0cnVlLCJjb250ZW50IjoicG9zdF9saW5rX3VybF9wYWdlIiwic2V0dGluZ3MiOnsicG9zdF9pZCI6IjI0NzIzNCJ9fQ==@&#187; disabled=&#187;on&#187; global_colors_info=&#187;{}&#187;]<\/p>\n<p><!-- divi:paragraph --><\/p>\n<div class=\"ce_text first block\">\n<div class=\"mod_article last block\" id=\"karriere\">\n<div class=\"ce_text first last block\">\n<h1>Ausbildung zum Elektroniker f\u00fcr Betriebstechnik (m\/w\/d)<\/h1>\n<p>Zum Ausbildungsbeginn im August 2026 suchen wir Auszubildende f\u00fcr den Beruf Elektroniker f\u00fcr Betriebstechnik (m\/w\/d).<\/p>\n<p><span style=\"color: #b5123e;\">mehr erfahren<\/span><\/p>\n<\/div>\n<\/div>\n<\/div>\n<p><!-- \/divi:paragraph --><\/p>\n<p>[\/et_pb_text][\/et_pb_column][\/et_pb_row][et_pb_row column_structure=&#187;3_5,2_5&#8243; _builder_version=&#187;4.16&#8243; _module_preset=&#187;default&#187; global_colors_info=&#187;{}&#187;][et_pb_column type=&#187;3_5&#8243; _builder_version=&#187;4.16&#8243; _module_preset=&#187;default&#187; global_colors_info=&#187;{}&#187;][et_pb_text _builder_version=&#187;4.27.4&#8243; _module_preset=&#187;default&#187; global_colors_info=&#187;{}&#187;]<\/p>\n<h1>Anerkanntes Ausbildungsunternehmen<\/h1>\n<figure class=\"image_container float_right\" style=\"margin-top: -10px; float: right;\"><a href=\"https:\/\/oddesse.de\/tl_files\/Karriere\/Zertifikat_Anerkanntes%20Ausbildungsunternehmen.jpg\" data-lightbox=\"26f5e8\">\u00a0<\/a><\/figure>\n<p><span>Wir sind ein von der Industrie- und Handelskammer Magdeburg gepr\u00fcftes und gem\u00e4\u00df Berufsbildungsgesetz anerkanntes Ausbildungsunternehmen.<\/span><\/p>\n<p>[\/et_pb_text][\/et_pb_column][et_pb_column type=&#187;2_5&#8243; _builder_version=&#187;4.16&#8243; _module_preset=&#187;default&#187; global_colors_info=&#187;{}&#187;][et_pb_image src=&#187;https:\/\/oddesse.de\/wp-content\/uploads\/2022\/02\/Zertifikat_Anerkanntes-Ausbildungsunternehmen.jpg&#187; title_text=&#187;Zertifikat_Anerkanntes Ausbildungsunternehmen&#187; _builder_version=&#187;4.16&#8243; _module_preset=&#187;default&#187; max_width=&#187;70%&#187; max_width_tablet=&#187;70%&#187; max_width_phone=&#187;70%&#187; max_width_last_edited=&#187;on|phone&#187; global_colors_info=&#187;{}&#187;][\/et_pb_image][\/et_pb_column][\/et_pb_row][\/et_pb_section]<\/p>\n","protected":false},"excerpt":{"rendered":"<p>Karriere bei oddesse Initiativbewerbung Sie wollen sich ver\u00e4ndern oder suchen nach neuen Herausforderungen und interessanten Erfahrungen? Sie haben bereits einschl\u00e4gige Berufserfahrung gesammelt und haben sehr konkrete Vorstellungen, was Sie gerne machen m\u00f6chten? Sie k\u00f6nnen sich gern initiativ bei uns bewerben. Bewerben Sie sich online oder senden Sie Ihre vollst\u00e4ndigen Bewerbungsunterlagen an die Personalabteilung der oddesse [&hellip;]<\/p>\n","protected":false},"author":1,"featured_media":0,"parent":0,"menu_order":0,"comment_status":"closed","ping_status":"closed","template":"","meta":{"_et_pb_use_builder":"on","_et_pb_old_content":"<!-- wp:paragraph -->\n<p>This is an example page. It's different from a blog post because it will stay in one place and will show up in your site navigation (in most themes). Most people start with an About page that introduces them to potential site visitors. It might say something like this:<\/p>\n<!-- \/wp:paragraph -->\n\n<!-- wp:quote -->\n<blockquote class=\"wp-block-quote\"><p>Hi there! I'm a bike messenger by day, aspiring actor by night, and this is my website. I live in Los Angeles, have a great dog named Jack, and I like pi\u00f1a coladas. (And gettin' caught in the rain.)<\/p><\/blockquote>\n<!-- \/wp:quote -->\n\n<!-- wp:paragraph -->\n<p>...or something like this:<\/p>\n<!-- \/wp:paragraph -->\n\n<!-- wp:quote -->\n<blockquote class=\"wp-block-quote\"><p>The XYZ Doohickey Company was founded in 1971, and has been providing quality doohickeys to the public ever since. Located in Gotham City, XYZ employs over 2,000 people and does all kinds of awesome things for the Gotham community.<\/p><\/blockquote>\n<!-- \/wp:quote -->\n\n<!-- wp:paragraph -->\n<p>As a new WordPress user, you should go to <a href=\"https:\/\/oddesse.de\/wp-admin\/\">your dashboard<\/a> to delete this page and create new pages for your content. Have fun!<\/p>\n<!-- \/wp:paragraph -->","_et_gb_content_width":"","footnotes":""},"class_list":["post-1485","page","type-page","status-publish","hentry"],"_links":{"self":[{"href":"https:\/\/oddesse.de\/ru\/wp-json\/wp\/v2\/pages\/1485","targetHints":{"allow":["GET"]}}],"collection":[{"href":"https:\/\/oddesse.de\/ru\/wp-json\/wp\/v2\/pages"}],"about":[{"href":"https:\/\/oddesse.de\/ru\/wp-json\/wp\/v2\/types\/page"}],"author":[{"embeddable":true,"href":"https:\/\/oddesse.de\/ru\/wp-json\/wp\/v2\/users\/1"}],"replies":[{"embeddable":true,"href":"https:\/\/oddesse.de\/ru\/wp-json\/wp\/v2\/comments?post=1485"}],"version-history":[{"count":25,"href":"https:\/\/oddesse.de\/ru\/wp-json\/wp\/v2\/pages\/1485\/revisions"}],"predecessor-version":[{"id":249630,"href":"https:\/\/oddesse.de\/ru\/wp-json\/wp\/v2\/pages\/1485\/revisions\/249630"}],"wp:attachment":[{"href":"https:\/\/oddesse.de\/ru\/wp-json\/wp\/v2\/media?parent=1485"}],"curies":[{"name":"wp","href":"https:\/\/api.w.org\/{rel}","templated":true}]}}