{"id":1341,"date":"2022-02-08T13:41:18","date_gmt":"2022-02-08T13:41:18","guid":{"rendered":"https:\/\/test376518.live-website.com\/?page_id=1341"},"modified":"2026-03-23T08:13:14","modified_gmt":"2026-03-23T08:13:14","slug":"lohnfertigung","status":"publish","type":"page","link":"https:\/\/oddesse.de\/ru\/service-2\/lohnfertigung\/","title":{"rendered":"Lohnfertigung"},"content":{"rendered":"<p>[et_pb_section fb_built=&#187;1&#8243; fullwidth=&#187;on&#187; _builder_version=&#187;4.16&#8243; _module_preset=&#187;default&#187; global_colors_info=&#187;{}&#187; da_is_popup=&#187;off&#187; da_exit_intent=&#187;off&#187; da_has_close=&#187;on&#187; da_alt_close=&#187;off&#187; da_dark_close=&#187;off&#187; da_not_modal=&#187;on&#187; da_is_singular=&#187;off&#187; da_with_loader=&#187;off&#187; da_has_shadow=&#187;on&#187; da_disable_devices=&#187;off|off|off&#187;][et_pb_fullwidth_slider _builder_version=&#187;4.27.4&#8243; _module_preset=&#187;default&#187; width_tablet=&#187;&#187; width_phone=&#187;&#187; width_last_edited=&#187;on|phone&#187; module_alignment=&#187;left&#187; content_width=&#187;73%&#187; content_width_tablet=&#187;73%&#187; content_width_phone=&#187;100%&#187; content_width_last_edited=&#187;on|phone&#187; content_max_width_tablet=&#187;&#187; content_max_width_phone=&#187;1080%&#187; content_max_width_last_edited=&#187;on|phone&#187; min_height_tablet=&#187;&#187; min_height_phone=&#187;&#187; min_height_last_edited=&#187;on|phone&#187; height=&#187;500px&#187; height_tablet=&#187;500px&#187; height_phone=&#187;250px&#187; height_last_edited=&#187;on|phone&#187; max_height=&#187;500px&#187; max_height_tablet=&#187;500px&#187; max_height_phone=&#187;250px&#187; max_height_last_edited=&#187;on|phone&#187; custom_padding=&#187;4px||6px|||&#187; hover_enabled=&#187;0&#8243; header_font_size_tablet=&#187;&#187; header_font_size_phone=&#187;20px&#187; header_font_size_last_edited=&#187;on|phone&#187; body_font_size_tablet=&#187;&#187; body_font_size_phone=&#187;17px&#187; body_font_size_last_edited=&#187;on|phone&#187; text_orientation_tablet=&#187;&#187; text_orientation_phone=&#187;&#187; text_orientation_last_edited=&#187;on|phone&#187; module_alignment_tablet=&#187;left&#187; module_alignment_phone=&#187;center&#187; module_alignment_last_edited=&#187;on|phone&#187; global_colors_info=&#187;{}&#187; sticky_enabled=&#187;0&#8243;][et_pb_slide heading=&#187;Teilefertigung&#187; use_bg_overlay=&#187;off&#187; use_text_overlay=&#187;on&#187; text_overlay_color=&#187;rgba(0,0,0,0.51)&#187; text_border_radius=&#187;5px&#187; content_tablet=&#187;<\/p>\n<h1><\/h1>\n<h1><\/h1>\n<h1>oddesse-Lohnfertigung<\/h1>\n<p>&#187; content_phone=&#187;<\/p>\n<h1><\/h1>\n<h1><\/h1>\n<h1>oddesse-Lohnfertigung<\/h1>\n<p>&#187; content_last_edited=&#187;on|phone&#187; text_border_radius_tablet=&#187;0px&#187; text_border_radius_phone=&#187;0px&#187; text_border_radius_last_edited=&#187;on|phone&#187; _builder_version=&#187;4.27.4&#8243; _module_preset=&#187;default&#187; body_font_size=&#187;30px&#187; background_image=&#187;https:\/\/oddesse.de\/wp-content\/uploads\/2022\/02\/Produktion.jpg&#187; background_enable_image=&#187;on&#187; background_size=&#187;initial&#187; width=&#187;100%&#187; custom_padding_tablet=&#187;&#187; custom_padding_phone=&#187;0px|0px|0px|0px|false|false&#187; custom_padding_last_edited=&#187;on|phone&#187; hover_enabled=&#187;0&#8243; body_font_size_tablet=&#187;30px&#187; body_font_size_phone=&#187;16px&#187; body_font_size_last_edited=&#187;on|phone&#187; global_colors_info=&#187;{}&#187; sticky_transition=&#187;on&#187; sticky_enabled=&#187;0&#8243;]<\/p>\n<h1><\/h1>\n<h1><\/h1>\n<h1>oddesse-Lohnfertigung<\/h1>\n<p>[\/et_pb_slide][\/et_pb_fullwidth_slider][\/et_pb_section][et_pb_section fb_built=&#187;1&#8243; _builder_version=&#187;4.16&#8243; _module_preset=&#187;default&#187; custom_padding=&#187;60px|||||&#187; global_colors_info=&#187;{}&#187; da_is_popup=&#187;off&#187; da_exit_intent=&#187;off&#187; da_has_close=&#187;on&#187; da_alt_close=&#187;off&#187; da_dark_close=&#187;off&#187; da_not_modal=&#187;on&#187; da_is_singular=&#187;off&#187; da_with_loader=&#187;off&#187; da_has_shadow=&#187;on&#187; da_disable_devices=&#187;off|off|off&#187;][et_pb_row use_custom_gutter=&#187;on&#187; gutter_width=&#187;1&#8243; disabled_on=&#187;off|off|off&#187; _builder_version=&#187;4.16&#8243; _module_preset=&#187;default&#187; width=&#187;100%&#187; custom_margin_tablet=&#187;&#187; custom_margin_phone=&#187;&#187; custom_margin_last_edited=&#187;on|phone&#187; custom_padding=&#187;0px||||false|false&#187; custom_css_main_element=&#187;display:flex;&#187; global_colors_info=&#187;{}&#187;][et_pb_column type=&#187;4_4&#8243; _builder_version=&#187;4.16&#8243; _module_preset=&#187;default&#187; global_colors_info=&#187;{}&#187;][et_pb_text disabled_on=&#187;off|off|off&#187; _builder_version=&#187;4.16&#8243; _module_preset=&#187;default&#187; background_color=&#187;RGBA(0,0,0,0)&#187; custom_margin=&#187;0px||||false|false&#187; custom_margin_tablet=&#187;0px||||false|false&#187; custom_margin_phone=&#187;0px||||false|false&#187; custom_margin_last_edited=&#187;on|phone&#187; custom_padding=&#187;|10px|0px|10px|false|false&#187; header_font_tablet=&#187;&#187; header_font_phone=&#187;&#187; header_font_last_edited=&#187;on|desktop&#187; global_colors_info=&#187;{}&#187;]<\/p>\n<p>Unsere moderne Werkstatt ist speziell f\u00fcr die Fertigung von kleinen bis mittleren Bauteilen, sowie Wellen bis 2.000 mm L\u00e4nge ausger\u00fcstet. Insgesamt stehen f\u00fcr die mechanische Fertigung inkl. Zuschnitt ca. 4.000 m\u00b2 Fl\u00e4che zur Verf\u00fcgung.<br \/>Die notwendige Technik ist entsprechend dem Fertigungsfluss so angeordnet, dass die Transportwege minimal sind.<\/p>\n<p>Nachfolgend finden Sie weitere Informationen zu unserem Maschinenpark und der Lohnfertigung von Drehteilen, Fr\u00e4steilen, Auswuchtteilen sowie Reibschwei\u00dfarbeiten. Zudem stehen weitere Maschinen und Anlagen zur Verf\u00fcgung<\/p>\n<ul>\n<li>Bands\u00e4ge bis \u00d8 300mm<\/li>\n<li>CNC-Futterteil- und Wellendrehmaschine<\/li>\n<li>Konventionelle Drehmaschinen bis Drehl\u00e4nge 3000 mm<\/li>\n<li>Konventionelle Fr\u00e4smaschinen (senkrecht \/ waagerecht)<\/li>\n<li>mehrere Schwei\u00dfarbeitspl\u00e4tze<\/li>\n<li>Waschanlage<\/li>\n<li>Farbgebungsanlage<\/li>\n<\/ul>\n<p>Gern \u00fcbernehmen wir auch die Fertigung von Ihren Bauteilen.<br \/>Bei Fragen zur Lohnfertigung wenden Sie sich bitte direkt an<\/p>\n<p>Gavin Machill<br \/>Tel.: +49 3949 932 445<br \/>E-Mail: machill@oddesse.de<\/p>\n<p>&nbsp;<\/p>\n<p>[\/et_pb_text][\/et_pb_column][\/et_pb_row][et_pb_row disabled_on=&#187;on|off|off&#187; _builder_version=&#187;4.16&#8243; _module_preset=&#187;default&#187; width=&#187;100%&#187; global_colors_info=&#187;{}&#187;][et_pb_column type=&#187;4_4&#8243; _builder_version=&#187;4.16&#8243; _module_preset=&#187;default&#187; global_colors_info=&#187;{}&#187;][et_pb_slider _builder_version=&#187;4.23.4&#8243; _module_preset=&#187;default&#187; background_enable_color=&#187;off&#187; min_height=&#187;600px&#187; custom_padding=&#187;1px||1px|||&#187; global_colors_info=&#187;{}&#187;][et_pb_slide heading=&#187;CNC-Drehbearbeitung&#187; image=&#187;https:\/\/oddesse.de\/wp-content\/uploads\/2022\/02\/CNC-Futterteildrehmaschine-Traub.jpg&#187; use_bg_overlay=&#187;on&#187; bg_overlay_color=&#187;rgba(255,255,255,0.55)&#187; use_text_overlay=&#187;on&#187; arrows_custom_color=&#187;#B5123E&#187; dot_nav_custom_color=&#187;#B5123E&#187; text_border_radius=&#187;0px&#187; _builder_version=&#187;4.16&#8243; _module_preset=&#187;default&#187; header_level=&#187;h4&#8243; header_text_color=&#187;#666666&#8243; header_font_size=&#187;30px&#187; header_line_height=&#187;1.3em&#187; body_text_color=&#187;#666666&#8243; body_line_height=&#187;1.8em&#187; background_enable_color=&#187;off&#187; background_image=&#187;https:\/\/oddesse.de\/wp-content\/uploads\/2022\/02\/CNC-Futterteildrehmaschine-Boehringer.jpg&#187; background_enable_image=&#187;on&#187; parallax=&#187;on&#187; background_layout=&#187;light&#187; width_tablet=&#187;&#187; width_phone=&#187;&#187; width_last_edited=&#187;on|phone&#187; header_font_tablet=&#187;&#187; header_font_phone=&#187;&#187; header_font_last_edited=&#187;on|desktop&#187; header_font_size_tablet=&#187;20px&#187; header_font_size_phone=&#187;20px&#187; header_font_size_last_edited=&#187;on|tablet&#187; body_font_size_tablet=&#187;16px&#187; body_font_size_phone=&#187;16px&#187; body_font_size_last_edited=&#187;on|tablet&#187; border_radii_image=&#187;on|15px|15px|15px|15px&#187; global_colors_info=&#187;{}&#187; sticky_transition=&#187;on&#187;]<\/p>\n<p>mit CNC- Futterteildrehmaschinen Boehringer VDF 250 Cm x 1000, Spinner TC82-MC und Traub TNA 400, mit CNC-Wellendrehmaschine Boehringer VDF 250 C x 2000 und Zyklengesteuerter Drehmaschine Boehringer DUC560 x 2000<\/p>\n<p>Die angetriebenen Werkzeuge erm\u00f6glichen eine Bohr-, Fr\u00e4s- und Gewindebearbeitung.<\/p>\n<p>[\/et_pb_slide][et_pb_slide heading=&#187;CNC-Fr\u00e4sbearbeitung&#187; image=&#187;https:\/\/oddesse.de\/wp-content\/uploads\/2022\/02\/CNC-Bearbeitungszentrum-DMG-DMC.jpg&#187; use_bg_overlay=&#187;on&#187; bg_overlay_color=&#187;rgba(255,255,255,0.79)&#187; arrows_custom_color=&#187;#B5123E&#187; dot_nav_custom_color=&#187;#B5123E&#187; _builder_version=&#187;4.16&#8243; _module_preset=&#187;default&#187; header_text_color=&#187;#666666&#8243; header_font_size=&#187;30px&#187; header_line_height=&#187;1.3em&#187; body_text_color=&#187;#666666&#8243; body_line_height=&#187;1.8em&#187; background_enable_color=&#187;off&#187; background_image=&#187;https:\/\/oddesse.de\/wp-content\/uploads\/2022\/02\/CNC-Bearbeitungszentrum-Hedelius.jpg&#187; background_enable_image=&#187;on&#187; parallax=&#187;on&#187; background_layout=&#187;light&#187; width_tablet=&#187;&#187; width_phone=&#187;&#187; width_last_edited=&#187;on|phone&#187; header_font_tablet=&#187;|700|||||||&#187; header_font_phone=&#187;|700|||||||&#187; header_font_last_edited=&#187;on|tablet&#187; header_font_size_tablet=&#187;20px&#187; header_font_size_phone=&#187;20px&#187; header_font_size_last_edited=&#187;on|tablet&#187; border_radii_image=&#187;on|15px|15px|15px|15px&#187; global_colors_info=&#187;{}&#187; sticky_transition=&#187;on&#187;]<\/p>\n<p>mit CNC &#8212; Bearbeitungszentrum Hedelius Tiltenta 6, 5 Achsen, vertikal, DMG DMC 1035 V 3 Achsen, vertikal und Nutenfr\u00e4smaschine Busch FB1 x 2000, 4 Achsen<\/p>\n<p>[\/et_pb_slide][et_pb_slide heading=&#187;Schleifbearbeitung&#187; image=&#187;https:\/\/oddesse.de\/wp-content\/uploads\/2022\/02\/CNC-Aussenrundschleifmaschine-Tacchella.jpg&#187; use_bg_overlay=&#187;on&#187; bg_overlay_color=&#187;rgba(255,255,255,0.79)&#187; arrows_custom_color=&#187;#B5123E&#187; dot_nav_custom_color=&#187;#B5123E&#187; _builder_version=&#187;4.23.4&#8243; _module_preset=&#187;default&#187; header_text_color=&#187;#666666&#8243; header_font_size=&#187;30px&#187; header_line_height=&#187;1.3em&#187; body_text_color=&#187;#666666&#8243; body_line_height=&#187;1.8em&#187; background_enable_color=&#187;off&#187; background_image=&#187;https:\/\/oddesse.de\/wp-content\/uploads\/2022\/02\/konventionelle-Aussenrundschleifmaschine-Heckert.jpg&#187; background_enable_image=&#187;on&#187; parallax=&#187;on&#187; background_layout=&#187;light&#187; width_tablet=&#187;&#187; width_phone=&#187;&#187; width_last_edited=&#187;on|phone&#187; header_font_tablet=&#187;|700|||||||&#187; header_font_phone=&#187;|700|||||||&#187; header_font_last_edited=&#187;on|tablet&#187; header_font_size_tablet=&#187;20px&#187; header_font_size_phone=&#187;20px&#187; header_font_size_last_edited=&#187;on|tablet&#187; border_radii_image=&#187;on|15px|15px|15px|15px&#187; global_colors_info=&#187;{}&#187; sticky_transition=&#187;on&#187;]<\/p>\n<p>mit CNC &#8212; Au\u00dfenrundschleifmaschine Tacchella Electra 1518 oder konventioneller Au\u00dfenrundschleifmaschine Heckert SUI 315 x 3000<\/p>\n<p>[\/et_pb_slide][et_pb_slide heading=&#187;Reibschwei\u00dfbearbeitung&#187; image=&#187;https:\/\/oddesse.de\/wp-content\/uploads\/2022\/02\/Reibschweissmaschine-Nei-Thompdon-2.jpg&#187; use_bg_overlay=&#187;on&#187; bg_overlay_color=&#187;rgba(255,255,255,0.79)&#187; arrows_custom_color=&#187;#B5123E&#187; dot_nav_custom_color=&#187;#B5123E&#187; _builder_version=&#187;4.23.4&#8243; _module_preset=&#187;default&#187; header_text_color=&#187;#666666&#8243; header_font_size=&#187;30px&#187; header_line_height=&#187;1.3em&#187; body_text_color=&#187;#666666&#8243; body_line_height=&#187;1.8em&#187; background_enable_color=&#187;off&#187; background_image=&#187;https:\/\/oddesse.de\/wp-content\/uploads\/2022\/02\/CNC-Bearbeitungszentrum-Hedelius.jpg&#187; background_enable_image=&#187;on&#187; parallax=&#187;on&#187; background_layout=&#187;light&#187; width_tablet=&#187;&#187; width_phone=&#187;&#187; width_last_edited=&#187;on|phone&#187; header_font_tablet=&#187;|700|||||||&#187; header_font_phone=&#187;|700|||||||&#187; header_font_last_edited=&#187;on|tablet&#187; header_font_size_tablet=&#187;20px&#187; header_font_size_phone=&#187;20px&#187; header_font_size_last_edited=&#187;on|tablet&#187; border_radii_image=&#187;on|15px|15px|15px|15px&#187; global_colors_info=&#187;{}&#187; sticky_transition=&#187;on&#187;]<\/p>\n<p>Reibschwei\u00dfmaschine Nei Thompson Modell 60<\/p>\n<ul>\n<li>Spann-\u00d8 (Festbacken): 20-80 mm<\/li>\n<li>Spann-\u00d8 (Futter): 180 mm<\/li>\n<li>Futterdurchlass: bis \u00d8 56 mm<\/li>\n<\/ul>\n<p>[\/et_pb_slide][\/et_pb_slider][\/et_pb_column][\/et_pb_row][\/et_pb_section]<\/p>\n","protected":false},"excerpt":{"rendered":"<p>oddesse-LohnfertigungUnsere moderne Werkstatt ist speziell f\u00fcr die Fertigung von kleinen bis mittleren Bauteilen, sowie Wellen bis 2.000 mm L\u00e4nge ausger\u00fcstet. Insgesamt stehen f\u00fcr die mechanische Fertigung inkl. Zuschnitt ca. 4.000 m\u00b2 Fl\u00e4che zur Verf\u00fcgung.Die notwendige Technik ist entsprechend dem Fertigungsfluss so angeordnet, dass die Transportwege minimal sind. Nachfolgend finden Sie weitere Informationen zu unserem Maschinenpark [&hellip;]<\/p>\n","protected":false},"author":1,"featured_media":0,"parent":1476,"menu_order":0,"comment_status":"closed","ping_status":"closed","template":"","meta":{"_et_pb_use_builder":"on","_et_pb_old_content":"","_et_gb_content_width":"","footnotes":""},"class_list":["post-1341","page","type-page","status-publish","hentry"],"_links":{"self":[{"href":"https:\/\/oddesse.de\/ru\/wp-json\/wp\/v2\/pages\/1341","targetHints":{"allow":["GET"]}}],"collection":[{"href":"https:\/\/oddesse.de\/ru\/wp-json\/wp\/v2\/pages"}],"about":[{"href":"https:\/\/oddesse.de\/ru\/wp-json\/wp\/v2\/types\/page"}],"author":[{"embeddable":true,"href":"https:\/\/oddesse.de\/ru\/wp-json\/wp\/v2\/users\/1"}],"replies":[{"embeddable":true,"href":"https:\/\/oddesse.de\/ru\/wp-json\/wp\/v2\/comments?post=1341"}],"version-history":[{"count":17,"href":"https:\/\/oddesse.de\/ru\/wp-json\/wp\/v2\/pages\/1341\/revisions"}],"predecessor-version":[{"id":249642,"href":"https:\/\/oddesse.de\/ru\/wp-json\/wp\/v2\/pages\/1341\/revisions\/249642"}],"up":[{"embeddable":true,"href":"https:\/\/oddesse.de\/ru\/wp-json\/wp\/v2\/pages\/1476"}],"wp:attachment":[{"href":"https:\/\/oddesse.de\/ru\/wp-json\/wp\/v2\/media?parent=1341"}],"curies":[{"name":"wp","href":"https:\/\/api.w.org\/{rel}","templated":true}]}}