{"id":248643,"date":"2024-08-27T11:57:10","date_gmt":"2024-08-27T11:57:10","guid":{"rendered":"https:\/\/oddesse.de\/?page_id=248643"},"modified":"2024-10-23T13:08:21","modified_gmt":"2024-10-23T13:08:21","slug":"assistent-der-geschaeftsfuehrung","status":"publish","type":"page","link":"https:\/\/oddesse.de\/fr\/karriere\/assistent-der-geschaeftsfuehrung\/","title":{"rendered":"Assistent der Gesch\u00e4ftsf\u00fchrung"},"content":{"rendered":"<p>[et_pb_section fb_built=\u00a0\u00bb1&Prime; fullwidth=\u00a0\u00bbon\u00a0\u00bb _builder_version=\u00a0\u00bb4.16&Prime; _module_preset=\u00a0\u00bbdefault\u00a0\u00bb global_colors_info=\u00a0\u00bb{}\u00a0\u00bb][et_pb_fullwidth_slider _builder_version=\u00a0\u00bb4.16&Prime; _module_preset=\u00a0\u00bbdefault\u00a0\u00bb background_enable_color=\u00a0\u00bboff\u00a0\u00bb background_image=\u00a0\u00bbhttps:\/\/oddesse.de\/wp-content\/uploads\/2022\/02\/karriere-banner.jpg\u00a0\u00bb width_tablet=\u00a0\u00bb\u00a0\u00bb width_phone=\u00a0\u00bb\u00a0\u00bb width_last_edited=\u00a0\u00bbon|phone\u00a0\u00bb module_alignment=\u00a0\u00bbleft\u00a0\u00bb content_width=\u00a0\u00bb73%\u00a0\u00bb content_width_tablet=\u00a0\u00bb73%\u00a0\u00bb content_width_phone=\u00a0\u00bb100%\u00a0\u00bb content_width_last_edited=\u00a0\u00bbon|phone\u00a0\u00bb content_max_width_tablet=\u00a0\u00bb\u00a0\u00bb content_max_width_phone=\u00a0\u00bb1080%\u00a0\u00bb content_max_width_last_edited=\u00a0\u00bbon|phone\u00a0\u00bb min_height_tablet=\u00a0\u00bb\u00a0\u00bb min_height_phone=\u00a0\u00bb\u00a0\u00bb min_height_last_edited=\u00a0\u00bbon|phone\u00a0\u00bb height=\u00a0\u00bb500px\u00a0\u00bb height_tablet=\u00a0\u00bb500px\u00a0\u00bb height_phone=\u00a0\u00bb250px\u00a0\u00bb height_last_edited=\u00a0\u00bbon|phone\u00a0\u00bb max_height=\u00a0\u00bb500px\u00a0\u00bb max_height_tablet=\u00a0\u00bb500px\u00a0\u00bb max_height_phone=\u00a0\u00bb250px\u00a0\u00bb max_height_last_edited=\u00a0\u00bbon|phone\u00a0\u00bb custom_padding=\u00a0\u00bb4px||6px|||\u00a0\u00bb header_font_size_tablet=\u00a0\u00bb\u00a0\u00bb header_font_size_phone=\u00a0\u00bb20px\u00a0\u00bb header_font_size_last_edited=\u00a0\u00bbon|phone\u00a0\u00bb body_font_size_tablet=\u00a0\u00bb\u00a0\u00bb body_font_size_phone=\u00a0\u00bb17px\u00a0\u00bb body_font_size_last_edited=\u00a0\u00bbon|phone\u00a0\u00bb background_last_edited=\u00a0\u00bbon|tablet\u00a0\u00bb background_image_tablet=\u00a0\u00bbhttps:\/\/oddesse.de\/wp-content\/uploads\/2022\/02\/karriere-banner.jpg\u00a0\u00bb background_enable_image_tablet=\u00a0\u00bbon\u00a0\u00bb parallax_phone=\u00a0\u00bboff\u00a0\u00bb background_size_phone=\u00a0\u00bbcover\u00a0\u00bb text_orientation_tablet=\u00a0\u00bb\u00a0\u00bb text_orientation_phone=\u00a0\u00bb\u00a0\u00bb text_orientation_last_edited=\u00a0\u00bbon|phone\u00a0\u00bb module_alignment_tablet=\u00a0\u00bbleft\u00a0\u00bb module_alignment_phone=\u00a0\u00bbcenter\u00a0\u00bb module_alignment_last_edited=\u00a0\u00bbon|phone\u00a0\u00bb global_colors_info=\u00a0\u00bb{}\u00a0\u00bb][et_pb_slide heading=\u00a0\u00bbWir bieten neue Perspektiven\u00a0\u00bb use_bg_overlay=\u00a0\u00bboff\u00a0\u00bb use_text_overlay=\u00a0\u00bbon\u00a0\u00bb text_overlay_color=\u00a0\u00bbrgba(181,18,62,0.54)\u00a0\u00bb text_border_radius=\u00a0\u00bb0px\u00a0\u00bb heading_tablet=\u00a0\u00bbWir bieten neue Perspektiven\u00a0\u00bb heading_phone=\u00a0\u00bbWir bieten neue Perspektiven\u00a0\u00bb heading_last_edited=\u00a0\u00bbon|desktop\u00a0\u00bb content_tablet=\u00a0\u00bb<\/p>\n<h1><\/h1>\n<h1><\/h1>\n<h1>Karriere bei oddesse<\/h1>\n<p>\u00a0\u00bb content_phone=\u00a0\u00bb<\/p>\n<h1>Karriere bei oddesse<\/h1>\n<p>\u00a0\u00bb content_last_edited=\u00a0\u00bbon|phone\u00a0\u00bb text_border_radius_tablet=\u00a0\u00bb0px\u00a0\u00bb text_border_radius_phone=\u00a0\u00bb0px\u00a0\u00bb text_border_radius_last_edited=\u00a0\u00bbon|phone\u00a0\u00bb _builder_version=\u00a0\u00bb4.16&Prime; _module_preset=\u00a0\u00bbdefault\u00a0\u00bb body_font_size=\u00a0\u00bb30px\u00a0\u00bb background_image=\u00a0\u00bbhttps:\/\/oddesse.de\/wp-content\/uploads\/2022\/02\/karriere-banner.jpg\u00a0\u00bb background_enable_image=\u00a0\u00bbon\u00a0\u00bb width=\u00a0\u00bb100%\u00a0\u00bb custom_padding_tablet=\u00a0\u00bb\u00a0\u00bb custom_padding_phone=\u00a0\u00bb0px|0px|0px|0px|false|false\u00a0\u00bb custom_padding_last_edited=\u00a0\u00bbon|phone\u00a0\u00bb header_font_tablet=\u00a0\u00bb\u00a0\u00bb header_font_phone=\u00a0\u00bb\u00a0\u00bb header_font_last_edited=\u00a0\u00bbon|phone\u00a0\u00bb body_font_size_tablet=\u00a0\u00bb30px\u00a0\u00bb body_font_size_phone=\u00a0\u00bb16px\u00a0\u00bb body_font_size_last_edited=\u00a0\u00bbon|phone\u00a0\u00bb background_last_edited=\u00a0\u00bbon|desktop\u00a0\u00bb background_image_tablet=\u00a0\u00bbhttps:\/\/oddesse.de\/wp-content\/uploads\/2022\/02\/karriere-banner.jpg\u00a0\u00bb background_enable_image_tablet=\u00a0\u00bbon\u00a0\u00bb background_size_tablet=\u00a0\u00bbcover\u00a0\u00bb background_size_phone=\u00a0\u00bbcover\u00a0\u00bb global_colors_info=\u00a0\u00bb{}\u00a0\u00bb sticky_transition=\u00a0\u00bbon\u00a0\u00bb]<\/p>\n<h1><\/h1>\n<h1>Karriere bei oddesse<\/h1>\n<p>[\/et_pb_slide][\/et_pb_fullwidth_slider][\/et_pb_section][et_pb_section fb_built=\u00a0\u00bb1&Prime; admin_label=\u00a0\u00bbsection\u00a0\u00bb _builder_version=\u00a0\u00bb4.16&Prime; global_colors_info=\u00a0\u00bb{}\u00a0\u00bb][et_pb_row admin_label=\u00a0\u00bbrow\u00a0\u00bb _builder_version=\u00a0\u00bb4.16&Prime; background_size=\u00a0\u00bbinitial\u00a0\u00bb background_position=\u00a0\u00bbtop_left\u00a0\u00bb background_repeat=\u00a0\u00bbrepeat\u00a0\u00bb custom_padding=\u00a0\u00bb3px||22px|||\u00a0\u00bb global_colors_info=\u00a0\u00bb{}\u00a0\u00bb][et_pb_column type=\u00a0\u00bb4_4&Prime; _builder_version=\u00a0\u00bb4.16&Prime; custom_padding=\u00a0\u00bb|||\u00a0\u00bb global_colors_info=\u00a0\u00bb{}\u00a0\u00bb custom_padding__hover=\u00a0\u00bb|||\u00a0\u00bb][et_pb_text admin_label=\u00a0\u00bbText\u00a0\u00bb _builder_version=\u00a0\u00bb4.23.4&Prime; background_size=\u00a0\u00bbinitial\u00a0\u00bb background_position=\u00a0\u00bbtop_left\u00a0\u00bb background_repeat=\u00a0\u00bbrepeat\u00a0\u00bb hover_enabled=\u00a0\u00bb0&Prime; global_colors_info=\u00a0\u00bb{}\u00a0\u00bb sticky_enabled=\u00a0\u00bb0&Prime;]<\/p>\n<p><!-- divi:paragraph --><\/p>\n<div class=\"ce_text first block\">\n<div class=\"mod_article last block\" id=\"karriere\">\n<div class=\"ce_text first last block\">\n<h1>Assistent der Gesch\u00e4ftsf\u00fchrung (m\/w\/d)<\/h1>\n<p>Sie sind interessiert an einer T\u00e4tigkeit in den Bereichen Management, IT und Personal und suchen eine abwechslungsreiche T\u00e4tigkeit? Sie stellen Ihr Wissen und Ihre F\u00e4higkeiten gern unter Beweis und haben Lust auf neue Herausforderungen? Ja, dann sollten wir uns unbedingt kennenlernen.<\/p>\n<p>Wir \u2013 die oddesse Pumpen- und Motorenfabrik GmbH \u2013 sind ein traditionsreiches mittel-st\u00e4ndisches Unternehmen. Wir entwickeln, fertigen und verkaufen hochwertige Pumpen und Motoren von hervorragendem internationalem Renommee.<\/p>\n<p>Geben Sie Ihrer Zukunft den entscheidenden Impuls und werden Sie Teil unseres Managements. Gemeinsam mit hochmotivierten Kollegen organisieren Sie Projekte und kreieren L\u00f6sungen \u2013 sowohl f\u00fcr die Gesch\u00e4ftsf\u00fchrung, als auch f\u00fcr die Bereiche IT und Personal.<\/p>\n<p>Wesentliche Bestandteile Ihrer T\u00e4tigkeit sind die Unterst\u00fctzung der Gesch\u00e4ftsf\u00fchrung und der Bereiche Planung und Controlling, Personalmanagement und IT-Betreuung.<\/p>\n<p>Neben einer sehr guten Bezahlung, bieten wir Ihnen M\u00f6glichkeiten zur pers\u00f6nlichen Weiterentwicklung im Unternehmen. Sie erhalten eine intensive Einarbeitung in Ihre Aufgabengebiete, damit der erfolgreiche Start in Ihr neues Arbeitsumfeld gesichert ist.<\/p>\n<p>Ihr (ideales) Profil beinhaltet:<\/p>\n<p>\u2022 technisches Fachwissen, bestenfalls Kenntnisse des Maschinen- und Anlagenbaus<br \/>\u2022 Berufserfahrung in der Wasser- und Abwasserbranche<br \/>\u2022 fundierte Bedienerkenntnisse bei der Arbeit mit MS-Office und ERP-Systemen<\/p>\n<\/div>\n<\/div>\n<p>&nbsp;<\/p>\n<\/div>\n<p><!-- \/divi:paragraph --><\/p>\n<p>[\/et_pb_text][\/et_pb_column][\/et_pb_row][et_pb_row column_structure=\u00a0\u00bb3_5,2_5&Prime; _builder_version=\u00a0\u00bb4.23.4&Prime; _module_preset=\u00a0\u00bbdefault\u00a0\u00bb custom_padding=\u00a0\u00bb0px|||||\u00a0\u00bb global_colors_info=\u00a0\u00bb{}\u00a0\u00bb][et_pb_column type=\u00a0\u00bb3_5&Prime; _builder_version=\u00a0\u00bb4.23.4&Prime; _module_preset=\u00a0\u00bbdefault\u00a0\u00bb global_colors_info=\u00a0\u00bb{}\u00a0\u00bb][et_pb_text _builder_version=\u00a0\u00bb4.23.4&Prime; _module_preset=\u00a0\u00bbdefault\u00a0\u00bb global_colors_info=\u00a0\u00bb{}\u00a0\u00bb]<\/p>\n<p><strong><\/strong><\/p>\n<div class=\"mod_article last block\" id=\"karriere\">\n<div class=\"ce_text first last block\">\n<p>Sofern wir Ihr Interesse wecken konnten, senden Sie bitte Ihre aussagef\u00e4higen Bewerbungsunterlagen inklusive Angabe Ihrer Gehaltsvorstellungen an die Gesch\u00e4ftsf\u00fchrung.\u00a0<\/p>\n<\/div>\n<\/div>\n<p>&nbsp;<\/p>\n<p><strong><\/strong><\/p>\n<p><strong>oddesse<br \/>Pumpen- und Motorenfabrik GmbH<br \/>Am Pappelwald 12<\/strong><br \/><strong>39387 Oschersleben (Bode)<\/strong><\/p>\n<p>Telefon: +49 3949 932-480<br \/>E-Mail: <span style=\"color: #b5123e;\"><a href=\"mailto:info@oddesse.de\" style=\"color: #b5123e;\">info@oddesse.de<\/a><\/span><\/p>\n<p>[\/et_pb_text][\/et_pb_column][et_pb_column type=\u00a0\u00bb2_5&Prime; _builder_version=\u00a0\u00bb4.23.4&Prime; _module_preset=\u00a0\u00bbdefault\u00a0\u00bb global_colors_info=\u00a0\u00bb{}\u00a0\u00bb][et_pb_image src=\u00a0\u00bbhttps:\/\/oddesse.de\/wp-content\/uploads\/2024\/09\/Stellenanzeige-Assistent-der-Geschaeftsfuehrung-400&#215;516-1.png\u00a0\u00bb title_text=\u00a0\u00bbStellenanzeige-Assistent-der-Geschaeftsfuehrung-400&#215;516&Prime; _builder_version=\u00a0\u00bb4.23.4&Prime; _module_preset=\u00a0\u00bbdefault\u00a0\u00bb max_height=\u00a0\u00bb450px\u00a0\u00bb hover_enabled=\u00a0\u00bb0&Prime; global_colors_info=\u00a0\u00bb{}\u00a0\u00bb sticky_enabled=\u00a0\u00bb0&Prime;][\/et_pb_image][\/et_pb_column][\/et_pb_row][\/et_pb_section]<\/p>\n","protected":false},"excerpt":{"rendered":"<p>Karriere bei oddesse Assistent der Gesch\u00e4ftsf\u00fchrung (m\/w\/d) Sie sind interessiert an einer T\u00e4tigkeit in den Bereichen Management, IT und Personal und suchen eine abwechslungsreiche T\u00e4tigkeit? Sie stellen Ihr Wissen und Ihre F\u00e4higkeiten gern unter Beweis und haben Lust auf neue Herausforderungen? Ja, dann sollten wir uns unbedingt kennenlernen. Wir \u2013 die oddesse Pumpen- und Motorenfabrik [&hellip;]<\/p>\n","protected":false},"author":2,"featured_media":0,"parent":1485,"menu_order":0,"comment_status":"closed","ping_status":"closed","template":"","meta":{"_et_pb_use_builder":"on","_et_pb_old_content":"<!-- wp:paragraph -->\n<p>This is an example page. It's different from a blog post because it will stay in one place and will show up in your site navigation (in most themes). Most people start with an About page that introduces them to potential site visitors. It might say something like this:<\/p>\n<!-- \/wp:paragraph -->\n\n<!-- wp:quote -->\n<blockquote class=\"wp-block-quote\"><p>Hi there! I'm a bike messenger by day, aspiring actor by night, and this is my website. I live in Los Angeles, have a great dog named Jack, and I like pi\u00f1a coladas. (And gettin' caught in the rain.)<\/p><\/blockquote>\n<!-- \/wp:quote -->\n\n<!-- wp:paragraph -->\n<p>...or something like this:<\/p>\n<!-- \/wp:paragraph -->\n\n<!-- wp:quote -->\n<blockquote class=\"wp-block-quote\"><p>The XYZ Doohickey Company was founded in 1971, and has been providing quality doohickeys to the public ever since. Located in Gotham City, XYZ employs over 2,000 people and does all kinds of awesome things for the Gotham community.<\/p><\/blockquote>\n<!-- \/wp:quote -->\n\n<!-- wp:paragraph -->\n<p>As a new WordPress user, you should go to <a href=\"https:\/\/oddesse.de\/wp-admin\/\">your dashboard<\/a> to delete this page and create new pages for your content. Have fun!<\/p>\n<!-- \/wp:paragraph -->","_et_gb_content_width":"","footnotes":""},"class_list":["post-248643","page","type-page","status-publish","hentry"],"_links":{"self":[{"href":"https:\/\/oddesse.de\/fr\/wp-json\/wp\/v2\/pages\/248643","targetHints":{"allow":["GET"]}}],"collection":[{"href":"https:\/\/oddesse.de\/fr\/wp-json\/wp\/v2\/pages"}],"about":[{"href":"https:\/\/oddesse.de\/fr\/wp-json\/wp\/v2\/types\/page"}],"author":[{"embeddable":true,"href":"https:\/\/oddesse.de\/fr\/wp-json\/wp\/v2\/users\/2"}],"replies":[{"embeddable":true,"href":"https:\/\/oddesse.de\/fr\/wp-json\/wp\/v2\/comments?post=248643"}],"version-history":[{"count":3,"href":"https:\/\/oddesse.de\/fr\/wp-json\/wp\/v2\/pages\/248643\/revisions"}],"predecessor-version":[{"id":248655,"href":"https:\/\/oddesse.de\/fr\/wp-json\/wp\/v2\/pages\/248643\/revisions\/248655"}],"up":[{"embeddable":true,"href":"https:\/\/oddesse.de\/fr\/wp-json\/wp\/v2\/pages\/1485"}],"wp:attachment":[{"href":"https:\/\/oddesse.de\/fr\/wp-json\/wp\/v2\/media?parent=248643"}],"curies":[{"name":"wp","href":"https:\/\/api.w.org\/{rel}","templated":true}]}}