{"id":248638,"date":"2024-08-27T11:57:10","date_gmt":"2024-08-27T11:57:10","guid":{"rendered":"https:\/\/oddesse.de\/?page_id=248638"},"modified":"2025-01-22T11:49:43","modified_gmt":"2025-01-22T11:49:43","slug":"marketingmitarbeiter","status":"publish","type":"page","link":"https:\/\/oddesse.de\/fr\/karriere\/marketingmitarbeiter\/","title":{"rendered":"Marketingmitarbeiter"},"content":{"rendered":"<p>[et_pb_section fb_built=\u00a0\u00bb1&Prime; fullwidth=\u00a0\u00bbon\u00a0\u00bb _builder_version=\u00a0\u00bb4.16&Prime; _module_preset=\u00a0\u00bbdefault\u00a0\u00bb global_colors_info=\u00a0\u00bb{}\u00a0\u00bb][et_pb_fullwidth_slider _builder_version=\u00a0\u00bb4.16&Prime; _module_preset=\u00a0\u00bbdefault\u00a0\u00bb background_enable_color=\u00a0\u00bboff\u00a0\u00bb background_image=\u00a0\u00bbhttps:\/\/oddesse.de\/wp-content\/uploads\/2022\/02\/karriere-banner.jpg\u00a0\u00bb width_tablet=\u00a0\u00bb\u00a0\u00bb width_phone=\u00a0\u00bb\u00a0\u00bb width_last_edited=\u00a0\u00bbon|phone\u00a0\u00bb module_alignment=\u00a0\u00bbleft\u00a0\u00bb content_width=\u00a0\u00bb73%\u00a0\u00bb content_width_tablet=\u00a0\u00bb73%\u00a0\u00bb content_width_phone=\u00a0\u00bb100%\u00a0\u00bb content_width_last_edited=\u00a0\u00bbon|phone\u00a0\u00bb content_max_width_tablet=\u00a0\u00bb\u00a0\u00bb content_max_width_phone=\u00a0\u00bb1080%\u00a0\u00bb content_max_width_last_edited=\u00a0\u00bbon|phone\u00a0\u00bb min_height_tablet=\u00a0\u00bb\u00a0\u00bb min_height_phone=\u00a0\u00bb\u00a0\u00bb min_height_last_edited=\u00a0\u00bbon|phone\u00a0\u00bb height=\u00a0\u00bb500px\u00a0\u00bb height_tablet=\u00a0\u00bb500px\u00a0\u00bb height_phone=\u00a0\u00bb250px\u00a0\u00bb height_last_edited=\u00a0\u00bbon|phone\u00a0\u00bb max_height=\u00a0\u00bb500px\u00a0\u00bb max_height_tablet=\u00a0\u00bb500px\u00a0\u00bb max_height_phone=\u00a0\u00bb250px\u00a0\u00bb max_height_last_edited=\u00a0\u00bbon|phone\u00a0\u00bb custom_padding=\u00a0\u00bb4px||6px|||\u00a0\u00bb header_font_size_tablet=\u00a0\u00bb\u00a0\u00bb header_font_size_phone=\u00a0\u00bb20px\u00a0\u00bb header_font_size_last_edited=\u00a0\u00bbon|phone\u00a0\u00bb body_font_size_tablet=\u00a0\u00bb\u00a0\u00bb body_font_size_phone=\u00a0\u00bb17px\u00a0\u00bb body_font_size_last_edited=\u00a0\u00bbon|phone\u00a0\u00bb background_last_edited=\u00a0\u00bbon|tablet\u00a0\u00bb background_image_tablet=\u00a0\u00bbhttps:\/\/oddesse.de\/wp-content\/uploads\/2022\/02\/karriere-banner.jpg\u00a0\u00bb background_enable_image_tablet=\u00a0\u00bbon\u00a0\u00bb parallax_phone=\u00a0\u00bboff\u00a0\u00bb background_size_phone=\u00a0\u00bbcover\u00a0\u00bb text_orientation_tablet=\u00a0\u00bb\u00a0\u00bb text_orientation_phone=\u00a0\u00bb\u00a0\u00bb text_orientation_last_edited=\u00a0\u00bbon|phone\u00a0\u00bb module_alignment_tablet=\u00a0\u00bbleft\u00a0\u00bb module_alignment_phone=\u00a0\u00bbcenter\u00a0\u00bb module_alignment_last_edited=\u00a0\u00bbon|phone\u00a0\u00bb global_colors_info=\u00a0\u00bb{}\u00a0\u00bb][et_pb_slide heading=\u00a0\u00bbWir bieten neue Perspektiven\u00a0\u00bb use_bg_overlay=\u00a0\u00bboff\u00a0\u00bb use_text_overlay=\u00a0\u00bbon\u00a0\u00bb text_overlay_color=\u00a0\u00bbrgba(181,18,62,0.54)\u00a0\u00bb text_border_radius=\u00a0\u00bb0px\u00a0\u00bb heading_tablet=\u00a0\u00bbWir bieten neue Perspektiven\u00a0\u00bb heading_phone=\u00a0\u00bbWir bieten neue Perspektiven\u00a0\u00bb heading_last_edited=\u00a0\u00bbon|desktop\u00a0\u00bb content_tablet=\u00a0\u00bb<\/p>\n<h1><\/h1>\n<h1><\/h1>\n<h1>Karriere bei oddesse<\/h1>\n<p>\u00a0\u00bb content_phone=\u00a0\u00bb<\/p>\n<h1>Karriere bei oddesse<\/h1>\n<p>\u00a0\u00bb content_last_edited=\u00a0\u00bbon|phone\u00a0\u00bb text_border_radius_tablet=\u00a0\u00bb0px\u00a0\u00bb text_border_radius_phone=\u00a0\u00bb0px\u00a0\u00bb text_border_radius_last_edited=\u00a0\u00bbon|phone\u00a0\u00bb _builder_version=\u00a0\u00bb4.16&Prime; _module_preset=\u00a0\u00bbdefault\u00a0\u00bb body_font_size=\u00a0\u00bb30px\u00a0\u00bb background_image=\u00a0\u00bbhttps:\/\/oddesse.de\/wp-content\/uploads\/2022\/02\/karriere-banner.jpg\u00a0\u00bb background_enable_image=\u00a0\u00bbon\u00a0\u00bb width=\u00a0\u00bb100%\u00a0\u00bb custom_padding_tablet=\u00a0\u00bb\u00a0\u00bb custom_padding_phone=\u00a0\u00bb0px|0px|0px|0px|false|false\u00a0\u00bb custom_padding_last_edited=\u00a0\u00bbon|phone\u00a0\u00bb header_font_tablet=\u00a0\u00bb\u00a0\u00bb header_font_phone=\u00a0\u00bb\u00a0\u00bb header_font_last_edited=\u00a0\u00bbon|phone\u00a0\u00bb body_font_size_tablet=\u00a0\u00bb30px\u00a0\u00bb body_font_size_phone=\u00a0\u00bb16px\u00a0\u00bb body_font_size_last_edited=\u00a0\u00bbon|phone\u00a0\u00bb background_last_edited=\u00a0\u00bbon|desktop\u00a0\u00bb background_image_tablet=\u00a0\u00bbhttps:\/\/oddesse.de\/wp-content\/uploads\/2022\/02\/karriere-banner.jpg\u00a0\u00bb background_enable_image_tablet=\u00a0\u00bbon\u00a0\u00bb background_size_tablet=\u00a0\u00bbcover\u00a0\u00bb background_size_phone=\u00a0\u00bbcover\u00a0\u00bb global_colors_info=\u00a0\u00bb{}\u00a0\u00bb sticky_transition=\u00a0\u00bbon\u00a0\u00bb]<\/p>\n<h1><\/h1>\n<h1>Karriere bei oddesse<\/h1>\n<p>[\/et_pb_slide][\/et_pb_fullwidth_slider][\/et_pb_section][et_pb_section fb_built=\u00a0\u00bb1&Prime; admin_label=\u00a0\u00bbsection\u00a0\u00bb _builder_version=\u00a0\u00bb4.16&Prime; global_colors_info=\u00a0\u00bb{}\u00a0\u00bb][et_pb_row admin_label=\u00a0\u00bbrow\u00a0\u00bb _builder_version=\u00a0\u00bb4.16&Prime; background_size=\u00a0\u00bbinitial\u00a0\u00bb background_position=\u00a0\u00bbtop_left\u00a0\u00bb background_repeat=\u00a0\u00bbrepeat\u00a0\u00bb custom_padding=\u00a0\u00bb3px||22px|||\u00a0\u00bb global_colors_info=\u00a0\u00bb{}\u00a0\u00bb][et_pb_column type=\u00a0\u00bb4_4&Prime; _builder_version=\u00a0\u00bb4.16&Prime; custom_padding=\u00a0\u00bb|||\u00a0\u00bb global_colors_info=\u00a0\u00bb{}\u00a0\u00bb custom_padding__hover=\u00a0\u00bb|||\u00a0\u00bb][et_pb_text admin_label=\u00a0\u00bbText\u00a0\u00bb _builder_version=\u00a0\u00bb4.23.4&Prime; background_size=\u00a0\u00bbinitial\u00a0\u00bb background_position=\u00a0\u00bbtop_left\u00a0\u00bb background_repeat=\u00a0\u00bbrepeat\u00a0\u00bb global_colors_info=\u00a0\u00bb{}\u00a0\u00bb]<\/p>\n<p><!-- divi:paragraph --><\/p>\n<h2 class=\"ce_text first block\">\u00dcber uns<\/h2>\n<div class=\"ce_text first block\">\n<p>Wir \u2013 die oddesse Pumpen- und Motorenfabrik GmbH und ORPU Pumpenfabrik GmbH &#8211; bilden den Kern einer Gruppe traditionsreicher mittelst\u00e4ndischer Unternehmen. An unseren Standorten in Oschersleben und Oranienburg entwickeln und fertigen wir hochwertige Pumpen, Motoren und Verdichter von hervorragendem internationalem Renommee.<\/p>\n<p>F\u00fcr unseren Standort in Oschersleben (Bode) suchen wir in Pr\u00e4senz zum n\u00e4chstm\u00f6glichen Zeitpunkt in Voll- oder Teilzeit (mind. 32 Std.\/Woche) einen:<\/p>\n<p>&nbsp;<\/p>\n<\/div>\n<div class=\"ce_text first block\">\n<div class=\"mod_article last block\" id=\"karriere\">\n<div class=\"ce_text first last block\">\n<h1>Marketingmitarbeiter (m\/w\/d)<\/h1>\n<p><strong><br \/>Ihre Aufgaben<\/strong><\/p>\n<ul>\n<li style=\"list-style-type: none;\">\n<ul>\n<li>Gestaltung des\u00a0 aktiven Marketings der Firmen oddesse und ORPU.<\/li>\n<li>Planung,\u00a0Organisation\u00a0und\u00a0Gestaltung\u00a0von\u00a0Messebeteiligungen, Symposien und<br \/>Veranstaltungen\u00a0der Firmen im internationalen Umfeld.<\/li>\n<li>Verantwortung\u00a0f\u00fcr\u00a0die\u00a0Gestaltung\u00a0und\u00a0Umsetzung\u00a0der\u00a0Internetseiten\u00a0von\u00a0oddesse\u00a0und\u00a0ORPU.<\/li>\n<li>Erarbeitung\u00a0von\u00a0Marketingstrategien\u00a0in\u00a0Zusammenarbeit\u00a0mit\u00a0Vertrieb\u00a0und\u00a0Gesch\u00e4ftsf\u00fchrung.<\/li>\n<li>Professionelle Erstellung\u00a0der kunden-\u00a0und\u00a0themenspezifischen\u00a0Pr\u00e4sentationen\u00a0beider\u00a0Firmen.<\/li>\n<li>Erstellung\u00a0von\u00a0Artikeln\u00a0und\u00a0Annoncen\u00a0f\u00fcr\u00a0Fachzeitschriften.<\/li>\n<\/ul>\n<\/li>\n<\/ul>\n<p><strong>Ihr Profil<\/strong><\/p>\n<ul>\n<li style=\"list-style-type: none;\">\n<ul>\n<li>Abgeschlossenes\u00a0Studium\u00a0im\u00a0Bereich\u00a0Marketing,\u00a0Kommunikation\u00a0oder\u00a0eine vergleichbare<br \/>Ausbildung mit erster Berufserfahrung.<\/li>\n<li>Kreativit\u00e4t\u00a0und\u00a0ein\u00a0gutes\u00a0Gesp\u00fcr\u00a0f\u00fcr\u00a0Design\u00a0und\u00a0Kommunikation.<\/li>\n<li>Idealerweise Erfahrung\u00a0im\u00a0Online-Marketing\u00a0und\u00a0in\u00a0der\u00a0Nutzung\u00a0von\u00a0Social\u00a0Media.<\/li>\n<li>Fundierte Bedienerkenntnisse in der Arbeit mit Grafikprogrammen.<\/li>\n<li>Ausgezeichnete Kommunikationsf\u00e4higkeiten, Organisationstalent und eine proaktive Arbeitsweise.<\/li>\n<\/ul>\n<\/li>\n<\/ul>\n<p><strong>Unser Angebot<\/strong><strong><\/strong><\/p>\n<ul>\n<li style=\"list-style-type: none;\">\n<ul>\n<li>Ein unbefristeter Arbeitsvertrag<\/li>\n<li>30 Tage Jahresurlaub<\/li>\n<li>Eine 38-Stunden-Woche (Vollzeit) oder eine Teilzeitt\u00e4tigkeit (mind. 32 Std.\/Woche) mit flexiblen Arbeitszeiten<\/li>\n<li>Eine betriebliche Altersvorsorge<\/li>\n<li>Jobrad \/ E-Bike-Leasing<\/li>\n<li>Eine Mitarbeiterbeteiligung<\/li>\n<li>Individuelle berufliche Weiterentwicklungsperspektiven<\/li>\n<li>Ein inhabergef\u00fchrtes Unternehmen mit einem famili\u00e4ren Arbeitsumfeld<\/li>\n<\/ul>\n<\/li>\n<\/ul>\n<p>Geben Sie Ihrer Zukunft den entscheidenden Impuls.<br \/>Wir freuen uns auf Ihre Bewerbung!<\/p>\n<\/div>\n<\/div>\n<\/div>\n<p><!-- \/divi:paragraph --><\/p>\n<p>[\/et_pb_text][\/et_pb_column][\/et_pb_row][et_pb_row column_structure=\u00a0\u00bb3_5,2_5&Prime; _builder_version=\u00a0\u00bb4.23.4&Prime; _module_preset=\u00a0\u00bbdefault\u00a0\u00bb custom_padding=\u00a0\u00bb0px|||||\u00a0\u00bb global_colors_info=\u00a0\u00bb{}\u00a0\u00bb][et_pb_column type=\u00a0\u00bb3_5&Prime; _builder_version=\u00a0\u00bb4.23.4&Prime; _module_preset=\u00a0\u00bbdefault\u00a0\u00bb global_colors_info=\u00a0\u00bb{}\u00a0\u00bb][et_pb_text _builder_version=\u00a0\u00bb4.23.4&Prime; _module_preset=\u00a0\u00bbdefault\u00a0\u00bb global_colors_info=\u00a0\u00bb{}\u00a0\u00bb]<\/p>\n<p><strong><\/strong><\/p>\n<div class=\"mod_article last block\" id=\"karriere\">\n<div class=\"ce_text first last block\">\n<p>Sofern wir Ihr Interesse wecken konnten, senden Sie bitte Ihre aussagef\u00e4higen Bewerbungsunterlagen inklusive Angabe Ihrer Gehaltsvorstellungen an die Gesch\u00e4ftsf\u00fchrung.\u00a0<\/p>\n<\/div>\n<\/div>\n<p>&nbsp;<\/p>\n<p><strong><\/strong><\/p>\n<p><strong>oddesse<br \/>Pumpen- und Motorenfabrik GmbH<br \/>Am Pappelwald 12<\/strong><br \/><strong>39387 Oschersleben (Bode)<\/strong><\/p>\n<p>Telefon: +49 3949 932-480<br \/>E-Mail: <span style=\"color: #b5123e;\"><a href=\"mailto:info@oddesse.de\" style=\"color: #b5123e;\">info@oddesse.de<\/a><\/span><\/p>\n<p>[\/et_pb_text][\/et_pb_column][et_pb_column type=\u00a0\u00bb2_5&Prime; _builder_version=\u00a0\u00bb4.23.4&Prime; _module_preset=\u00a0\u00bbdefault\u00a0\u00bb global_colors_info=\u00a0\u00bb{}\u00a0\u00bb][et_pb_image src=\u00a0\u00bbhttps:\/\/oddesse.de\/wp-content\/uploads\/2025\/01\/Stelle_Marketing_400x565.png\u00a0\u00bb title_text=\u00a0\u00bbStelle_Marketing_400x565&Prime; show_in_lightbox=\u00a0\u00bbon\u00a0\u00bb _builder_version=\u00a0\u00bb4.23.4&Prime; _module_preset=\u00a0\u00bbdefault\u00a0\u00bb max_height=\u00a0\u00bb450px\u00a0\u00bb hover_enabled=\u00a0\u00bb0&Prime; global_colors_info=\u00a0\u00bb{}\u00a0\u00bb sticky_enabled=\u00a0\u00bb0&Prime;][\/et_pb_image][et_pb_text _builder_version=\u00a0\u00bb4.23.4&Prime; _module_preset=\u00a0\u00bbdefault\u00a0\u00bb hover_enabled=\u00a0\u00bb0&Prime; sticky_enabled=\u00a0\u00bb0&Prime;]<\/p>\n<p><img loading=\"lazy\" decoding=\"async\" src=\"https:\/\/oddesse.de\/wp-content\/uploads\/2022\/03\/pdf.png\" alt=\"\" class=\"wp-image-241864 alignnone size-full\" width=\"27\" height=\"27\" \/> <a href=\"https:\/\/oddesse.de\/wp-content\/uploads\/2025\/01\/Stellenbeschreibung_Marketingmitarbeiter.pdf\" target=\"_blank\" rel=\"noopener\">Download Stellenbeschreibung<\/a><\/p>\n<p>[\/et_pb_text][\/et_pb_column][\/et_pb_row][\/et_pb_section]<\/p>\n","protected":false},"excerpt":{"rendered":"<p>Karriere bei oddesse \u00dcber uns Wir \u2013 die oddesse Pumpen- und Motorenfabrik GmbH und ORPU Pumpenfabrik GmbH &#8211; bilden den Kern einer Gruppe traditionsreicher mittelst\u00e4ndischer Unternehmen. An unseren Standorten in Oschersleben und Oranienburg entwickeln und fertigen wir hochwertige Pumpen, Motoren und Verdichter von hervorragendem internationalem Renommee. F\u00fcr unseren Standort in Oschersleben (Bode) suchen wir in [&hellip;]<\/p>\n","protected":false},"author":2,"featured_media":0,"parent":1485,"menu_order":0,"comment_status":"closed","ping_status":"closed","template":"","meta":{"_et_pb_use_builder":"on","_et_pb_old_content":"<!-- wp:paragraph -->\n<p>This is an example page. It's different from a blog post because it will stay in one place and will show up in your site navigation (in most themes). Most people start with an About page that introduces them to potential site visitors. It might say something like this:<\/p>\n<!-- \/wp:paragraph -->\n\n<!-- wp:quote -->\n<blockquote class=\"wp-block-quote\"><p>Hi there! I'm a bike messenger by day, aspiring actor by night, and this is my website. I live in Los Angeles, have a great dog named Jack, and I like pi\u00f1a coladas. (And gettin' caught in the rain.)<\/p><\/blockquote>\n<!-- \/wp:quote -->\n\n<!-- wp:paragraph -->\n<p>...or something like this:<\/p>\n<!-- \/wp:paragraph -->\n\n<!-- wp:quote -->\n<blockquote class=\"wp-block-quote\"><p>The XYZ Doohickey Company was founded in 1971, and has been providing quality doohickeys to the public ever since. Located in Gotham City, XYZ employs over 2,000 people and does all kinds of awesome things for the Gotham community.<\/p><\/blockquote>\n<!-- \/wp:quote -->\n\n<!-- wp:paragraph -->\n<p>As a new WordPress user, you should go to <a href=\"https:\/\/oddesse.de\/wp-admin\/\">your dashboard<\/a> to delete this page and create new pages for your content. Have fun!<\/p>\n<!-- \/wp:paragraph -->","_et_gb_content_width":"","footnotes":""},"class_list":["post-248638","page","type-page","status-publish","hentry"],"_links":{"self":[{"href":"https:\/\/oddesse.de\/fr\/wp-json\/wp\/v2\/pages\/248638","targetHints":{"allow":["GET"]}}],"collection":[{"href":"https:\/\/oddesse.de\/fr\/wp-json\/wp\/v2\/pages"}],"about":[{"href":"https:\/\/oddesse.de\/fr\/wp-json\/wp\/v2\/types\/page"}],"author":[{"embeddable":true,"href":"https:\/\/oddesse.de\/fr\/wp-json\/wp\/v2\/users\/2"}],"replies":[{"embeddable":true,"href":"https:\/\/oddesse.de\/fr\/wp-json\/wp\/v2\/comments?post=248638"}],"version-history":[{"count":8,"href":"https:\/\/oddesse.de\/fr\/wp-json\/wp\/v2\/pages\/248638\/revisions"}],"predecessor-version":[{"id":248766,"href":"https:\/\/oddesse.de\/fr\/wp-json\/wp\/v2\/pages\/248638\/revisions\/248766"}],"up":[{"embeddable":true,"href":"https:\/\/oddesse.de\/fr\/wp-json\/wp\/v2\/pages\/1485"}],"wp:attachment":[{"href":"https:\/\/oddesse.de\/fr\/wp-json\/wp\/v2\/media?parent=248638"}],"curies":[{"name":"wp","href":"https:\/\/api.w.org\/{rel}","templated":true}]}}