{"id":247660,"date":"2024-01-30T07:53:09","date_gmt":"2024-01-30T07:53:09","guid":{"rendered":"https:\/\/oddesse.de\/?page_id=247660"},"modified":"2024-05-08T06:27:28","modified_gmt":"2024-05-08T06:27:28","slug":"170-ans-1939","status":"publish","type":"page","link":"https:\/\/oddesse.de\/fr\/170-ans-oddesse\/170-ans-1939\/","title":{"rendered":"170 ans 1939"},"content":{"rendered":"<p>[et_pb_section fb_built=\u00a0\u00bb1&Prime; disabled_on=\u00a0\u00bbon|off|off\u00a0\u00bb _builder_version=\u00a0\u00bb4.23.4&Prime; _module_preset=\u00a0\u00bbdefault\u00a0\u00bb custom_padding=\u00a0\u00bb60px|||||\u00a0\u00bb global_colors_info=\u00a0\u00bb{}\u00a0\u00bb][et_pb_row column_structure=\u00a0\u00bb3_5,2_5&Prime; _builder_version=\u00a0\u00bb4.23.4&Prime; _module_preset=\u00a0\u00bbdefault\u00a0\u00bb width=\u00a0\u00bb100%\u00a0\u00bb max_width=\u00a0\u00bb1250px\u00a0\u00bb min_height=\u00a0\u00bb589px\u00a0\u00bb custom_margin=\u00a0\u00bb|auto|2px|auto||\u00a0\u00bb custom_padding=\u00a0\u00bb||0px|||\u00a0\u00bb global_colors_info=\u00a0\u00bb{}\u00a0\u00bb][et_pb_column type=\u00a0\u00bb3_5&Prime; _builder_version=\u00a0\u00bb4.23.4&Prime; _module_preset=\u00a0\u00bbdefault\u00a0\u00bb global_colors_info=\u00a0\u00bb{}\u00a0\u00bb][et_pb_slider use_text_overlay=\u00a0\u00bboff\u00a0\u00bb _builder_version=\u00a0\u00bb4.23.4&Prime; _module_preset=\u00a0\u00bbdefault\u00a0\u00bb background_image=\u00a0\u00bbhttps:\/\/oddesse.de\/wp-content\/uploads\/2024\/03\/1899-Verladen-einer-Dampfpumpe.png\u00a0\u00bb min_height=\u00a0\u00bb760px\u00a0\u00bb max_height=\u00a0\u00bb760px\u00a0\u00bb custom_margin=\u00a0\u00bb0px|0px|||false|false\u00a0\u00bb custom_padding=\u00a0\u00bb550px||0px||false|false\u00a0\u00bb auto=\u00a0\u00bbon\u00a0\u00bb hover_transition_duration=\u00a0\u00bb30ms\u00a0\u00bb hover_transition_delay=\u00a0\u00bb50ms\u00a0\u00bb hover_enabled=\u00a0\u00bb0&Prime; custom_css_free_form=\u00a0\u00bb.selector .et_pb_text_overlay_wrapper {||  font-size: 100px;||}\u00a0\u00bb border_radii=\u00a0\u00bbon|30px|30px|30px|30px\u00a0\u00bb box_shadow_style=\u00a0\u00bbpreset2&Prime; box_shadow_spread=\u00a0\u00bb4px\u00a0\u00bb global_colors_info=\u00a0\u00bb{}\u00a0\u00bb sticky_enabled=\u00a0\u00bb0&Prime;][et_pb_slide heading=\u00a0\u00bbFonderie de fer d&rsquo;oddesse vers 1930&Prime; use_text_overlay=\u00a0\u00bbon\u00a0\u00bb text_overlay_color=\u00a0\u00bbrgba(181,18,62,0.33)\u00a0\u00bb text_border_radius=\u00a0\u00bb3px\u00a0\u00bb _builder_version=\u00a0\u00bb4.23.4&Prime; _module_preset=\u00a0\u00bbdefault\u00a0\u00bb header_line_height=\u00a0\u00bb-0.6em\u00a0\u00bb background_image=\u00a0\u00bbhttps:\/\/oddesse.de\/wp-content\/uploads\/2024\/04\/Eisengiesserei-1940.png\u00a0\u00bb background_enable_image=\u00a0\u00bbon\u00a0\u00bb width=\u00a0\u00bb100%\u00a0\u00bb custom_padding=\u00a0\u00bb||||false|false\u00a0\u00bb hover_enabled=\u00a0\u00bb0&Prime; global_colors_info=\u00a0\u00bb{}\u00a0\u00bb sticky_transition=\u00a0\u00bbon\u00a0\u00bb sticky_enabled=\u00a0\u00bb0&Prime;][\/et_pb_slide][et_pb_slide heading=\u00a0\u00bbD\u00e9partement d&rsquo;exp\u00e9dition en 1936&Prime; use_text_overlay=\u00a0\u00bbon\u00a0\u00bb text_overlay_color=\u00a0\u00bbrgba(181,18,62,0.33)\u00a0\u00bb text_border_radius=\u00a0\u00bb-102px\u00a0\u00bb _builder_version=\u00a0\u00bb4.23.4&Prime; _module_preset=\u00a0\u00bbdefault\u00a0\u00bb background_image=\u00a0\u00bbhttps:\/\/oddesse.de\/wp-content\/uploads\/2024\/04\/Versandabteilung.png\u00a0\u00bb background_enable_image=\u00a0\u00bbon\u00a0\u00bb custom_padding=\u00a0\u00bb||||false|false\u00a0\u00bb hover_enabled=\u00a0\u00bb0&Prime; global_colors_info=\u00a0\u00bb{}\u00a0\u00bb sticky_transition=\u00a0\u00bbon\u00a0\u00bb sticky_enabled=\u00a0\u00bb0&Prime;][\/et_pb_slide][et_pb_slide heading=\u00a0\u00bbFabrication de pompes \u00e0 moteur submersible en 1940&Prime; use_text_overlay=\u00a0\u00bbon\u00a0\u00bb text_overlay_color=\u00a0\u00bbrgba(181,18,62,0.33)\u00a0\u00bb text_border_radius=\u00a0\u00bb3px\u00a0\u00bb _builder_version=\u00a0\u00bb4.23.4&Prime; _module_preset=\u00a0\u00bbdefault\u00a0\u00bb header_line_height=\u00a0\u00bb-0.6em\u00a0\u00bb background_image=\u00a0\u00bbhttps:\/\/oddesse.de\/wp-content\/uploads\/2024\/03\/Produktion-einer-Tiefbrunnenpumpe.png\u00a0\u00bb background_enable_image=\u00a0\u00bbon\u00a0\u00bb width=\u00a0\u00bb100%\u00a0\u00bb custom_padding=\u00a0\u00bb||||false|false\u00a0\u00bb hover_enabled=\u00a0\u00bb0&Prime; global_colors_info=\u00a0\u00bb{}\u00a0\u00bb sticky_transition=\u00a0\u00bbon\u00a0\u00bb sticky_enabled=\u00a0\u00bb0&Prime;][\/et_pb_slide][et_pb_slide heading=\u00a0\u00bbAtelier de tournage en 1934&Prime; use_text_overlay=\u00a0\u00bbon\u00a0\u00bb text_overlay_color=\u00a0\u00bbrgba(181,18,62,0.33)\u00a0\u00bb text_border_radius=\u00a0\u00bb3px\u00a0\u00bb _builder_version=\u00a0\u00bb4.23.4&Prime; _module_preset=\u00a0\u00bbdefault\u00a0\u00bb header_line_height=\u00a0\u00bb-0.6em\u00a0\u00bb background_image=\u00a0\u00bbhttps:\/\/oddesse.de\/wp-content\/uploads\/2024\/04\/Dreherei-Lehrwerkstatt-1934-neu.png\u00a0\u00bb background_enable_image=\u00a0\u00bbon\u00a0\u00bb width=\u00a0\u00bb100%\u00a0\u00bb custom_padding=\u00a0\u00bb||||false|false\u00a0\u00bb hover_enabled=\u00a0\u00bb0&Prime; global_colors_info=\u00a0\u00bb{}\u00a0\u00bb sticky_transition=\u00a0\u00bbon\u00a0\u00bb sticky_enabled=\u00a0\u00bb0&Prime;][\/et_pb_slide][\/et_pb_slider][\/et_pb_column][et_pb_column type=\u00a0\u00bb2_5&Prime; _builder_version=\u00a0\u00bb4.23.4&Prime; _module_preset=\u00a0\u00bbdefault\u00a0\u00bb global_colors_info=\u00a0\u00bb{}\u00a0\u00bb][et_pb_text _builder_version=\u00a0\u00bb4.23.4&Prime; _module_preset=\u00a0\u00bbdefault\u00a0\u00bb text_text_color=\u00a0\u00bb#FFFFFF\u00a0\u00bb text_line_height=\u00a0\u00bb1.8em\u00a0\u00bb background_color=\u00a0\u00bb#303946&Prime; width=\u00a0\u00bb100%\u00a0\u00bb min_height=\u00a0\u00bb111%\u00a0\u00bb max_height=\u00a0\u00bb110%\u00a0\u00bb custom_margin=\u00a0\u00bb0px|||0px|false|false\u00a0\u00bb custom_padding=\u00a0\u00bb90px|20px|20px|20px|false|true\u00a0\u00bb hover_enabled=\u00a0\u00bb0&Prime; border_radii=\u00a0\u00bbon|25px|25px|25px|25px\u00a0\u00bb global_colors_info=\u00a0\u00bb{}\u00a0\u00bb sticky_enabled=\u00a0\u00bb0&Prime;]<\/p>\n<p style=\"text-align: center;\"><strong><span style=\"color: #b5123e; font-size: 90px;\">1939<\/span><\/strong><\/p>\n<p>Les innovations technologiques, telles que le d\u00e9veloppement et la fabrication d&rsquo;ensembles de pompes submersibles, conf\u00e8rent une excellente r\u00e9putation au site d&rsquo;Oschersleben sur le march\u00e9 mondial. Cela fait \u00e9galement d&rsquo;oddesse un fabricant et d\u00e9veloppeur de moteurs submersibles de haute qualit\u00e9.<\/p>\n<p>Depuis 1939, le fabricant de pompes r\u00e9ussi op\u00e8re sous le nom de KLEINSCHANZLIN-ODDESSE GmbH. Il y a d\u00e9j\u00e0 420 employ\u00e9s sur le site.<\/p>\n<p>En 1945, apr\u00e8s la fin de la Seconde Guerre mondiale, KSB est expropri\u00e9. Les installations de production sont d\u00e9mantel\u00e9es et, entre autres, 280 machines sont envoy\u00e9es en Union sovi\u00e9tique en guise de r\u00e9parations.<\/p>\n<p>&nbsp;<\/p>\n<p>[\/et_pb_text][\/et_pb_column][\/et_pb_row][et_pb_row _builder_version=\u00a0\u00bb4.23.4&Prime; _module_preset=\u00a0\u00bbdefault\u00a0\u00bb width=\u00a0\u00bb100%\u00a0\u00bb max_width=\u00a0\u00bb1600px\u00a0\u00bb saved_tabs=\u00a0\u00bball\u00a0\u00bb global_colors_info=\u00a0\u00bb{}\u00a0\u00bb][et_pb_column type=\u00a0\u00bb4_4&Prime; _builder_version=\u00a0\u00bb4.23.4&Prime; _module_preset=\u00a0\u00bbdefault\u00a0\u00bb global_colors_info=\u00a0\u00bb{}\u00a0\u00bb][et_pb_button button_url=\u00a0\u00bb@ET-DC@eyJkeW5hbWljIjp0cnVlLCJjb250ZW50IjoicG9zdF9saW5rX3VybF9wYWdlIiwic2V0dGluZ3MiOnsicG9zdF9pZCI6IjI0NzAzNSJ9fQ==@\u00a0\u00bb button_text=\u00a0\u00bbretour\u00a0\u00bb _builder_version=\u00a0\u00bb4.23.4&Prime; _dynamic_attributes=\u00a0\u00bbbutton_url\u00a0\u00bb _module_preset=\u00a0\u00bbdefault\u00a0\u00bb custom_button=\u00a0\u00bbon\u00a0\u00bb button_text_color=\u00a0\u00bb#ffffff\u00a0\u00bb button_bg_color=\u00a0\u00bb#B5123E\u00a0\u00bb button_border_width=\u00a0\u00bb0px\u00a0\u00bb button_border_radius=\u00a0\u00bb10px\u00a0\u00bb button_icon=\u00a0\u00bb&#x48;||divi||400&Prime; button_icon_color=\u00a0\u00bb#FFFFFF\u00a0\u00bb hover_enabled=\u00a0\u00bb0&Prime; global_colors_info=\u00a0\u00bb{}\u00a0\u00bb sticky_enabled=\u00a0\u00bb0&Prime;][\/et_pb_button][\/et_pb_column][\/et_pb_row][\/et_pb_section][et_pb_section fb_built=\u00a0\u00bb1&Prime; disabled_on=\u00a0\u00bboff|on|on\u00a0\u00bb _builder_version=\u00a0\u00bb4.23.4&Prime; _module_preset=\u00a0\u00bbdefault\u00a0\u00bb custom_padding=\u00a0\u00bb60px|||||\u00a0\u00bb global_colors_info=\u00a0\u00bb{}\u00a0\u00bb][et_pb_row column_structure=\u00a0\u00bb3_5,2_5&Prime; _builder_version=\u00a0\u00bb4.23.4&Prime; _module_preset=\u00a0\u00bbdefault\u00a0\u00bb width=\u00a0\u00bb100%\u00a0\u00bb max_width=\u00a0\u00bb1250px\u00a0\u00bb min_height=\u00a0\u00bb589px\u00a0\u00bb custom_margin=\u00a0\u00bb|auto|2px|auto||\u00a0\u00bb custom_padding=\u00a0\u00bb||0px|||\u00a0\u00bb global_colors_info=\u00a0\u00bb{}\u00a0\u00bb][et_pb_column type=\u00a0\u00bb3_5&Prime; _builder_version=\u00a0\u00bb4.23.4&Prime; _module_preset=\u00a0\u00bbdefault\u00a0\u00bb global_colors_info=\u00a0\u00bb{}\u00a0\u00bb][et_pb_slider use_text_overlay=\u00a0\u00bboff\u00a0\u00bb _builder_version=\u00a0\u00bb4.23.4&Prime; _module_preset=\u00a0\u00bbdefault\u00a0\u00bb background_image=\u00a0\u00bbhttps:\/\/oddesse.de\/wp-content\/uploads\/2024\/03\/1899-Verladen-einer-Dampfpumpe.png\u00a0\u00bb min_height=\u00a0\u00bb400px\u00a0\u00bb max_height=\u00a0\u00bb400px\u00a0\u00bb custom_margin=\u00a0\u00bb0px|0px|||false|false\u00a0\u00bb custom_padding=\u00a0\u00bb250px||0px||false|false\u00a0\u00bb auto=\u00a0\u00bbon\u00a0\u00bb hover_transition_duration=\u00a0\u00bb30ms\u00a0\u00bb hover_transition_delay=\u00a0\u00bb50ms\u00a0\u00bb hover_enabled=\u00a0\u00bb0&Prime; custom_css_free_form=\u00a0\u00bb.selector .et_pb_text_overlay_wrapper {||  font-size: 100px;||}\u00a0\u00bb border_radii=\u00a0\u00bbon|30px|30px|30px|30px\u00a0\u00bb box_shadow_style=\u00a0\u00bbpreset2&Prime; box_shadow_spread=\u00a0\u00bb4px\u00a0\u00bb global_colors_info=\u00a0\u00bb{}\u00a0\u00bb sticky_enabled=\u00a0\u00bb0&Prime;][et_pb_slide heading=\u00a0\u00bbFonderie de fer d&rsquo;oddesse vers 1930&Prime; use_text_overlay=\u00a0\u00bbon\u00a0\u00bb text_overlay_color=\u00a0\u00bbrgba(181,18,62,0.33)\u00a0\u00bb text_border_radius=\u00a0\u00bb3px\u00a0\u00bb _builder_version=\u00a0\u00bb4.23.4&Prime; _module_preset=\u00a0\u00bbdefault\u00a0\u00bb header_line_height=\u00a0\u00bb-0.6em\u00a0\u00bb background_image=\u00a0\u00bbhttps:\/\/oddesse.de\/wp-content\/uploads\/2024\/04\/Eisengiesserei-1940.png\u00a0\u00bb background_enable_image=\u00a0\u00bbon\u00a0\u00bb width=\u00a0\u00bb100%\u00a0\u00bb custom_padding=\u00a0\u00bb||||false|false\u00a0\u00bb hover_enabled=\u00a0\u00bb0&Prime; global_colors_info=\u00a0\u00bb{}\u00a0\u00bb sticky_transition=\u00a0\u00bbon\u00a0\u00bb sticky_enabled=\u00a0\u00bb0&Prime;][\/et_pb_slide][et_pb_slide heading=\u00a0\u00bbD\u00e9partement d&rsquo;exp\u00e9dition en 1936&Prime; use_text_overlay=\u00a0\u00bbon\u00a0\u00bb text_overlay_color=\u00a0\u00bbrgba(181,18,62,0.33)\u00a0\u00bb text_border_radius=\u00a0\u00bb-102px\u00a0\u00bb _builder_version=\u00a0\u00bb4.23.4&Prime; _module_preset=\u00a0\u00bbdefault\u00a0\u00bb background_image=\u00a0\u00bbhttps:\/\/oddesse.de\/wp-content\/uploads\/2024\/04\/Versandabteilung.png\u00a0\u00bb background_enable_image=\u00a0\u00bbon\u00a0\u00bb custom_padding=\u00a0\u00bb||||false|false\u00a0\u00bb hover_enabled=\u00a0\u00bb0&Prime; global_colors_info=\u00a0\u00bb{}\u00a0\u00bb sticky_transition=\u00a0\u00bbon\u00a0\u00bb sticky_enabled=\u00a0\u00bb0&Prime;][\/et_pb_slide][et_pb_slide heading=\u00a0\u00bbFabrication de pompes \u00e0 moteur submersible en 1940&Prime; use_text_overlay=\u00a0\u00bbon\u00a0\u00bb text_overlay_color=\u00a0\u00bbrgba(181,18,62,0.33)\u00a0\u00bb text_border_radius=\u00a0\u00bb3px\u00a0\u00bb _builder_version=\u00a0\u00bb4.23.4&Prime; _module_preset=\u00a0\u00bbdefault\u00a0\u00bb header_line_height=\u00a0\u00bb-0.6em\u00a0\u00bb background_image=\u00a0\u00bbhttps:\/\/oddesse.de\/wp-content\/uploads\/2024\/03\/Produktion-einer-Tiefbrunnenpumpe.png\u00a0\u00bb background_enable_image=\u00a0\u00bbon\u00a0\u00bb width=\u00a0\u00bb100%\u00a0\u00bb custom_padding=\u00a0\u00bb||||false|false\u00a0\u00bb hover_enabled=\u00a0\u00bb0&Prime; global_colors_info=\u00a0\u00bb{}\u00a0\u00bb sticky_transition=\u00a0\u00bbon\u00a0\u00bb sticky_enabled=\u00a0\u00bb0&Prime;][\/et_pb_slide][et_pb_slide heading=\u00a0\u00bbAtelier de tournage en 1934&Prime; use_text_overlay=\u00a0\u00bbon\u00a0\u00bb text_overlay_color=\u00a0\u00bbrgba(181,18,62,0.33)\u00a0\u00bb text_border_radius=\u00a0\u00bb3px\u00a0\u00bb _builder_version=\u00a0\u00bb4.23.4&Prime; _module_preset=\u00a0\u00bbdefault\u00a0\u00bb header_line_height=\u00a0\u00bb-0.6em\u00a0\u00bb background_image=\u00a0\u00bbhttps:\/\/oddesse.de\/wp-content\/uploads\/2024\/04\/Dreherei-Lehrwerkstatt-1934-neu.png\u00a0\u00bb background_enable_image=\u00a0\u00bbon\u00a0\u00bb width=\u00a0\u00bb100%\u00a0\u00bb custom_padding=\u00a0\u00bb||||false|false\u00a0\u00bb hover_enabled=\u00a0\u00bb0&Prime; global_colors_info=\u00a0\u00bb{}\u00a0\u00bb sticky_transition=\u00a0\u00bbon\u00a0\u00bb sticky_enabled=\u00a0\u00bb0&Prime;][\/et_pb_slide][\/et_pb_slider][\/et_pb_column][et_pb_column type=\u00a0\u00bb2_5&Prime; _builder_version=\u00a0\u00bb4.23.4&Prime; _module_preset=\u00a0\u00bbdefault\u00a0\u00bb global_colors_info=\u00a0\u00bb{}\u00a0\u00bb][et_pb_text _builder_version=\u00a0\u00bb4.23.4&Prime; _module_preset=\u00a0\u00bbdefault\u00a0\u00bb text_text_color=\u00a0\u00bb#FFFFFF\u00a0\u00bb text_line_height=\u00a0\u00bb1.8em\u00a0\u00bb background_color=\u00a0\u00bb#303946&Prime; width=\u00a0\u00bb100%\u00a0\u00bb min_height=\u00a0\u00bb111%\u00a0\u00bb max_height=\u00a0\u00bb110%\u00a0\u00bb custom_margin=\u00a0\u00bb0px|||0px|false|false\u00a0\u00bb custom_padding=\u00a0\u00bb60px|20px|50px|20px|false|true\u00a0\u00bb hover_enabled=\u00a0\u00bb0&Prime; border_radii=\u00a0\u00bbon|25px|25px|25px|25px\u00a0\u00bb global_colors_info=\u00a0\u00bb{}\u00a0\u00bb sticky_enabled=\u00a0\u00bb0&Prime;]<\/p>\n<p style=\"text-align: center;\"><strong><span style=\"color: #b5123e; font-size: 90px;\">1939<\/span><\/strong><\/p>\n<p>Les innovations technologiques, telles que le d\u00e9veloppement et la fabrication d&rsquo;ensembles de pompes submersibles, conf\u00e8rent une excellente r\u00e9putation au site d&rsquo;Oschersleben sur le march\u00e9 mondial. Cela fait \u00e9galement d&rsquo;oddesse un fabricant et d\u00e9veloppeur de moteurs submersibles de haute qualit\u00e9.<\/p>\n<p>Depuis 1939, le fabricant de pompes r\u00e9ussi op\u00e8re sous le nom de KLEINSCHANZLIN-ODDESSE GmbH. Il y a d\u00e9j\u00e0 420 employ\u00e9s sur le site.<\/p>\n<p>En 1945, apr\u00e8s la fin de la Seconde Guerre mondiale, KSB est expropri\u00e9. Les installations de production sont d\u00e9mantel\u00e9es et, entre autres, 280 machines sont envoy\u00e9es en Union sovi\u00e9tique en guise de r\u00e9parations.<\/p>\n<p>[\/et_pb_text][\/et_pb_column][\/et_pb_row][et_pb_row _builder_version=\u00a0\u00bb4.23.4&Prime; _module_preset=\u00a0\u00bbdefault\u00a0\u00bb global_colors_info=\u00a0\u00bb{}\u00a0\u00bb][et_pb_column type=\u00a0\u00bb4_4&Prime; _builder_version=\u00a0\u00bb4.23.4&Prime; _module_preset=\u00a0\u00bbdefault\u00a0\u00bb global_colors_info=\u00a0\u00bb{}\u00a0\u00bb][et_pb_button button_url=\u00a0\u00bb@ET-DC@eyJkeW5hbWljIjp0cnVlLCJjb250ZW50IjoicG9zdF9saW5rX3VybF9wYWdlIiwic2V0dGluZ3MiOnsicG9zdF9pZCI6IjI0NzY3NSJ9fQ==@\u00a0\u00bb button_text=\u00a0\u00bbsuivant\u00a0\u00bb _builder_version=\u00a0\u00bb4.23.4&Prime; _dynamic_attributes=\u00a0\u00bbbutton_url\u00a0\u00bb _module_preset=\u00a0\u00bbdefault\u00a0\u00bb hover_enabled=\u00a0\u00bb0&Prime; global_colors_info=\u00a0\u00bb{}\u00a0\u00bb sticky_enabled=\u00a0\u00bb0&Prime;][\/et_pb_button][\/et_pb_column][\/et_pb_row][\/et_pb_section]<\/p>\n","protected":false},"excerpt":{"rendered":"<p>1939 Les innovations technologiques, telles que le d\u00e9veloppement et la fabrication d&rsquo;ensembles de pompes submersibles, conf\u00e8rent une excellente r\u00e9putation au site d&rsquo;Oschersleben sur le march\u00e9 mondial. Cela fait \u00e9galement d&rsquo;oddesse un fabricant et d\u00e9veloppeur de moteurs submersibles de haute qualit\u00e9. Depuis 1939, le fabricant de pompes r\u00e9ussi op\u00e8re sous le nom de KLEINSCHANZLIN-ODDESSE GmbH. Il [&hellip;]<\/p>\n","protected":false},"author":1,"featured_media":0,"parent":247038,"menu_order":0,"comment_status":"closed","ping_status":"closed","template":"","meta":{"_et_pb_use_builder":"on","_et_pb_old_content":"","_et_gb_content_width":"","footnotes":""},"class_list":["post-247660","page","type-page","status-publish","hentry"],"_links":{"self":[{"href":"https:\/\/oddesse.de\/fr\/wp-json\/wp\/v2\/pages\/247660","targetHints":{"allow":["GET"]}}],"collection":[{"href":"https:\/\/oddesse.de\/fr\/wp-json\/wp\/v2\/pages"}],"about":[{"href":"https:\/\/oddesse.de\/fr\/wp-json\/wp\/v2\/types\/page"}],"author":[{"embeddable":true,"href":"https:\/\/oddesse.de\/fr\/wp-json\/wp\/v2\/users\/1"}],"replies":[{"embeddable":true,"href":"https:\/\/oddesse.de\/fr\/wp-json\/wp\/v2\/comments?post=247660"}],"version-history":[{"count":8,"href":"https:\/\/oddesse.de\/fr\/wp-json\/wp\/v2\/pages\/247660\/revisions"}],"predecessor-version":[{"id":248560,"href":"https:\/\/oddesse.de\/fr\/wp-json\/wp\/v2\/pages\/247660\/revisions\/248560"}],"up":[{"embeddable":true,"href":"https:\/\/oddesse.de\/fr\/wp-json\/wp\/v2\/pages\/247038"}],"wp:attachment":[{"href":"https:\/\/oddesse.de\/fr\/wp-json\/wp\/v2\/media?parent=247660"}],"curies":[{"name":"wp","href":"https:\/\/api.w.org\/{rel}","templated":true}]}}