{"id":243475,"date":"2022-02-10T11:41:35","date_gmt":"2022-02-10T11:41:35","guid":{"rendered":"https:\/\/test376518.live-website.com\/service\/"},"modified":"2022-06-10T06:20:52","modified_gmt":"2022-06-10T06:20:52","slug":"service","status":"publish","type":"page","link":"https:\/\/oddesse.de\/fr\/service\/","title":{"rendered":"Service"},"content":{"rendered":"<p>[et_pb_section fb_built=\u00a0\u00bb1&Prime; fullwidth=\u00a0\u00bbon\u00a0\u00bb _builder_version=\u00a0\u00bb4.16&Prime; _module_preset=\u00a0\u00bbdefault\u00a0\u00bb global_colors_info=\u00a0\u00bb{}\u00a0\u00bb][et_pb_fullwidth_image title_text=\u00a0\u00bbcommentaire binaire\u00a0\u00bb _builder_version=\u00a0\u00bb4.16&Prime; _module_preset=\u00a0\u00bbdefault\u00a0\u00bb background_image=\u00a0\u00bbhttps:\/\/oddesse.de\/wp-content\/uploads\/2022\/02\/oddesse-Service-e1644496622652.jpg\u00a0\u00bb min_height=\u00a0\u00bb500px\u00a0\u00bb min_height_tablet=\u00a0\u00bb300px\u00a0\u00bb min_height_phone=\u00a0\u00bb200px\u00a0\u00bb min_height_last_edited=\u00a0\u00bbon|phone\u00a0\u00bb max_height=\u00a0\u00bb500px\u00a0\u00bb max_height_tablet=\u00a0\u00bb300px\u00a0\u00bb max_height_phone=\u00a0\u00bb200px\u00a0\u00bb max_height_last_edited=\u00a0\u00bbon|desktop\u00a0\u00bb global_colors_info=\u00a0\u00bb{}\u00a0\u00bb][\/et_pb_fullwidth_image][\/et_pb_section][et_pb_section fb_built=\u00a0\u00bb1&Prime; admin_label=\u00a0\u00bbsection\u00a0\u00bb _builder_version=\u00a0\u00bb4.16&Prime; global_colors_info=\u00a0\u00bb{}\u00a0\u00bb][et_pb_row admin_label=\u00a0\u00bbligne\u00a0\u00bb _builder_version=\u00a0\u00bb4.17.0&Prime; background_size=\u00a0\u00bbinitial\u00a0\u00bb background_position=\u00a0\u00bbtop_left\u00a0\u00bb background_repeat=\u00a0\u00bbrepeat\u00a0\u00bb min_height=\u00a0\u00bb117px\u00a0\u00bb custom_padding=\u00a0\u00bb5px||22px|||\u00a0\u00bb global_colors_info=\u00a0\u00bb{}\u00a0\u00bb][et_pb_column type=\u00a0\u00bb4_4&Prime; _builder_version=\u00a0\u00bb4.16&Prime; custom_padding=\u00a0\u00bb|||\u00a0\u00bb global_colors_info=\u00a0\u00bb{}\u00a0\u00bb custom_padding__hover=\u00a0\u00bb|||\u00a0\u00bb][et_pb_text admin_label=\u00a0\u00bbText\u00a0\u00bb _builder_version=\u00a0\u00bb4.16&Prime; background_size=\u00a0\u00bbinitial\u00a0\u00bb background_position=\u00a0\u00bbtop_left\u00a0\u00bb background_repeat=\u00a0\u00bbrepeat\u00a0\u00bb global_colors_info=\u00a0\u00bb{}\u00a0\u00bb]<\/p>\n<h1>Un accompagnement professionnel et un service qualifi\u00e9<\/h1>\n<p><!-- \/divi:paragraph --><\/p>\n<p>[\/et_pb_text][et_pb_text _builder_version=\u00a0\u00bb4.16&Prime; _module_preset=\u00a0\u00bbdefault\u00a0\u00bb global_colors_info=\u00a0\u00bb{}\u00a0\u00bb]<\/p>\n<p>Le r\u00e9seau de service oddesse d\u00e9vou\u00e9 accompagne les produits tout au long de leur cycle de vie.<\/p>\n<p>D\u00e8s la planification et la conception des pompes et syst\u00e8mes, des sp\u00e9cialistes exp\u00e9riment\u00e9s sont pr\u00eats \u00e0 d\u00e9velopper la solution technique adapt\u00e9e en collaboration avec nos clients. Une assistance sp\u00e9cialis\u00e9e est disponible sur site pour les montages et mises en service.<\/p>\n<p>oddesse propose un entretien pr\u00e9ventif dans l&rsquo;atelier de r\u00e9paration d&rsquo;Oschersleben ou sur le site du client. Certains composants font alors l&rsquo;objet d&rsquo;une nouvelle fabrication. Si n\u00e9cessaire, des pi\u00e8ces d\u00e9tach\u00e9es ou des pompes ou moteurs de remplacement de qualit\u00e9 \u00e9quivalente peuvent \u00eatre mis \u00e0 disposition afin de minimiser les temps d&rsquo;immobilisation.<\/p>\n<p>Le service oddesse agit selon le principe suivant:<br \/>Nous ne sommes satisfaits que lorsque notre client est satisfait.<\/p>\n<p>[\/et_pb_text][\/et_pb_column][\/et_pb_row][\/et_pb_section]<\/p>\n","protected":false},"excerpt":{"rendered":"<p>Un accompagnement professionnel et un service qualifi\u00e9 Le r\u00e9seau de service oddesse d\u00e9vou\u00e9 accompagne les produits tout au long de leur cycle de vie. D\u00e8s la planification et la conception des pompes et syst\u00e8mes, des sp\u00e9cialistes exp\u00e9riment\u00e9s sont pr\u00eats \u00e0 d\u00e9velopper la solution technique adapt\u00e9e en collaboration avec nos clients. Une assistance sp\u00e9cialis\u00e9e est disponible [&hellip;]<\/p>\n","protected":false},"author":1,"featured_media":0,"parent":0,"menu_order":0,"comment_status":"closed","ping_status":"closed","template":"","meta":{"_et_pb_use_builder":"on","_et_pb_old_content":"","_et_gb_content_width":"","footnotes":""},"class_list":["post-243475","page","type-page","status-publish","hentry"],"_links":{"self":[{"href":"https:\/\/oddesse.de\/fr\/wp-json\/wp\/v2\/pages\/243475","targetHints":{"allow":["GET"]}}],"collection":[{"href":"https:\/\/oddesse.de\/fr\/wp-json\/wp\/v2\/pages"}],"about":[{"href":"https:\/\/oddesse.de\/fr\/wp-json\/wp\/v2\/types\/page"}],"author":[{"embeddable":true,"href":"https:\/\/oddesse.de\/fr\/wp-json\/wp\/v2\/users\/1"}],"replies":[{"embeddable":true,"href":"https:\/\/oddesse.de\/fr\/wp-json\/wp\/v2\/comments?post=243475"}],"version-history":[{"count":11,"href":"https:\/\/oddesse.de\/fr\/wp-json\/wp\/v2\/pages\/243475\/revisions"}],"predecessor-version":[{"id":245114,"href":"https:\/\/oddesse.de\/fr\/wp-json\/wp\/v2\/pages\/243475\/revisions\/245114"}],"wp:attachment":[{"href":"https:\/\/oddesse.de\/fr\/wp-json\/wp\/v2\/media?parent=243475"}],"curies":[{"name":"wp","href":"https:\/\/api.w.org\/{rel}","templated":true}]}}