{"id":243358,"date":"2022-02-10T10:37:40","date_gmt":"2022-02-10T10:37:40","guid":{"rendered":"https:\/\/test376518.live-website.com\/a-propos-de-odesse\/"},"modified":"2026-03-18T13:22:34","modified_gmt":"2026-03-18T13:22:34","slug":"a-propos-de-odesse","status":"publish","type":"page","link":"https:\/\/oddesse.de\/fr\/a-propos-de-odesse\/","title":{"rendered":"\u00c0 propos de oddesse"},"content":{"rendered":"<p>[et_pb_section fb_built=\u00a0\u00bb1&Prime; fullwidth=\u00a0\u00bbon\u00a0\u00bb theme_builder_area=\u00a0\u00bbpost_content\u00a0\u00bb _builder_version=\u00a0\u00bb4.27.4&Prime; _module_preset=\u00a0\u00bbdefault\u00a0\u00bb da_is_popup=\u00a0\u00bboff\u00a0\u00bb da_exit_intent=\u00a0\u00bboff\u00a0\u00bb da_has_close=\u00a0\u00bbon\u00a0\u00bb da_alt_close=\u00a0\u00bboff\u00a0\u00bb da_dark_close=\u00a0\u00bboff\u00a0\u00bb da_not_modal=\u00a0\u00bbon\u00a0\u00bb da_is_singular=\u00a0\u00bboff\u00a0\u00bb da_with_loader=\u00a0\u00bboff\u00a0\u00bb da_has_shadow=\u00a0\u00bbon\u00a0\u00bb da_disable_devices=\u00a0\u00bboff|off|off\u00a0\u00bb][et_pb_fullwidth_slider _builder_version=\u00a0\u00bb4.27.4&Prime; _module_preset=\u00a0\u00bbdefault\u00a0\u00bb theme_builder_area=\u00a0\u00bbpost_content\u00a0\u00bb hover_enabled=\u00a0\u00bb0&Prime; sticky_enabled=\u00a0\u00bb0&Prime; use_text_overlay=\u00a0\u00bbon\u00a0\u00bb text_overlay_color=\u00a0\u00bb#7a7a7a\u00a0\u00bb use_bg_overlay=\u00a0\u00bboff\u00a0\u00bb title_text=\u00a0\u00bbIMG_8712.1&Prime; background_image=\u00a0\u00bbhttps:\/\/oddesse.de\/wp-content\/uploads\/2026\/03\/IMG_8712.1-scaled.jpg\u00a0\u00bb][et_pb_slide heading=\u00a0\u00bbProfil de l&rsquo;entreprise\u00a0\u00bb _builder_version=\u00a0\u00bb4.27.4&Prime; _module_preset=\u00a0\u00bbdefault\u00a0\u00bb theme_builder_area=\u00a0\u00bbpost_content\u00a0\u00bb title_text=\u00a0\u00bbIMG_8712.1&Prime; background_image=\u00a0\u00bbhttps:\/\/oddesse.de\/wp-content\/uploads\/2026\/03\/IMG_8712.1-scaled.jpg\u00a0\u00bb background_enable_image=\u00a0\u00bbon\u00a0\u00bb hover_enabled=\u00a0\u00bb0&Prime; sticky_enabled=\u00a0\u00bb0&Prime; use_text_overlay=\u00a0\u00bbon\u00a0\u00bb text_overlay_color=\u00a0\u00bbrgba(68,63,61,0.66)\u00a0\u00bb][\/et_pb_slide][\/et_pb_fullwidth_slider][\/et_pb_section][et_pb_section fb_built=\u00a0\u00bb1&Prime; admin_label=\u00a0\u00bbsection\u00a0\u00bb _builder_version=\u00a0\u00bb4.16&Prime; custom_padding=\u00a0\u00bb60px|||||\u00a0\u00bb global_colors_info=\u00a0\u00bb{}\u00a0\u00bb da_is_popup=\u00a0\u00bboff\u00a0\u00bb da_exit_intent=\u00a0\u00bboff\u00a0\u00bb da_has_close=\u00a0\u00bbon\u00a0\u00bb da_alt_close=\u00a0\u00bboff\u00a0\u00bb da_dark_close=\u00a0\u00bboff\u00a0\u00bb da_not_modal=\u00a0\u00bbon\u00a0\u00bb da_is_singular=\u00a0\u00bboff\u00a0\u00bb da_with_loader=\u00a0\u00bboff\u00a0\u00bb da_has_shadow=\u00a0\u00bbon\u00a0\u00bb da_disable_devices=\u00a0\u00bboff|off|off\u00a0\u00bb][et_pb_row admin_label=\u00a0\u00bbligne\u00a0\u00bb _builder_version=\u00a0\u00bb4.16&Prime; background_size=\u00a0\u00bbinitial\u00a0\u00bb background_position=\u00a0\u00bbtop_left\u00a0\u00bb background_repeat=\u00a0\u00bbrepeat\u00a0\u00bb min_height=\u00a0\u00bb122px\u00a0\u00bb custom_padding=\u00a0\u00bb4px||22px|||\u00a0\u00bb global_colors_info=\u00a0\u00bb{}\u00a0\u00bb][et_pb_column type=\u00a0\u00bb4_4&Prime; _builder_version=\u00a0\u00bb4.16&Prime; custom_padding=\u00a0\u00bb|||\u00a0\u00bb global_colors_info=\u00a0\u00bb{}\u00a0\u00bb custom_padding__hover=\u00a0\u00bb|||\u00a0\u00bb][et_pb_text admin_label=\u00a0\u00bbText\u00a0\u00bb _builder_version=\u00a0\u00bb4.16&Prime; background_size=\u00a0\u00bbinitial\u00a0\u00bb background_position=\u00a0\u00bbtop_left\u00a0\u00bb background_repeat=\u00a0\u00bbrepeat\u00a0\u00bb global_colors_info=\u00a0\u00bb{}\u00a0\u00bb]<\/p>\n<h1>\u00c0 propos de nous<\/h1>\n<p><!-- \/divi:paragraph -->[\/et_pb_text][et_pb_text _builder_version=\u00a0\u00bb4.16&Prime; _module_preset=\u00a0\u00bbdefault\u00a0\u00bb global_colors_info=\u00a0\u00bb{}\u00a0\u00bb]<\/p>\n<div class=\"ce_text first block\">\n<p>L&rsquo;entreprise oddesse jouit dans le monde entier d&rsquo;une bonne r\u00e9putation en tant que fabricant de pompes et stations.<\/p>\n<p>Un esprit pionnier constamment appliqu\u00e9 au d\u00e9veloppement de nouveaux produits, une priorit\u00e9 clairement accord\u00e9e aux besoins et souhaits des clients, une qualit\u00e9 de produits sur laquelle on peut compter et un service flexible assurent la poursuite de cette success story.<\/p>\n<p>La gamme de produits oddesse couvre un large spectre de pompes centrifuges mono et multi-\u00e9tag\u00e9es pour diff\u00e9rents secteurs d&rsquo;utilisation, en particulier des pompes immerg\u00e9es mono et multi-\u00e9tag\u00e9es pour le transport d&rsquo;eaux pures, pollu\u00e9es et us\u00e9es ainsi que les moteurs immerg\u00e9s correspondants.<\/p>\n<p>Efficacit\u00e9 et durabilit\u00e9 du fonctionnement de nos pompes, faible co\u00fbt d&rsquo;entretien gr\u00e2ce \u00e0 un service intelligent <br \/>\u2013 les pompes et stations fabriqu\u00e9es \u00e0 Oschersleben sont aujourd&rsquo;hui encore \u00e0 la hauteur de la r\u00e9putation d&rsquo;oddesse.<\/p>\n<\/div>\n<p>[\/et_pb_text][\/et_pb_column][\/et_pb_row][\/et_pb_section][et_pb_section fb_built=\u00a0\u00bb1&Prime; theme_builder_area=\u00a0\u00bbpost_content\u00a0\u00bb _builder_version=\u00a0\u00bb4.27.4&Prime; _module_preset=\u00a0\u00bbdefault\u00a0\u00bb title_text=\u00a0\u00bb\u00dcber oddesse 1.2&Prime; background_image=\u00a0\u00bbhttps:\/\/oddesse.de\/wp-content\/uploads\/2026\/03\/Ueber-oddesse-1.2-scaled.jpeg\u00a0\u00bb hover_enabled=\u00a0\u00bb0&Prime; sticky_enabled=\u00a0\u00bb0&Prime; da_is_popup=\u00a0\u00bboff\u00a0\u00bb da_exit_intent=\u00a0\u00bboff\u00a0\u00bb da_has_close=\u00a0\u00bbon\u00a0\u00bb da_alt_close=\u00a0\u00bboff\u00a0\u00bb da_dark_close=\u00a0\u00bboff\u00a0\u00bb da_not_modal=\u00a0\u00bbon\u00a0\u00bb da_is_singular=\u00a0\u00bboff\u00a0\u00bb da_with_loader=\u00a0\u00bboff\u00a0\u00bb da_has_shadow=\u00a0\u00bbon\u00a0\u00bb da_disable_devices=\u00a0\u00bboff|off|off\u00a0\u00bb][et_pb_row _builder_version=\u00a0\u00bb4.27.4&Prime; _module_preset=\u00a0\u00bbdefault\u00a0\u00bb theme_builder_area=\u00a0\u00bbpost_content\u00a0\u00bb][et_pb_column _builder_version=\u00a0\u00bb4.27.4&Prime; _module_preset=\u00a0\u00bbdefault\u00a0\u00bb type=\u00a0\u00bb4_4&Prime; theme_builder_area=\u00a0\u00bbpost_content\u00a0\u00bb][\/et_pb_column][\/et_pb_row][\/et_pb_section]<\/p>\n","protected":false},"excerpt":{"rendered":"<p>\u00c0 propos de nous L&rsquo;entreprise oddesse jouit dans le monde entier d&rsquo;une bonne r\u00e9putation en tant que fabricant de pompes et stations. Un esprit pionnier constamment appliqu\u00e9 au d\u00e9veloppement de nouveaux produits, une priorit\u00e9 clairement accord\u00e9e aux besoins et souhaits des clients, une qualit\u00e9 de produits sur laquelle on peut compter et un service flexible [&hellip;]<\/p>\n","protected":false},"author":1,"featured_media":0,"parent":0,"menu_order":0,"comment_status":"closed","ping_status":"closed","template":"","meta":{"_et_pb_use_builder":"on","_et_pb_old_content":"","_et_gb_content_width":"","footnotes":""},"class_list":["post-243358","page","type-page","status-publish","hentry"],"_links":{"self":[{"href":"https:\/\/oddesse.de\/fr\/wp-json\/wp\/v2\/pages\/243358","targetHints":{"allow":["GET"]}}],"collection":[{"href":"https:\/\/oddesse.de\/fr\/wp-json\/wp\/v2\/pages"}],"about":[{"href":"https:\/\/oddesse.de\/fr\/wp-json\/wp\/v2\/types\/page"}],"author":[{"embeddable":true,"href":"https:\/\/oddesse.de\/fr\/wp-json\/wp\/v2\/users\/1"}],"replies":[{"embeddable":true,"href":"https:\/\/oddesse.de\/fr\/wp-json\/wp\/v2\/comments?post=243358"}],"version-history":[{"count":13,"href":"https:\/\/oddesse.de\/fr\/wp-json\/wp\/v2\/pages\/243358\/revisions"}],"predecessor-version":[{"id":249583,"href":"https:\/\/oddesse.de\/fr\/wp-json\/wp\/v2\/pages\/243358\/revisions\/249583"}],"wp:attachment":[{"href":"https:\/\/oddesse.de\/fr\/wp-json\/wp\/v2\/media?parent=243358"}],"curies":[{"name":"wp","href":"https:\/\/api.w.org\/{rel}","templated":true}]}}