{"id":243318,"date":"2022-02-08T13:41:18","date_gmt":"2022-02-08T13:41:18","guid":{"rendered":"https:\/\/test376518.live-website.com\/fabrication-sous-contrat\/"},"modified":"2024-01-23T07:03:39","modified_gmt":"2024-01-23T07:03:39","slug":"fabrication-sous-contrat","status":"publish","type":"page","link":"https:\/\/oddesse.de\/fr\/service\/fabrication-sous-contrat\/","title":{"rendered":"Fabrication \u00e0 fa\u00e7on"},"content":{"rendered":"<p>[et_pb_section fb_built=\u00a0\u00bb1&Prime; fullwidth=\u00a0\u00bbon\u00a0\u00bb _builder_version=\u00a0\u00bb4.16&Prime; _module_preset=\u00a0\u00bbdefault\u00a0\u00bb global_colors_info=\u00a0\u00bb{}\u00a0\u00bb][et_pb_fullwidth_slider _builder_version=\u00a0\u00bb4.16&Prime; _module_preset=\u00a0\u00bbdefault\u00a0\u00bb width_tablet=\u00a0\u00bb\u00a0\u00bb width_phone=\u00a0\u00bb\u00a0\u00bb width_last_edited=\u00a0\u00bbon|phone\u00a0\u00bb module_alignment=\u00a0\u00bbleft\u00a0\u00bb content_width=\u00a0\u00bb73%\u00a0\u00bb content_width_tablet=\u00a0\u00bb73%\u00a0\u00bb content_width_phone=\u00a0\u00bb100%\u00a0\u00bb content_width_last_edited=\u00a0\u00bbon|phone\u00a0\u00bb content_max_width_tablet=\u00a0\u00bb\u00a0\u00bb content_max_width_phone=\u00a0\u00bb1080%\u00a0\u00bb content_max_width_last_edited=\u00a0\u00bbon|phone\u00a0\u00bb min_height_tablet=\u00a0\u00bb\u00a0\u00bb min_height_phone=\u00a0\u00bb\u00a0\u00bb min_height_last_edited=\u00a0\u00bbon|phone\u00a0\u00bb height=\u00a0\u00bb500px\u00a0\u00bb height_tablet=\u00a0\u00bb500px\u00a0\u00bb height_phone=\u00a0\u00bb250px\u00a0\u00bb height_last_edited=\u00a0\u00bbon|phone\u00a0\u00bb max_height=\u00a0\u00bb500px\u00a0\u00bb max_height_tablet=\u00a0\u00bb500px\u00a0\u00bb max_height_phone=\u00a0\u00bb250px\u00a0\u00bb max_height_last_edited=\u00a0\u00bbon|phone\u00a0\u00bb custom_padding=\u00a0\u00bb4px||6px|||\u00a0\u00bb header_font_size_tablet=\u00a0\u00bb\u00a0\u00bb header_font_size_phone=\u00a0\u00bb20px\u00a0\u00bb header_font_size_last_edited=\u00a0\u00bbon|phone\u00a0\u00bb body_font_size_tablet=\u00a0\u00bb\u00a0\u00bb body_font_size_phone=\u00a0\u00bb17px\u00a0\u00bb body_font_size_last_edited=\u00a0\u00bbon|phone\u00a0\u00bb text_orientation_tablet=\u00a0\u00bb\u00a0\u00bb text_orientation_phone=\u00a0\u00bb\u00a0\u00bb text_orientation_last_edited=\u00a0\u00bbon|phone\u00a0\u00bb module_alignment_tablet=\u00a0\u00bbleft\u00a0\u00bb module_alignment_phone=\u00a0\u00bbcenter\u00a0\u00bb module_alignment_last_edited=\u00a0\u00bbon|phone\u00a0\u00bb global_colors_info=\u00a0\u00bb{}\u00a0\u00bb][et_pb_slide heading=\u00a0\u00bbProduction de pi\u00e8ces\u00a0\u00bb use_bg_overlay=\u00a0\u00bboff\u00a0\u00bb use_text_overlay=\u00a0\u00bbon\u00a0\u00bb text_overlay_color=\u00a0\u00bbrgba(0,0,0,0.51)\u00a0\u00bb text_border_radius=\u00a0\u00bb0px\u00a0\u00bb content_tablet=\u00a0\u00bb<\/p>\n<h1><\/h1>\n<h1><\/h1>\n<h1>oddesse-Fabrication \u00e0 fa\u00e7on<\/h1>\n<p>\u00a0\u00bb content_phone=\u00a0\u00bb<\/p>\n<h1><\/h1>\n<h1><\/h1>\n<h1>oddesse-Fabrication \u00e0 fa\u00e7on<\/h1>\n<p>\u00a0\u00bb content_last_edited=\u00a0\u00bbon|phone\u00a0\u00bb text_border_radius_tablet=\u00a0\u00bb0px\u00a0\u00bb text_border_radius_phone=\u00a0\u00bb0px\u00a0\u00bb text_border_radius_last_edited=\u00a0\u00bbon|phone\u00a0\u00bb _builder_version=\u00a0\u00bb4.16&Prime; _module_preset=\u00a0\u00bbdefault\u00a0\u00bb body_font_size=\u00a0\u00bb30px\u00a0\u00bb background_image=\u00a0\u00bbhttps:\/\/oddesse.de\/wp-content\/uploads\/2022\/02\/Produktion.jpg\u00a0\u00bb background_enable_image=\u00a0\u00bbon\u00a0\u00bb background_size=\u00a0\u00bbinitial\u00a0\u00bb width=\u00a0\u00bb100%\u00a0\u00bb custom_padding_tablet=\u00a0\u00bb\u00a0\u00bb custom_padding_phone=\u00a0\u00bb0px|0px|0px|0px|false|false\u00a0\u00bb custom_padding_last_edited=\u00a0\u00bbon|phone\u00a0\u00bb body_font_size_tablet=\u00a0\u00bb30px\u00a0\u00bb body_font_size_phone=\u00a0\u00bb16px\u00a0\u00bb body_font_size_last_edited=\u00a0\u00bbon|phone\u00a0\u00bb global_colors_info=\u00a0\u00bb{}\u00a0\u00bb sticky_transition=\u00a0\u00bbon\u00a0\u00bb]<\/p>\n<h1><\/h1>\n<h1><\/h1>\n<h1>oddesse-Fabrication \u00e0 fa\u00e7on<\/h1>\n<p>[\/et_pb_slide][\/et_pb_fullwidth_slider][\/et_pb_section][et_pb_section fb_built=\u00a0\u00bb1&Prime; _builder_version=\u00a0\u00bb4.16&Prime; _module_preset=\u00a0\u00bbdefault\u00a0\u00bb custom_padding=\u00a0\u00bb60px|||||\u00a0\u00bb global_colors_info=\u00a0\u00bb{}\u00a0\u00bb][et_pb_row use_custom_gutter=\u00a0\u00bbon\u00a0\u00bb gutter_width=\u00a0\u00bb1&Prime; disabled_on=\u00a0\u00bboff|off|off\u00a0\u00bb _builder_version=\u00a0\u00bb4.16&Prime; _module_preset=\u00a0\u00bbdefault\u00a0\u00bb width=\u00a0\u00bb100%\u00a0\u00bb custom_margin_tablet=\u00a0\u00bb\u00a0\u00bb custom_margin_phone=\u00a0\u00bb\u00a0\u00bb custom_margin_last_edited=\u00a0\u00bbon|phone\u00a0\u00bb custom_padding=\u00a0\u00bb0px||||false|false\u00a0\u00bb custom_css_main_element=\u00a0\u00bbdisplay:flex;\u00a0\u00bb global_colors_info=\u00a0\u00bb{}\u00a0\u00bb][et_pb_column type=\u00a0\u00bb4_4&Prime; _builder_version=\u00a0\u00bb4.16&Prime; _module_preset=\u00a0\u00bbdefault\u00a0\u00bb global_colors_info=\u00a0\u00bb{}\u00a0\u00bb][et_pb_text disabled_on=\u00a0\u00bboff|off|off\u00a0\u00bb _builder_version=\u00a0\u00bb4.16&Prime; _module_preset=\u00a0\u00bbdefault\u00a0\u00bb background_color=\u00a0\u00bbRGBA(0,0,0,0)\u00a0\u00bb custom_margin=\u00a0\u00bb0px||||false|false\u00a0\u00bb custom_margin_tablet=\u00a0\u00bb0px||||false|false\u00a0\u00bb custom_margin_phone=\u00a0\u00bb0px||||false|false\u00a0\u00bb custom_margin_last_edited=\u00a0\u00bbon|phone\u00a0\u00bb custom_padding=\u00a0\u00bb|10px|0px|10px|false|false\u00a0\u00bb header_font_tablet=\u00a0\u00bb\u00a0\u00bb header_font_phone=\u00a0\u00bb\u00a0\u00bb header_font_last_edited=\u00a0\u00bbon|desktop\u00a0\u00bb global_colors_info=\u00a0\u00bb{}\u00a0\u00bb]<\/p>\n<p>Notre atelier moderne est sp\u00e9cialement \u00e9quip\u00e9 pour la production de composants et d&rsquo;arbres de petite et moyenne taille jusqu&rsquo;\u00e0 2 000 mm de longueur. Dans l&rsquo;ensemble, la production m\u00e9canique incl. surface d&rsquo;environ 4 000 m\u00b2 disponible.<br \/>La technologie n\u00e9cessaire est organis\u00e9e en fonction du flux de production de mani\u00e8re \u00e0 ce que les voies de transport soient minimales.<\/p>\n<p>Vous trouverez ci-dessous de plus amples informations sur nos machines et la fabrication en sous-traitance de pi\u00e8ces tourn\u00e9es, frais\u00e9es, d&rsquo;\u00e9quilibrage et de soudage par friction. D&rsquo;autres machines et syst\u00e8mes sont \u00e9galement disponibles<\/p>\n<ul>\n<li>Scie \u00e0 ruban jusqu&rsquo;\u00e0 \u00d8 300mm<\/li>\n<li>Pi\u00e8ce de mandrin CNC et tour d&rsquo;arbre<\/li>\n<li>Tours conventionnels jusqu&rsquo;\u00e0 une longueur de tournage de 3000 mm<\/li>\n<li>Fraiseuses conventionnelles (verticales \/ horizontales)<\/li>\n<li>plusieurs postes de soudage<\/li>\n<li>Station de lavage<\/li>\n<li>Installation de coloration<\/li>\n<\/ul>\n<p>Nous serions \u00e9galement ravis de prendre en charge la production de vos composants.<br \/>Si vous avez des questions sur la fabrication \u00e0 fa\u00e7on, veuillez nous contacter directement<\/p>\n<p>Gavin Machill<br \/>T\u00e9l. : +49 3949 932 445<br \/>Courrier \u00e9lectronique : machill@oddesse.de<\/p>\n<p>&nbsp;<\/p>\n<p>[\/et_pb_text][\/et_pb_column][\/et_pb_row][et_pb_row disabled_on=\u00a0\u00bbon|off|off\u00a0\u00bb _builder_version=\u00a0\u00bb4.16&Prime; _module_preset=\u00a0\u00bbdefault\u00a0\u00bb width=\u00a0\u00bb100%\u00a0\u00bb global_colors_info=\u00a0\u00bb{}\u00a0\u00bb][et_pb_column type=\u00a0\u00bb4_4&Prime; _builder_version=\u00a0\u00bb4.16&Prime; _module_preset=\u00a0\u00bbdefault\u00a0\u00bb global_colors_info=\u00a0\u00bb{}\u00a0\u00bb][et_pb_slider _builder_version=\u00a0\u00bb4.23.4&Prime; _module_preset=\u00a0\u00bbdefault\u00a0\u00bb background_enable_color=\u00a0\u00bboff\u00a0\u00bb min_height=\u00a0\u00bb600px\u00a0\u00bb custom_padding=\u00a0\u00bb1px||1px|||\u00a0\u00bb global_colors_info=\u00a0\u00bb{}\u00a0\u00bb][et_pb_slide heading=\u00a0\u00bbUsinage tournage CNC\u00a0\u00bb image=\u00a0\u00bbhttps:\/\/oddesse.de\/wp-content\/uploads\/2022\/02\/CNC-Futterteildrehmaschine-Traub.jpg\u00a0\u00bb use_bg_overlay=\u00a0\u00bbon\u00a0\u00bb bg_overlay_color=\u00a0\u00bbrgba(255,255,255,0.55)\u00a0\u00bb use_text_overlay=\u00a0\u00bbon\u00a0\u00bb arrows_custom_color=\u00a0\u00bb#B5123E\u00a0\u00bb dot_nav_custom_color=\u00a0\u00bb#B5123E\u00a0\u00bb text_border_radius=\u00a0\u00bb0px\u00a0\u00bb _builder_version=\u00a0\u00bb4.16&Prime; _module_preset=\u00a0\u00bbdefault\u00a0\u00bb header_level=\u00a0\u00bbh4&Prime; header_text_color=\u00a0\u00bb#666666&Prime; header_font_size=\u00a0\u00bb30px\u00a0\u00bb header_line_height=\u00a0\u00bb1.3em\u00a0\u00bb body_text_color=\u00a0\u00bb#666666&Prime; body_line_height=\u00a0\u00bb1.8em\u00a0\u00bb background_enable_color=\u00a0\u00bboff\u00a0\u00bb background_image=\u00a0\u00bbhttps:\/\/oddesse.de\/wp-content\/uploads\/2022\/02\/CNC-Futterteildrehmaschine-Boehringer.jpg\u00a0\u00bb background_enable_image=\u00a0\u00bbon\u00a0\u00bb parallax=\u00a0\u00bbon\u00a0\u00bb background_layout=\u00a0\u00bblight\u00a0\u00bb width_tablet=\u00a0\u00bb\u00a0\u00bb width_phone=\u00a0\u00bb\u00a0\u00bb width_last_edited=\u00a0\u00bbon|phone\u00a0\u00bb header_font_tablet=\u00a0\u00bb\u00a0\u00bb header_font_phone=\u00a0\u00bb\u00a0\u00bb header_font_last_edited=\u00a0\u00bbon|desktop\u00a0\u00bb header_font_size_tablet=\u00a0\u00bb20px\u00a0\u00bb header_font_size_phone=\u00a0\u00bb20px\u00a0\u00bb header_font_size_last_edited=\u00a0\u00bbon|tablet\u00a0\u00bb body_font_size_tablet=\u00a0\u00bb16px\u00a0\u00bb body_font_size_phone=\u00a0\u00bb16px\u00a0\u00bb body_font_size_last_edited=\u00a0\u00bbon|tablet\u00a0\u00bb border_radii_image=\u00a0\u00bbon|15px|15px|15px|15px\u00a0\u00bb global_colors_info=\u00a0\u00bb{}\u00a0\u00bb sticky_transition=\u00a0\u00bbon\u00a0\u00bb]<\/p>\n<p>avec tours \u00e0 mandrin CNC Boehringer VDF 250 Cm x 1000, Spinner TC82-MC et Traub TNA 400, avec tour \u00e0 arbre CNC Boehringer VDF 250 C x 2000 et tour \u00e0 cycle contr\u00f4l\u00e9 Boehringer DUC560 x 2000<\/p>\n<p>Les outils entra\u00een\u00e9s permettent le per\u00e7age, le fraisage et le filetage.<\/p>\n<p>[\/et_pb_slide][et_pb_slide heading=\u00a0\u00bbTraitement de fraisage CNC\u00a0\u00bb image=\u00a0\u00bbhttps:\/\/oddesse.de\/wp-content\/uploads\/2022\/02\/CNC-Bearbeitungszentrum-DMG-DMC.jpg\u00a0\u00bb use_bg_overlay=\u00a0\u00bbon\u00a0\u00bb bg_overlay_color=\u00a0\u00bbrgba(255,255,255,0.79)\u00a0\u00bb arrows_custom_color=\u00a0\u00bb#B5123E\u00a0\u00bb dot_nav_custom_color=\u00a0\u00bb#B5123E\u00a0\u00bb _builder_version=\u00a0\u00bb4.16&Prime; _module_preset=\u00a0\u00bbdefault\u00a0\u00bb header_text_color=\u00a0\u00bb#666666&Prime; header_font_size=\u00a0\u00bb30px\u00a0\u00bb header_line_height=\u00a0\u00bb1.3em\u00a0\u00bb body_text_color=\u00a0\u00bb#666666&Prime; body_line_height=\u00a0\u00bb1.8em\u00a0\u00bb background_enable_color=\u00a0\u00bboff\u00a0\u00bb background_image=\u00a0\u00bbhttps:\/\/oddesse.de\/wp-content\/uploads\/2022\/02\/CNC-Bearbeitungszentrum-Hedelius.jpg\u00a0\u00bb background_enable_image=\u00a0\u00bbon\u00a0\u00bb parallax=\u00a0\u00bbon\u00a0\u00bb background_layout=\u00a0\u00bblight\u00a0\u00bb width_tablet=\u00a0\u00bb\u00a0\u00bb width_phone=\u00a0\u00bb\u00a0\u00bb width_last_edited=\u00a0\u00bbon|phone\u00a0\u00bb header_font_tablet=\u00a0\u00bb|700|||||||\u00a0\u00bb header_font_phone=\u00a0\u00bb|700|||||||\u00a0\u00bb header_font_last_edited=\u00a0\u00bbon|tablet\u00a0\u00bb header_font_size_tablet=\u00a0\u00bb20px\u00a0\u00bb header_font_size_phone=\u00a0\u00bb20px\u00a0\u00bb header_font_size_last_edited=\u00a0\u00bbon|tablet\u00a0\u00bb border_radii_image=\u00a0\u00bbon|15px|15px|15px|15px\u00a0\u00bb global_colors_info=\u00a0\u00bb{}\u00a0\u00bb sticky_transition=\u00a0\u00bbon\u00a0\u00bb]<\/p>\n<p>avec centre d&rsquo;usinage CNC Hedelius Tiltenta 6, 5 axes, vertical, DMG DMC 1035 V 3 axes, vertical et fraiseuse Busch FB1 x 2000, 4 axes<\/p>\n<p>[\/et_pb_slide][et_pb_slide heading=\u00a0\u00bbtraitement de meulage\u00a0\u00bb image=\u00a0\u00bbhttps:\/\/oddesse.de\/wp-content\/uploads\/2022\/02\/CNC-Aussenrundschleifmaschine-Tacchella.jpg\u00a0\u00bb use_bg_overlay=\u00a0\u00bbon\u00a0\u00bb bg_overlay_color=\u00a0\u00bbrgba(255,255,255,0.79)\u00a0\u00bb arrows_custom_color=\u00a0\u00bb#B5123E\u00a0\u00bb dot_nav_custom_color=\u00a0\u00bb#B5123E\u00a0\u00bb _builder_version=\u00a0\u00bb4.23.4&Prime; _module_preset=\u00a0\u00bbdefault\u00a0\u00bb header_text_color=\u00a0\u00bb#666666&Prime; header_font_size=\u00a0\u00bb30px\u00a0\u00bb header_line_height=\u00a0\u00bb1.3em\u00a0\u00bb body_text_color=\u00a0\u00bb#666666&Prime; body_line_height=\u00a0\u00bb1.8em\u00a0\u00bb background_enable_color=\u00a0\u00bboff\u00a0\u00bb background_image=\u00a0\u00bbhttps:\/\/oddesse.de\/wp-content\/uploads\/2022\/02\/konventionelle-Aussenrundschleifmaschine-Heckert.jpg\u00a0\u00bb background_enable_image=\u00a0\u00bbon\u00a0\u00bb parallax=\u00a0\u00bbon\u00a0\u00bb background_layout=\u00a0\u00bblight\u00a0\u00bb width_tablet=\u00a0\u00bb\u00a0\u00bb width_phone=\u00a0\u00bb\u00a0\u00bb width_last_edited=\u00a0\u00bbon|phone\u00a0\u00bb header_font_tablet=\u00a0\u00bb|700|||||||\u00a0\u00bb header_font_phone=\u00a0\u00bb|700|||||||\u00a0\u00bb header_font_last_edited=\u00a0\u00bbon|tablet\u00a0\u00bb header_font_size_tablet=\u00a0\u00bb20px\u00a0\u00bb header_font_size_phone=\u00a0\u00bb20px\u00a0\u00bb header_font_size_last_edited=\u00a0\u00bbon|tablet\u00a0\u00bb border_radii_image=\u00a0\u00bbon|15px|15px|15px|15px\u00a0\u00bb global_colors_info=\u00a0\u00bb{}\u00a0\u00bb sticky_transition=\u00a0\u00bbon\u00a0\u00bb]<\/p>\n<p>avec rectifieuse cylindrique ext\u00e9rieure CNC Tacchella Electra 1518 ou rectifieuse cylindrique ext\u00e9rieure conventionnelle Heckert SUI 315 x 3000<\/p>\n<p>[\/et_pb_slide][et_pb_slide heading=\u00a0\u00bbUsinage par soudage par friction\u00a0\u00bb image=\u00a0\u00bbhttps:\/\/oddesse.de\/wp-content\/uploads\/2022\/02\/Reibschweissmaschine-Nei-Thompdon-2.jpg\u00a0\u00bb use_bg_overlay=\u00a0\u00bbon\u00a0\u00bb bg_overlay_color=\u00a0\u00bbrgba(255,255,255,0.79)\u00a0\u00bb arrows_custom_color=\u00a0\u00bb#B5123E\u00a0\u00bb dot_nav_custom_color=\u00a0\u00bb#B5123E\u00a0\u00bb _builder_version=\u00a0\u00bb4.23.4&Prime; _module_preset=\u00a0\u00bbdefault\u00a0\u00bb header_text_color=\u00a0\u00bb#666666&Prime; header_font_size=\u00a0\u00bb30px\u00a0\u00bb header_line_height=\u00a0\u00bb1.3em\u00a0\u00bb body_text_color=\u00a0\u00bb#666666&Prime; body_line_height=\u00a0\u00bb1.8em\u00a0\u00bb background_enable_color=\u00a0\u00bboff\u00a0\u00bb background_image=\u00a0\u00bbhttps:\/\/oddesse.de\/wp-content\/uploads\/2022\/02\/CNC-Bearbeitungszentrum-Hedelius.jpg\u00a0\u00bb background_enable_image=\u00a0\u00bbon\u00a0\u00bb parallax=\u00a0\u00bbon\u00a0\u00bb background_layout=\u00a0\u00bblight\u00a0\u00bb width_tablet=\u00a0\u00bb\u00a0\u00bb width_phone=\u00a0\u00bb\u00a0\u00bb width_last_edited=\u00a0\u00bbon|phone\u00a0\u00bb header_font_tablet=\u00a0\u00bb|700|||||||\u00a0\u00bb header_font_phone=\u00a0\u00bb|700|||||||\u00a0\u00bb header_font_last_edited=\u00a0\u00bbon|tablet\u00a0\u00bb header_font_size_tablet=\u00a0\u00bb20px\u00a0\u00bb header_font_size_phone=\u00a0\u00bb20px\u00a0\u00bb header_font_size_last_edited=\u00a0\u00bbon|tablet\u00a0\u00bb border_radii_image=\u00a0\u00bbon|15px|15px|15px|15px\u00a0\u00bb global_colors_info=\u00a0\u00bb{}\u00a0\u00bb sticky_transition=\u00a0\u00bbon\u00a0\u00bb]<\/p>\n<p>Machine \u00e0 souder par friction Nei Thompson mod\u00e8le 60<\/p>\n<ul>\n<li>\u00d8 de serrage (m\u00e2choires fixes) : 20-80 mm<\/li>\n<li>\u00d8 de serrage (mandrin) : 180 mm<\/li>\n<li>Passage du mandrin : jusqu&rsquo;\u00e0 \u00d8 56 mm<\/li>\n<\/ul>\n<p>[\/et_pb_slide][\/et_pb_slider][\/et_pb_column][\/et_pb_row][\/et_pb_section]<\/p>\n","protected":false},"excerpt":{"rendered":"<p>oddesse-Fabrication \u00e0 fa\u00e7onNotre atelier moderne est sp\u00e9cialement \u00e9quip\u00e9 pour la production de composants et d&rsquo;arbres de petite et moyenne taille jusqu&rsquo;\u00e0 2 000 mm de longueur. Dans l&rsquo;ensemble, la production m\u00e9canique incl. surface d&rsquo;environ 4 000 m\u00b2 disponible.La technologie n\u00e9cessaire est organis\u00e9e en fonction du flux de production de mani\u00e8re \u00e0 ce que les voies [&hellip;]<\/p>\n","protected":false},"author":1,"featured_media":0,"parent":243475,"menu_order":0,"comment_status":"closed","ping_status":"closed","template":"","meta":{"_et_pb_use_builder":"on","_et_pb_old_content":"","_et_gb_content_width":"","footnotes":""},"class_list":["post-243318","page","type-page","status-publish","hentry"],"_links":{"self":[{"href":"https:\/\/oddesse.de\/fr\/wp-json\/wp\/v2\/pages\/243318","targetHints":{"allow":["GET"]}}],"collection":[{"href":"https:\/\/oddesse.de\/fr\/wp-json\/wp\/v2\/pages"}],"about":[{"href":"https:\/\/oddesse.de\/fr\/wp-json\/wp\/v2\/types\/page"}],"author":[{"embeddable":true,"href":"https:\/\/oddesse.de\/fr\/wp-json\/wp\/v2\/users\/1"}],"replies":[{"embeddable":true,"href":"https:\/\/oddesse.de\/fr\/wp-json\/wp\/v2\/comments?post=243318"}],"version-history":[{"count":8,"href":"https:\/\/oddesse.de\/fr\/wp-json\/wp\/v2\/pages\/243318\/revisions"}],"predecessor-version":[{"id":246752,"href":"https:\/\/oddesse.de\/fr\/wp-json\/wp\/v2\/pages\/243318\/revisions\/246752"}],"up":[{"embeddable":true,"href":"https:\/\/oddesse.de\/fr\/wp-json\/wp\/v2\/pages\/243475"}],"wp:attachment":[{"href":"https:\/\/oddesse.de\/fr\/wp-json\/wp\/v2\/media?parent=243318"}],"curies":[{"name":"wp","href":"https:\/\/api.w.org\/{rel}","templated":true}]}}