{"id":243285,"date":"2022-02-08T14:44:11","date_gmt":"2022-02-08T14:44:11","guid":{"rendered":"https:\/\/test376518.live-website.com\/reparations\/"},"modified":"2022-06-10T06:21:58","modified_gmt":"2022-06-10T06:21:58","slug":"reparations","status":"publish","type":"page","link":"https:\/\/oddesse.de\/fr\/service\/reparations\/","title":{"rendered":"R\u00e9parations"},"content":{"rendered":"<p>[et_pb_section fb_built=\u00a0\u00bb1&Prime; fullwidth=\u00a0\u00bbon\u00a0\u00bb _builder_version=\u00a0\u00bb4.16&Prime; _module_preset=\u00a0\u00bbdefault\u00a0\u00bb global_colors_info=\u00a0\u00bb{}\u00a0\u00bb][et_pb_fullwidth_slider _builder_version=\u00a0\u00bb4.17.0&Prime; _module_preset=\u00a0\u00bbdefault\u00a0\u00bb width_tablet=\u00a0\u00bb\u00a0\u00bb width_phone=\u00a0\u00bb\u00a0\u00bb width_last_edited=\u00a0\u00bbon|phone\u00a0\u00bb module_alignment=\u00a0\u00bbleft\u00a0\u00bb content_width=\u00a0\u00bb73%\u00a0\u00bb content_width_tablet=\u00a0\u00bb73%\u00a0\u00bb content_width_phone=\u00a0\u00bb100%\u00a0\u00bb content_width_last_edited=\u00a0\u00bbon|phone\u00a0\u00bb content_max_width_tablet=\u00a0\u00bb\u00a0\u00bb content_max_width_phone=\u00a0\u00bb1080%\u00a0\u00bb content_max_width_last_edited=\u00a0\u00bbon|phone\u00a0\u00bb min_height_tablet=\u00a0\u00bb\u00a0\u00bb min_height_phone=\u00a0\u00bb\u00a0\u00bb min_height_last_edited=\u00a0\u00bbon|phone\u00a0\u00bb height=\u00a0\u00bb500px\u00a0\u00bb height_tablet=\u00a0\u00bb500px\u00a0\u00bb height_phone=\u00a0\u00bb250px\u00a0\u00bb height_last_edited=\u00a0\u00bbon|phone\u00a0\u00bb max_height=\u00a0\u00bb500px\u00a0\u00bb max_height_tablet=\u00a0\u00bb500px\u00a0\u00bb max_height_phone=\u00a0\u00bb250px\u00a0\u00bb max_height_last_edited=\u00a0\u00bbon|phone\u00a0\u00bb custom_padding=\u00a0\u00bb4px||6px|||\u00a0\u00bb header_font_size_tablet=\u00a0\u00bb\u00a0\u00bb header_font_size_phone=\u00a0\u00bb20px\u00a0\u00bb header_font_size_last_edited=\u00a0\u00bbon|phone\u00a0\u00bb body_font_size_tablet=\u00a0\u00bb\u00a0\u00bb body_font_size_phone=\u00a0\u00bb17px\u00a0\u00bb body_font_size_last_edited=\u00a0\u00bbon|phone\u00a0\u00bb text_orientation_tablet=\u00a0\u00bb\u00a0\u00bb text_orientation_phone=\u00a0\u00bb\u00a0\u00bb text_orientation_last_edited=\u00a0\u00bbon|phone\u00a0\u00bb module_alignment_tablet=\u00a0\u00bbleft\u00a0\u00bb module_alignment_phone=\u00a0\u00bbcenter\u00a0\u00bb module_alignment_last_edited=\u00a0\u00bbon|phone\u00a0\u00bb global_colors_info=\u00a0\u00bb{}\u00a0\u00bb][et_pb_slide heading=\u00a0\u00bbAtelier de r\u00e9paration\u00a0\u00bb use_bg_overlay=\u00a0\u00bboff\u00a0\u00bb use_text_overlay=\u00a0\u00bbon\u00a0\u00bb text_overlay_color=\u00a0\u00bbrgba(181,18,62,0.67)\u00a0\u00bb text_border_radius=\u00a0\u00bb0px\u00a0\u00bb content_tablet=\u00a0\u00bb<\/p>\n<h1><\/h1>\n<h1><\/h1>\n<h1>Analyse, r\u00e9paration, recyclage<\/h1>\n<p>\u00a0\u00bb content_phone=\u00a0\u00bb<\/p>\n<h1><\/h1>\n<h1><\/h1>\n<h1>Analyse, r\u00e9paration, recyclage<\/h1>\n<p>\u00a0\u00bb content_last_edited=\u00a0\u00bbon|tablet\u00a0\u00bb text_border_radius_tablet=\u00a0\u00bb0px\u00a0\u00bb text_border_radius_phone=\u00a0\u00bb0px\u00a0\u00bb text_border_radius_last_edited=\u00a0\u00bbon|phone\u00a0\u00bb _builder_version=\u00a0\u00bb4.17.0&Prime; _module_preset=\u00a0\u00bbdefault\u00a0\u00bb body_font_size=\u00a0\u00bb30px\u00a0\u00bb background_image=\u00a0\u00bbhttps:\/\/oddesse.de\/wp-content\/uploads\/2022\/02\/Banner-Reparatur-2.jpg\u00a0\u00bb background_enable_image=\u00a0\u00bbon\u00a0\u00bb width=\u00a0\u00bb100%\u00a0\u00bb custom_padding_tablet=\u00a0\u00bb\u00a0\u00bb custom_padding_phone=\u00a0\u00bb0px|0px|0px|0px|false|false\u00a0\u00bb custom_padding_last_edited=\u00a0\u00bbon|phone\u00a0\u00bb body_font_size_tablet=\u00a0\u00bb30px\u00a0\u00bb body_font_size_phone=\u00a0\u00bb16px\u00a0\u00bb body_font_size_last_edited=\u00a0\u00bbon|phone\u00a0\u00bb global_colors_info=\u00a0\u00bb{}\u00a0\u00bb sticky_transition=\u00a0\u00bbon\u00a0\u00bb]<\/p>\n<p>Analyse, r\u00e9paration, recyclage<\/p>\n<p>[\/et_pb_slide][\/et_pb_fullwidth_slider][\/et_pb_section][et_pb_section fb_built=\u00a0\u00bb1&Prime; _builder_version=\u00a0\u00bb4.16&Prime; _module_preset=\u00a0\u00bbdefault\u00a0\u00bb custom_padding=\u00a0\u00bb60px|||||\u00a0\u00bb global_colors_info=\u00a0\u00bb{}\u00a0\u00bb][et_pb_row use_custom_gutter=\u00a0\u00bbon\u00a0\u00bb gutter_width=\u00a0\u00bb1&Prime; disabled_on=\u00a0\u00bboff|off|off\u00a0\u00bb _builder_version=\u00a0\u00bb4.16&Prime; _module_preset=\u00a0\u00bbdefault\u00a0\u00bb width=\u00a0\u00bb100%\u00a0\u00bb custom_margin_tablet=\u00a0\u00bb\u00a0\u00bb custom_margin_phone=\u00a0\u00bb\u00a0\u00bb custom_margin_last_edited=\u00a0\u00bbon|phone\u00a0\u00bb custom_padding=\u00a0\u00bb0px||||false|false\u00a0\u00bb custom_css_main_element=\u00a0\u00bbdisplay:flex;\u00a0\u00bb global_colors_info=\u00a0\u00bb{}\u00a0\u00bb][et_pb_column type=\u00a0\u00bb4_4&Prime; _builder_version=\u00a0\u00bb4.16&Prime; _module_preset=\u00a0\u00bbdefault\u00a0\u00bb global_colors_info=\u00a0\u00bb{}\u00a0\u00bb][et_pb_text disabled_on=\u00a0\u00bboff|off|off\u00a0\u00bb _builder_version=\u00a0\u00bb4.17.0&Prime; _module_preset=\u00a0\u00bbdefault\u00a0\u00bb background_color=\u00a0\u00bbRGBA(0,0,0,0)\u00a0\u00bb custom_margin=\u00a0\u00bb0px||||false|false\u00a0\u00bb custom_margin_tablet=\u00a0\u00bb0px||||false|false\u00a0\u00bb custom_margin_phone=\u00a0\u00bb0px||||false|false\u00a0\u00bb custom_margin_last_edited=\u00a0\u00bbon|phone\u00a0\u00bb custom_padding=\u00a0\u00bb|10px|0px|10px|false|false\u00a0\u00bb header_font_tablet=\u00a0\u00bb\u00a0\u00bb header_font_phone=\u00a0\u00bb\u00a0\u00bb header_font_last_edited=\u00a0\u00bbon|desktop\u00a0\u00bb global_colors_info=\u00a0\u00bb{}\u00a0\u00bb]<\/p>\n<p>Dans l&rsquo;atelier d&rsquo;entretien et de r\u00e9paration d&rsquo;environ 900 m\u00b2, 10 employ\u00e9s qualifi\u00e9s s&rsquo;occupent de tout &#8211; en commen\u00e7ant par le d\u00e9montage des pompes ou des moteurs sur place chez nos clients, en passant par les tests et les r\u00e9parations jusqu&rsquo;\u00e0 la r\u00e9installation. Qu&rsquo;il s&rsquo;agisse d&rsquo;un produit oddesse ou de pompes et moteurs d&rsquo;autres fabricants, nous r\u00e9parons presque tous les moteurs et pompes. Si une r\u00e9paration n&rsquo;est plus possible, oddesse se charge aussi volontiers du recyclage pour vous.<\/p>\n<p>L&rsquo;atelier dispose de deux cabines de sablage, d&rsquo;une installation de lavage et d&rsquo;un banc d&rsquo;essai fonctionnel pour les moteurs et les pompes synchrones et asynchrones 6&Prime;.<\/p>\n<p>[\/et_pb_text][\/et_pb_column][\/et_pb_row][et_pb_row disabled_on=\u00a0\u00bbon|off|off\u00a0\u00bb _builder_version=\u00a0\u00bb4.16&Prime; _module_preset=\u00a0\u00bbdefault\u00a0\u00bb width=\u00a0\u00bb100%\u00a0\u00bb global_colors_info=\u00a0\u00bb{}\u00a0\u00bb][et_pb_column type=\u00a0\u00bb4_4&Prime; _builder_version=\u00a0\u00bb4.16&Prime; _module_preset=\u00a0\u00bbdefault\u00a0\u00bb global_colors_info=\u00a0\u00bb{}\u00a0\u00bb][et_pb_slider _builder_version=\u00a0\u00bb4.17.4&Prime; _module_preset=\u00a0\u00bbdefault\u00a0\u00bb background_enable_color=\u00a0\u00bboff\u00a0\u00bb min_height=\u00a0\u00bb600px\u00a0\u00bb custom_padding=\u00a0\u00bb1px||1px|||\u00a0\u00bb global_colors_info=\u00a0\u00bb{}\u00a0\u00bb][et_pb_slide heading=\u00a0\u00bbChamp de test de fonctionnement dans l&rsquo;atelier de r\u00e9paration\u00a0\u00bb image=\u00a0\u00bbhttps:\/\/oddesse.de\/wp-content\/uploads\/2022\/02\/Funktionspruefstand-Reparatur-2.jpg\u00a0\u00bb use_bg_overlay=\u00a0\u00bbon\u00a0\u00bb bg_overlay_color=\u00a0\u00bbrgba(255,255,255,0.55)\u00a0\u00bb use_text_overlay=\u00a0\u00bbon\u00a0\u00bb arrows_custom_color=\u00a0\u00bb#B5123E\u00a0\u00bb dot_nav_custom_color=\u00a0\u00bb#B5123E\u00a0\u00bb text_border_radius=\u00a0\u00bb0px\u00a0\u00bb _builder_version=\u00a0\u00bb4.16&Prime; _module_preset=\u00a0\u00bbdefault\u00a0\u00bb header_level=\u00a0\u00bbh4&Prime; header_text_color=\u00a0\u00bb#666666&Prime; header_font_size=\u00a0\u00bb30px\u00a0\u00bb header_line_height=\u00a0\u00bb1.3em\u00a0\u00bb body_text_color=\u00a0\u00bb#666666&Prime; body_line_height=\u00a0\u00bb1.8em\u00a0\u00bb background_enable_color=\u00a0\u00bboff\u00a0\u00bb background_image=\u00a0\u00bbhttps:\/\/oddesse.de\/wp-content\/uploads\/2022\/02\/Funktionspruefstand-Reparatur.jpg\u00a0\u00bb background_enable_image=\u00a0\u00bbon\u00a0\u00bb parallax=\u00a0\u00bbon\u00a0\u00bb background_layout=\u00a0\u00bblight\u00a0\u00bb width_tablet=\u00a0\u00bb\u00a0\u00bb width_phone=\u00a0\u00bb\u00a0\u00bb width_last_edited=\u00a0\u00bbon|phone\u00a0\u00bb header_font_tablet=\u00a0\u00bb\u00a0\u00bb header_font_phone=\u00a0\u00bb\u00a0\u00bb header_font_last_edited=\u00a0\u00bbon|desktop\u00a0\u00bb header_font_size_tablet=\u00a0\u00bb20px\u00a0\u00bb header_font_size_phone=\u00a0\u00bb20px\u00a0\u00bb header_font_size_last_edited=\u00a0\u00bbon|tablet\u00a0\u00bb body_font_size_tablet=\u00a0\u00bb16px\u00a0\u00bb body_font_size_phone=\u00a0\u00bb16px\u00a0\u00bb body_font_size_last_edited=\u00a0\u00bbon|tablet\u00a0\u00bb border_radii_image=\u00a0\u00bbon|15px|15px|15px|15px\u00a0\u00bb global_colors_info=\u00a0\u00bb{}\u00a0\u00bb sticky_transition=\u00a0\u00bbon\u00a0\u00bb]<\/p>\n<p>Une fois que les moteurs r\u00e9par\u00e9s ont r\u00e9ussi le test \u00e9lectrique complet dans la construction de moteurs, leur fonctionnalit\u00e9 est \u00e0 nouveau contr\u00f4l\u00e9e dans le r\u00e9servoir de fonction de r\u00e9paration, soit seul, soit avec les pompes coupl\u00e9es.<\/p>\n<p>[\/et_pb_slide][et_pb_slide heading=\u00a0\u00bbCabine de sablage dans l&rsquo;atelier de r\u00e9paration\u00a0\u00bb image=\u00a0\u00bbhttps:\/\/oddesse.de\/wp-content\/uploads\/2022\/04\/Sandstrahlkabine-1.jpg\u00a0\u00bb use_bg_overlay=\u00a0\u00bbon\u00a0\u00bb bg_overlay_color=\u00a0\u00bbrgba(255,255,255,0.55)\u00a0\u00bb use_text_overlay=\u00a0\u00bbon\u00a0\u00bb arrows_custom_color=\u00a0\u00bb#B5123E\u00a0\u00bb dot_nav_custom_color=\u00a0\u00bb#B5123E\u00a0\u00bb text_border_radius=\u00a0\u00bb0px\u00a0\u00bb _builder_version=\u00a0\u00bb4.17.4&Prime; _module_preset=\u00a0\u00bbdefault\u00a0\u00bb header_level=\u00a0\u00bbh4&Prime; header_text_color=\u00a0\u00bb#666666&Prime; header_font_size=\u00a0\u00bb30px\u00a0\u00bb header_line_height=\u00a0\u00bb1.3em\u00a0\u00bb body_text_color=\u00a0\u00bb#666666&Prime; body_line_height=\u00a0\u00bb1.8em\u00a0\u00bb background_enable_color=\u00a0\u00bboff\u00a0\u00bb background_image=\u00a0\u00bbhttps:\/\/oddesse.de\/wp-content\/uploads\/2022\/03\/Sandstrahlkabine-e1648629516903.jpg\u00a0\u00bb background_enable_image=\u00a0\u00bbon\u00a0\u00bb parallax=\u00a0\u00bbon\u00a0\u00bb background_layout=\u00a0\u00bblight\u00a0\u00bb width_tablet=\u00a0\u00bb\u00a0\u00bb width_phone=\u00a0\u00bb\u00a0\u00bb width_last_edited=\u00a0\u00bbon|phone\u00a0\u00bb header_font_tablet=\u00a0\u00bb\u00a0\u00bb header_font_phone=\u00a0\u00bb\u00a0\u00bb header_font_last_edited=\u00a0\u00bbon|desktop\u00a0\u00bb header_font_size_tablet=\u00a0\u00bb20px\u00a0\u00bb header_font_size_phone=\u00a0\u00bb20px\u00a0\u00bb header_font_size_last_edited=\u00a0\u00bbon|tablet\u00a0\u00bb body_font_size_tablet=\u00a0\u00bb16px\u00a0\u00bb body_font_size_phone=\u00a0\u00bb16px\u00a0\u00bb body_font_size_last_edited=\u00a0\u00bbon|tablet\u00a0\u00bb border_radii_image=\u00a0\u00bbon|15px|15px|15px|15px\u00a0\u00bb global_colors_info=\u00a0\u00bb{}\u00a0\u00bb sticky_transition=\u00a0\u00bbon\u00a0\u00bb]<\/p>\n<p>Le sablage \u00e0 l&rsquo;air comprim\u00e9 avec du sable solide permet d&rsquo;\u00e9liminer la rouille et les salissures, la calamine, la peinture et autres impuret\u00e9s des pompes et des moteurs.<\/p>\n<p>[\/et_pb_slide][\/et_pb_slider][\/et_pb_column][\/et_pb_row][et_pb_row column_structure=\u00a0\u00bb1_3,1_3,1_3&Prime; _builder_version=\u00a0\u00bb4.16&Prime; _module_preset=\u00a0\u00bbdefault\u00a0\u00bb global_colors_info=\u00a0\u00bb{}\u00a0\u00bb][et_pb_column type=\u00a0\u00bb1_3&Prime; _builder_version=\u00a0\u00bb4.16&Prime; _module_preset=\u00a0\u00bbdefault\u00a0\u00bb global_colors_info=\u00a0\u00bb{}\u00a0\u00bb][et_pb_image src=\u00a0\u00bbhttps:\/\/oddesse.de\/wp-content\/uploads\/2022\/03\/Propellerpumpen.jpg\u00a0\u00bb title_text=\u00a0\u00bbPompes \u00e0 h\u00e9lice\u00a0\u00bb _builder_version=\u00a0\u00bb4.16&Prime; _module_preset=\u00a0\u00bbdefault\u00a0\u00bb border_radii=\u00a0\u00bbon|10px|10px|10px|10px\u00a0\u00bb global_colors_info=\u00a0\u00bb{}\u00a0\u00bb][\/et_pb_image][\/et_pb_column][et_pb_column type=\u00a0\u00bb1_3&Prime; _builder_version=\u00a0\u00bb4.16&Prime; _module_preset=\u00a0\u00bbdefault\u00a0\u00bb global_colors_info=\u00a0\u00bb{}\u00a0\u00bb][et_pb_image src=\u00a0\u00bbhttps:\/\/oddesse.de\/wp-content\/uploads\/2022\/03\/Reparaturwerkstatt.jpg\u00a0\u00bb title_text=\u00a0\u00bbAtelier de r\u00e9paration\u00a0\u00bb _builder_version=\u00a0\u00bb4.16&Prime; _module_preset=\u00a0\u00bbdefault\u00a0\u00bb border_radii=\u00a0\u00bbon|10px|10px|10px|10px\u00a0\u00bb global_colors_info=\u00a0\u00bb{}\u00a0\u00bb][\/et_pb_image][\/et_pb_column][et_pb_column type=\u00a0\u00bb1_3&Prime; _builder_version=\u00a0\u00bb4.16&Prime; _module_preset=\u00a0\u00bbdefault\u00a0\u00bb global_colors_info=\u00a0\u00bb{}\u00a0\u00bb][et_pb_image src=\u00a0\u00bbhttps:\/\/oddesse.de\/wp-content\/uploads\/2022\/03\/Motoren-Befundung.jpg\u00a0\u00bb title_text=\u00a0\u00bbMoteurs Diagnostic\u00a0\u00bb _builder_version=\u00a0\u00bb4.16&Prime; _module_preset=\u00a0\u00bbdefault\u00a0\u00bb border_radii=\u00a0\u00bbon|10px|10px|10px|10px\u00a0\u00bb global_colors_info=\u00a0\u00bb{}\u00a0\u00bb][\/et_pb_image][\/et_pb_column][\/et_pb_row][et_pb_row disabled_on=\u00a0\u00bboff|on|on\u00a0\u00bb _builder_version=\u00a0\u00bb4.16&Prime; _module_preset=\u00a0\u00bbdefault\u00a0\u00bb custom_margin=\u00a0\u00bb|auto|65px|auto||\u00a0\u00bb global_colors_info=\u00a0\u00bb{}\u00a0\u00bb][et_pb_column type=\u00a0\u00bb4_4&Prime; _builder_version=\u00a0\u00bb4.16&Prime; _module_preset=\u00a0\u00bbdefault\u00a0\u00bb global_colors_info=\u00a0\u00bb{}\u00a0\u00bb][et_pb_image src=\u00a0\u00bbhttps:\/\/oddesse.de\/wp-content\/uploads\/2022\/02\/Funktionspruefstand-Reparatur-2.jpg\u00a0\u00bb title_text=\u00a0\u00bbR\u00e9paration du champ de test fonctionnel 2&Prime; show_bottom_space=\u00a0\u00bboff\u00a0\u00bb align=\u00a0\u00bbcenter\u00a0\u00bb _builder_version=\u00a0\u00bb4.16&Prime; _module_preset=\u00a0\u00bbdefault\u00a0\u00bb global_colors_info=\u00a0\u00bb{}\u00a0\u00bb][\/et_pb_image][et_pb_text _builder_version=\u00a0\u00bb4.16&Prime; _module_preset=\u00a0\u00bbdefault\u00a0\u00bb text_line_height=\u00a0\u00bb1.5em\u00a0\u00bb background_color=\u00a0\u00bb#D7D2CB\u00a0\u00bb custom_padding=\u00a0\u00bb12px|10px|2px|10px|false|false\u00a0\u00bb global_colors_info=\u00a0\u00bb{}\u00a0\u00bb]<\/p>\n<h2 class=\"et_pb_slide_title et-fb-editable-element et-fb-editable-element__editing\" data-shortcode-id=\"1.4.0.0.1-1639735102145\" data-quickaccess-id=\"header\" contenteditable=\"true\">Champ de test de fonctionnement dans l&rsquo;atelier de r\u00e9paration<\/h2>\n<p>Une fois que les moteurs r\u00e9par\u00e9s ont r\u00e9ussi le test \u00e9lectrique complet dans la construction de moteurs, leur fonctionnalit\u00e9 est \u00e0 nouveau contr\u00f4l\u00e9e dans le r\u00e9servoir de fonction de r\u00e9paration, soit seul, soit avec les pompes coupl\u00e9es.<\/p>\n<p>[\/et_pb_text][et_pb_image src=\u00a0\u00bbhttps:\/\/oddesse.de\/wp-content\/uploads\/2022\/04\/Sandstrahlkabine-1.jpg\u00a0\u00bb title_text=\u00a0\u00bbCabine de sablage atelier de r\u00e9paration\u00a0\u00bb show_bottom_space=\u00a0\u00bboff\u00a0\u00bb align=\u00a0\u00bbcenter\u00a0\u00bb _builder_version=\u00a0\u00bb4.17.0&Prime; _module_preset=\u00a0\u00bbdefault\u00a0\u00bb global_colors_info=\u00a0\u00bb{}\u00a0\u00bb][\/et_pb_image][et_pb_text _builder_version=\u00a0\u00bb4.17.0&Prime; _module_preset=\u00a0\u00bbdefault\u00a0\u00bb text_line_height=\u00a0\u00bb1.5em\u00a0\u00bb background_color=\u00a0\u00bb#D7D2CB\u00a0\u00bb custom_padding=\u00a0\u00bb12px|10px|2px|10px|false|false\u00a0\u00bb global_colors_info=\u00a0\u00bb{}\u00a0\u00bb]<\/p>\n<h2 class=\"et_pb_slide_title et-fb-editable-element et-fb-editable-element__editing\" data-shortcode-id=\"1.4.0.0.1-1639735102145\" data-quickaccess-id=\"header\" contenteditable=\"true\">Cabine de sablage dans l&rsquo;atelier de r\u00e9paration<\/h2>\n<p>Le sablage \u00e0 l&rsquo;air comprim\u00e9 avec du sable solide permet d&rsquo;\u00e9liminer la rouille et les salissures, la calamine, la peinture et autres impuret\u00e9s des pompes et des moteurs.<\/p>\n<p>[\/et_pb_text][\/et_pb_column][\/et_pb_row][\/et_pb_section]<\/p>\n","protected":false},"excerpt":{"rendered":"<p>Analyse, r\u00e9paration, recyclageDans l&rsquo;atelier d&rsquo;entretien et de r\u00e9paration d&rsquo;environ 900 m\u00b2, 10 employ\u00e9s qualifi\u00e9s s&rsquo;occupent de tout &#8211; en commen\u00e7ant par le d\u00e9montage des pompes ou des moteurs sur place chez nos clients, en passant par les tests et les r\u00e9parations jusqu&rsquo;\u00e0 la r\u00e9installation. Qu&rsquo;il s&rsquo;agisse d&rsquo;un produit oddesse ou de pompes et moteurs d&rsquo;autres [&hellip;]<\/p>\n","protected":false},"author":1,"featured_media":0,"parent":243475,"menu_order":0,"comment_status":"closed","ping_status":"closed","template":"","meta":{"_et_pb_use_builder":"on","_et_pb_old_content":"","_et_gb_content_width":"","footnotes":""},"class_list":["post-243285","page","type-page","status-publish","hentry"],"_links":{"self":[{"href":"https:\/\/oddesse.de\/fr\/wp-json\/wp\/v2\/pages\/243285","targetHints":{"allow":["GET"]}}],"collection":[{"href":"https:\/\/oddesse.de\/fr\/wp-json\/wp\/v2\/pages"}],"about":[{"href":"https:\/\/oddesse.de\/fr\/wp-json\/wp\/v2\/types\/page"}],"author":[{"embeddable":true,"href":"https:\/\/oddesse.de\/fr\/wp-json\/wp\/v2\/users\/1"}],"replies":[{"embeddable":true,"href":"https:\/\/oddesse.de\/fr\/wp-json\/wp\/v2\/comments?post=243285"}],"version-history":[{"count":13,"href":"https:\/\/oddesse.de\/fr\/wp-json\/wp\/v2\/pages\/243285\/revisions"}],"predecessor-version":[{"id":246010,"href":"https:\/\/oddesse.de\/fr\/wp-json\/wp\/v2\/pages\/243285\/revisions\/246010"}],"up":[{"embeddable":true,"href":"https:\/\/oddesse.de\/fr\/wp-json\/wp\/v2\/pages\/243475"}],"wp:attachment":[{"href":"https:\/\/oddesse.de\/fr\/wp-json\/wp\/v2\/media?parent=243285"}],"curies":[{"name":"wp","href":"https:\/\/api.w.org\/{rel}","templated":true}]}}