{"id":243231,"date":"2022-01-31T14:08:32","date_gmt":"2022-01-31T14:08:32","guid":{"rendered":"https:\/\/test376518.live-website.com\/imprimer\/"},"modified":"2025-11-05T12:21:23","modified_gmt":"2025-11-05T12:21:23","slug":"imprimer","status":"publish","type":"page","link":"https:\/\/oddesse.de\/fr\/imprimer\/","title":{"rendered":"Mentions l\u00e9gales"},"content":{"rendered":"<p>[et_pb_section fb_built=\u00a0\u00bb1&Prime; fullwidth=\u00a0\u00bbon\u00a0\u00bb _builder_version=\u00a0\u00bb4.16&Prime; _module_preset=\u00a0\u00bbdefault\u00a0\u00bb global_colors_info=\u00a0\u00bb{}\u00a0\u00bb da_is_popup=\u00a0\u00bboff\u00a0\u00bb da_exit_intent=\u00a0\u00bboff\u00a0\u00bb da_has_close=\u00a0\u00bbon\u00a0\u00bb da_alt_close=\u00a0\u00bboff\u00a0\u00bb da_dark_close=\u00a0\u00bboff\u00a0\u00bb da_not_modal=\u00a0\u00bbon\u00a0\u00bb da_is_singular=\u00a0\u00bboff\u00a0\u00bb da_with_loader=\u00a0\u00bboff\u00a0\u00bb da_has_shadow=\u00a0\u00bbon\u00a0\u00bb da_disable_devices=\u00a0\u00bboff|off|off\u00a0\u00bb][et_pb_fullwidth_slider use_bg_overlay=\u00a0\u00bboff\u00a0\u00bb _builder_version=\u00a0\u00bb4.17.0&Prime; _module_preset=\u00a0\u00bbdefault\u00a0\u00bb background_image=\u00a0\u00bbhttps:\/\/oddesse.de\/wp-content\/uploads\/2022\/03\/oddesse-Firmengelaende.jpg\u00a0\u00bb width_tablet=\u00a0\u00bb\u00a0\u00bb width_phone=\u00a0\u00bb\u00a0\u00bb width_last_edited=\u00a0\u00bbon|phone\u00a0\u00bb module_alignment=\u00a0\u00bbleft\u00a0\u00bb content_width=\u00a0\u00bb73%\u00a0\u00bb content_width_tablet=\u00a0\u00bb73%\u00a0\u00bb content_width_phone=\u00a0\u00bb100%\u00a0\u00bb content_width_last_edited=\u00a0\u00bbon|phone\u00a0\u00bb content_max_width_tablet=\u00a0\u00bb\u00a0\u00bb content_max_width_phone=\u00a0\u00bb1080%\u00a0\u00bb content_max_width_last_edited=\u00a0\u00bbon|phone\u00a0\u00bb min_height_tablet=\u00a0\u00bb\u00a0\u00bb min_height_phone=\u00a0\u00bb\u00a0\u00bb min_height_last_edited=\u00a0\u00bbon|phone\u00a0\u00bb height=\u00a0\u00bb500px\u00a0\u00bb height_tablet=\u00a0\u00bb500px\u00a0\u00bb height_phone=\u00a0\u00bb250px\u00a0\u00bb height_last_edited=\u00a0\u00bbon|phone\u00a0\u00bb max_height=\u00a0\u00bb500px\u00a0\u00bb max_height_tablet=\u00a0\u00bb500px\u00a0\u00bb max_height_phone=\u00a0\u00bb250px\u00a0\u00bb max_height_last_edited=\u00a0\u00bbon|phone\u00a0\u00bb custom_padding=\u00a0\u00bb4px||6px|||\u00a0\u00bb header_font_size_tablet=\u00a0\u00bb\u00a0\u00bb header_font_size_phone=\u00a0\u00bb20px\u00a0\u00bb header_font_size_last_edited=\u00a0\u00bbon|phone\u00a0\u00bb body_font_size_tablet=\u00a0\u00bb\u00a0\u00bb body_font_size_phone=\u00a0\u00bb17px\u00a0\u00bb body_font_size_last_edited=\u00a0\u00bbon|phone\u00a0\u00bb text_orientation_tablet=\u00a0\u00bb\u00a0\u00bb text_orientation_phone=\u00a0\u00bb\u00a0\u00bb text_orientation_last_edited=\u00a0\u00bbon|phone\u00a0\u00bb module_alignment_tablet=\u00a0\u00bbleft\u00a0\u00bb module_alignment_phone=\u00a0\u00bbcenter\u00a0\u00bb module_alignment_last_edited=\u00a0\u00bbon|phone\u00a0\u00bb global_colors_info=\u00a0\u00bb{}\u00a0\u00bb][et_pb_slide use_bg_overlay=\u00a0\u00bboff\u00a0\u00bb use_text_overlay=\u00a0\u00bboff\u00a0\u00bb content_tablet=\u00a0\u00bb\u00a0\u00bb content_phone=\u00a0\u00bb\u00a0\u00bb content_last_edited=\u00a0\u00bbon|phone\u00a0\u00bb text_border_radius_tablet=\u00a0\u00bb0px\u00a0\u00bb text_border_radius_phone=\u00a0\u00bb0px\u00a0\u00bb text_border_radius_last_edited=\u00a0\u00bbon|phone\u00a0\u00bb _builder_version=\u00a0\u00bb4.16&Prime; _module_preset=\u00a0\u00bbdefault\u00a0\u00bb body_font_size=\u00a0\u00bb30px\u00a0\u00bb background_image=\u00a0\u00bbhttps:\/\/oddesse.de\/wp-content\/uploads\/2022\/03\/oddesse-Firmengelaende.jpg\u00a0\u00bb background_enable_image=\u00a0\u00bbon\u00a0\u00bb width=\u00a0\u00bb100%\u00a0\u00bb custom_padding_tablet=\u00a0\u00bb\u00a0\u00bb custom_padding_phone=\u00a0\u00bb0px|0px|0px|0px|false|false\u00a0\u00bb custom_padding_last_edited=\u00a0\u00bbon|phone\u00a0\u00bb header_font_tablet=\u00a0\u00bb\u00a0\u00bb header_font_phone=\u00a0\u00bb\u00a0\u00bb header_font_last_edited=\u00a0\u00bbon|phone\u00a0\u00bb body_font_size_tablet=\u00a0\u00bb30px\u00a0\u00bb body_font_size_phone=\u00a0\u00bb16px\u00a0\u00bb body_font_size_last_edited=\u00a0\u00bbon|phone\u00a0\u00bb global_colors_info=\u00a0\u00bb{}\u00a0\u00bb sticky_transition=\u00a0\u00bbon\u00a0\u00bb][\/et_pb_slide][\/et_pb_fullwidth_slider][\/et_pb_section][et_pb_section fb_built=\u00a0\u00bb1&Prime; admin_label=\u00a0\u00bbsection\u00a0\u00bb _builder_version=\u00a0\u00bb4.16&Prime; global_colors_info=\u00a0\u00bb{}\u00a0\u00bb da_is_popup=\u00a0\u00bboff\u00a0\u00bb da_exit_intent=\u00a0\u00bboff\u00a0\u00bb da_has_close=\u00a0\u00bbon\u00a0\u00bb da_alt_close=\u00a0\u00bboff\u00a0\u00bb da_dark_close=\u00a0\u00bboff\u00a0\u00bb da_not_modal=\u00a0\u00bbon\u00a0\u00bb da_is_singular=\u00a0\u00bboff\u00a0\u00bb da_with_loader=\u00a0\u00bboff\u00a0\u00bb da_has_shadow=\u00a0\u00bbon\u00a0\u00bb da_disable_devices=\u00a0\u00bboff|off|off\u00a0\u00bb][et_pb_row admin_label=\u00a0\u00bbligne\u00a0\u00bb _builder_version=\u00a0\u00bb4.16&Prime; background_size=\u00a0\u00bbinitial\u00a0\u00bb background_position=\u00a0\u00bbtop_left\u00a0\u00bb background_repeat=\u00a0\u00bbrepeat\u00a0\u00bb custom_padding=\u00a0\u00bb5px||22px|||\u00a0\u00bb global_colors_info=\u00a0\u00bb{}\u00a0\u00bb][et_pb_column type=\u00a0\u00bb4_4&Prime; _builder_version=\u00a0\u00bb4.16&Prime; custom_padding=\u00a0\u00bb|||\u00a0\u00bb global_colors_info=\u00a0\u00bb{}\u00a0\u00bb custom_padding__hover=\u00a0\u00bb|||\u00a0\u00bb][et_pb_text admin_label=\u00a0\u00bbText\u00a0\u00bb _builder_version=\u00a0\u00bb4.27.4&Prime; background_size=\u00a0\u00bbinitial\u00a0\u00bb background_position=\u00a0\u00bbtop_left\u00a0\u00bb background_repeat=\u00a0\u00bbrepeat\u00a0\u00bb hover_enabled=\u00a0\u00bb0&Prime; global_colors_info=\u00a0\u00bb{}\u00a0\u00bb sticky_enabled=\u00a0\u00bb0&Prime;]<!-- divi:paragraph --><\/p>\n<h1>Mentions l\u00e9gales<\/h1>\n<div class=\"ce_text first block\">\n<p><strong>oddesse<br \/>\nPumpen- und Motorenfabrik GmbH<\/strong><\/p>\n<p>Am Pappelwald 12<br \/>\n39387 Oschersleben<br \/>\nAllemagne<\/p>\n<p>T\u00e9l\u00e9phone +49 3949 932-0<br \/>\nTelefax +49 3949 932-463<br \/>\n<a href=\"mailto:info@oddesse.de\">info@oddesse.de<\/a><\/p>\n<p>&nbsp;<\/p>\n<p><strong>Gestionnaire<\/strong><br \/>\nJoachim Kunkel<br \/>\nThomas Schmidt<br \/>\nHolger Zutz<br \/>\nRonny Kunkel<\/p>\n<p><strong><span class=\"HwtZe\" jsaction=\"mouseup:Sxi9L,BR6jm; mousedown:qjlr0e\" jsname=\"jqKxS\" lang=\"fr\"><span jsaction=\"agoMJf:PFBcW;MZfLnc:P7O7bd;nt4Alf:pvnm0e,pfE8Hb,PFBcW;B01qod:dJXsye;H1e5u:iXtTIf;lYIUJf:hij5Wb;bmeZHc:iURhpf;Oxj3Xe:qAKMYb,yaf12d\" jsname=\"txFAF\" class=\"jCAhz ChMk0b\" jscontroller=\"Gn4SMb\"><span class=\"ryNqvb\" jsaction=\"click:E6Tfl,GFf3ac,tMZCfe; contextmenu:Nqw7Te,QP7LD; mouseout:Nqw7Te; mouseover:E6Tfl,c2aHje\" jsname=\"W297wb\">Tribunal du greffe<\/span><\/span><\/span><\/strong><br \/>\n<span class=\"HwtZe\" jsaction=\"mouseup:Sxi9L,BR6jm; mousedown:qjlr0e\" jsname=\"jqKxS\" lang=\"fr\"><span jsaction=\"agoMJf:PFBcW;MZfLnc:P7O7bd;nt4Alf:pvnm0e,pfE8Hb,PFBcW;B01qod:dJXsye;H1e5u:iXtTIf;lYIUJf:hij5Wb;bmeZHc:iURhpf;Oxj3Xe:qAKMYb,yaf12d\" jsname=\"txFAF\" class=\"jCAhz ChMk0b\" jscontroller=\"Gn4SMb\"><span class=\"ryNqvb\" jsaction=\"click:E6Tfl,GFf3ac,tMZCfe; contextmenu:Nqw7Te,QP7LD; mouseout:Nqw7Te; mouseover:E6Tfl,c2aHje\" jsname=\"W297wb\">Tribunal de district<\/span><\/span><\/span> Stendal<\/p>\n<p><strong><span class=\"HwtZe\" jsaction=\"mouseup:Sxi9L,BR6jm; mousedown:qjlr0e\" jsname=\"jqKxS\" lang=\"fr\"><span jsaction=\"agoMJf:PFBcW;MZfLnc:P7O7bd;nt4Alf:pvnm0e,pfE8Hb,PFBcW;B01qod:dJXsye;H1e5u:iXtTIf;lYIUJf:hij5Wb;bmeZHc:iURhpf;Oxj3Xe:qAKMYb,yaf12d\" jsname=\"txFAF\" class=\"jCAhz ChMk0b\" jscontroller=\"Gn4SMb\"><span class=\"ryNqvb\" jsaction=\"click:E6Tfl,GFf3ac,tMZCfe; contextmenu:Nqw7Te,QP7LD; mouseout:Nqw7Te; mouseover:E6Tfl,c2aHje\" jsname=\"W297wb\">Num\u00e9ro d&rsquo;enregistrement<\/span><\/span><\/span><\/strong><br \/>\nHRB 108433<\/p>\n<p><strong><span class=\"HwtZe\" jsaction=\"mouseup:Sxi9L,BR6jm; mousedown:qjlr0e\" jsname=\"jqKxS\" lang=\"fr\"><span jsaction=\"agoMJf:PFBcW;MZfLnc:P7O7bd;nt4Alf:pvnm0e,pfE8Hb,PFBcW;B01qod:dJXsye;H1e5u:iXtTIf;lYIUJf:hij5Wb;bmeZHc:iURhpf;Oxj3Xe:qAKMYb,yaf12d\" jsname=\"txFAF\" class=\"jCAhz ChMk0b\" jscontroller=\"Gn4SMb\"><span class=\"ryNqvb\" jsaction=\"click:E6Tfl,GFf3ac,tMZCfe; contextmenu:Nqw7Te,QP7LD; mouseout:Nqw7Te; mouseover:E6Tfl,c2aHje\" jsname=\"W297wb\">Num\u00e9ro d&rsquo;identification TVA<\/span><\/span><\/span><\/strong><br \/>\nDE 811743606<\/p>\n<p>&nbsp;<\/p>\n<\/div>\n<p><!-- \/divi:paragraph -->[\/et_pb_text][\/et_pb_column][\/et_pb_row][et_pb_row _builder_version=\u00a0\u00bb4.16&Prime; _module_preset=\u00a0\u00bbdefault\u00a0\u00bb global_colors_info=\u00a0\u00bb{}\u00a0\u00bb][et_pb_column type=\u00a0\u00bb4_4&Prime; _builder_version=\u00a0\u00bb4.16&Prime; _module_preset=\u00a0\u00bbdefault\u00a0\u00bb global_colors_info=\u00a0\u00bb{}\u00a0\u00bb][et_pb_toggle title=\u00a0\u00bbAvertissement\u00a0\u00bb _builder_version=\u00a0\u00bb4.17.0&Prime; _module_preset=\u00a0\u00bbdefault\u00a0\u00bb title_font_size_tablet=\u00a0\u00bb\u00a0\u00bb title_font_size_phone=\u00a0\u00bb16px\u00a0\u00bb title_font_size_last_edited=\u00a0\u00bbon|phone\u00a0\u00bb global_colors_info=\u00a0\u00bb{}\u00a0\u00bb]<\/p>\n<div class=\"accordion\" style=\"padding-top: 0px; border-top: medium none; padding-bottom: 0px; border-bottom: medium none; overflow: hidden; height: auto; opacity: 1; visibility: visible;\" aria-hidden=\"false\" role=\"tabpanel\">\n<div>\n<div class=\"ce_text block\">\n<p>1. Contenu de l&rsquo;offre en ligne<br \/>L&rsquo;auteur d\u00e9cline toute responsabilit\u00e9 quant \u00e0 l&rsquo;actualit\u00e9, l&rsquo;exactitude, l&rsquo;exhaustivit\u00e9 ou la qualit\u00e9 des informations mises \u00e0 disposition. Les pr\u00e9tentions en responsabilit\u00e9 \u00e0 l&rsquo;encontre de l&rsquo;auteur concernant des dommages mat\u00e9riels ou immat\u00e9riels caus\u00e9s par l&rsquo;utilisation ou la non-utilisation des informations fournies ou par l&rsquo;utilisation d&rsquo;informations incorrectes et incompl\u00e8tes sont en principe exclues, sauf s&rsquo;il peut \u00eatre prouv\u00e9 que l&rsquo;auteur a agi intentionnellement ou avec une grossi\u00e8re faute de n\u00e9gligence existe. Toutes les offres sont sans engagement. L&rsquo;auteur se r\u00e9serve express\u00e9ment le droit de modifier, de compl\u00e9ter ou de supprimer des parties de pages ou l&rsquo;ensemble de l&rsquo;offre sans pr\u00e9avis ou d&rsquo;arr\u00eater temporairement ou d\u00e9finitivement la publication.<\/p>\n<p>2. R\u00e9f\u00e9rences et liens<br \/>Dans le cas de r\u00e9f\u00e9rences directes ou indirectes \u00e0 des sites Web externes (\u00ab\u00a0hyperliens\u00a0\u00bb), qui ne rel\u00e8vent pas du domaine de responsabilit\u00e9 de l&rsquo;auteur, la responsabilit\u00e9 n&rsquo;entrerait en vigueur que si l&rsquo;auteur avait connaissance du contenu et qu&rsquo;il \u00e9tait techniquement possible et raisonnable pour de le faire pour emp\u00eacher l&rsquo;utilisation de contenus ill\u00e9gaux. L&rsquo;auteur d\u00e9clare express\u00e9ment par la pr\u00e9sente qu&rsquo;aucun contenu ill\u00e9gal n&rsquo;\u00e9tait perceptible sur les pages li\u00e9es au moment de la cr\u00e9ation du lien. L&rsquo;auteur n&rsquo;a aucune influence sur la conception actuelle et future, le contenu ou la paternit\u00e9 des pages li\u00e9es\/connect\u00e9es. Il se distancie donc express\u00e9ment par la pr\u00e9sente de tous les contenus de toutes les pages li\u00e9es \/ connect\u00e9es qui ont \u00e9t\u00e9 modifi\u00e9es apr\u00e8s la cr\u00e9ation du lien. Cette d\u00e9claration s&rsquo;applique \u00e0 tous les liens et r\u00e9f\u00e9rences \u00e9tablis sur notre propre site Web ainsi qu&rsquo;aux entr\u00e9es de tiers dans les livres d&rsquo;or, les forums de discussion, les r\u00e9pertoires de liens, les listes de diffusion et toutes les autres formes de bases de donn\u00e9es cr\u00e9\u00e9es par l&rsquo;auteur, dont le contenu peut \u00eatre accessible de l&rsquo;ext\u00e9rieur. Le fournisseur de la page \u00e0 laquelle il est fait r\u00e9f\u00e9rence est seul responsable des contenus ill\u00e9gaux, incorrects ou incomplets et en particulier des dommages r\u00e9sultant de l&rsquo;utilisation ou de la non-utilisation de ces informations, et non de la personne qui se contente de renvoyer \u00e0 la publication respective via des liens.<\/p>\n<p>3. Droit d&rsquo;auteur et droit des marques<br \/>L&rsquo;auteur s&rsquo;efforce de respecter les droits d&rsquo;auteur des graphiques, documents sonores, s\u00e9quences vid\u00e9o et textes utilis\u00e9s dans toutes les publications, d&rsquo;utiliser des graphiques, documents sonores, s\u00e9quences vid\u00e9o et textes qu&rsquo;il a lui-m\u00eame cr\u00e9\u00e9s ou d&rsquo;utiliser des graphiques, documents sonores, vid\u00e9o s\u00e9quences et textes. Toutes les marques et marques d\u00e9pos\u00e9es mentionn\u00e9es sur le site Web et \u00e9ventuellement prot\u00e9g\u00e9es par des tiers sont soumises sans restriction aux dispositions du droit des marques applicable et aux droits de propri\u00e9t\u00e9 du propri\u00e9taire enregistr\u00e9 respectif. La conclusion que les marques ne sont pas prot\u00e9g\u00e9es par les droits des tiers ne doit pas \u00eatre tir\u00e9e uniquement sur la base de la simple mention ! Le droit d&rsquo;auteur pour les objets publi\u00e9s cr\u00e9\u00e9s par l&rsquo;auteur lui-m\u00eame appartient uniquement \u00e0 l&rsquo;auteur des pages. La reproduction ou l&rsquo;utilisation de ces graphiques, documents sonores, s\u00e9quences vid\u00e9o et textes dans d&rsquo;autres publications \u00e9lectroniques ou imprim\u00e9es n&rsquo;est pas autoris\u00e9e sans le consentement expr\u00e8s de l&rsquo;auteur.<\/p>\n<p>4. Validit\u00e9 de cette clause de non-responsabilit\u00e9<\/p>\n<p>Cette clause de non-responsabilit\u00e9 doit \u00eatre consid\u00e9r\u00e9e comme faisant partie de l&rsquo;offre Internet \u00e0 partir de laquelle il a \u00e9t\u00e9 fait r\u00e9f\u00e9rence \u00e0 cette page. Si des parties ou des formulations individuelles de ce texte ne correspondent pas, plus ou pas compl\u00e8tement \u00e0 la situation juridique applicable, les parties restantes du document restent inchang\u00e9es dans leur contenu et leur validit\u00e9.<\/p>\n<p>5. Utilisation de Google Analytics<\/p>\n<p>Ce site Web utilise Google Analytics, un service d&rsquo;analyse Web fourni par Google Inc. (\u00ab\u00a0Google\u00a0\u00bb). Google Analytics utilise des \u00ab\u00a0cookies\u00a0\u00bb, des fichiers texte qui sont stock\u00e9s sur votre ordinateur et permettent une analyse de votre utilisation du site Web. Les informations g\u00e9n\u00e9r\u00e9es par le cookie concernant votre utilisation de ce site Web sont g\u00e9n\u00e9ralement transmises \u00e0 un serveur de Google aux \u00c9tats-Unis et y sont stock\u00e9es.<\/p>\n<p>Si l&rsquo;anonymisation IP est activ\u00e9e sur ce site Web, votre adresse IP sera pr\u00e9alablement raccourcie par Google dans les \u00c9tats membres de l&rsquo;Union europ\u00e9enne ou dans d&rsquo;autres \u00c9tats contractants de l&rsquo;accord sur l&rsquo;Espace \u00e9conomique europ\u00e9en. Ce n&rsquo;est que dans des cas exceptionnels que l&rsquo;adresse IP compl\u00e8te sera transmise \u00e0 un serveur de Google aux \u00c9tats-Unis et raccourcie l\u00e0-bas. Au nom de l&rsquo;op\u00e9rateur de ce site Web, Google utilisera ces informations pour \u00e9valuer votre utilisation du site Web, pour compiler des rapports sur l&rsquo;activit\u00e9 du site Web et pour fournir d&rsquo;autres services li\u00e9s \u00e0 l&rsquo;activit\u00e9 du site Web et \u00e0 l&rsquo;utilisation d&rsquo;Internet \u00e0 l&rsquo;op\u00e9rateur du site Web.<\/p>\n<p>L&rsquo;adresse IP transmise par votre navigateur dans le cadre de Google Analytics ne sera pas fusionn\u00e9e avec d&rsquo;autres donn\u00e9es de Google. Vous pouvez emp\u00eacher le stockage de cookies en configurant votre logiciel de navigation en cons\u00e9quence ; nous attirons toutefois votre attention sur le fait que dans ce cas, vous ne pourrez \u00e9ventuellement pas utiliser toutes les fonctions de ce site Internet dans leur int\u00e9gralit\u00e9.<\/p>\n<p>Vous pouvez \u00e9galement emp\u00eacher Google de collecter les donn\u00e9es g\u00e9n\u00e9r\u00e9es par le cookie et li\u00e9es \u00e0 votre utilisation du site (y compris votre adresse IP) et de traiter ces donn\u00e9es par Google en cliquant sur le lien suivant ( <a href=\"http:\/\/tools.google.com\/dlpage\/gaoptout?hl=de\" target=\"_blank\" rel=\"noopener\">http:\/\/tools.google.com \/dlpage\/gaoptout?hl=de<\/a> ) et installez le plug-in de navigateur disponible.<\/p>\n<p><span style=\"color: #ff0000;\">Vous pouvez emp\u00eacher Google Analytics de collecter des donn\u00e9es en cliquant sur le lien suivant. Un cookie de d\u00e9sactivation sera install\u00e9 pour emp\u00eacher la collecte future de vos donn\u00e9es lorsque vous visitez ce site Web :<br \/>&lt;<strong>a href=\u00a0\u00bbjavascript:gaOptout()\u00a0\u00bb<\/strong>&gt; <a>D\u00e9sactiver Google Analytics<\/a>&lt; <strong>\/une<\/strong>&gt;<\/span><\/p>\n<p><span style=\"color: #ff0000;\">Vous trouverez plus d&rsquo;informations sur les conditions d&rsquo;utilisation et la protection des donn\u00e9es sur <a href=\"http:\/\/www.google.com\/analytics\/terms\/de.html\" target=\"_blank\" rel=\"noopener\">http:\/\/www.google.com\/analytics\/terms\/de.html<\/a> ou sur <a href=\"http:\/\/www.google.com\/intl\/de\/analytics\/privacyoverview.html\" target=\"_blank\" rel=\"noopener\">http:\/\/www.google.com\/intl\/de\/analytics\/privacyoverview .html<\/a> . Nous attirons votre attention sur le fait que Google Analytics a \u00e9t\u00e9 \u00e9tendu sur ce site Web pour inclure le code \u00ab\u00a0gat._anonymizeIp();\u00a0\u00bb afin de garantir que les adresses IP sont enregistr\u00e9es de mani\u00e8re anonyme (ce que l&rsquo;on appelle le masquage IP).<\/span><\/p>\n<\/div>\n<\/div>\n<\/div>\n<p>[\/et_pb_toggle][\/et_pb_column][\/et_pb_row][\/et_pb_section]<\/p>\n","protected":false},"excerpt":{"rendered":"<p>Mentions l\u00e9gales oddesse Pumpen- und Motorenfabrik GmbH Am Pappelwald 12 39387 Oschersleben Allemagne T\u00e9l\u00e9phone +49 3949 932-0 Telefax +49 3949 932-463 info@oddesse.de &nbsp; Gestionnaire Joachim Kunkel Thomas Schmidt Holger Zutz Ronny Kunkel Tribunal du greffe Tribunal de district Stendal Num\u00e9ro d&rsquo;enregistrement HRB 108433 Num\u00e9ro d&rsquo;identification TVA DE 811743606 &nbsp; 1. Contenu de l&rsquo;offre en ligneL&rsquo;auteur [&hellip;]<\/p>\n","protected":false},"author":1,"featured_media":0,"parent":0,"menu_order":0,"comment_status":"closed","ping_status":"closed","template":"","meta":{"_et_pb_use_builder":"on","_et_pb_old_content":"","_et_gb_content_width":"","footnotes":""},"class_list":["post-243231","page","type-page","status-publish","hentry"],"_links":{"self":[{"href":"https:\/\/oddesse.de\/fr\/wp-json\/wp\/v2\/pages\/243231","targetHints":{"allow":["GET"]}}],"collection":[{"href":"https:\/\/oddesse.de\/fr\/wp-json\/wp\/v2\/pages"}],"about":[{"href":"https:\/\/oddesse.de\/fr\/wp-json\/wp\/v2\/types\/page"}],"author":[{"embeddable":true,"href":"https:\/\/oddesse.de\/fr\/wp-json\/wp\/v2\/users\/1"}],"replies":[{"embeddable":true,"href":"https:\/\/oddesse.de\/fr\/wp-json\/wp\/v2\/comments?post=243231"}],"version-history":[{"count":15,"href":"https:\/\/oddesse.de\/fr\/wp-json\/wp\/v2\/pages\/243231\/revisions"}],"predecessor-version":[{"id":249180,"href":"https:\/\/oddesse.de\/fr\/wp-json\/wp\/v2\/pages\/243231\/revisions\/249180"}],"wp:attachment":[{"href":"https:\/\/oddesse.de\/fr\/wp-json\/wp\/v2\/media?parent=243231"}],"curies":[{"name":"wp","href":"https:\/\/api.w.org\/{rel}","templated":true}]}}