{"id":243153,"date":"2022-01-27T14:01:23","date_gmt":"2022-01-27T14:01:23","guid":{"rendered":"https:\/\/test376518.live-website.com\/lhistoire\/"},"modified":"2022-06-10T08:41:51","modified_gmt":"2022-06-10T08:41:51","slug":"lhistoire","status":"publish","type":"page","link":"https:\/\/oddesse.de\/fr\/a-propos-de-odesse\/lhistoire\/","title":{"rendered":"Histoire"},"content":{"rendered":"<p>[et_pb_section fb_built=\u00a0\u00bb1&Prime; fullwidth=\u00a0\u00bbon\u00a0\u00bb _builder_version=\u00a0\u00bb4.16&Prime; _module_preset=\u00a0\u00bbdefault\u00a0\u00bb global_colors_info=\u00a0\u00bb{}\u00a0\u00bb][et_pb_fullwidth_slider _builder_version=\u00a0\u00bb4.16&Prime; _module_preset=\u00a0\u00bbdefault\u00a0\u00bb background_enable_color=\u00a0\u00bboff\u00a0\u00bb background_image=\u00a0\u00bbhttps:\/\/oddesse.de\/wp-content\/uploads\/2022\/02\/Banner-Tauchmotoren.jpg\u00a0\u00bb width_tablet=\u00a0\u00bb\u00a0\u00bb width_phone=\u00a0\u00bb\u00a0\u00bb width_last_edited=\u00a0\u00bbon|phone\u00a0\u00bb module_alignment=\u00a0\u00bbleft\u00a0\u00bb content_width=\u00a0\u00bb73%\u00a0\u00bb content_width_tablet=\u00a0\u00bb73%\u00a0\u00bb content_width_phone=\u00a0\u00bb100%\u00a0\u00bb content_width_last_edited=\u00a0\u00bbon|phone\u00a0\u00bb content_max_width_tablet=\u00a0\u00bb\u00a0\u00bb content_max_width_phone=\u00a0\u00bb1080%\u00a0\u00bb content_max_width_last_edited=\u00a0\u00bbon|phone\u00a0\u00bb min_height_tablet=\u00a0\u00bb\u00a0\u00bb min_height_phone=\u00a0\u00bb\u00a0\u00bb min_height_last_edited=\u00a0\u00bbon|phone\u00a0\u00bb height=\u00a0\u00bb500px\u00a0\u00bb height_tablet=\u00a0\u00bb500px\u00a0\u00bb height_phone=\u00a0\u00bb250px\u00a0\u00bb height_last_edited=\u00a0\u00bbon|phone\u00a0\u00bb max_height=\u00a0\u00bb500px\u00a0\u00bb max_height_tablet=\u00a0\u00bb500px\u00a0\u00bb max_height_phone=\u00a0\u00bb250px\u00a0\u00bb max_height_last_edited=\u00a0\u00bbon|phone\u00a0\u00bb custom_padding=\u00a0\u00bb4px||6px|||\u00a0\u00bb header_font_size_tablet=\u00a0\u00bb\u00a0\u00bb header_font_size_phone=\u00a0\u00bb20px\u00a0\u00bb header_font_size_last_edited=\u00a0\u00bbon|phone\u00a0\u00bb body_font_size_tablet=\u00a0\u00bb\u00a0\u00bb body_font_size_phone=\u00a0\u00bb17px\u00a0\u00bb body_font_size_last_edited=\u00a0\u00bbon|phone\u00a0\u00bb background_last_edited=\u00a0\u00bbon|phone\u00a0\u00bb parallax_phone=\u00a0\u00bboff\u00a0\u00bb background_size_phone=\u00a0\u00bbcover\u00a0\u00bb text_orientation_tablet=\u00a0\u00bb\u00a0\u00bb text_orientation_phone=\u00a0\u00bb\u00a0\u00bb text_orientation_last_edited=\u00a0\u00bbon|phone\u00a0\u00bb module_alignment_tablet=\u00a0\u00bbleft\u00a0\u00bb module_alignment_phone=\u00a0\u00bbcenter\u00a0\u00bb module_alignment_last_edited=\u00a0\u00bbon|phone\u00a0\u00bb global_colors_info=\u00a0\u00bb{}\u00a0\u00bb][et_pb_slide heading=\u00a0\u00bbToujours \u00e0 la hauteur des temps\u00a0\u00bb use_bg_overlay=\u00a0\u00bboff\u00a0\u00bb use_text_overlay=\u00a0\u00bbon\u00a0\u00bb text_overlay_color=\u00a0\u00bbrgba(181,18,62,0.54)\u00a0\u00bb text_border_radius=\u00a0\u00bb0px\u00a0\u00bb heading_tablet=\u00a0\u00bbToujours \u00e0 la hauteur des temps\u00a0\u00bb heading_phone=\u00a0\u00bbToujours \u00e0 la hauteur des temps\u00a0\u00bb heading_last_edited=\u00a0\u00bbon|desktop\u00a0\u00bb content_tablet=\u00a0\u00bb<\/p>\n<h1><\/h1>\n<h1><\/h1>\n<h1>depuis 1854<\/h1>\n<p>\u00a0\u00bb content_phone=\u00a0\u00bb<\/p>\n<h1>depuis 1854<\/h1>\n<p>\u00a0\u00bb content_last_edited=\u00a0\u00bbon|phone\u00a0\u00bb text_border_radius_tablet=\u00a0\u00bb0px\u00a0\u00bb text_border_radius_phone=\u00a0\u00bb0px\u00a0\u00bb text_border_radius_last_edited=\u00a0\u00bbon|phone\u00a0\u00bb _builder_version=\u00a0\u00bb4.16&Prime; _module_preset=\u00a0\u00bbdefault\u00a0\u00bb body_font_size=\u00a0\u00bb30px\u00a0\u00bb background_image=\u00a0\u00bbhttps:\/\/oddesse.de\/wp-content\/uploads\/2022\/01\/Historie.jpg\u00a0\u00bb background_enable_image=\u00a0\u00bbon\u00a0\u00bb width=\u00a0\u00bb100%\u00a0\u00bb custom_padding_tablet=\u00a0\u00bb\u00a0\u00bb custom_padding_phone=\u00a0\u00bb0px|0px|0px|0px|false|false\u00a0\u00bb custom_padding_last_edited=\u00a0\u00bbon|phone\u00a0\u00bb header_font_tablet=\u00a0\u00bb\u00a0\u00bb header_font_phone=\u00a0\u00bb\u00a0\u00bb header_font_last_edited=\u00a0\u00bbon|phone\u00a0\u00bb body_font_size_tablet=\u00a0\u00bb30px\u00a0\u00bb body_font_size_phone=\u00a0\u00bb16px\u00a0\u00bb body_font_size_last_edited=\u00a0\u00bbon|phone\u00a0\u00bb background_last_edited=\u00a0\u00bbon|phone\u00a0\u00bb background_image_tablet=\u00a0\u00bbhttps:\/\/oddesse.de\/wp-content\/uploads\/2022\/01\/Historie.jpg\u00a0\u00bb background_image_phone=\u00a0\u00bbhttps:\/\/oddesse.de\/wp-content\/uploads\/2022\/01\/oddesse-firmengeschichte.jpg\u00a0\u00bb background_enable_image_tablet=\u00a0\u00bbon\u00a0\u00bb background_enable_image_phone=\u00a0\u00bbon\u00a0\u00bb background_size_tablet=\u00a0\u00bbcover\u00a0\u00bb background_size_phone=\u00a0\u00bbcover\u00a0\u00bb global_colors_info=\u00a0\u00bb{}\u00a0\u00bb sticky_transition=\u00a0\u00bbon\u00a0\u00bb]<\/p>\n<h1><\/h1>\n<h1>depuis 1854<\/h1>\n<p>[\/et_pb_slide][\/et_pb_fullwidth_slider][\/et_pb_section][et_pb_section fb_built=\u00a0\u00bb1&Prime; admin_label=\u00a0\u00bbsection\u00a0\u00bb _builder_version=\u00a0\u00bb4.16&Prime; custom_padding=\u00a0\u00bb60px|||||\u00a0\u00bb global_colors_info=\u00a0\u00bb{}\u00a0\u00bb][et_pb_row admin_label=\u00a0\u00bbligne\u00a0\u00bb _builder_version=\u00a0\u00bb4.16&Prime; background_size=\u00a0\u00bbinitial\u00a0\u00bb background_position=\u00a0\u00bbtop_left\u00a0\u00bb background_repeat=\u00a0\u00bbrepeat\u00a0\u00bb custom_padding=\u00a0\u00bb3px|||||\u00a0\u00bb global_colors_info=\u00a0\u00bb{}\u00a0\u00bb][et_pb_column type=\u00a0\u00bb4_4&Prime; _builder_version=\u00a0\u00bb4.16&Prime; custom_padding=\u00a0\u00bb|||\u00a0\u00bb global_colors_info=\u00a0\u00bb{}\u00a0\u00bb custom_padding__hover=\u00a0\u00bb|||\u00a0\u00bb][et_pb_text admin_label=\u00a0\u00bbText\u00a0\u00bb _builder_version=\u00a0\u00bb4.16&Prime; background_size=\u00a0\u00bbinitial\u00a0\u00bb background_position=\u00a0\u00bbtop_left\u00a0\u00bb background_repeat=\u00a0\u00bbrepeat\u00a0\u00bb global_colors_info=\u00a0\u00bb{}\u00a0\u00bb]<!-- divi:paragraph --><\/p>\n<h1>Pour oddesse, le futur a d\u00e9j\u00e0 commenc\u00e9<\/h1>\n<p>Depuis plus de 100 ans, le nom oddesse est synonyme de travail d&rsquo;ing\u00e9nierie pionnier dans le domaine de la construction de machines et de pompes.<\/p>\n<p>Des innovations orient\u00e9es vers le client et une qualit\u00e9 garantie garantissent des solutions sophistiqu\u00e9es pour l&rsquo;approvisionnement et l&rsquo;\u00e9vacuation de l&rsquo;eau, avec lesquelles l&rsquo;entreprise \u00e9tablie de longue date r\u00e9ussit dans la concurrence internationale.<\/p>\n<h1>Comment tout a commenc\u00e9<\/h1>\n<p>En 1854, Forstreuter, ma\u00eetre chaudronnier \u00e0 Oschersleben, reconna\u00eet les signes des temps. L&rsquo;industrie sucri\u00e8re en pleine expansion demande des cuves, des machines \u00e0 vapeur et des pompes. Il fonde la<span> <\/span><strong>Forstreutersche Maschinenfabrik<\/strong>.<\/p>\n<p>Les fils du fondateur sp\u00e9cialisent l&rsquo;entreprise dans les pompes et fusionnent en 1897 avec la soci\u00e9t\u00e9<span> <\/span><strong>Oddesse-Dampfpumpen-Gesellschaft Hamburg<\/strong>. L&rsquo;entreprise prend alors le nom de<span> <\/span><strong>Maschinenfabrik Oddesse GmbH<\/strong> &#8211; un nom qui est d\u00e9j\u00e0 un programme, compos\u00e9 des noms de l&rsquo;ing\u00e9nieur anglais Oddie et du commer\u00e7ant allemand Hesse. L&rsquo;esprit pionnier de l&rsquo;ing\u00e9nieur et la gestion avis\u00e9e du commer\u00e7ant se combinent pour assurer le succ\u00e8s.<\/p>\n<p>Au d\u00e9but des ann\u00e9es 30, l&rsquo;entreprise produit une des novations techniques de l&rsquo;\u00e9poque: des pompes submersibles et des moteurs immerg\u00e9s. Ces innovations techniques donnent \u00e0 l&rsquo;entreprise une bonne r\u00e9putation sur le march\u00e9 mondial. A partir de 1939, ce fabricant de pompes performant prend le nom de<span> <\/span><strong>KLEINSCHANZLIN-ODDESSE GmbH<\/strong> .<\/p>\n<p>Apr\u00e8s le d\u00e9montage de l&rsquo;usine comme r\u00e9paration de guerre en 1945, Oddesse reprend son activit\u00e9 d\u00e8s 1946 et s&rsquo;impose de plus en plus sur les march\u00e9s internationaux. L&rsquo;entreprise nationalis\u00e9e<span> <\/span><strong>VEB Pumpenfabrik Oschersleben<\/strong><span> <\/span>s\u00e9duit des clients dans de nombreux pays gr\u00e2ce \u00e0 la qualit\u00e9 de ses produits et au d\u00e9veloppement de nouveaux produits. Environ 1400 employ\u00e9s travaillent dans les locaux de production modernes \u00e9difi\u00e9s en 1975.<\/p>\n<p>En 1990, le passage \u00e0 l&rsquo;\u00e9conomie de march\u00e9 est une r\u00e9ussite avec la concentration sur le c\u0153ur de m\u00e9tier et la cession de branches de l&rsquo;entreprise, mais surtout gr\u00e2ce \u00e0 la l&rsquo;inventivit\u00e9 et \u00e0 la qualit\u00e9 du travail des collaborateurs.<\/p>\n<p>Depuis 1994, l&rsquo;entreprise porte le nom<span> d&rsquo;<\/span><strong>oddesse Pumpen- und Motorenfabrik GmbH.<\/strong><span> <\/span>Elle dispose depuis 1998 d&rsquo;installations de production de pointe pour fournir ses clients dans plus de 50 pays du monde.<\/p>\n<p>&nbsp;<\/p>\n<p>&nbsp;<\/p>\n<p><!-- \/divi:paragraph -->[\/et_pb_text][\/et_pb_column][\/et_pb_row][\/et_pb_section]<\/p>\n","protected":false},"excerpt":{"rendered":"<p>depuis 1854 Pour oddesse, le futur a d\u00e9j\u00e0 commenc\u00e9 Depuis plus de 100 ans, le nom oddesse est synonyme de travail d&rsquo;ing\u00e9nierie pionnier dans le domaine de la construction de machines et de pompes. Des innovations orient\u00e9es vers le client et une qualit\u00e9 garantie garantissent des solutions sophistiqu\u00e9es pour l&rsquo;approvisionnement et l&rsquo;\u00e9vacuation de l&rsquo;eau, avec [&hellip;]<\/p>\n","protected":false},"author":2,"featured_media":0,"parent":243358,"menu_order":0,"comment_status":"closed","ping_status":"closed","template":"","meta":{"_et_pb_use_builder":"on","_et_pb_old_content":"","_et_gb_content_width":"","footnotes":""},"class_list":["post-243153","page","type-page","status-publish","hentry"],"_links":{"self":[{"href":"https:\/\/oddesse.de\/fr\/wp-json\/wp\/v2\/pages\/243153","targetHints":{"allow":["GET"]}}],"collection":[{"href":"https:\/\/oddesse.de\/fr\/wp-json\/wp\/v2\/pages"}],"about":[{"href":"https:\/\/oddesse.de\/fr\/wp-json\/wp\/v2\/types\/page"}],"author":[{"embeddable":true,"href":"https:\/\/oddesse.de\/fr\/wp-json\/wp\/v2\/users\/2"}],"replies":[{"embeddable":true,"href":"https:\/\/oddesse.de\/fr\/wp-json\/wp\/v2\/comments?post=243153"}],"version-history":[{"count":9,"href":"https:\/\/oddesse.de\/fr\/wp-json\/wp\/v2\/pages\/243153\/revisions"}],"predecessor-version":[{"id":246016,"href":"https:\/\/oddesse.de\/fr\/wp-json\/wp\/v2\/pages\/243153\/revisions\/246016"}],"up":[{"embeddable":true,"href":"https:\/\/oddesse.de\/fr\/wp-json\/wp\/v2\/pages\/243358"}],"wp:attachment":[{"href":"https:\/\/oddesse.de\/fr\/wp-json\/wp\/v2\/media?parent=243153"}],"curies":[{"name":"wp","href":"https:\/\/api.w.org\/{rel}","templated":true}]}}