{"id":243144,"date":"2022-01-27T14:46:40","date_gmt":"2022-01-27T14:46:40","guid":{"rendered":"https:\/\/test376518.live-website.com\/production\/"},"modified":"2022-06-10T08:42:34","modified_gmt":"2022-06-10T08:42:34","slug":"production","status":"publish","type":"page","link":"https:\/\/oddesse.de\/fr\/a-propos-de-odesse\/production\/","title":{"rendered":"Fabrication"},"content":{"rendered":"<p>[et_pb_section fb_built=\u00a0\u00bb1&Prime; fullwidth=\u00a0\u00bbon\u00a0\u00bb _builder_version=\u00a0\u00bb4.16&Prime; _module_preset=\u00a0\u00bbdefault\u00a0\u00bb global_colors_info=\u00a0\u00bb{}\u00a0\u00bb][et_pb_fullwidth_slider _builder_version=\u00a0\u00bb4.16&Prime; _module_preset=\u00a0\u00bbdefault\u00a0\u00bb background_image=\u00a0\u00bbhttps:\/\/oddesse.de\/wp-content\/uploads\/2022\/02\/Produktion.jpg\u00a0\u00bb width_tablet=\u00a0\u00bb\u00a0\u00bb width_phone=\u00a0\u00bb\u00a0\u00bb width_last_edited=\u00a0\u00bbon|phone\u00a0\u00bb module_alignment=\u00a0\u00bbleft\u00a0\u00bb content_width=\u00a0\u00bb73%\u00a0\u00bb content_width_tablet=\u00a0\u00bb73%\u00a0\u00bb content_width_phone=\u00a0\u00bb100%\u00a0\u00bb content_width_last_edited=\u00a0\u00bbon|phone\u00a0\u00bb content_max_width_tablet=\u00a0\u00bb\u00a0\u00bb content_max_width_phone=\u00a0\u00bb1080%\u00a0\u00bb content_max_width_last_edited=\u00a0\u00bbon|phone\u00a0\u00bb min_height_tablet=\u00a0\u00bb\u00a0\u00bb min_height_phone=\u00a0\u00bb\u00a0\u00bb min_height_last_edited=\u00a0\u00bbon|phone\u00a0\u00bb height=\u00a0\u00bb500px\u00a0\u00bb height_tablet=\u00a0\u00bb500px\u00a0\u00bb height_phone=\u00a0\u00bb250px\u00a0\u00bb height_last_edited=\u00a0\u00bbon|phone\u00a0\u00bb max_height=\u00a0\u00bb500px\u00a0\u00bb max_height_tablet=\u00a0\u00bb500px\u00a0\u00bb max_height_phone=\u00a0\u00bb250px\u00a0\u00bb max_height_last_edited=\u00a0\u00bbon|phone\u00a0\u00bb custom_padding=\u00a0\u00bb4px||6px|||\u00a0\u00bb header_font_size_tablet=\u00a0\u00bb\u00a0\u00bb header_font_size_phone=\u00a0\u00bb20px\u00a0\u00bb header_font_size_last_edited=\u00a0\u00bbon|phone\u00a0\u00bb body_font_size_tablet=\u00a0\u00bb\u00a0\u00bb body_font_size_phone=\u00a0\u00bb17px\u00a0\u00bb body_font_size_last_edited=\u00a0\u00bbon|phone\u00a0\u00bb background_last_edited=\u00a0\u00bbon|phone\u00a0\u00bb background_size_phone=\u00a0\u00bbcover\u00a0\u00bb text_orientation_tablet=\u00a0\u00bb\u00a0\u00bb text_orientation_phone=\u00a0\u00bb\u00a0\u00bb text_orientation_last_edited=\u00a0\u00bbon|phone\u00a0\u00bb module_alignment_tablet=\u00a0\u00bbleft\u00a0\u00bb module_alignment_phone=\u00a0\u00bbcenter\u00a0\u00bb module_alignment_last_edited=\u00a0\u00bbon|phone\u00a0\u00bb global_colors_info=\u00a0\u00bb{}\u00a0\u00bb][et_pb_slide heading=\u00a0\u00bbUne grande flexibilit\u00e9\u00a0\u00bb use_bg_overlay=\u00a0\u00bboff\u00a0\u00bb use_text_overlay=\u00a0\u00bbon\u00a0\u00bb text_border_radius=\u00a0\u00bb0px\u00a0\u00bb content_tablet=\u00a0\u00bb<\/p>\n<h1><\/h1>\n<h1><\/h1>\n<h1><\/h1>\n<h1>dans l&rsquo;int\u00e9r\u00eat de nos clients<\/h1>\n<p>\u00a0\u00bb content_phone=\u00a0\u00bb<\/p>\n<h1><\/h1>\n<h1><\/h1>\n<h1><\/h1>\n<h1>dans l&rsquo;int\u00e9r\u00eat de nos clients<\/h1>\n<p>\u00a0\u00bb content_last_edited=\u00a0\u00bbon|phone\u00a0\u00bb text_border_radius_tablet=\u00a0\u00bb0px\u00a0\u00bb text_border_radius_phone=\u00a0\u00bb0px\u00a0\u00bb text_border_radius_last_edited=\u00a0\u00bbon|phone\u00a0\u00bb _builder_version=\u00a0\u00bb4.16&Prime; _module_preset=\u00a0\u00bbdefault\u00a0\u00bb body_font_size=\u00a0\u00bb30px\u00a0\u00bb background_image=\u00a0\u00bbhttps:\/\/oddesse.de\/wp-content\/uploads\/2022\/01\/Produktion.jpg\u00a0\u00bb background_enable_image=\u00a0\u00bbon\u00a0\u00bb width=\u00a0\u00bb100%\u00a0\u00bb custom_padding_tablet=\u00a0\u00bb\u00a0\u00bb custom_padding_phone=\u00a0\u00bb0px|0px|0px|0px|false|false\u00a0\u00bb custom_padding_last_edited=\u00a0\u00bbon|phone\u00a0\u00bb header_font_tablet=\u00a0\u00bb\u00a0\u00bb header_font_phone=\u00a0\u00bb\u00a0\u00bb header_font_last_edited=\u00a0\u00bbon|phone\u00a0\u00bb body_font_size_tablet=\u00a0\u00bb30px\u00a0\u00bb body_font_size_phone=\u00a0\u00bb16px\u00a0\u00bb body_font_size_last_edited=\u00a0\u00bbon|phone\u00a0\u00bb background_last_edited=\u00a0\u00bbon|phone\u00a0\u00bb background_image_phone=\u00a0\u00bbhttps:\/\/oddesse.de\/wp-content\/uploads\/2022\/02\/Produktion.jpg\u00a0\u00bb background_enable_image_phone=\u00a0\u00bbon\u00a0\u00bb background_size_phone=\u00a0\u00bbcover\u00a0\u00bb global_colors_info=\u00a0\u00bb{}\u00a0\u00bb sticky_transition=\u00a0\u00bbon\u00a0\u00bb]<\/p>\n<h1><\/h1>\n<h1>au service des clients<\/h1>\n<p>[\/et_pb_slide][\/et_pb_fullwidth_slider][\/et_pb_section][et_pb_section fb_built=\u00a0\u00bb1&Prime; admin_label=\u00a0\u00bbsection\u00a0\u00bb _builder_version=\u00a0\u00bb4.16&Prime; custom_padding=\u00a0\u00bb60px|||||\u00a0\u00bb global_colors_info=\u00a0\u00bb{}\u00a0\u00bb][et_pb_row admin_label=\u00a0\u00bbligne\u00a0\u00bb _builder_version=\u00a0\u00bb4.16&Prime; background_size=\u00a0\u00bbinitial\u00a0\u00bb background_position=\u00a0\u00bbtop_left\u00a0\u00bb background_repeat=\u00a0\u00bbrepeat\u00a0\u00bb custom_padding=\u00a0\u00bb5px|||||\u00a0\u00bb global_colors_info=\u00a0\u00bb{}\u00a0\u00bb][et_pb_column type=\u00a0\u00bb4_4&Prime; _builder_version=\u00a0\u00bb4.16&Prime; custom_padding=\u00a0\u00bb|||\u00a0\u00bb global_colors_info=\u00a0\u00bb{}\u00a0\u00bb custom_padding__hover=\u00a0\u00bb|||\u00a0\u00bb][et_pb_text content_tablet=\u00a0\u00bb<\/p>\n<p><!-- divi:paragraph --><\/p>\n<h1>Die Qualit\u00e4t eines Unternehmens bestimmt die Qualit\u00e4t der Produkte<\/h1>\n<p>oddesse ist mit moderner Fertigungstechnik ausger\u00fcstet, die orientiert ist auf h\u00f6chste Qualit\u00e4t, gr\u00f6\u00dftm\u00f6gliche Flexibilit\u00e4t, kurze Lieferzeiten und hohe Produktivit\u00e4t. Mit Hilfe der Permanentmagnet-Technologie entwickeln wir hocheffiziente Tauchmotorpumpensysteme aus physiologisch unbedenklichen Materialien. Dadurch sind die Pumpen und Motoren f\u00fcr den Einsatz im Trinkwasser geeignet. Die effizienten Systeme zeichnen sich durch einen erh\u00f6hten Wirkungsgrad aus und sparen nachhaltig Energie und Kosten ein. Somit hilft die Umr\u00fcstung von alten Pumpenanalagen auf effizientere Systeme dabei den \u00f6kologischen Fu\u00dfabdruck der Wasserwirtschaft zu reduzieren und die Umwelt zu sch\u00fctzen.<\/p>\n<p>Im Interesse unserer Kundinnen und Kunden verf\u00fcgt oddesse \u00fcber eine hohe Fertigungstiefe sowie eine moderne Fertigungssteuerung, um Kundenw\u00fcnsche schnell realisieren zu k\u00f6nnen. Mit einem hochproduktiven Maschinenpark, modernster CAD-Produktentwicklung und Auftragssteuerung, vor allem aber mit einem erfahrenen und hoch qualifizierten Team von Facharbeitern, Ingenieuren und Managern setzen wir die \u00fcber 120-J\u00e4hrige Tradition im Pumpenbau in Oschersleben fort.<\/p>\n<p>Die qualifizierten Ingenieure, Meister, Facharbeiterinnen und Facharbeiter garantieren h\u00f6chste Qualit\u00e4t und Betriebssicherheit der oddesse-Produkte.<\/p>\n<p>Unser Team ber\u00e4t Sie zudem gern zur Umr\u00fcstung Ihrer alten Anlagen auf hocheffiziente Tauchmotorpumpensysteme.<\/p>\n<\/p>\n<p><!-- \/divi:paragraph --><\/p>\n<p>\u00a0\u00bb content_phone=\u00a0\u00bb<\/p>\n<p><!-- divi:paragraph --><\/p>\n<h1>Die Qualit\u00e4t eines Unternehmens bestimmt die Qualit\u00e4t der Produkte<\/h1>\n<p>oddesse ist mit moderner Fertigungstechnik ausger\u00fcstet, die orientiert ist auf h\u00f6chste Qualit\u00e4t, gr\u00f6\u00dftm\u00f6gliche Flexibilit\u00e4t, kurze Lieferzeiten und hohe Produktivit\u00e4t. Mit Hilfe der Permanentmagnet-Technologie entwickeln wir hocheffiziente Tauchmotorpumpensysteme aus physiologisch unbedenklichen Materialien. Dadurch sind die Pumpen und Motoren f\u00fcr den Einsatz im Trinkwasser geeignet. Die effizienten Systeme zeichnen sich durch einen erh\u00f6hten Wirkungsgrad aus und sparen nachhaltig Energie und Kosten ein. Somit hilft die Umr\u00fcstung von alten Pumpenanalagen auf effizientere Systeme dabei den \u00f6kologischen Fu\u00dfabdruck der Wasserwirtschaft zu reduzieren und die Umwelt zu sch\u00fctzen.<\/p>\n<p>Im Interesse unserer Kundinnen und Kunden verf\u00fcgt oddesse \u00fcber eine hohe Fertigungstiefe sowie eine moderne Fertigungssteuerung, um Kundenw\u00fcnsche schnell realisieren zu k\u00f6nnen. Mit einem hochproduktiven Maschinenpark, modernster CAD-Produktentwicklung und Auftragssteuerung, vor allem aber mit einem erfahrenen und hoch qualifizierten Team von Facharbeitern, Ingenieuren und Managern setzen wir die \u00fcber 120-J\u00e4hrige Tradition im Pumpenbau in Oschersleben fort.<\/p>\n<p>Die qualifizierten Ingenieure, Meister, Facharbeiterinnen und Facharbeiter garantieren h\u00f6chste Qualit\u00e4t und Betriebssicherheit der oddesse-Produkte.<\/p>\n<p>Unser Team ber\u00e4t Sie zudem gern zur Umr\u00fcstung Ihrer alten Anlagen auf hocheffiziente Tauchmotorpumpensysteme.<\/p>\n<\/p>\n<p><!-- \/divi:paragraph --><\/p>\n<p>\u00a0\u00bb content_last_edited=\u00a0\u00bbon|phone\u00a0\u00bb admin_label=\u00a0\u00bbText\u00a0\u00bb _builder_version=\u00a0\u00bb4.17.0&Prime; background_size=\u00a0\u00bbinitial\u00a0\u00bb background_position=\u00a0\u00bbtop_left\u00a0\u00bb background_repeat=\u00a0\u00bbrepeat\u00a0\u00bb global_colors_info=\u00a0\u00bb{}\u00a0\u00bb]<!-- divi:paragraph --><\/p>\n<h1>La qualit\u00e9 d&rsquo;une entreprise d\u00e9termine la qualit\u00e9 des produits<\/h1>\n<p>oddesse dispose de techniques de fabrication moderne orient\u00e9es vers une qualit\u00e9 \u00e9lev\u00e9e, une flexibilit\u00e9 maximale, des d\u00e9lais de livraison courts et une haute productivit\u00e9. Gr\u00e2ce \u00e0 la technologie des aimants permanents, nous d\u00e9veloppons des syst\u00e8mes de pompes immergees tr\u00e8s efficaces, fabriqu\u00e9s dans des mat\u00e9riaux physiologiquement s\u00fbrs. Les pompes et les moteurs sont ainsi adapt\u00e9s \u00e0 l&rsquo;utilisation dans l&rsquo;eau potable. Les syst\u00e8mes efficaces se distinguent par un rendement accru et permettent de r\u00e9aliser des \u00e9conomies d&rsquo;\u00e9nergie et de co\u00fbts durables. Ainsi, la conversion des anciennes installations de pompage en syst\u00e8mes plus efficaces contribue \u00e0 r\u00e9duire l&#8217;empreinte \u00e9cologique de la gestion de l&rsquo;eau et \u00e0 prot\u00e9ger l&rsquo;environnement.<\/p>\n<p>Dans l&rsquo;int\u00e9r\u00eat de ses clients, oddesse s&rsquo;est \u00e9galement dot\u00e9e d&rsquo;une int\u00e9gration verticale \u00e9lev\u00e9e pour la fabrication ainsi que d&rsquo;un contr\u00f4le de la fabrication moderne permettant de r\u00e9aliser rapidement les souhaits de ses clients. Avec un parc de machines hautement productif, le dernier d\u00e9veloppement de produits CAO et la gestion des commandes, mais surtout avec une \u00e9quipe exp\u00e9riment\u00e9e et hautement qualifi\u00e9e d&rsquo;ouvriers qualifi\u00e9s, d&rsquo;ing\u00e9nieurs et de gestionnaires, nous poursuivons la tradition de plus de 120 ans dans la construction de pompes \u00e0 Oschersleben.<\/p>\n<p>Les ing\u00e9nieurs qualifi\u00e9s, les ma\u00eetres artisans et les ouvriers qualifi\u00e9s garantissent la plus haute qualit\u00e9 et la fiabilit\u00e9 op\u00e9rationnelle des produits oddesse.<\/p>\n<p>Notre \u00e9quipe se fera \u00e9galement un plaisir de vous conseiller sur la conversion de vos anciennes installations en syst\u00e8mes de pompes submersibles \u00e0 haut rendement.<\/p>\n<p>&nbsp;<\/p>\n<p><!-- \/divi:paragraph -->[\/et_pb_text][\/et_pb_column][\/et_pb_row][et_pb_row column_structure=\u00a0\u00bb1_3,1_3,1_3&Prime; _builder_version=\u00a0\u00bb4.16&Prime; _module_preset=\u00a0\u00bbdefault\u00a0\u00bb global_colors_info=\u00a0\u00bb{}\u00a0\u00bb][et_pb_column type=\u00a0\u00bb1_3&Prime; _builder_version=\u00a0\u00bb4.16&Prime; _module_preset=\u00a0\u00bbdefault\u00a0\u00bb global_colors_info=\u00a0\u00bb{}\u00a0\u00bb][et_pb_image src=\u00a0\u00bbhttps:\/\/oddesse.de\/wp-content\/uploads\/2022\/03\/Produktion-2.jpg\u00a0\u00bb title_text=\u00a0\u00bbFabrication 2&Prime; _builder_version=\u00a0\u00bb4.16&Prime; _module_preset=\u00a0\u00bbdefault\u00a0\u00bb border_radii=\u00a0\u00bbon|10px|10px|10px|10px\u00a0\u00bb global_colors_info=\u00a0\u00bb{}\u00a0\u00bb][\/et_pb_image][\/et_pb_column][et_pb_column type=\u00a0\u00bb1_3&Prime; _builder_version=\u00a0\u00bb4.16&Prime; _module_preset=\u00a0\u00bbdefault\u00a0\u00bb global_colors_info=\u00a0\u00bb{}\u00a0\u00bb][et_pb_image src=\u00a0\u00bbhttps:\/\/oddesse.de\/wp-content\/uploads\/2022\/03\/Produktion-3-2.jpg\u00a0\u00bb title_text=\u00a0\u00bbFabrication 3&Prime; _builder_version=\u00a0\u00bb4.16&Prime; _module_preset=\u00a0\u00bbdefault\u00a0\u00bb border_radii=\u00a0\u00bbon|10px|10px|10px|10px\u00a0\u00bb global_colors_info=\u00a0\u00bb{}\u00a0\u00bb][\/et_pb_image][\/et_pb_column][et_pb_column type=\u00a0\u00bb1_3&Prime; _builder_version=\u00a0\u00bb4.16&Prime; _module_preset=\u00a0\u00bbdefault\u00a0\u00bb global_colors_info=\u00a0\u00bb{}\u00a0\u00bb][et_pb_image src=\u00a0\u00bbhttps:\/\/oddesse.de\/wp-content\/uploads\/2022\/03\/Produktion-1-1.jpg\u00a0\u00bb title_text=\u00a0\u00bbFabrication 1&Prime; _builder_version=\u00a0\u00bb4.16&Prime; _module_preset=\u00a0\u00bbdefault\u00a0\u00bb border_radii=\u00a0\u00bbon|10px|10px|10px|10px\u00a0\u00bb global_colors_info=\u00a0\u00bb{}\u00a0\u00bb][\/et_pb_image][\/et_pb_column][\/et_pb_row][\/et_pb_section]<\/p>\n","protected":false},"excerpt":{"rendered":"<p>au service des clients La qualit\u00e9 d&rsquo;une entreprise d\u00e9termine la qualit\u00e9 des produits oddesse dispose de techniques de fabrication moderne orient\u00e9es vers une qualit\u00e9 \u00e9lev\u00e9e, une flexibilit\u00e9 maximale, des d\u00e9lais de livraison courts et une haute productivit\u00e9. Gr\u00e2ce \u00e0 la technologie des aimants permanents, nous d\u00e9veloppons des syst\u00e8mes de pompes immergees tr\u00e8s efficaces, fabriqu\u00e9s dans [&hellip;]<\/p>\n","protected":false},"author":2,"featured_media":0,"parent":243358,"menu_order":0,"comment_status":"closed","ping_status":"closed","template":"","meta":{"_et_pb_use_builder":"on","_et_pb_old_content":"","_et_gb_content_width":"","footnotes":""},"class_list":["post-243144","page","type-page","status-publish","hentry"],"_links":{"self":[{"href":"https:\/\/oddesse.de\/fr\/wp-json\/wp\/v2\/pages\/243144","targetHints":{"allow":["GET"]}}],"collection":[{"href":"https:\/\/oddesse.de\/fr\/wp-json\/wp\/v2\/pages"}],"about":[{"href":"https:\/\/oddesse.de\/fr\/wp-json\/wp\/v2\/types\/page"}],"author":[{"embeddable":true,"href":"https:\/\/oddesse.de\/fr\/wp-json\/wp\/v2\/users\/2"}],"replies":[{"embeddable":true,"href":"https:\/\/oddesse.de\/fr\/wp-json\/wp\/v2\/comments?post=243144"}],"version-history":[{"count":7,"href":"https:\/\/oddesse.de\/fr\/wp-json\/wp\/v2\/pages\/243144\/revisions"}],"predecessor-version":[{"id":246017,"href":"https:\/\/oddesse.de\/fr\/wp-json\/wp\/v2\/pages\/243144\/revisions\/246017"}],"up":[{"embeddable":true,"href":"https:\/\/oddesse.de\/fr\/wp-json\/wp\/v2\/pages\/243358"}],"wp:attachment":[{"href":"https:\/\/oddesse.de\/fr\/wp-json\/wp\/v2\/media?parent=243144"}],"curies":[{"name":"wp","href":"https:\/\/api.w.org\/{rel}","templated":true}]}}