{"id":243135,"date":"2022-01-27T13:55:30","date_gmt":"2022-01-27T13:55:30","guid":{"rendered":"https:\/\/test376518.live-website.com\/qualite-et-environnement\/"},"modified":"2026-02-10T10:18:11","modified_gmt":"2026-02-10T10:18:11","slug":"qualite-et-environnement","status":"publish","type":"page","link":"https:\/\/oddesse.de\/fr\/a-propos-de-odesse\/qualite-et-environnement\/","title":{"rendered":"Qualit\u00e9 et environnement"},"content":{"rendered":"<p>[et_pb_section fb_built=\u00a0\u00bb1&Prime; fullwidth=\u00a0\u00bbon\u00a0\u00bb _builder_version=\u00a0\u00bb4.16&Prime; _module_preset=\u00a0\u00bbdefault\u00a0\u00bb global_colors_info=\u00a0\u00bb{}\u00a0\u00bb da_is_popup=\u00a0\u00bboff\u00a0\u00bb da_exit_intent=\u00a0\u00bboff\u00a0\u00bb da_has_close=\u00a0\u00bbon\u00a0\u00bb da_alt_close=\u00a0\u00bboff\u00a0\u00bb da_dark_close=\u00a0\u00bboff\u00a0\u00bb da_not_modal=\u00a0\u00bbon\u00a0\u00bb da_is_singular=\u00a0\u00bboff\u00a0\u00bb da_with_loader=\u00a0\u00bboff\u00a0\u00bb da_has_shadow=\u00a0\u00bbon\u00a0\u00bb da_disable_devices=\u00a0\u00bboff|off|off\u00a0\u00bb][et_pb_fullwidth_slider _builder_version=\u00a0\u00bb4.16&Prime; _module_preset=\u00a0\u00bbdefault\u00a0\u00bb background_image=\u00a0\u00bbhttps:\/\/oddesse.de\/wp-content\/uploads\/2022\/02\/Banner-prueffeld.jpg\u00a0\u00bb width_tablet=\u00a0\u00bb\u00a0\u00bb width_phone=\u00a0\u00bb\u00a0\u00bb width_last_edited=\u00a0\u00bbon|phone\u00a0\u00bb module_alignment=\u00a0\u00bbleft\u00a0\u00bb content_width=\u00a0\u00bb73%\u00a0\u00bb content_width_tablet=\u00a0\u00bb73%\u00a0\u00bb content_width_phone=\u00a0\u00bb100%\u00a0\u00bb content_width_last_edited=\u00a0\u00bbon|phone\u00a0\u00bb content_max_width_tablet=\u00a0\u00bb\u00a0\u00bb content_max_width_phone=\u00a0\u00bb1080%\u00a0\u00bb content_max_width_last_edited=\u00a0\u00bbon|phone\u00a0\u00bb min_height_tablet=\u00a0\u00bb\u00a0\u00bb min_height_phone=\u00a0\u00bb\u00a0\u00bb min_height_last_edited=\u00a0\u00bbon|phone\u00a0\u00bb height=\u00a0\u00bb500px\u00a0\u00bb height_tablet=\u00a0\u00bb500px\u00a0\u00bb height_phone=\u00a0\u00bb250px\u00a0\u00bb height_last_edited=\u00a0\u00bbon|phone\u00a0\u00bb max_height=\u00a0\u00bb500px\u00a0\u00bb max_height_tablet=\u00a0\u00bb500px\u00a0\u00bb max_height_phone=\u00a0\u00bb250px\u00a0\u00bb max_height_last_edited=\u00a0\u00bbon|phone\u00a0\u00bb custom_padding=\u00a0\u00bb4px||6px|||\u00a0\u00bb header_font_size_tablet=\u00a0\u00bb\u00a0\u00bb header_font_size_phone=\u00a0\u00bb20px\u00a0\u00bb header_font_size_last_edited=\u00a0\u00bbon|phone\u00a0\u00bb body_font_size_tablet=\u00a0\u00bb\u00a0\u00bb body_font_size_phone=\u00a0\u00bb17px\u00a0\u00bb body_font_size_last_edited=\u00a0\u00bbon|phone\u00a0\u00bb text_orientation_tablet=\u00a0\u00bb\u00a0\u00bb text_orientation_phone=\u00a0\u00bb\u00a0\u00bb text_orientation_last_edited=\u00a0\u00bbon|phone\u00a0\u00bb module_alignment_tablet=\u00a0\u00bbleft\u00a0\u00bb module_alignment_phone=\u00a0\u00bbcenter\u00a0\u00bb module_alignment_last_edited=\u00a0\u00bbon|phone\u00a0\u00bb global_colors_info=\u00a0\u00bb{}\u00a0\u00bb][et_pb_slide heading=\u00a0\u00bbQualit\u00e9 sup\u00e9rieure avec tradition\u00a0\u00bb use_bg_overlay=\u00a0\u00bboff\u00a0\u00bb use_text_overlay=\u00a0\u00bbon\u00a0\u00bb text_border_radius=\u00a0\u00bb0px\u00a0\u00bb content_tablet=\u00a0\u00bb\u00a0\u00bb content_phone=\u00a0\u00bb\u00a0\u00bb content_last_edited=\u00a0\u00bbon|phone\u00a0\u00bb text_border_radius_tablet=\u00a0\u00bb0px\u00a0\u00bb text_border_radius_phone=\u00a0\u00bb0px\u00a0\u00bb text_border_radius_last_edited=\u00a0\u00bbon|phone\u00a0\u00bb _builder_version=\u00a0\u00bb4.16&Prime; _module_preset=\u00a0\u00bbdefault\u00a0\u00bb body_font_size=\u00a0\u00bb30px\u00a0\u00bb background_image=\u00a0\u00bbhttps:\/\/oddesse.de\/wp-content\/uploads\/2022\/02\/Banner-Reparatur.jpg\u00a0\u00bb background_enable_image=\u00a0\u00bbon\u00a0\u00bb width=\u00a0\u00bb100%\u00a0\u00bb custom_padding_tablet=\u00a0\u00bb\u00a0\u00bb custom_padding_phone=\u00a0\u00bb0px|0px|0px|0px|false|false\u00a0\u00bb custom_padding_last_edited=\u00a0\u00bbon|phone\u00a0\u00bb header_font_tablet=\u00a0\u00bb\u00a0\u00bb header_font_phone=\u00a0\u00bb\u00a0\u00bb header_font_last_edited=\u00a0\u00bbon|phone\u00a0\u00bb body_font_size_tablet=\u00a0\u00bb30px\u00a0\u00bb body_font_size_phone=\u00a0\u00bb16px\u00a0\u00bb body_font_size_last_edited=\u00a0\u00bbon|phone\u00a0\u00bb background_last_edited=\u00a0\u00bbon|phone\u00a0\u00bb global_colors_info=\u00a0\u00bb{}\u00a0\u00bb sticky_transition=\u00a0\u00bbon\u00a0\u00bb][\/et_pb_slide][\/et_pb_fullwidth_slider][\/et_pb_section][et_pb_section fb_built=\u00a0\u00bb1&Prime; admin_label=\u00a0\u00bbsection\u00a0\u00bb _builder_version=\u00a0\u00bb4.16&Prime; custom_padding=\u00a0\u00bb60px|||||\u00a0\u00bb global_colors_info=\u00a0\u00bb{}\u00a0\u00bb da_is_popup=\u00a0\u00bboff\u00a0\u00bb da_exit_intent=\u00a0\u00bboff\u00a0\u00bb da_has_close=\u00a0\u00bbon\u00a0\u00bb da_alt_close=\u00a0\u00bboff\u00a0\u00bb da_dark_close=\u00a0\u00bboff\u00a0\u00bb da_not_modal=\u00a0\u00bbon\u00a0\u00bb da_is_singular=\u00a0\u00bboff\u00a0\u00bb da_with_loader=\u00a0\u00bboff\u00a0\u00bb da_has_shadow=\u00a0\u00bbon\u00a0\u00bb da_disable_devices=\u00a0\u00bboff|off|off\u00a0\u00bb][et_pb_row admin_label=\u00a0\u00bbligne\u00a0\u00bb _builder_version=\u00a0\u00bb4.16&Prime; background_size=\u00a0\u00bbinitial\u00a0\u00bb background_position=\u00a0\u00bbtop_left\u00a0\u00bb background_repeat=\u00a0\u00bbrepeat\u00a0\u00bb custom_padding=\u00a0\u00bb1px|||||\u00a0\u00bb global_colors_info=\u00a0\u00bb{}\u00a0\u00bb][et_pb_column type=\u00a0\u00bb4_4&Prime; _builder_version=\u00a0\u00bb4.16&Prime; custom_padding=\u00a0\u00bb|||\u00a0\u00bb global_colors_info=\u00a0\u00bb{}\u00a0\u00bb custom_padding__hover=\u00a0\u00bb|||\u00a0\u00bb][et_pb_text admin_label=\u00a0\u00bbText\u00a0\u00bb _builder_version=\u00a0\u00bb4.17.0&Prime; background_size=\u00a0\u00bbinitial\u00a0\u00bb background_position=\u00a0\u00bbtop_left\u00a0\u00bb background_repeat=\u00a0\u00bbrepeat\u00a0\u00bb global_colors_info=\u00a0\u00bb{}\u00a0\u00bb]<!-- divi:paragraph --><\/p>\n<p>oddesse est une entreprise tr\u00e8s active au niveau internationale avec de tradition de plus de 160 ans dans le domaine de la construction de pompes et de machines.<\/p>\n<p>Les attentes du march\u00e9, les r\u00e9glementations l\u00e9gales, les r\u00e8gles techniques ainsi que les conditions de protection de l&rsquo;environnement et de s\u00e9curit\u00e9 d\u00e9terminent la qualit\u00e9 de nos produits et de nos services. En raison de la prise de conscience g\u00e9n\u00e9rale croissante de l&rsquo;environnement et de l&rsquo;augmentation constante des prix de l&rsquo;\u00e9nergie, oddesse s&rsquo;int\u00e9resse de pr\u00e8s depuis plusieurs ann\u00e9es au th\u00e8me de l&rsquo;efficacit\u00e9 \u00e9nerg\u00e9tique. Notre \u00e9quipe d\u00e9veloppe et produit des syst\u00e8mes de pompes submersibles \u00e0 haut rendement. En \u00e9conomisant durablement l&rsquo;\u00e9nergie, nos produits contribuent \u00e0 r\u00e9duire les co\u00fbts d&rsquo;exploitation et les \u00e9missions de CO2.<\/p>\n<p>La base de nos activit\u00e9s est un syst\u00e8me de gestion de la qualit\u00e9 selon la norme DIN EN ISO 9001: 2015 depuis 1994. Les contr\u00f4les et les audits r\u00e9guliers assurent un standard de qualit\u00e9 croissant.<\/p>\n<p>Nos activit\u00e9s se concentrent sur des sujets tels que la satisfaction des clients, la formation \u00e0 la qualit\u00e9 et au service ainsi l&rsquo;assurance de cette qualit\u00e9 chez nos fournisseurs et partenaires.<\/p>\n<p>Depuis 2020, oddesse r\u00e9pond en outre aux exigences du syst\u00e8me de management environnemental selon la norme DIN EN ISO 14001: 2015.<\/p>\n<p>La gestion consciencieuse de l&rsquo;\u00e9nergie, des mat\u00e9riaux, des ressources et aussi bien les d\u00e9chets caract\u00e9risent les bons fonctionnements de l&rsquo;entreprise. Gr\u00e2ce \u00e0 la configuration individuelle de chaque unit\u00e9 de pompage, nous garantissons un fonctionnement tr\u00e8s efficace et bien respectueux pour l&rsquo;environnement chez nos clients.<\/p>\n<p>Tous les employ\u00e9s sont tenus d&rsquo;appliquer soigneusement les normes bien d\u00e9finies et sont personnellement tenus de participer au d\u00e9veloppement du syst\u00e8me int\u00e9gr\u00e9 de gestion de l&rsquo;environnement et de la qualit\u00e9. Cela n\u00e9cessite une innovation constante et inclut un processus d&rsquo;am\u00e9lioration continue.<\/p>\n<p>Par ailleurs, oddesse a mis en place un syst\u00e8me de management de la sant\u00e9 et de la s\u00e9curit\u00e9 au travail dans le cadre du Syst\u00e8me de Management Int\u00e9gr\u00e9 (SMI) qui r\u00e9pond aux exigences des normes du r\u00e9f\u00e9rentiel national des syst\u00e8mes de management de la sant\u00e9 et de la s\u00e9curit\u00e9 au travail.<\/p>\n<p><!-- \/divi:paragraph -->[\/et_pb_text][\/et_pb_column][\/et_pb_row][et_pb_row _builder_version=\u00a0\u00bb4.27.4&Prime; _module_preset=\u00a0\u00bbdefault\u00a0\u00bb column_structure=\u00a0\u00bb1_2,1_2&Prime;][et_pb_column _builder_version=\u00a0\u00bb4.27.4&Prime; _module_preset=\u00a0\u00bbdefault\u00a0\u00bb type=\u00a0\u00bb1_2&Prime;][et_pb_text _builder_version=\u00a0\u00bb4.27.4&Prime; _module_preset=\u00a0\u00bbdefault\u00a0\u00bb hover_enabled=\u00a0\u00bb0&Prime; sticky_enabled=\u00a0\u00bb0&Prime; text_text_color=\u00a0\u00bbrgba(0,0,0,0)\u00a0\u00bb]<\/p>\n<p>Your content goes here. Edit or remove this text inline or in the module Content settings. You can also style every aspect of this content in the module Design settings and even apply custom CSS to this text in the module Advanced settings.<\/p>\n<p>[\/et_pb_text][et_pb_text _builder_version=\u00a0\u00bb4.27.4&Prime; _module_preset=\u00a0\u00bbdefault\u00a0\u00bb hover_enabled=\u00a0\u00bb0&Prime; sticky_enabled=\u00a0\u00bb0&Prime;]<\/p>\n<h2 style=\"text-align: center;\">Ensemble pour la protection de l&rsquo;environnement et du climat<\/h2>\n<p>&nbsp;<\/p>\n<p style=\"text-align: center;\">Nous sommes tr\u00e8s heureux d&rsquo;avoir \u00e9t\u00e9 admis au sein de <a href=\"https:\/\/lau.sachsen-anhalt.de\/fachthemen\/umweltallianz\"><strong>l&rsquo;Alliance pour l&rsquo;environnement de Saxe-Anhalt<\/strong><\/a> et d&rsquo;avoir re\u00e7u le certificat officiel.<br \/>Par notre adh\u00e9sion, nous nous engageons volontairement en faveur de la protection de l&rsquo;environnement et du climat et souhaitons apporter notre contribution au d\u00e9veloppement durable.<br \/>Nous remercions l&rsquo;Office r\u00e9gional de protection de l&rsquo;environnement de Saxe-Anhalt pour cette reconnaissance et nous r\u00e9jouissons de poursuivre notre collaboration au sein du r\u00e9seau de l&rsquo;Alliance pour l&rsquo;environnement.<\/p>\n<p>Traduit avec DeepL.com (version gratuite)<\/p>\n<p>[\/et_pb_text][\/et_pb_column][et_pb_column _builder_version=\u00a0\u00bb4.27.4&Prime; _module_preset=\u00a0\u00bbdefault\u00a0\u00bb type=\u00a0\u00bb1_2&Prime;][et_pb_image src=\u00a0\u00bbhttps:\/\/oddesse.de\/wp-content\/uploads\/2026\/01\/Umweltallianz_Urkunde-2025-2.jpg\u00a0\u00bb _builder_version=\u00a0\u00bb4.27.4&Prime; _module_preset=\u00a0\u00bbdefault\u00a0\u00bb hover_enabled=\u00a0\u00bb0&Prime; sticky_enabled=\u00a0\u00bb0&Prime; title_text=\u00a0\u00bbUmweltallianz_Urkunde 2025&Prime; url=\u00a0\u00bbhttps:\/\/lau.sachsen-anhalt.de\/fachthemen\/umweltallianz\u00a0\u00bb][\/et_pb_image][\/et_pb_column][\/et_pb_row][et_pb_row column_structure=\u00a0\u00bb1_4,1_4,1_4,1_4&Prime; _builder_version=\u00a0\u00bb4.16&Prime; _module_preset=\u00a0\u00bbdefault\u00a0\u00bb global_colors_info=\u00a0\u00bb{}\u00a0\u00bb][et_pb_column type=\u00a0\u00bb1_4&Prime; _builder_version=\u00a0\u00bb4.16&Prime; _module_preset=\u00a0\u00bbdefault\u00a0\u00bb global_colors_info=\u00a0\u00bb{}\u00a0\u00bb][et_pb_image src=\u00a0\u00bbhttps:\/\/oddesse.de\/wp-content\/uploads\/2022\/01\/oddesse-Qualitaet-Logo-VDMA.png\u00a0\u00bb title_text=\u00a0\u00bblogo qualit\u00e9 oddesse VDMA\u00a0\u00bb align=\u00a0\u00bbcenter\u00a0\u00bb _builder_version=\u00a0\u00bb4.16&Prime; _module_preset=\u00a0\u00bbdefault\u00a0\u00bb global_colors_info=\u00a0\u00bb{}\u00a0\u00bb][\/et_pb_image][\/et_pb_column][et_pb_column type=\u00a0\u00bb1_4&Prime; _builder_version=\u00a0\u00bb4.16&Prime; _module_preset=\u00a0\u00bbdefault\u00a0\u00bb global_colors_info=\u00a0\u00bb{}\u00a0\u00bb][et_pb_image src=\u00a0\u00bbhttps:\/\/oddesse.de\/wp-content\/uploads\/2022\/01\/ISO_9001_farbe_single.png\u00a0\u00bb title_text=\u00a0\u00bbISO_9001_color_single\u00a0\u00bb url=\u00a0\u00bbhttps:\/\/www.tuvsud.com\/de-de\/dienstleistungen\/auditierung-und-zertifizierung\/pruefzeichenuebersicht\/iso-9001&Prime; url_new_window=\u00a0\u00bbon\u00a0\u00bb align=\u00a0\u00bbcenter\u00a0\u00bb _builder_version=\u00a0\u00bb4.16&Prime; _module_preset=\u00a0\u00bbdefault\u00a0\u00bb min_height=\u00a0\u00bb150px\u00a0\u00bb height=\u00a0\u00bb150px\u00a0\u00bb max_height=\u00a0\u00bb150px\u00a0\u00bb global_colors_info=\u00a0\u00bb{}\u00a0\u00bb][\/et_pb_image][\/et_pb_column][et_pb_column type=\u00a0\u00bb1_4&Prime; _builder_version=\u00a0\u00bb4.16&Prime; _module_preset=\u00a0\u00bbdefault\u00a0\u00bb global_colors_info=\u00a0\u00bb{}\u00a0\u00bb][et_pb_image src=\u00a0\u00bbhttps:\/\/oddesse.de\/wp-content\/uploads\/2022\/01\/oddesse-Umwelt-Logo-TUEV-Sued-ISO-14001.png\u00a0\u00bb title_text=\u00a0\u00bblogo-environnement-oddesse-TUEV-Sud-ISO-14001&Prime; url=\u00a0\u00bbhttps:\/\/www.tuvsud.com\/de-de\/dienstleistungen\/auditierung-und-zertifizierung\/pruefzeichenuebersicht\/iso-14001&Prime; url_new_window=\u00a0\u00bbon\u00a0\u00bb align=\u00a0\u00bbcenter\u00a0\u00bb _builder_version=\u00a0\u00bb4.16&Prime; _module_preset=\u00a0\u00bbdefault\u00a0\u00bb min_height=\u00a0\u00bb150px\u00a0\u00bb height=\u00a0\u00bb150px\u00a0\u00bb max_height=\u00a0\u00bb150px\u00a0\u00bb global_colors_info=\u00a0\u00bb{}\u00a0\u00bb][\/et_pb_image][\/et_pb_column][et_pb_column type=\u00a0\u00bb1_4&Prime; _builder_version=\u00a0\u00bb4.16&Prime; _module_preset=\u00a0\u00bbdefault\u00a0\u00bb global_colors_info=\u00a0\u00bb{}\u00a0\u00bb][et_pb_image src=\u00a0\u00bbhttps:\/\/oddesse.de\/wp-content\/uploads\/2022\/01\/oddesse-Qualitaet-Logo-AEO.png\u00a0\u00bb title_text=\u00a0\u00bbOddesse Qualit\u00e9 Logo AEO\u00a0\u00bb align=\u00a0\u00bbcenter\u00a0\u00bb _builder_version=\u00a0\u00bb4.16&Prime; _module_preset=\u00a0\u00bbdefault\u00a0\u00bb global_colors_info=\u00a0\u00bb{}\u00a0\u00bb][\/et_pb_image][\/et_pb_column][\/et_pb_row][\/et_pb_section]<\/p>\n","protected":false},"excerpt":{"rendered":"<p>oddesse est une entreprise tr\u00e8s active au niveau internationale avec de tradition de plus de 160 ans dans le domaine de la construction de pompes et de machines. Les attentes du march\u00e9, les r\u00e9glementations l\u00e9gales, les r\u00e8gles techniques ainsi que les conditions de protection de l&rsquo;environnement et de s\u00e9curit\u00e9 d\u00e9terminent la qualit\u00e9 de nos produits [&hellip;]<\/p>\n","protected":false},"author":2,"featured_media":0,"parent":243358,"menu_order":0,"comment_status":"closed","ping_status":"closed","template":"","meta":{"_et_pb_use_builder":"on","_et_pb_old_content":"","_et_gb_content_width":"","footnotes":""},"class_list":["post-243135","page","type-page","status-publish","hentry"],"_links":{"self":[{"href":"https:\/\/oddesse.de\/fr\/wp-json\/wp\/v2\/pages\/243135","targetHints":{"allow":["GET"]}}],"collection":[{"href":"https:\/\/oddesse.de\/fr\/wp-json\/wp\/v2\/pages"}],"about":[{"href":"https:\/\/oddesse.de\/fr\/wp-json\/wp\/v2\/types\/page"}],"author":[{"embeddable":true,"href":"https:\/\/oddesse.de\/fr\/wp-json\/wp\/v2\/users\/2"}],"replies":[{"embeddable":true,"href":"https:\/\/oddesse.de\/fr\/wp-json\/wp\/v2\/comments?post=243135"}],"version-history":[{"count":10,"href":"https:\/\/oddesse.de\/fr\/wp-json\/wp\/v2\/pages\/243135\/revisions"}],"predecessor-version":[{"id":249319,"href":"https:\/\/oddesse.de\/fr\/wp-json\/wp\/v2\/pages\/243135\/revisions\/249319"}],"up":[{"embeddable":true,"href":"https:\/\/oddesse.de\/fr\/wp-json\/wp\/v2\/pages\/243358"}],"wp:attachment":[{"href":"https:\/\/oddesse.de\/fr\/wp-json\/wp\/v2\/media?parent=243135"}],"curies":[{"name":"wp","href":"https:\/\/api.w.org\/{rel}","templated":true}]}}