{"id":247234,"date":"2022-02-10T11:57:10","date_gmt":"2022-02-10T11:57:10","guid":{"rendered":"https:\/\/oddesse.de\/?page_id=247234"},"modified":"2025-11-04T08:23:44","modified_gmt":"2025-11-04T08:23:44","slug":"ausbildung","status":"publish","type":"page","link":"https:\/\/oddesse.de\/es\/karriere\/ausbildung\/","title":{"rendered":"Ausbildung"},"content":{"rendered":"<p>[et_pb_section fb_built=\u00bb1&#8243; fullwidth=\u00bbon\u00bb _builder_version=\u00bb4.16&#8243; _module_preset=\u00bbdefault\u00bb global_colors_info=\u00bb{}\u00bb da_is_popup=\u00bboff\u00bb da_exit_intent=\u00bboff\u00bb da_has_close=\u00bbon\u00bb da_alt_close=\u00bboff\u00bb da_dark_close=\u00bboff\u00bb da_not_modal=\u00bbon\u00bb da_is_singular=\u00bboff\u00bb da_with_loader=\u00bboff\u00bb da_has_shadow=\u00bbon\u00bb da_disable_devices=\u00bboff|off|off\u00bb][et_pb_fullwidth_slider _builder_version=\u00bb4.27.4&#8243; _module_preset=\u00bbdefault\u00bb background_enable_color=\u00bboff\u00bb width_tablet=\u00bb\u00bb width_phone=\u00bb\u00bb width_last_edited=\u00bbon|phone\u00bb module_alignment=\u00bbleft\u00bb content_width=\u00bb73%\u00bb content_width_tablet=\u00bb73%\u00bb content_width_phone=\u00bb100%\u00bb content_width_last_edited=\u00bbon|phone\u00bb content_max_width_tablet=\u00bb\u00bb content_max_width_phone=\u00bb1080%\u00bb content_max_width_last_edited=\u00bbon|phone\u00bb min_height_tablet=\u00bb\u00bb min_height_phone=\u00bb\u00bb min_height_last_edited=\u00bbon|phone\u00bb height=\u00bb500px\u00bb height_tablet=\u00bb500px\u00bb height_phone=\u00bb250px\u00bb height_last_edited=\u00bbon|phone\u00bb max_height=\u00bb500px\u00bb max_height_tablet=\u00bb500px\u00bb max_height_phone=\u00bb250px\u00bb max_height_last_edited=\u00bbon|phone\u00bb custom_padding=\u00bb4px||6px|||\u00bb hover_enabled=\u00bb0&#8243; header_font_size_tablet=\u00bb\u00bb header_font_size_phone=\u00bb20px\u00bb header_font_size_last_edited=\u00bbon|phone\u00bb body_font_size_tablet=\u00bb\u00bb body_font_size_phone=\u00bb17px\u00bb body_font_size_last_edited=\u00bbon|phone\u00bb background_last_edited=\u00bbon|tablet\u00bb background_image_tablet=\u00bbhttps:\/\/oddesse.de\/wp-content\/uploads\/2022\/02\/karriere-banner.jpg\u00bb background_enable_image_tablet=\u00bbon\u00bb parallax_phone=\u00bboff\u00bb background_size_phone=\u00bbcover\u00bb text_orientation_tablet=\u00bb\u00bb text_orientation_phone=\u00bb\u00bb text_orientation_last_edited=\u00bbon|phone\u00bb module_alignment_tablet=\u00bbleft\u00bb module_alignment_phone=\u00bbcenter\u00bb module_alignment_last_edited=\u00bbon|phone\u00bb global_colors_info=\u00bb{}\u00bb title_text=\u00bbAzubi Banner Website\u00bb sticky_enabled=\u00bb0&#8243; background_enable_image=\u00bboff\u00bb][et_pb_slide heading=\u00bbAusbildung bei oddesse\u00bb use_bg_overlay=\u00bboff\u00bb use_text_overlay=\u00bbon\u00bb text_overlay_color=\u00bbrgba(181,18,62,0.54)\u00bb text_border_radius=\u00bb0px\u00bb heading_tablet=\u00bbAusbildung bei oddesse\u00bb heading_phone=\u00bbAusbildung bei oddesse\u00bb heading_last_edited=\u00bbon|phone\u00bb content_tablet=\u00bb<\/p>\n<h1><\/h1>\n<h1><\/h1>\n<h1>Wir bieten dir neue Perspektiven<\/h1>\n<p>\u00bb content_phone=\u00bb<\/p>\n<h1>Wir bieten dir neue Perspektiven<\/h1>\n<p>\u00bb content_last_edited=\u00bbon|desktop\u00bb text_border_radius_tablet=\u00bb0px\u00bb text_border_radius_phone=\u00bb0px\u00bb text_border_radius_last_edited=\u00bbon|phone\u00bb _builder_version=\u00bb4.27.4&#8243; _module_preset=\u00bbdefault\u00bb body_font_size=\u00bb30px\u00bb background_image=\u00bbhttps:\/\/oddesse.de\/wp-content\/uploads\/2025\/11\/Azubi-Titelbild-Website-scaled.jpeg\u00bb background_enable_image=\u00bbon\u00bb width=\u00bb100%\u00bb custom_padding_tablet=\u00bb\u00bb custom_padding_phone=\u00bb0px|0px|0px|0px|false|false\u00bb custom_padding_last_edited=\u00bbon|phone\u00bb hover_enabled=\u00bb0&#8243; header_font_tablet=\u00bb\u00bb header_font_phone=\u00bb\u00bb header_font_last_edited=\u00bbon|phone\u00bb body_font_size_tablet=\u00bb30px\u00bb body_font_size_phone=\u00bb16px\u00bb body_font_size_last_edited=\u00bbon|phone\u00bb background_last_edited=\u00bbon|desktop\u00bb background_image_tablet=\u00bbhttps:\/\/oddesse.de\/wp-content\/uploads\/2022\/02\/karriere-banner.jpg\u00bb background_enable_image_tablet=\u00bbon\u00bb background_size_tablet=\u00bbcover\u00bb background_size_phone=\u00bbcover\u00bb global_colors_info=\u00bb{}\u00bb sticky_transition=\u00bbon\u00bb title_text=\u00bbAzubi Titelbild Website\u00bb sticky_enabled=\u00bb0&#8243;]<\/p>\n<h1><\/h1>\n<h1>Wir bieten dir neue Perspektiven<\/h1>\n<p>[\/et_pb_slide][\/et_pb_fullwidth_slider][\/et_pb_section][et_pb_section fb_built=\u00bb1&#8243; admin_label=\u00bbsection\u00bb _builder_version=\u00bb4.16&#8243; global_colors_info=\u00bb{}\u00bb da_is_popup=\u00bboff\u00bb da_exit_intent=\u00bboff\u00bb da_has_close=\u00bbon\u00bb da_alt_close=\u00bboff\u00bb da_dark_close=\u00bboff\u00bb da_not_modal=\u00bbon\u00bb da_is_singular=\u00bboff\u00bb da_with_loader=\u00bboff\u00bb da_has_shadow=\u00bbon\u00bb da_disable_devices=\u00bboff|off|off\u00bb][et_pb_row admin_label=\u00bbrow\u00bb _builder_version=\u00bb4.16&#8243; background_size=\u00bbinitial\u00bb background_position=\u00bbtop_left\u00bb background_repeat=\u00bbrepeat\u00bb custom_padding=\u00bb3px||22px|||\u00bb global_colors_info=\u00bb{}\u00bb][et_pb_column type=\u00bb4_4&#8243; _builder_version=\u00bb4.16&#8243; custom_padding=\u00bb|||\u00bb global_colors_info=\u00bb{}\u00bb custom_padding__hover=\u00bb|||\u00bb][et_pb_text content_tablet=\u00bb<\/p>\n<p><!-- divi:paragraph --><\/p>\n<div class=%22ce_text first block%22>\n<div class=%22mod_article last block%22 id=%22karriere%22>\n<div class=%22ce_text first last block%22>\n<h2>Ausbildung zum<\/h2>\n<h1>Elektroniker f\u00fcr Betriebstechnik (m\/w\/d)<\/h1>\n<p>Die Ausbildung beginnt im August und dauert in der Regel 3 Jahre.<\/p>\n<h3>Das erwartet dich:<\/h3>\n<p>\u2022 Grundausbildung in der Ausbildungsst\u00e4tte SBH Magdeburg<br \/>\u2022 praktische Ausbildung im Bereich Motorenbau bei oddesse<br \/>\u2022 Berufsschule in der Europaschule Oschersleben<br \/>\u2022 Bereitstellung von Notebook, Werkzeugkoffer und Schulmaterialien<br \/>\u2022 kostenloses 49-Euro-Ticket<\/p>\n<\/p>\n<h3>Das bieten wir dir nach der Ausbildung:<\/h3>\n<p>\u2022 einen unbefristeteten Arbeitsplatz<br \/>\u2022 30 Tage Urlaub im Kalenderjahr<br \/>\u2022 Unterst\u00fctzung bei der individuellen beru\ufb02ichen Weiterentwicklung<br \/>\u2022 ein famili\u00e4res Umfeld<br \/>\u2022 eine betriebliche Altersvorsorge<br \/>\u2022 E-Bike-Leasing<br \/>\u2022 sowie Mitarbeiterbeteiligung<\/p>\n<p>Nach erfolgreichem Abschluss der Ausbildung erfolgt der Einsatz im Bereich Motorenbau f\u00fcr die folgenden T\u00e4tigkeiten:<br \/>\u2022 Herstellung von Elektromotoren in automatisierten Anlagen bzw. durch Handwicklungen<br \/>\u2022 Schalten der Motoren<br \/>\u2022 Fertigmontage der Motoren und Zusammenbau mit Pumpen zu Tauchmotorpumpen<br \/>\u2022 Pr\u00fcfen der Motoren an Pr\u00fcfst\u00e4nden bzw. auf einem modernen Pr\u00fcffeld<br \/>\u2022 Demontage und Montage von reparierten Motoren im Service-Bereich<\/p>\n<\/p>\n<h3>Das solltest du mitbringen:<\/h3>\n<p>\u2022 einen Realschulabschluss<br \/>\u2022 Interesse f\u00fcr Mathematik und Naturwissenschaften<br \/>\u2022 Interesse an technischen Anwendungen<br \/>\u2022 und handwerkliches Geschick<br \/>Au\u00dferdem erwarten wir Sorgfalt, Genauigkeit, Leistungsbereitschaft und Motivation sowie Zuverl\u00e4ssigkeit von unseren Mitarbeiterinnen und Mitarbeitern.<\/p>\n<p><strong><\/strong><\/p>\n<p>Haben wir dein Interesse geweckt? Wir freuen uns auf deine schriftliche Bewerbung an:<\/p>\n<p><strong><\/strong><\/p>\n<p><strong>oddesse<br \/>Pumpen- und Motorenfabrik GmbH<br \/>Personalb\u00fcro<br \/><\/strong><strong>Am Pappelwald 12<\/strong><br \/><strong>39387 Oschersleben (Bode)<\/strong><span style=%22color: #b5123e;%22><a href=%22mailto:info@oddesse.de%22 style=%22color: #b5123e;%22><\/a><\/span><\/p>\n<p><strong><\/strong><\/p>\n<p>Solltest du noch Fragen haben, sind wir unter der Nummer 03949 932 481 telefonisch und unter info@oddesse.de per Mail zu erreichen.<\/p>\n<\/div>\n<\/div>\n<\/div>\n<p><!-- \/divi:paragraph --><\/p>\n<p>\u00bb content_phone=\u00bb<\/p>\n<p><!-- divi:paragraph --><\/p>\n<div class=%22ce_text first block%22>\n<div class=%22mod_article last block%22 id=%22karriere%22>\n<div class=%22ce_text first last block%22>\n<h2>Ausbildung zum<\/h2>\n<h1>Elektroniker f\u00fcr Betriebstechnik (m\/w\/d)<\/h1>\n<p>Die Ausbildung beginnt im August und dauert in der Regel 3 Jahre.<\/p>\n<h2>Das erwartet dich:<\/h2>\n<p>\u2022 Grundausbildung in der Ausbildungsst\u00e4tte SBH Magdeburg<br \/>\u2022 praktische Ausbildung im Bereich Motorenbau bei oddesse<br \/>\u2022 Berufsschule in der Europaschule Oschersleben<br \/>\u2022 Bereitstellung von Notebook, Werkzeugkoffer und Schulmaterialien<br \/>\u2022 kostenloses 49-Euro-Ticket<\/p>\n<\/p>\n<h2>Das bieten wir dir nach der Ausbildung:<\/h2>\n<p>\u2022 einen unbefristeteten Arbeitsplatz<br \/>\u2022 30 Tage Urlaub im Kalenderjahr<br \/>\u2022 Unterst\u00fctzung bei der individuellen beru\ufb02ichen Weiterentwicklung<br \/>\u2022 ein famili\u00e4res Umfeld<br \/>\u2022 eine betriebliche Altersvorsorge<br \/>\u2022 E-Bike-Leasing<br \/>\u2022 sowie Mitarbeiterbeteiligung<\/p>\n<p>Nach erfolgreichem Abschluss der Ausbildung erfolgt der Einsatz im Bereich Motorenbau f\u00fcr die folgenden T\u00e4tigkeiten:<br \/>\u2022 Herstellung von Elektromotoren in automatisierten Anlagen bzw. durch Handwicklungen<br \/>\u2022 Schalten der Motoren<br \/>\u2022 Fertigmontage der Motoren und Zusammenbau mit Pumpen zu Tauchmotorpumpen<br \/>\u2022 Pr\u00fcfen der Motoren an Pr\u00fcfst\u00e4nden bzw. auf einem modernen Pr\u00fcffeld<br \/>\u2022 Demontage und Montage von reparierten Motoren im Service-Bereich<\/p>\n<\/p>\n<h2>Das solltest du mitbringen:<\/h2>\n<p>\u2022 einen Realschulabschluss<br \/>\u2022 Interesse f\u00fcr Mathematik und Naturwissenschaften<br \/>\u2022 Interesse an technischen Anwendungen<br \/>\u2022 und handwerkliches Geschick<br \/>Au\u00dferdem erwarten wir Sorgfalt, Genauigkeit, Leistungsbereitschaft und Motivation sowie Zuverl\u00e4ssigkeit von unseren Mitarbeiterinnen und Mitarbeitern.<\/p>\n<p><strong><\/strong><\/p>\n<p>Haben wir dein Interesse geweckt? Wir freuen uns auf deine schriftliche Bewerbung an:<\/p>\n<p><strong><\/strong><\/p>\n<p><strong>oddesse<br \/>Pumpen- und Motorenfabrik GmbH<br \/>Personalb\u00fcro<br \/><\/strong><strong>Am Pappelwald 12<\/strong><br \/><strong>39387 Oschersleben (Bode)<\/strong><span style=%22color: #b5123e;%22><a href=%22mailto:info@oddesse.de%22 style=%22color: #b5123e;%22><\/a><\/span><\/p>\n<p><strong><\/strong><\/p>\n<p>Solltest du noch Fragen haben, sind wir unter der Nummer 03949 932 481 telefonisch und unter info@oddesse.de per Mail zu erreichen.<\/p>\n<\/div>\n<\/div>\n<\/div>\n<p><!-- \/divi:paragraph --><\/p>\n<p>\u00bb content_last_edited=\u00bbon|tablet\u00bb admin_label=\u00bbText\u00bb _builder_version=\u00bb4.27.4&#8243; background_size=\u00bbinitial\u00bb background_position=\u00bbtop_left\u00bb background_repeat=\u00bbrepeat\u00bb hover_enabled=\u00bb0&#8243; global_colors_info=\u00bb{}\u00bb sticky_enabled=\u00bb0&#8243;]<!-- divi:paragraph --><\/p>\n<div class=\"ce_text first block\">\n<div class=\"mod_article last block\" id=\"karriere\">\n<div class=\"ce_text first last block\">\n<h2>Ausbildung (Lehrjahr 2026) zum<\/h2>\n<h1>Elektroniker f\u00fcr Betriebstechnik (m\/w\/d)<\/h1>\n<p>Die Ausbildung beginnt im September und dauert in der Regel 3 Jahre.<\/p>\n<h3>Das erwartet dich:<\/h3>\n<p>\u2022 Grundausbildung in der Ausbildungsst\u00e4tte SBH Magdeburg<br \/>\n\u2022 Berufsschule in der Europaschule Oschersleben<br \/>\n\u2022 praktische Ausbildung im Bereich Motorenbau in der oddesse<br \/>\n&nbsp;<\/p>\n<h3>Wir stellen dir:<\/h3>\n<p>\u2022 Notebook mit Grafiktablett<br \/>\n\u2022 kostenloses Deutschlandticket<br \/>\n\u2022 Bereitstellung von Schulmaterialien\/Schulb\u00fcchern<br \/>\n&nbsp;<\/p>\n<h3>Das bieten wir dir nach der Ausbildung:<\/h3>\n<p>\u2022 einen unbefristeteten Arbeitsplatz<br \/>\n\u2022 30 Tage Urlaub im Kalenderjahr<br \/>\n\u2022 Unterst\u00fctzung bei der individuellen beru\ufb02ichen Weiterentwicklung<br \/>\n\u2022 ein famili\u00e4res Umfeld<br \/>\n\u2022 eine betriebliche Altersvorsorge<br \/>\n\u2022 E-Bike-Leasing<br \/>\n\u2022 sowie Mitarbeiterbeteiligung<\/p>\n<p>Nach erfolgreichem Abschluss der Ausbildung erfolgt der Einsatz im Bereich Motorenbau f\u00fcr die folgenden T\u00e4tigkeiten:<br \/>\n\u2022 Herstellung von Elektromotoren in automatisierten Anlagen bzw. durch Handwicklungen<br \/>\n\u2022 Schalten der Motoren<br \/>\n\u2022 Fertigmontage der Motoren und Zusammenbau mit Pumpen zu Tauchmotorpumpen<br \/>\n\u2022 Pr\u00fcfen der Motoren an Pr\u00fcfst\u00e4nden bzw. auf einem modernen Pr\u00fcffeld<br \/>\n\u2022 Demontage und Montage von reparierten Motoren im Service-Bereich<br \/>\n&nbsp;<\/p>\n<h3>Das solltest du mitbringen:<\/h3>\n<p>\u2022 einen guten Realschulabschluss<br \/>\n\u2022 Interesse f\u00fcr Mathematik und Naturwissenschaften<br \/>\n\u2022 Interesse an technischen Anwendungen<br \/>\n\u2022 und handwerkliches Geschick<br \/>\nAu\u00dferdem erwarten wir Sorgfalt, Genauigkeit, Leistungsbereitschaft und Motivation sowie Zuverl\u00e4ssigkeit von unseren Mitarbeiterinnen und Mitarbeitern.<\/p>\n<p><strong><\/strong><\/p>\n<p>Haben wir dein Interesse geweckt? Wir freuen uns auf deine schriftliche Bewerbung an:<\/p>\n<p><strong><\/strong><\/p>\n<p><strong>oddesse<br \/>\nPumpen- und Motorenfabrik GmbH<br \/>\nPersonalb\u00fcro<br \/>\n<\/strong><strong>Am Pappelwald 12<\/strong><br \/>\n<strong>39387 Oschersleben (Bode)<\/strong><span style=\"color: #b5123e;\"><a href=\"mailto:info@oddesse.de\" style=\"color: #b5123e;\"><\/a><\/span><\/p>\n<p><strong><\/strong><\/p>\n<p>Solltest du noch Fragen haben, sind wir unter der Nummer 03949 932 481 telefonisch und unter info@oddesse.de per Mail zu erreichen.<\/p>\n<\/div>\n<\/div>\n<p>&nbsp;<\/p>\n<\/div>\n<p>&nbsp;<\/p>\n<p><!-- \/divi:paragraph -->[\/et_pb_text][\/et_pb_column][\/et_pb_row][et_pb_row column_structure=\u00bb3_5,2_5&#8243; _builder_version=\u00bb4.16&#8243; _module_preset=\u00bbdefault\u00bb global_colors_info=\u00bb{}\u00bb][et_pb_column type=\u00bb3_5&#8243; _builder_version=\u00bb4.16&#8243; _module_preset=\u00bbdefault\u00bb global_colors_info=\u00bb{}\u00bb][et_pb_text _builder_version=\u00bb4.16&#8243; _module_preset=\u00bbdefault\u00bb global_colors_info=\u00bb{}\u00bb]<\/p>\n<h1>Anerkanntes Ausbildungsunternehmen<\/h1>\n<figure class=\"image_container float_right\" style=\"margin-top: -10px; float: right;\"><a href=\"https:\/\/oddesse.de\/tl_files\/Karriere\/Zertifikat_Anerkanntes%20Ausbildungsunternehmen.jpg\" data-lightbox=\"26f5e8\"> <br \/><\/a><\/figure>\n<p><span>Wir sind ein von der Industrie- und Handelskammer Magdeburg gepr\u00fcftes und gem\u00e4\u00df Berufsbildungsgesetz anerkanntes Ausbildungsunternehmen.<\/span><\/p>\n<p>[\/et_pb_text][\/et_pb_column][et_pb_column type=\u00bb2_5&#8243; _builder_version=\u00bb4.16&#8243; _module_preset=\u00bbdefault\u00bb global_colors_info=\u00bb{}\u00bb][et_pb_image src=\u00bbhttps:\/\/oddesse.de\/wp-content\/uploads\/2022\/02\/Zertifikat_Anerkanntes-Ausbildungsunternehmen.jpg\u00bb title_text=\u00bbZertifikat_Anerkanntes Ausbildungsunternehmen\u00bb _builder_version=\u00bb4.16&#8243; _module_preset=\u00bbdefault\u00bb max_width=\u00bb70%\u00bb max_width_tablet=\u00bb70%\u00bb max_width_phone=\u00bb70%\u00bb max_width_last_edited=\u00bbon|phone\u00bb global_colors_info=\u00bb{}\u00bb][\/et_pb_image][\/et_pb_column][\/et_pb_row][\/et_pb_section]<\/p>\n","protected":false},"excerpt":{"rendered":"<p>Wir bieten dir neue Perspektiven Ausbildung (Lehrjahr 2026) zum Elektroniker f\u00fcr Betriebstechnik (m\/w\/d) Die Ausbildung beginnt im September und dauert in der Regel 3 Jahre. Das erwartet dich: \u2022 Grundausbildung in der Ausbildungsst\u00e4tte SBH Magdeburg \u2022 Berufsschule in der Europaschule Oschersleben \u2022 praktische Ausbildung im Bereich Motorenbau in der oddesse &nbsp; Wir stellen dir: \u2022 [&hellip;]<\/p>\n","protected":false},"author":1,"featured_media":0,"parent":1485,"menu_order":0,"comment_status":"closed","ping_status":"closed","template":"","meta":{"_et_pb_use_builder":"on","_et_pb_old_content":"<!-- wp:paragraph -->\n<p>This is an example page. It's different from a blog post because it will stay in one place and will show up in your site navigation (in most themes). Most people start with an About page that introduces them to potential site visitors. It might say something like this:<\/p>\n<!-- \/wp:paragraph -->\n\n<!-- wp:quote -->\n<blockquote class=\"wp-block-quote\"><p>Hi there! I'm a bike messenger by day, aspiring actor by night, and this is my website. I live in Los Angeles, have a great dog named Jack, and I like pi\u00f1a coladas. (And gettin' caught in the rain.)<\/p><\/blockquote>\n<!-- \/wp:quote -->\n\n<!-- wp:paragraph -->\n<p>...or something like this:<\/p>\n<!-- \/wp:paragraph -->\n\n<!-- wp:quote -->\n<blockquote class=\"wp-block-quote\"><p>The XYZ Doohickey Company was founded in 1971, and has been providing quality doohickeys to the public ever since. Located in Gotham City, XYZ employs over 2,000 people and does all kinds of awesome things for the Gotham community.<\/p><\/blockquote>\n<!-- \/wp:quote -->\n\n<!-- wp:paragraph -->\n<p>As a new WordPress user, you should go to <a href=\"https:\/\/oddesse.de\/wp-admin\/\">your dashboard<\/a> to delete this page and create new pages for your content. Have fun!<\/p>\n<!-- \/wp:paragraph -->","_et_gb_content_width":"","footnotes":""},"class_list":["post-247234","page","type-page","status-publish","hentry"],"_links":{"self":[{"href":"https:\/\/oddesse.de\/es\/wp-json\/wp\/v2\/pages\/247234","targetHints":{"allow":["GET"]}}],"collection":[{"href":"https:\/\/oddesse.de\/es\/wp-json\/wp\/v2\/pages"}],"about":[{"href":"https:\/\/oddesse.de\/es\/wp-json\/wp\/v2\/types\/page"}],"author":[{"embeddable":true,"href":"https:\/\/oddesse.de\/es\/wp-json\/wp\/v2\/users\/1"}],"replies":[{"embeddable":true,"href":"https:\/\/oddesse.de\/es\/wp-json\/wp\/v2\/comments?post=247234"}],"version-history":[{"count":10,"href":"https:\/\/oddesse.de\/es\/wp-json\/wp\/v2\/pages\/247234\/revisions"}],"predecessor-version":[{"id":249175,"href":"https:\/\/oddesse.de\/es\/wp-json\/wp\/v2\/pages\/247234\/revisions\/249175"}],"up":[{"embeddable":true,"href":"https:\/\/oddesse.de\/es\/wp-json\/wp\/v2\/pages\/1485"}],"wp:attachment":[{"href":"https:\/\/oddesse.de\/es\/wp-json\/wp\/v2\/media?parent=247234"}],"curies":[{"name":"wp","href":"https:\/\/api.w.org\/{rel}","templated":true}]}}