{"id":245405,"date":"2022-02-10T12:16:39","date_gmt":"2022-02-10T12:16:39","guid":{"rendered":"https:\/\/test376518.live-website.com\/acerca-de-oddesse\/filosofia\/"},"modified":"2022-05-10T13:31:25","modified_gmt":"2022-05-10T13:31:25","slug":"filosofia","status":"publish","type":"page","link":"https:\/\/oddesse.de\/es\/acerca-de-oddesse\/filosofia\/","title":{"rendered":"Filosof\u00eda"},"content":{"rendered":"<p>[et_pb_section fb_built=\u00bb1&#8243; fullwidth=\u00bbon\u00bb _builder_version=\u00bb4.16&#8243; _module_preset=\u00bbdefault\u00bb global_colors_info=\u00bb{}\u00bb][et_pb_fullwidth_slider _builder_version=\u00bb4.17.0&#8243; _module_preset=\u00bbdefault\u00bb background_image=\u00bbhttps:\/\/oddesse.de\/wp-content\/uploads\/2022\/01\/Qualitaet-und-Umwelt.jpg\u00bb width_tablet=\u00bb\u00bb width_phone=\u00bb\u00bb width_last_edited=\u00bbon|phone\u00bb module_alignment=\u00bbleft\u00bb content_width=\u00bb73%\u00bb content_width_tablet=\u00bb73%\u00bb content_width_phone=\u00bb100%\u00bb content_width_last_edited=\u00bbon|phone\u00bb content_max_width_tablet=\u00bb\u00bb content_max_width_phone=\u00bb1080%\u00bb content_max_width_last_edited=\u00bbon|phone\u00bb min_height_tablet=\u00bb\u00bb min_height_phone=\u00bb\u00bb min_height_last_edited=\u00bbon|phone\u00bb height=\u00bb500px\u00bb height_tablet=\u00bb500px\u00bb height_phone=\u00bb250px\u00bb height_last_edited=\u00bbon|phone\u00bb max_height=\u00bb500px\u00bb max_height_tablet=\u00bb500px\u00bb max_height_phone=\u00bb250px\u00bb max_height_last_edited=\u00bbon|phone\u00bb custom_padding=\u00bb4px||6px|||\u00bb header_font_size_tablet=\u00bb\u00bb header_font_size_phone=\u00bb20px\u00bb header_font_size_last_edited=\u00bbon|phone\u00bb body_font_size_tablet=\u00bb\u00bb body_font_size_phone=\u00bb17px\u00bb body_font_size_last_edited=\u00bbon|phone\u00bb text_orientation_tablet=\u00bb\u00bb text_orientation_phone=\u00bb\u00bb text_orientation_last_edited=\u00bbon|phone\u00bb module_alignment_tablet=\u00bbleft\u00bb module_alignment_phone=\u00bbcenter\u00bb module_alignment_last_edited=\u00bbon|phone\u00bb global_colors_info=\u00bb{}\u00bb][et_pb_slide heading=\u00bbSoluciones complejas\u00bb use_bg_overlay=\u00bboff\u00bb use_text_overlay=\u00bbon\u00bb text_border_radius=\u00bb0px\u00bb content_tablet=\u00bb<\/p>\n<h1><\/h1>\n<h1><\/h1>\n<h1>para el hombre, la t\u00e9cnica y el medio ambiente<\/h1>\n<p>\u00bb content_phone=\u00bb<\/p>\n<h1><\/h1>\n<h1><\/h1>\n<h1>para el hombre, la t\u00e9cnica y el medio ambiente<\/h1>\n<p>\u00bb content_last_edited=\u00bbon|phone\u00bb text_border_radius_tablet=\u00bb0px\u00bb text_border_radius_phone=\u00bb0px\u00bb text_border_radius_last_edited=\u00bbon|phone\u00bb _builder_version=\u00bb4.17.0&#8243; _module_preset=\u00bbdefault\u00bb body_font_size=\u00bb30px\u00bb background_image=\u00bbhttps:\/\/oddesse.de\/wp-content\/uploads\/2022\/01\/Qualitaet-und-Umwelt.jpg\u00bb background_enable_image=\u00bbon\u00bb width=\u00bb100%\u00bb custom_padding_tablet=\u00bb\u00bb custom_padding_phone=\u00bb0px|0px|0px|0px|false|false\u00bb custom_padding_last_edited=\u00bbon|phone\u00bb header_font_tablet=\u00bb\u00bb header_font_phone=\u00bb\u00bb header_font_last_edited=\u00bbon|phone\u00bb body_font_size_tablet=\u00bb30px\u00bb body_font_size_phone=\u00bb16px\u00bb body_font_size_last_edited=\u00bbon|phone\u00bb background_last_edited=\u00bbon|phone\u00bb background_size_phone=\u00bbcontain\u00bb background_position_phone=\u00bbcenter\u00bb global_colors_info=\u00bb{}\u00bb sticky_transition=\u00bbon\u00bb]<\/p>\n<h1><\/h1>\n<h1>para el hombre, la t\u00e9cnica y el medio ambiente<\/h1>\n<p>[\/et_pb_slide][\/et_pb_fullwidth_slider][\/et_pb_section][et_pb_section fb_built=\u00bb1&#8243; admin_label=\u00bbsection\u00bb _builder_version=\u00bb4.16&#8243; custom_padding=\u00bb60px|||||\u00bb global_colors_info=\u00bb{}\u00bb][et_pb_row admin_label=\u00bbfila\u00bb _builder_version=\u00bb4.16&#8243; background_size=\u00bbinitial\u00bb background_position=\u00bbtop_left\u00bb background_repeat=\u00bbrepeat\u00bb custom_padding=\u00bb0px|||||\u00bb global_colors_info=\u00bb{}\u00bb][et_pb_column type=\u00bb4_4&#8243; _builder_version=\u00bb4.16&#8243; custom_padding=\u00bb|||\u00bb global_colors_info=\u00bb{}\u00bb custom_padding__hover=\u00bb|||\u00bb][et_pb_text admin_label=\u00bbText\u00bb _builder_version=\u00bb4.17.3&#8243; background_size=\u00bbinitial\u00bb background_position=\u00bbtop_left\u00bb background_repeat=\u00bbrepeat\u00bb hover_enabled=\u00bb0&#8243; global_colors_info=\u00bb{}\u00bb sticky_enabled=\u00bb0&#8243;]<\/p>\n<p>oddesse acepta globalmente los complejos desaf\u00edos del tiempo: <strong>El hombre, la t\u00e9cnica y el medio ambiente<\/strong> se encuentran al mismo nivel en el centro de los pensamientos y las actuaciones de la empresa.<\/p>\n<p>Todos los empleados de la empresa piensan de forma consecuente de orientado al cliente. La fuerza innovadora no solo se limita a las soluciones t\u00e9cnicas atractivas, sino que tambi\u00e9n se extiende a la durabilidad y la sostenibilidad de los productos con el aprovechamiento \u00f3ptimo de los recursos. oddesse desarrolla sistemas de bombeo inteligentes con bombas y motores de alta potencia y efectivos.<\/p>\n<p>Adem\u00e1s de la gama de productos de alta calidad de motobombas sumergibles y motores sumergibles, la empresa como proveedor flexible tambi\u00e9n ofrece servicios de cooperaci\u00f3n fiables y un servicio bien desarrollado en m\u00e1s de 50 pa\u00edses.<\/p>\n<p>[\/et_pb_text][\/et_pb_column][\/et_pb_row][\/et_pb_section]<\/p>\n","protected":false},"excerpt":{"rendered":"<p>para el hombre, la t\u00e9cnica y el medio ambienteoddesse acepta globalmente los complejos desaf\u00edos del tiempo: El hombre, la t\u00e9cnica y el medio ambiente se encuentran al mismo nivel en el centro de los pensamientos y las actuaciones de la empresa. Todos los empleados de la empresa piensan de forma consecuente de orientado al cliente. [&hellip;]<\/p>\n","protected":false},"author":1,"featured_media":0,"parent":243364,"menu_order":0,"comment_status":"closed","ping_status":"closed","template":"","meta":{"_et_pb_use_builder":"on","_et_pb_old_content":"","_et_gb_content_width":"","footnotes":""},"class_list":["post-245405","page","type-page","status-publish","hentry"],"_links":{"self":[{"href":"https:\/\/oddesse.de\/es\/wp-json\/wp\/v2\/pages\/245405","targetHints":{"allow":["GET"]}}],"collection":[{"href":"https:\/\/oddesse.de\/es\/wp-json\/wp\/v2\/pages"}],"about":[{"href":"https:\/\/oddesse.de\/es\/wp-json\/wp\/v2\/types\/page"}],"author":[{"embeddable":true,"href":"https:\/\/oddesse.de\/es\/wp-json\/wp\/v2\/users\/1"}],"replies":[{"embeddable":true,"href":"https:\/\/oddesse.de\/es\/wp-json\/wp\/v2\/comments?post=245405"}],"version-history":[{"count":2,"href":"https:\/\/oddesse.de\/es\/wp-json\/wp\/v2\/pages\/245405\/revisions"}],"predecessor-version":[{"id":245407,"href":"https:\/\/oddesse.de\/es\/wp-json\/wp\/v2\/pages\/245405\/revisions\/245407"}],"up":[{"embeddable":true,"href":"https:\/\/oddesse.de\/es\/wp-json\/wp\/v2\/pages\/243364"}],"wp:attachment":[{"href":"https:\/\/oddesse.de\/es\/wp-json\/wp\/v2\/media?parent=245405"}],"curies":[{"name":"wp","href":"https:\/\/api.w.org\/{rel}","templated":true}]}}