{"id":244551,"date":"2022-04-12T10:31:45","date_gmt":"2022-04-12T10:31:45","guid":{"rendered":"https:\/\/test376518.live-website.com\/?page_id=244551"},"modified":"2022-06-10T09:07:33","modified_gmt":"2022-06-10T09:07:33","slug":"bombas-de-helice-2","status":"publish","type":"page","link":"https:\/\/oddesse.de\/es\/bombas\/bombas-de-helice\/bombas-de-helice-2\/","title":{"rendered":"Bombas s\u00edncronas de h\u00e9lice de imanes permanentes"},"content":{"rendered":"<p>[et_pb_section fb_built=\u00bb1&#8243; fullwidth=\u00bbon\u00bb _builder_version=\u00bb4.16&#8243; _module_preset=\u00bbdefault\u00bb global_colors_info=\u00bb{}\u00bb][et_pb_fullwidth_slider _builder_version=\u00bb4.17.0&#8243; _module_preset=\u00bbdefault\u00bb width_tablet=\u00bb\u00bb width_phone=\u00bb\u00bb width_last_edited=\u00bbon|phone\u00bb module_alignment=\u00bbleft\u00bb content_width=\u00bb73%\u00bb content_width_tablet=\u00bb73%\u00bb content_width_phone=\u00bb100%\u00bb content_width_last_edited=\u00bbon|phone\u00bb content_max_width_tablet=\u00bb\u00bb content_max_width_phone=\u00bb1080%\u00bb content_max_width_last_edited=\u00bbon|phone\u00bb min_height_tablet=\u00bb\u00bb min_height_phone=\u00bb\u00bb min_height_last_edited=\u00bbon|phone\u00bb height=\u00bb500px\u00bb height_tablet=\u00bb500px\u00bb height_phone=\u00bb250px\u00bb height_last_edited=\u00bbon|phone\u00bb max_height=\u00bb500px\u00bb max_height_tablet=\u00bb500px\u00bb max_height_phone=\u00bb250px\u00bb max_height_last_edited=\u00bbon|phone\u00bb custom_padding=\u00bb4px||6px|||\u00bb header_font_size_tablet=\u00bb\u00bb header_font_size_phone=\u00bb20px\u00bb header_font_size_last_edited=\u00bbon|phone\u00bb body_font_size_tablet=\u00bb\u00bb body_font_size_phone=\u00bb17px\u00bb body_font_size_last_edited=\u00bbon|phone\u00bb text_orientation_tablet=\u00bb\u00bb text_orientation_phone=\u00bb\u00bb text_orientation_last_edited=\u00bbon|phone\u00bb module_alignment_tablet=\u00bbleft\u00bb module_alignment_phone=\u00bbcenter\u00bb module_alignment_last_edited=\u00bbon|phone\u00bb global_colors_info=\u00bb{}\u00bb][et_pb_slide heading=\u00bbEficiencia en la perfecci\u00f3n\u00bb use_bg_overlay=\u00bboff\u00bb use_text_overlay=\u00bbon\u00bb text_overlay_color=\u00bbrgba(181,18,62,0.39)\u00bb text_border_radius=\u00bb0px\u00bb content_tablet=\u00bb<\/p>\n<h1><\/h1>\n<h1><\/h1>\n<h1>oddesse-Motobombas sumergibles<\/h1>\n<p>\u00bb content_phone=\u00bb<\/p>\n<h1><\/h1>\n<h1><\/h1>\n<h1>oddesse-Bombas de h\u00e9lice<\/h1>\n<p>\u00bb content_last_edited=\u00bbon|phone\u00bb text_border_radius_tablet=\u00bb0px\u00bb text_border_radius_phone=\u00bb0px\u00bb text_border_radius_last_edited=\u00bbon|phone\u00bb _builder_version=\u00bb4.17.0&#8243; _module_preset=\u00bbdefault\u00bb body_font_size=\u00bb30px\u00bb background_image=\u00bbhttps:\/\/oddesse.de\/wp-content\/uploads\/2022\/01\/Slider-upl.jpg\u00bb background_enable_image=\u00bbon\u00bb width=\u00bb100%\u00bb custom_padding_tablet=\u00bb\u00bb custom_padding_phone=\u00bb0px|0px|0px|0px|false|false\u00bb custom_padding_last_edited=\u00bbon|phone\u00bb body_font_size_tablet=\u00bb30px\u00bb body_font_size_phone=\u00bb16px\u00bb body_font_size_last_edited=\u00bbon|phone\u00bb global_colors_info=\u00bb{}\u00bb sticky_transition=\u00bbon\u00bb]<\/p>\n<h1><\/h1>\n<h1><\/h1>\n<h1>oddesse-Bombas s\u00edncronas de h\u00e9lice de imanes permanent<\/h1>\n<p>[\/et_pb_slide][\/et_pb_fullwidth_slider][\/et_pb_section][et_pb_section fb_built=\u00bb1&#8243; _builder_version=\u00bb4.16&#8243; _module_preset=\u00bbdefault\u00bb global_colors_info=\u00bb{}\u00bb][et_pb_row column_structure=\u00bb3_5,2_5&#8243; use_custom_gutter=\u00bbon\u00bb gutter_width=\u00bb1&#8243; disabled_on=\u00bbon|off|off\u00bb _builder_version=\u00bb4.16&#8243; _module_preset=\u00bbdefault\u00bb width=\u00bb100%\u00bb custom_margin_tablet=\u00bb\u00bb custom_margin_phone=\u00bb\u00bb custom_margin_last_edited=\u00bbon|phone\u00bb custom_padding=\u00bb0px||||false|false\u00bb custom_css_main_element=\u00bbdisplay:flex;\u00bb global_colors_info=\u00bb{}\u00bb][et_pb_column type=\u00bb3_5&#8243; _builder_version=\u00bb4.16&#8243; _module_preset=\u00bbdefault\u00bb global_colors_info=\u00bb{}\u00bb][et_pb_image src=\u00bbhttps:\/\/oddesse.de\/wp-content\/uploads\/2022\/01\/Propellerpumpe-Schnitt-1.jpg\u00bb title_text=\u00bbCorte de la bomba de h\u00e9lice\u00bb align=\u00bbcenter\u00bb _builder_version=\u00bb4.16&#8243; _module_preset=\u00bbdefault\u00bb min_height=\u00bb409px\u00bb custom_margin=\u00bb0px|66px|||false|false\u00bb custom_padding=\u00bb148px||24px|||\u00bb global_colors_info=\u00bb{}\u00bb][\/et_pb_image][\/et_pb_column][et_pb_column type=\u00bb2_5&#8243; _builder_version=\u00bb4.16&#8243; _module_preset=\u00bbdefault\u00bb global_colors_info=\u00bb{}\u00bb][et_pb_text _builder_version=\u00bb4.17.0&#8243; _module_preset=\u00bbdefault\u00bb background_color=\u00bbRGBA(0,0,0,0)\u00bb custom_margin=\u00bb87px||||false|false\u00bb custom_padding=\u00bb||40px|||\u00bb global_colors_info=\u00bb{}\u00bb]<\/p>\n<h2>Tipo: po-upl-s<\/h2>\n<p>Las bombas de h\u00e9lice s\u00edncrona de imanes permanentes de alta eficiencia oddesse son bombas centr\u00edfugas de una sola etapa con un impulsor semiaxial abierto. Se utilizan para bombear agua limpia y ligeramente contaminada.<\/p>\n<p>[\/et_pb_text][et_pb_text _builder_version=\u00bb4.16&#8243; _module_preset=\u00bbdefault\u00bb text_text_color=\u00bb#FFFFFF\u00bb text_font_size=\u00bb24px\u00bb background_color=\u00bb#B5123E\u00bb custom_margin=\u00bb0px||||false|false\u00bb custom_padding=\u00bb12px||12px|12px|false|false\u00bb global_colors_info=\u00bb{}\u00bb]<\/p>\n<p>Datos operacionales<\/p>\n<p>[\/et_pb_text][et_pb_text _builder_version=\u00bb4.17.0&#8243; _module_preset=\u00bbdefault\u00bb background_color=\u00bb#303447&#8243; background_layout=\u00bbdark\u00bb custom_margin=\u00bb0px||||false|false\u00bb custom_padding=\u00bb0px||||false|false\u00bb border_color_all=\u00bbRGBA(255,255,255,0)\u00bb global_colors_info=\u00bb{}\u00bb]<\/p>\n<table style=\"border-collapse: collapse; width: 100%; height: 24px;\" border=\"1\">\n<tbody>\n<tr style=\"height: 24px;\">\n<td style=\"width: 61.2462%; height: 24px;\">Caudal<br \/>Altura de extracci\u00f3n<br \/>Power<br \/>Voltaje<br \/>Tipo actual<br \/>Frecuencia<br \/>Grado de protecci\u00f3n<br \/>Temperatura<\/td>\n<td style=\"width: 38.7538%; height: 24px;\">&#8230; 1.150 m\u00b3\/h<br \/>&#8230; 35 m<br \/>&#8230; 55 kW<br \/>&#8230; 460 V<br \/>3~<br \/>&#8230; 60 Hz<br \/>IP 68<br \/>&#8230; 50 \u00b0C<\/td>\n<\/tr>\n<\/tbody>\n<\/table>\n<p>[\/et_pb_text][\/et_pb_column][\/et_pb_row][et_pb_row use_custom_gutter=\u00bbon\u00bb gutter_width=\u00bb1&#8243; disabled_on=\u00bboff|on|on\u00bb _builder_version=\u00bb4.16&#8243; _module_preset=\u00bbdefault\u00bb width=\u00bb100%\u00bb custom_margin_tablet=\u00bb\u00bb custom_margin_phone=\u00bb\u00bb custom_margin_last_edited=\u00bbon|phone\u00bb custom_padding=\u00bb0px||||false|false\u00bb custom_css_main_element=\u00bbdisplay:flex;\u00bb global_colors_info=\u00bb{}\u00bb][et_pb_column type=\u00bb4_4&#8243; _builder_version=\u00bb4.16&#8243; _module_preset=\u00bbdefault\u00bb global_colors_info=\u00bb{}\u00bb][et_pb_text disabled_on=\u00bboff|on|on\u00bb _builder_version=\u00bb4.17.0&#8243; _module_preset=\u00bbdefault\u00bb background_color=\u00bbRGBA(0,0,0,0)\u00bb custom_margin=\u00bb0px||||false|false\u00bb custom_margin_tablet=\u00bb0px||||false|false\u00bb custom_margin_phone=\u00bb0px||||false|false\u00bb custom_margin_last_edited=\u00bbon|phone\u00bb custom_padding=\u00bb|10px|0px|10px|false|false\u00bb header_font_tablet=\u00bb\u00bb header_font_phone=\u00bb\u00bb header_font_last_edited=\u00bbon|desktop\u00bb global_colors_info=\u00bb{}\u00bb]<\/p>\n<h2>Tipo: po-upl<\/h2>\n<p>Las bombas de h\u00e9lice s\u00edncrona de imanes permanentes de alta eficiencia oddesse son bombas centr\u00edfugas de una sola etapa con un impulsor semiaxial abierto. Se utilizan para bombear agua limpia y ligeramente contaminada.<\/p>\n<p>[\/et_pb_text][et_pb_image src=\u00bbhttps:\/\/oddesse.de\/wp-content\/uploads\/2022\/01\/Propellerpumpe-Schnitt-1.jpg\u00bb title_text=\u00bbCorte de la bomba de h\u00e9lice\u00bb align=\u00bbcenter\u00bb align_tablet=\u00bbcenter\u00bb align_phone=\u00bbcenter\u00bb align_last_edited=\u00bbon|phone\u00bb disabled_on=\u00bboff|on|on\u00bb _builder_version=\u00bb4.16&#8243; _module_preset=\u00bbdefault\u00bb width=\u00bb100%\u00bb custom_margin=\u00bb0px|66px|||false|false\u00bb custom_padding=\u00bb||24px|||\u00bb global_colors_info=\u00bb{}\u00bb][\/et_pb_image][et_pb_text disabled_on=\u00bboff|on|on\u00bb _builder_version=\u00bb4.16&#8243; _module_preset=\u00bbdefault\u00bb text_text_color=\u00bb#FFFFFF\u00bb background_color=\u00bb#B5123E\u00bb custom_margin=\u00bb0px||||false|false\u00bb custom_padding=\u00bb12px||12px|12px|false|false\u00bb global_colors_info=\u00bb{}\u00bb]<\/p>\n<p>Datos operacionales<\/p>\n<p>[\/et_pb_text][et_pb_text content_tablet=\u00bb<\/p>\n<table style=%22border-collapse: collapse; width: 100%; height: 20px;%22 border=%221%22>\n<tbody>\n<tr style=%22height: 20px;%22>\n<td style=%22width: 50%; height: 20px;%22>Caudal<br \/>Altura de extracci\u00f3n<br \/>Power<br \/>Voltaje<br \/>Tipo actual<br \/>Frecuencia<br \/>Grado de protecci\u00f3n<br \/>Temperatura<\/td>\n<td style=%22width: 25%; height: 24px;%22>&#8230; 1.150 m\u00b3\/h<br \/>&#8230; 35 m<br \/>&#8230; 55 kW<br \/>&#8230; 460 V<br \/>3~<br \/>&#8230; 60 Hz<br \/>IP 68<br \/>&#8230; 50 \u00b0C<\/td>\n<\/tr>\n<\/tbody>\n<\/table>\n<p>\u00bb content_phone=\u00bb<\/p>\n<table style=%22border-collapse: collapse; width: 100%; height: 20px;%22 border=%221%22>\n<tbody>\n<tr style=%22height: 20px;%22>\n<td style=%22width: 43.0379%; height: 20px;%22>Caudal<br \/>Altura de extracci\u00f3n<br \/>Power<br \/>Voltaje<br \/>Tipo actual<br \/>Frecuencia<br \/>Grado de protecci\u00f3n<br \/>Temperatura<\/td>\n<td style=%22width: 31.9621%; height: 24px;%22>&#8230; 1.150 m\u00b3\/h<br \/>&#8230; 35 m<br \/>&#8230; 55 kW<br \/>&#8230; 460 V<br \/>3~<br \/>&#8230; 60 Hz<br \/>IP 68<br \/>&#8230; 50 \u00b0C<\/td>\n<\/tr>\n<\/tbody>\n<\/table>\n<p>\u00bb content_last_edited=\u00bbon|phone\u00bb disabled_on=\u00bboff|on|on\u00bb _builder_version=\u00bb4.17.0&#8243; _module_preset=\u00bbdefault\u00bb text_font_size=\u00bb16px\u00bb text_line_height=\u00bb1.9em\u00bb background_color=\u00bb#303447&#8243; background_layout=\u00bbdark\u00bb width_tablet=\u00bb\u00bb width_phone=\u00bb\u00bb width_last_edited=\u00bbon|phone\u00bb custom_margin=\u00bb0px||||false|false\u00bb custom_padding=\u00bb0px||||false|false\u00bb border_color_all=\u00bbRGBA(255,255,255,0)\u00bb global_colors_info=\u00bb{}\u00bb]<\/p>\n<table style=\"border-collapse: collapse; width: 100%; height: 20px;\" border=\"1\">\n<tbody>\n<tr style=\"height: 20px;\">\n<td style=\"width: 39.2405%; height: 20px;\">Caudal<br \/>Altura de extracci\u00f3n<br \/>Power<br \/>Voltaje<br \/>Tipo actual<br \/>Frecuencia<br \/>Grado de protecci\u00f3n<br \/>Temperatura<\/td>\n<td style=\"width: 35.7595%; height: 24px;\">&#8230; 1.150 m\u00b3\/h<br \/>&#8230; 35 m<br \/>&#8230; 55 kW<br \/>&#8230; 460 V<br \/>3~<br \/>&#8230; 60 Hz<br \/>IP 68<br \/>&#8230; 50 \u00b0C<\/td>\n<\/tr>\n<\/tbody>\n<\/table>\n<p>[\/et_pb_text][\/et_pb_column][\/et_pb_row][et_pb_row disabled_on=\u00bbon|off|off\u00bb _builder_version=\u00bb4.16&#8243; _module_preset=\u00bbdefault\u00bb global_colors_info=\u00bb{}\u00bb][et_pb_column type=\u00bb4_4&#8243; _builder_version=\u00bb4.16&#8243; _module_preset=\u00bbdefault\u00bb global_colors_info=\u00bb{}\u00bb][et_pb_accordion _builder_version=\u00bb4.17.0&#8243; _module_preset=\u00bbdefault\u00bb background_color=\u00bbRGBA(0,0,0,0)\u00bb global_colors_info=\u00bb{}\u00bb][et_pb_accordion_item title=\u00bbCampos de aplicaci\u00f3n\u00bb open=\u00bbon\u00bb open_toggle_text_color=\u00bb#B5123E\u00bb icon_color=\u00bb#B5123E\u00bb _builder_version=\u00bb4.17.0&#8243; _module_preset=\u00bbdefault\u00bb global_colors_info=\u00bb{}\u00bb toggle_level=\u00bbh2&#8243;]<\/p>\n<ul>\n<li>riego y desag\u00fce de superficies agr\u00edcolas<\/li>\n<li>regulaci\u00f3n del nivel de agua (estaciones elevadoras de agua y bombas p\u00f3lder)<\/li>\n<li>circulaci\u00f3n de agua en instalaciones de depuraci\u00f3n<\/li>\n<li>incremento de ox\u00edgeno en aguas para piscicultura<\/li>\n<li>estibaci\u00f3n de embarcaciones, transbordadores y buques cisterna<\/li>\n<li>vaciado o inundaci\u00f3n de muelles y dep\u00f3sitos flotantes<\/li>\n<li>agua limpia o ligeramente sucia con un contenido de s\u00f3lidos de hasta 50 mg\/l<\/li>\n<li>agua dulce, de mar y salobre<\/li>\n<li>temperaturas del medio transportado de hasta 50 \u00b0C<\/li>\n<li>posibilidad de montaje vertical y horizontal<\/li>\n<li>utilizable como bomba en l\u00ednea y sumergible<\/li>\n<\/ul>\n<p>[\/et_pb_accordion_item][et_pb_accordion_item title=\u00bbVersiones\u00bb open_toggle_text_color=\u00bb#B5123E\u00bb icon_color=\u00bb#B5123E\u00bb _builder_version=\u00bb4.17.0&#8243; _module_preset=\u00bbdefault\u00bb global_colors_info=\u00bb{}\u00bb toggle_level=\u00bbh2&#8243; open=\u00bboff\u00bb]<\/p>\n<ul>\n<li>bombas centr\u00edfugas de una etapa con impulsor de bronce especial abierto con tratamiento superficial<\/li>\n<li>motor trif\u00e1sico rebobinable con rotor dotado de imanes permanentes<\/li>\n<li>lubricaci\u00f3n de los cojinetes lisos radiales por fluido de motor<\/li>\n<li>el l\u00edquido del motor est\u00e1 compuesto por una mezcla de glicol y agua o un relleno de agua pura<\/li>\n<li>el empuje del eje es absorbido por un cojinete axial de doble cara con almohadillas basculantes autoajustables<\/li>\n<li>el diafragma asegura la ecualizaci\u00f3n de la presi\u00f3n entre el motor y el entorno<\/li>\n<li>el funcionamiento del po-upl-s s\u00f3lo es posible con un convertidor de frecuencia<\/li>\n<li>posibilidad de disposici\u00f3n t\u00e1ndem y dorso contra dorso<\/li>\n<li>materiales de alta calidad para la utilizaci\u00f3n en agua de servicio, industrial y marina<\/li>\n<\/ul>\n<p>[\/et_pb_accordion_item][et_pb_accordion_item title=\u00bbVentajas\u00bb open_toggle_text_color=\u00bb#B5123E\u00bb icon_color=\u00bb#B5123E\u00bb _builder_version=\u00bb4.17.0&#8243; _module_preset=\u00bbdefault\u00bb global_colors_info=\u00bb{}\u00bb toggle_level=\u00bbh2&#8243; open=\u00bboff\u00bb]<\/p>\n<ul>\n<li>alta eficiencia energ\u00e9tica y mayor rendimiento<\/li>\n<li>bajo consumo de energ\u00eda y reducci\u00f3n significativa de los costes energ\u00e9ticos<\/li>\n<li>las piezas resistentes al desgaste y el f\u00e1cil mantenimiento garantizan una larga vida \u00fatil<\/li>\n<li>enfriamiento excelente gracias al motor lleno de agua y con circulaci\u00f3n de medio<\/li>\n<li>f\u00e1cil sustituci\u00f3n de las piezas de desgaste<\/li>\n<li>estator con bobinado rebobinable e impermeable<\/li>\n<li>no contaminante del medio ambiente, completamente reciclable<\/li>\n<li>buena red de servicios<\/li>\n<\/ul>\n<p>[\/et_pb_accordion_item][et_pb_accordion_item title=\u00bbMateriales\u00bb open_toggle_text_color=\u00bb#B5123E\u00bb icon_color=\u00bb#B5123E\u00bb _builder_version=\u00bb4.17.0&#8243; _module_preset=\u00bbdefault\u00bb global_colors_info=\u00bb{}\u00bb toggle_level=\u00bbh2&#8243; open=\u00bboff\u00bb]<\/p>\n<table style=\"width: 84.2494%; border-collapse: collapse; border-style: solid; margin-left: auto; margin-right: auto; height: 257px;\" height=\"150\" border=\"1\">\n<tbody>\n<tr style=\"height: 59px;\">\n<td style=\"width: 30.0806%; height: 59px; background-color: #d7d2cb; border-style: none;\"><strong>Componente<\/strong><\/td>\n<td style=\"width: 35.2644%; height: 59px; background-color: #d7d2cb; border-style: none;\"><strong>Versiones<\/strong><\/td>\n<td style=\"width: 34.655%; background-color: #d7d2cb; border-style: none;\"><strong> <\/strong><\/td>\n<\/tr>\n<tr>\n<td style=\"width: 30.0806%; background-color: #d7d2cb; border-style: none;\"><strong> <\/strong><\/td>\n<td style=\"width: 35.2644%; background-color: #d7d2cb; border-style: none;\"><strong>GG25<br \/><\/strong><\/td>\n<td style=\"width: 34.655%; background-color: #d7d2cb; border-style: none;\"><strong>Bronce<br \/><\/strong><\/td>\n<\/tr>\n<tr style=\"height: 42px;\">\n<td style=\"width: 30.0806%; height: 42px;\">Rueda<\/td>\n<td style=\"width: 69.9194%; height: 42px; text-align: center;\" colspan=\"2\">Bronce<\/td>\n<\/tr>\n<tr style=\"height: 44px;\">\n<td style=\"width: 30.0806%; height: 44px;\">Alojamiento<\/td>\n<td style=\"width: 35.2644%; height: 44px;\">Hierro fundido gris GG25 *<\/td>\n<td style=\"width: 34.655%;\">Bronce *<\/td>\n<\/tr>\n<tr style=\"height: 44px;\">\n<td style=\"width: 30.0806%; height: 44px;\">Eje<\/td>\n<td style=\"width: 69.9194%; height: 44px; text-align: center;\" colspan=\"2\">Acero inoxidable \/ 1.4462<\/td>\n<\/tr>\n<tr style=\"height: 24px;\">\n<td style=\"width: 30.0806%; height: 24px;\">Cojinete radial<\/td>\n<td style=\"height: 24px; text-align: center; width: 69.9194%;\" colspan=\"2\">Acero cromado \/ bronce<\/td>\n<\/tr>\n<tr>\n<td style=\"width: 30.0806%;\">Cojinete de empuje<\/td>\n<td style=\"width: 69.9194%; text-align: center;\" colspan=\"2\">Acero \/ carb\u00f3n<\/td>\n<\/tr>\n<tr style=\"height: 44px;\">\n<td style=\"width: 30.0806%; height: 44px;\">Sello de ca\u00f1\u00f3n<\/td>\n<td style=\"height: 44px; text-align: center; width: 69.9194%;\" colspan=\"2\">Cierre mec\u00e1nico SiC \/ SiC<\/td>\n<\/tr>\n<tr>\n<td style=\"width: 30.0806%;\">Elementos de conexi\u00f3n<\/td>\n<td style=\"text-align: center; width: 35.2644%;\">Acero inoxidable \/ 1.4301<\/td>\n<td style=\"text-align: center; width: 34.655%;\">Acero inoxidable \/ 1.4539<\/td>\n<\/tr>\n<\/tbody>\n<\/table>\n<p>* Posibilidad de revestimiento CERAM: ofrece protecci\u00f3n contra la corrosi\u00f3n y minimiza los costes del ciclo de vida<\/p>\n<p>[\/et_pb_accordion_item][\/et_pb_accordion][et_pb_button button_url=\u00bb@ET-DC@eyJkeW5hbWljIjp0cnVlLCJjb250ZW50IjoicG9zdF9saW5rX3VybF9wYWdlIiwic2V0dGluZ3MiOnsicG9zdF9pZCI6IjE0NjYifX0=@\u00bb url_new_window=\u00bbon\u00bb button_text=\u00bbal cat\u00e1logo\u00bb _builder_version=\u00bb4.17.0&#8243; _dynamic_attributes=\u00bbbutton_url\u00bb _module_preset=\u00bbdefault\u00bb global_colors_info=\u00bb{}\u00bb][\/et_pb_button][\/et_pb_column][\/et_pb_row][et_pb_row disabled_on=\u00bboff|on|on\u00bb _builder_version=\u00bb4.17.0&#8243; _module_preset=\u00bbdefault\u00bb global_colors_info=\u00bb{}\u00bb][et_pb_column type=\u00bb4_4&#8243; _builder_version=\u00bb4.16&#8243; _module_preset=\u00bbdefault\u00bb global_colors_info=\u00bb{}\u00bb][et_pb_accordion disabled_on=\u00bboff|on|on\u00bb _builder_version=\u00bb4.17.0&#8243; _module_preset=\u00bbdefault\u00bb background_color=\u00bbRGBA(0,0,0,0)\u00bb global_colors_info=\u00bb{}\u00bb][et_pb_accordion_item title=\u00bbCampos de aplicaci\u00f3n\u00bb open=\u00bbon\u00bb open_toggle_text_color=\u00bb#B5123E\u00bb icon_color=\u00bb#B5123E\u00bb _builder_version=\u00bb4.17.0&#8243; _module_preset=\u00bbdefault\u00bb global_colors_info=\u00bb{}\u00bb toggle_level=\u00bbh2&#8243;]<\/p>\n<ul>\n<li>riego y desag\u00fce de superficies agr\u00edcolas<\/li>\n<li>regulaci\u00f3n del nivel de agua (estaciones elevadoras de agua y bombas p\u00f3lder)<\/li>\n<li>circulaci\u00f3n de agua en instalaciones de depuraci\u00f3n<\/li>\n<li>incremento de ox\u00edgeno en aguas para piscicultura<\/li>\n<li>estibaci\u00f3n de embarcaciones, transbordadores y buques cisterna<\/li>\n<li>vaciado o inundaci\u00f3n de muelles y dep\u00f3sitos flotantes<\/li>\n<li>agua limpia o ligeramente sucia con un contenido de s\u00f3lidos de hasta 50 mg\/l<\/li>\n<li>agua dulce, de mar y salobre<\/li>\n<li>temperaturas del medio transportado de hasta 50 \u00b0C<\/li>\n<li>posibilidad de montaje vertical y horizontal<\/li>\n<li>utilizable como bomba en l\u00ednea y sumergible<\/li>\n<\/ul>\n<p>[\/et_pb_accordion_item][et_pb_accordion_item title=\u00bbVersiones\u00bb open_toggle_text_color=\u00bb#B5123E\u00bb icon_color=\u00bb#B5123E\u00bb _builder_version=\u00bb4.17.0&#8243; _module_preset=\u00bbdefault\u00bb global_colors_info=\u00bb{}\u00bb toggle_level=\u00bbh2&#8243; open=\u00bboff\u00bb]<\/p>\n<ul>\n<li>bombas centr\u00edfugas de una etapa con impulsor de bronce especial abierto con tratamiento superficial<\/li>\n<li>motor trif\u00e1sico rebobinable con rotor dotado de imanes permanentes<\/li>\n<li>lubricaci\u00f3n de los cojinetes lisos radiales por fluido de motor<\/li>\n<li>el l\u00edquido del motor est\u00e1 compuesto por una mezcla de glicol y agua o un relleno de agua pura<\/li>\n<li>el empuje del eje es absorbido por un cojinete axial de doble cara con almohadillas basculantes autoajustables<\/li>\n<li>el diafragma asegura la ecualizaci\u00f3n de la presi\u00f3n entre el motor y el entorno<\/li>\n<li>el funcionamiento del po-upl-s s\u00f3lo es posible con un convertidor de frecuencia<\/li>\n<li>posibilidad de disposici\u00f3n t\u00e1ndem y dorso contra dorso<\/li>\n<li>materiales de alta calidad para la utilizaci\u00f3n en agua de servicio, industrial y marina<\/li>\n<\/ul>\n<p>[\/et_pb_accordion_item][et_pb_accordion_item title=\u00bbVentajas\u00bb open_toggle_text_color=\u00bb#B5123E\u00bb icon_color=\u00bb#B5123E\u00bb _builder_version=\u00bb4.17.0&#8243; _module_preset=\u00bbdefault\u00bb global_colors_info=\u00bb{}\u00bb toggle_level=\u00bbh2&#8243; open=\u00bboff\u00bb]<\/p>\n<ul>\n<li>alta eficiencia energ\u00e9tica y mayor rendimiento<\/li>\n<li>bajo consumo de energ\u00eda y reducci\u00f3n significativa de los costes energ\u00e9ticos<\/li>\n<li>las piezas resistentes al desgaste y el f\u00e1cil mantenimiento garantizan una larga vida \u00fatil<\/li>\n<li>enfriamiento excelente gracias al motor lleno de agua y con circulaci\u00f3n de medio<\/li>\n<li>f\u00e1cil sustituci\u00f3n de las piezas de desgaste<\/li>\n<li>estator con bobinado rebobinable e impermeable<\/li>\n<li>no contaminante del medio ambiente, completamente reciclable<\/li>\n<li>buena red de servicios<\/li>\n<\/ul>\n<p>[\/et_pb_accordion_item][\/et_pb_accordion][et_pb_button button_url=\u00bb@ET-DC@eyJkeW5hbWljIjp0cnVlLCJjb250ZW50IjoicG9zdF9saW5rX3VybF9wYWdlIiwic2V0dGluZ3MiOnsicG9zdF9pZCI6IjE0NjYifX0=@\u00bb url_new_window=\u00bbon\u00bb button_text=\u00bbal cat\u00e1logo\u00bb _builder_version=\u00bb4.17.0&#8243; _dynamic_attributes=\u00bbbutton_url\u00bb _module_preset=\u00bbdefault\u00bb global_colors_info=\u00bb{}\u00bb][\/et_pb_button][\/et_pb_column][\/et_pb_row][et_pb_row disabled_on=\u00bbon|off|off\u00bb _builder_version=\u00bb4.16&#8243; _module_preset=\u00bbdefault\u00bb width=\u00bb100%\u00bb global_colors_info=\u00bb{}\u00bb][et_pb_column type=\u00bb4_4&#8243; _builder_version=\u00bb4.16&#8243; _module_preset=\u00bbdefault\u00bb global_colors_info=\u00bb{}\u00bb][et_pb_slider _builder_version=\u00bb4.17.3&#8243; _module_preset=\u00bbdefault\u00bb background_color=\u00bb#B5123E\u00bb min_height=\u00bb600px\u00bb custom_padding=\u00bb1px||1px|||\u00bb global_colors_info=\u00bb{}\u00bb][et_pb_slide heading=\u00bbUso en sistemas de acuicultura de recirculaci\u00f3n\u00bb image=\u00bbhttps:\/\/oddesse.de\/wp-content\/uploads\/2022\/03\/UPL-vertikal.jpg\u00bb use_bg_overlay=\u00bbon\u00bb bg_overlay_color=\u00bbrgba(255,255,255,0.71)\u00bb use_text_overlay=\u00bboff\u00bb arrows_custom_color=\u00bb#B5123E\u00bb dot_nav_custom_color=\u00bb#B5123E\u00bb _builder_version=\u00bb4.17.3&#8243; _module_preset=\u00bbdefault\u00bb header_text_color=\u00bb#666666&#8243; body_text_color=\u00bb#666666&#8243; background_color=\u00bbRGBA(0,0,0,0)\u00bb background_enable_color=\u00bbon\u00bb background_image=\u00bbhttps:\/\/oddesse.de\/wp-content\/uploads\/2022\/01\/Fischzucht-Norwegen-1.jpg\u00bb background_enable_image=\u00bbon\u00bb parallax=\u00bbon\u00bb background_layout=\u00bblight\u00bb border_radii_image=\u00bbon|15px|15px|15px|15px\u00bb text_shadow_style=\u00bbpreset4&#8243; global_colors_info=\u00bb{}\u00bb sticky_transition=\u00bbon\u00bb]<\/p>\n<p>En Noruega y Canad\u00e1, las bombas de h\u00e9lice po-upl-s, de gran eficacia, se utilizan en los sistemas de acuicultura de recirculaci\u00f3n (RAS) para la aireaci\u00f3n y oxigenaci\u00f3n de los cultivos acu\u00e1ticos.<\/p>\n<p>[\/et_pb_slide][\/et_pb_slider][\/et_pb_column][\/et_pb_row][et_pb_row disabled_on=\u00bboff|on|on\u00bb _builder_version=\u00bb4.16&#8243; _module_preset=\u00bbdefault\u00bb custom_margin=\u00bb|auto|65px|auto||\u00bb global_colors_info=\u00bb{}\u00bb][et_pb_column type=\u00bb4_4&#8243; _builder_version=\u00bb4.16&#8243; _module_preset=\u00bbdefault\u00bb global_colors_info=\u00bb{}\u00bb][et_pb_image src=\u00bbhttps:\/\/oddesse.de\/wp-content\/uploads\/2022\/01\/Fischzucht-Norwegen-1.jpg\u00bb alt=\u00bbUso de una motobomba sumergible oddesse en una plataforma marina en \u00c1frica Occidental\u00bb title_text=\u00bbPiscifactor\u00eda de Noruega 1&#8243; show_bottom_space=\u00bboff\u00bb align=\u00bbcenter\u00bb _builder_version=\u00bb4.17.0&#8243; _module_preset=\u00bbdefault\u00bb global_colors_info=\u00bb{}\u00bb][\/et_pb_image][et_pb_text _builder_version=\u00bb4.17.3&#8243; _module_preset=\u00bbdefault\u00bb text_line_height=\u00bb1.5em\u00bb background_color=\u00bb#D7D2CB\u00bb custom_padding=\u00bb12px|10px|2px|10px|false|false\u00bb global_colors_info=\u00bb{}\u00bb]<\/p>\n<h2 class=\"et_pb_slide_title et-fb-editable-element et-fb-editable-element__editing\" data-shortcode-id=\"1.4.0.0.1-1639735102145\" data-quickaccess-id=\"header\" contenteditable=\"true\">Uso en sistemas de acuicultura de recirculaci\u00f3n<\/h2>\n<p>En Noruega y Canad\u00e1, las bombas de h\u00e9lice po-upl-s, de gran eficacia, se utilizan en los sistemas de acuicultura de recirculaci\u00f3n (RAS) para la aireaci\u00f3n y oxigenaci\u00f3n de los cultivos acu\u00e1ticos.<\/p>\n<p>[\/et_pb_text][\/et_pb_column][\/et_pb_row][\/et_pb_section]<\/p>\n","protected":false},"excerpt":{"rendered":"<p>oddesse-Bombas s\u00edncronas de h\u00e9lice de imanes permanentTipo: po-upl-s Las bombas de h\u00e9lice s\u00edncrona de imanes permanentes de alta eficiencia oddesse son bombas centr\u00edfugas de una sola etapa con un impulsor semiaxial abierto. Se utilizan para bombear agua limpia y ligeramente contaminada.Datos operacionales CaudalAltura de extracci\u00f3nPowerVoltajeTipo actualFrecuenciaGrado de protecci\u00f3nTemperatura &#8230; 1.150 m\u00b3\/h&#8230; 35 m&#8230; 55 kW&#8230; [&hellip;]<\/p>\n","protected":false},"author":1,"featured_media":0,"parent":243003,"menu_order":0,"comment_status":"closed","ping_status":"closed","template":"","meta":{"_et_pb_use_builder":"on","_et_pb_old_content":"","_et_gb_content_width":"","footnotes":""},"class_list":["post-244551","page","type-page","status-publish","hentry"],"_links":{"self":[{"href":"https:\/\/oddesse.de\/es\/wp-json\/wp\/v2\/pages\/244551","targetHints":{"allow":["GET"]}}],"collection":[{"href":"https:\/\/oddesse.de\/es\/wp-json\/wp\/v2\/pages"}],"about":[{"href":"https:\/\/oddesse.de\/es\/wp-json\/wp\/v2\/types\/page"}],"author":[{"embeddable":true,"href":"https:\/\/oddesse.de\/es\/wp-json\/wp\/v2\/users\/1"}],"replies":[{"embeddable":true,"href":"https:\/\/oddesse.de\/es\/wp-json\/wp\/v2\/comments?post=244551"}],"version-history":[{"count":14,"href":"https:\/\/oddesse.de\/es\/wp-json\/wp\/v2\/pages\/244551\/revisions"}],"predecessor-version":[{"id":246054,"href":"https:\/\/oddesse.de\/es\/wp-json\/wp\/v2\/pages\/244551\/revisions\/246054"}],"up":[{"embeddable":true,"href":"https:\/\/oddesse.de\/es\/wp-json\/wp\/v2\/pages\/243003"}],"wp:attachment":[{"href":"https:\/\/oddesse.de\/es\/wp-json\/wp\/v2\/media?parent=244551"}],"curies":[{"name":"wp","href":"https:\/\/api.w.org\/{rel}","templated":true}]}}