{"id":243366,"date":"2022-02-10T11:41:35","date_gmt":"2022-02-10T11:41:35","guid":{"rendered":"https:\/\/test376518.live-website.com\/servicio\/"},"modified":"2022-06-10T09:20:30","modified_gmt":"2022-06-10T09:20:30","slug":"servicio","status":"publish","type":"page","link":"https:\/\/oddesse.de\/es\/servicio\/","title":{"rendered":"Servicio"},"content":{"rendered":"<p>[et_pb_section fb_built=\u00bb1&#8243; fullwidth=\u00bbon\u00bb _builder_version=\u00bb4.16&#8243; _module_preset=\u00bbdefault\u00bb global_colors_info=\u00bb{}\u00bb][et_pb_fullwidth_image title_text=\u00bbcomentario binario\u00bb _builder_version=\u00bb4.16&#8243; _module_preset=\u00bbdefault\u00bb background_image=\u00bbhttps:\/\/oddesse.de\/wp-content\/uploads\/2022\/02\/oddesse-Service-e1644496622652.jpg\u00bb min_height=\u00bb500px\u00bb min_height_tablet=\u00bb300px\u00bb min_height_phone=\u00bb200px\u00bb min_height_last_edited=\u00bbon|phone\u00bb max_height=\u00bb500px\u00bb max_height_tablet=\u00bb300px\u00bb max_height_phone=\u00bb200px\u00bb max_height_last_edited=\u00bbon|desktop\u00bb global_colors_info=\u00bb{}\u00bb][\/et_pb_fullwidth_image][\/et_pb_section][et_pb_section fb_built=\u00bb1&#8243; admin_label=\u00bbsection\u00bb _builder_version=\u00bb4.16&#8243; global_colors_info=\u00bb{}\u00bb][et_pb_row admin_label=\u00bbfila\u00bb _builder_version=\u00bb4.17.0&#8243; background_size=\u00bbinitial\u00bb background_position=\u00bbtop_left\u00bb background_repeat=\u00bbrepeat\u00bb min_height=\u00bb117px\u00bb custom_padding=\u00bb5px||22px|||\u00bb global_colors_info=\u00bb{}\u00bb][et_pb_column type=\u00bb4_4&#8243; _builder_version=\u00bb4.16&#8243; custom_padding=\u00bb|||\u00bb global_colors_info=\u00bb{}\u00bb custom_padding__hover=\u00bb|||\u00bb][et_pb_text admin_label=\u00bbText\u00bb _builder_version=\u00bb4.16&#8243; background_size=\u00bbinitial\u00bb background_position=\u00bbtop_left\u00bb background_repeat=\u00bbrepeat\u00bb global_colors_info=\u00bb{}\u00bb]<\/p>\n<h1>Seguimiento especializado y servicio cualificado<\/h1>\n<p><!-- \/divi:paragraph --><\/p>\n<p>[\/et_pb_text][et_pb_text _builder_version=\u00bb4.16&#8243; _module_preset=\u00bbdefault\u00bb global_colors_info=\u00bb{}\u00bb]<\/p>\n<p>El servicio comprometido de oddesse acompa\u00f1a a los productos en su ciclo de vida completo.<\/p>\n<p>Durante la planificaci\u00f3n y el dise\u00f1o de las bombas y los sistemas se encuentra disponible la asistencia de especialistas experimentados para desarrollar la soluci\u00f3n t\u00e9cnica adecuada junto con el cliente. La ayuda especializada se encuentra disponible durante los montajes y las puestas en servicio in situ.<\/p>\n<p>oddesse ofrece un mantenimiento preventivo en el taller de reparaci\u00f3n de Oschersleben o in situ en las instalaciones del cliente. Para ello tiene lugar la refabricaci\u00f3n de componentes definidos. En caso necesario, tiene lugar la puesta a disposici\u00f3n r\u00e1pida y conforme a las normas de calidad de piezas de repuesto o bombas de repuesto y motores de repuesto para minimizar los tiempos de interrupci\u00f3n.<\/p>\n<p>El servicio de oddesse significa para nosotros:<br \/>Nosotros no estamos satisfechos hasta que el cliente no est\u00e1 satisfecho.<\/p>\n<p>[\/et_pb_text][\/et_pb_column][\/et_pb_row][\/et_pb_section]<\/p>\n","protected":false},"excerpt":{"rendered":"<p>Seguimiento especializado y servicio cualificado El servicio comprometido de oddesse acompa\u00f1a a los productos en su ciclo de vida completo. Durante la planificaci\u00f3n y el dise\u00f1o de las bombas y los sistemas se encuentra disponible la asistencia de especialistas experimentados para desarrollar la soluci\u00f3n t\u00e9cnica adecuada junto con el cliente. La ayuda especializada se encuentra [&hellip;]<\/p>\n","protected":false},"author":1,"featured_media":0,"parent":0,"menu_order":0,"comment_status":"closed","ping_status":"closed","template":"","meta":{"_et_pb_use_builder":"on","_et_pb_old_content":"","_et_gb_content_width":"","footnotes":""},"class_list":["post-243366","page","type-page","status-publish","hentry"],"_links":{"self":[{"href":"https:\/\/oddesse.de\/es\/wp-json\/wp\/v2\/pages\/243366","targetHints":{"allow":["GET"]}}],"collection":[{"href":"https:\/\/oddesse.de\/es\/wp-json\/wp\/v2\/pages"}],"about":[{"href":"https:\/\/oddesse.de\/es\/wp-json\/wp\/v2\/types\/page"}],"author":[{"embeddable":true,"href":"https:\/\/oddesse.de\/es\/wp-json\/wp\/v2\/users\/1"}],"replies":[{"embeddable":true,"href":"https:\/\/oddesse.de\/es\/wp-json\/wp\/v2\/comments?post=243366"}],"version-history":[{"count":8,"href":"https:\/\/oddesse.de\/es\/wp-json\/wp\/v2\/pages\/243366\/revisions"}],"predecessor-version":[{"id":245330,"href":"https:\/\/oddesse.de\/es\/wp-json\/wp\/v2\/pages\/243366\/revisions\/245330"}],"wp:attachment":[{"href":"https:\/\/oddesse.de\/es\/wp-json\/wp\/v2\/media?parent=243366"}],"curies":[{"name":"wp","href":"https:\/\/api.w.org\/{rel}","templated":true}]}}