{"id":243364,"date":"2022-02-10T10:37:40","date_gmt":"2022-02-10T10:37:40","guid":{"rendered":"https:\/\/test376518.live-website.com\/acerca-de-oddesse\/"},"modified":"2026-03-18T13:32:14","modified_gmt":"2026-03-18T13:32:14","slug":"acerca-de-oddesse","status":"publish","type":"page","link":"https:\/\/oddesse.de\/es\/acerca-de-oddesse\/","title":{"rendered":"Acerca de Oddesse"},"content":{"rendered":"<p>[et_pb_section fb_built=\u00bb1&#8243; fullwidth=\u00bbon\u00bb theme_builder_area=\u00bbpost_content\u00bb _builder_version=\u00bb4.27.4&#8243; _module_preset=\u00bbdefault\u00bb da_is_popup=\u00bboff\u00bb da_exit_intent=\u00bboff\u00bb da_has_close=\u00bbon\u00bb da_alt_close=\u00bboff\u00bb da_dark_close=\u00bboff\u00bb da_not_modal=\u00bbon\u00bb da_is_singular=\u00bboff\u00bb da_with_loader=\u00bboff\u00bb da_has_shadow=\u00bbon\u00bb da_disable_devices=\u00bboff|off|off\u00bb][et_pb_fullwidth_slider _builder_version=\u00bb4.27.4&#8243; _module_preset=\u00bbdefault\u00bb theme_builder_area=\u00bbpost_content\u00bb hover_enabled=\u00bb0&#8243; sticky_enabled=\u00bb0&#8243;][et_pb_slide heading=\u00bbPerfil de la empresa\u00bb _builder_version=\u00bb4.27.4&#8243; _module_preset=\u00bbdefault\u00bb theme_builder_area=\u00bbpost_content\u00bb title_text=\u00bbIMG_8712.1&#8243; background_image=\u00bbhttps:\/\/oddesse.de\/wp-content\/uploads\/2026\/03\/IMG_8712.1-scaled.jpg\u00bb background_enable_image=\u00bbon\u00bb hover_enabled=\u00bb0&#8243; sticky_enabled=\u00bb0&#8243; use_text_overlay=\u00bbon\u00bb][\/et_pb_slide][\/et_pb_fullwidth_slider][\/et_pb_section][et_pb_section fb_built=\u00bb1&#8243; admin_label=\u00bbsection\u00bb _builder_version=\u00bb4.16&#8243; custom_padding=\u00bb60px|||||\u00bb global_colors_info=\u00bb{}\u00bb da_is_popup=\u00bboff\u00bb da_exit_intent=\u00bboff\u00bb da_has_close=\u00bbon\u00bb da_alt_close=\u00bboff\u00bb da_dark_close=\u00bboff\u00bb da_not_modal=\u00bbon\u00bb da_is_singular=\u00bboff\u00bb da_with_loader=\u00bboff\u00bb da_has_shadow=\u00bbon\u00bb da_disable_devices=\u00bboff|off|off\u00bb][et_pb_row admin_label=\u00bbfila\u00bb _builder_version=\u00bb4.16&#8243; background_size=\u00bbinitial\u00bb background_position=\u00bbtop_left\u00bb background_repeat=\u00bbrepeat\u00bb min_height=\u00bb122px\u00bb custom_padding=\u00bb4px||22px|||\u00bb global_colors_info=\u00bb{}\u00bb][et_pb_column type=\u00bb4_4&#8243; _builder_version=\u00bb4.16&#8243; custom_padding=\u00bb|||\u00bb global_colors_info=\u00bb{}\u00bb custom_padding__hover=\u00bb|||\u00bb][et_pb_text admin_label=\u00bbText\u00bb _builder_version=\u00bb4.16&#8243; background_size=\u00bbinitial\u00bb background_position=\u00bbtop_left\u00bb background_repeat=\u00bbrepeat\u00bb global_colors_info=\u00bb{}\u00bb]<\/p>\n<h1>Sobre nosotros<\/h1>\n<p><!-- \/divi:paragraph -->[\/et_pb_text][et_pb_text _builder_version=\u00bb4.16&#8243; _module_preset=\u00bbdefault\u00bb global_colors_info=\u00bb{}\u00bb]<\/p>\n<div class=\"ce_text first block\">\n<p>La empresa oddesse goza de una buena reputaci\u00f3n en todo el mundo como fabricante de bombas y sistemas.<\/p>\n<p>El esp\u00edritu pionero continuo en el desarrollo de nuevos productos, el enfoque claro a las necesidades y preferencias de los clientes, la calidad fiable de los productos y el servicio flexible se encargan de que contin\u00fae la trayectoria de \u00e9xitos de la empresa.<\/p>\n<p>El programa de productos de oddesse comprende una amplia gama de bombas centr\u00edfugas de un solo paso y multipaso para diferentes \u00e1mbitos de aplicaci\u00f3n, sobre todo motobombas sumergibles de un solo paso y multipaso para transportar agua pura, aguas negras y residuales y los correspondientes motores sumergibles.<\/p>\n<p>Las bombas e instalaciones de Oschersleben siguen respondiendo actualmente a la buena reputaci\u00f3n de oddesse, con las caracter\u00edsticas de <br \/>eficiencia y durabilidad en el accionamiento de las bombas y los pocos gastos de mantenimiento gracias al servicio bien desarrollado.<\/p>\n<\/div>\n<p>[\/et_pb_text][\/et_pb_column][\/et_pb_row][\/et_pb_section][et_pb_section fb_built=\u00bb1&#8243; theme_builder_area=\u00bbpost_content\u00bb _builder_version=\u00bb4.27.4&#8243; _module_preset=\u00bbdefault\u00bb title_text=\u00bb\u00dcber oddesse 1.2&#8243; background_image=\u00bbhttps:\/\/oddesse.de\/wp-content\/uploads\/2026\/03\/Ueber-oddesse-1.2-scaled.jpeg\u00bb hover_enabled=\u00bb0&#8243; sticky_enabled=\u00bb0&#8243; da_is_popup=\u00bboff\u00bb da_exit_intent=\u00bboff\u00bb da_has_close=\u00bbon\u00bb da_alt_close=\u00bboff\u00bb da_dark_close=\u00bboff\u00bb da_not_modal=\u00bbon\u00bb da_is_singular=\u00bboff\u00bb da_with_loader=\u00bboff\u00bb da_has_shadow=\u00bbon\u00bb da_disable_devices=\u00bboff|off|off\u00bb][et_pb_row _builder_version=\u00bb4.27.4&#8243; _module_preset=\u00bbdefault\u00bb theme_builder_area=\u00bbpost_content\u00bb][et_pb_column _builder_version=\u00bb4.27.4&#8243; _module_preset=\u00bbdefault\u00bb type=\u00bb4_4&#8243; theme_builder_area=\u00bbpost_content\u00bb][\/et_pb_column][\/et_pb_row][\/et_pb_section]<\/p>\n","protected":false},"excerpt":{"rendered":"<p>Sobre nosotros La empresa oddesse goza de una buena reputaci\u00f3n en todo el mundo como fabricante de bombas y sistemas. El esp\u00edritu pionero continuo en el desarrollo de nuevos productos, el enfoque claro a las necesidades y preferencias de los clientes, la calidad fiable de los productos y el servicio flexible se encargan de que [&hellip;]<\/p>\n","protected":false},"author":1,"featured_media":0,"parent":0,"menu_order":0,"comment_status":"closed","ping_status":"closed","template":"","meta":{"_et_pb_use_builder":"on","_et_pb_old_content":"","_et_gb_content_width":"","footnotes":""},"class_list":["post-243364","page","type-page","status-publish","hentry"],"_links":{"self":[{"href":"https:\/\/oddesse.de\/es\/wp-json\/wp\/v2\/pages\/243364","targetHints":{"allow":["GET"]}}],"collection":[{"href":"https:\/\/oddesse.de\/es\/wp-json\/wp\/v2\/pages"}],"about":[{"href":"https:\/\/oddesse.de\/es\/wp-json\/wp\/v2\/types\/page"}],"author":[{"embeddable":true,"href":"https:\/\/oddesse.de\/es\/wp-json\/wp\/v2\/users\/1"}],"replies":[{"embeddable":true,"href":"https:\/\/oddesse.de\/es\/wp-json\/wp\/v2\/comments?post=243364"}],"version-history":[{"count":10,"href":"https:\/\/oddesse.de\/es\/wp-json\/wp\/v2\/pages\/243364\/revisions"}],"predecessor-version":[{"id":249586,"href":"https:\/\/oddesse.de\/es\/wp-json\/wp\/v2\/pages\/243364\/revisions\/249586"}],"wp:attachment":[{"href":"https:\/\/oddesse.de\/es\/wp-json\/wp\/v2\/media?parent=243364"}],"curies":[{"name":"wp","href":"https:\/\/api.w.org\/{rel}","templated":true}]}}