{"id":243314,"date":"2022-02-08T13:41:18","date_gmt":"2022-02-08T13:41:18","guid":{"rendered":"https:\/\/test376518.live-website.com\/fabricacion-por-contrato\/"},"modified":"2024-01-23T07:07:26","modified_gmt":"2024-01-23T07:07:26","slug":"fabricacion-por-contrato","status":"publish","type":"page","link":"https:\/\/oddesse.de\/es\/servicio\/fabricacion-por-contrato\/","title":{"rendered":"Fabricaci\u00f3n por contrato"},"content":{"rendered":"<p>[et_pb_section fb_built=\u00bb1&#8243; fullwidth=\u00bbon\u00bb _builder_version=\u00bb4.16&#8243; _module_preset=\u00bbdefault\u00bb global_colors_info=\u00bb{}\u00bb][et_pb_fullwidth_slider _builder_version=\u00bb4.16&#8243; _module_preset=\u00bbdefault\u00bb width_tablet=\u00bb\u00bb width_phone=\u00bb\u00bb width_last_edited=\u00bbon|phone\u00bb module_alignment=\u00bbleft\u00bb content_width=\u00bb73%\u00bb content_width_tablet=\u00bb73%\u00bb content_width_phone=\u00bb100%\u00bb content_width_last_edited=\u00bbon|phone\u00bb content_max_width_tablet=\u00bb\u00bb content_max_width_phone=\u00bb1080%\u00bb content_max_width_last_edited=\u00bbon|phone\u00bb min_height_tablet=\u00bb\u00bb min_height_phone=\u00bb\u00bb min_height_last_edited=\u00bbon|phone\u00bb height=\u00bb500px\u00bb height_tablet=\u00bb500px\u00bb height_phone=\u00bb250px\u00bb height_last_edited=\u00bbon|phone\u00bb max_height=\u00bb500px\u00bb max_height_tablet=\u00bb500px\u00bb max_height_phone=\u00bb250px\u00bb max_height_last_edited=\u00bbon|phone\u00bb custom_padding=\u00bb4px||6px|||\u00bb header_font_size_tablet=\u00bb\u00bb header_font_size_phone=\u00bb20px\u00bb header_font_size_last_edited=\u00bbon|phone\u00bb body_font_size_tablet=\u00bb\u00bb body_font_size_phone=\u00bb17px\u00bb body_font_size_last_edited=\u00bbon|phone\u00bb text_orientation_tablet=\u00bb\u00bb text_orientation_phone=\u00bb\u00bb text_orientation_last_edited=\u00bbon|phone\u00bb module_alignment_tablet=\u00bbleft\u00bb module_alignment_phone=\u00bbcenter\u00bb module_alignment_last_edited=\u00bbon|phone\u00bb global_colors_info=\u00bb{}\u00bb][et_pb_slide heading=\u00bbproducci\u00f3n de piezas\u00bb use_bg_overlay=\u00bboff\u00bb use_text_overlay=\u00bbon\u00bb text_overlay_color=\u00bbrgba(0,0,0,0.51)\u00bb text_border_radius=\u00bb0px\u00bb content_tablet=\u00bb<\/p>\n<h1><\/h1>\n<h1><\/h1>\n<h1>oddesse-Fabricaci\u00f3n por contrato<\/h1>\n<p>\u00bb content_phone=\u00bb<\/p>\n<h1><\/h1>\n<h1><\/h1>\n<h1>oddesse-Fabricaci\u00f3n por contrato<\/h1>\n<p>\u00bb content_last_edited=\u00bbon|phone\u00bb text_border_radius_tablet=\u00bb0px\u00bb text_border_radius_phone=\u00bb0px\u00bb text_border_radius_last_edited=\u00bbon|phone\u00bb _builder_version=\u00bb4.16&#8243; _module_preset=\u00bbdefault\u00bb body_font_size=\u00bb30px\u00bb background_image=\u00bbhttps:\/\/oddesse.de\/wp-content\/uploads\/2022\/02\/Produktion.jpg\u00bb background_enable_image=\u00bbon\u00bb background_size=\u00bbinitial\u00bb width=\u00bb100%\u00bb custom_padding_tablet=\u00bb\u00bb custom_padding_phone=\u00bb0px|0px|0px|0px|false|false\u00bb custom_padding_last_edited=\u00bbon|phone\u00bb body_font_size_tablet=\u00bb30px\u00bb body_font_size_phone=\u00bb16px\u00bb body_font_size_last_edited=\u00bbon|phone\u00bb global_colors_info=\u00bb{}\u00bb sticky_transition=\u00bbon\u00bb]<\/p>\n<h1><\/h1>\n<h1><\/h1>\n<h1>oddesse-Fabricaci\u00f3n por contrato<\/h1>\n<p>[\/et_pb_slide][\/et_pb_fullwidth_slider][\/et_pb_section][et_pb_section fb_built=\u00bb1&#8243; _builder_version=\u00bb4.16&#8243; _module_preset=\u00bbdefault\u00bb custom_padding=\u00bb60px|||||\u00bb global_colors_info=\u00bb{}\u00bb][et_pb_row use_custom_gutter=\u00bbon\u00bb gutter_width=\u00bb1&#8243; disabled_on=\u00bboff|off|off\u00bb _builder_version=\u00bb4.16&#8243; _module_preset=\u00bbdefault\u00bb width=\u00bb100%\u00bb custom_margin_tablet=\u00bb\u00bb custom_margin_phone=\u00bb\u00bb custom_margin_last_edited=\u00bbon|phone\u00bb custom_padding=\u00bb0px||||false|false\u00bb custom_css_main_element=\u00bbdisplay:flex;\u00bb global_colors_info=\u00bb{}\u00bb][et_pb_column type=\u00bb4_4&#8243; _builder_version=\u00bb4.16&#8243; _module_preset=\u00bbdefault\u00bb global_colors_info=\u00bb{}\u00bb][et_pb_text disabled_on=\u00bboff|off|off\u00bb _builder_version=\u00bb4.16&#8243; _module_preset=\u00bbdefault\u00bb background_color=\u00bbRGBA(0,0,0,0)\u00bb custom_margin=\u00bb0px||||false|false\u00bb custom_margin_tablet=\u00bb0px||||false|false\u00bb custom_margin_phone=\u00bb0px||||false|false\u00bb custom_margin_last_edited=\u00bbon|phone\u00bb custom_padding=\u00bb|10px|0px|10px|false|false\u00bb header_font_tablet=\u00bb\u00bb header_font_phone=\u00bb\u00bb header_font_last_edited=\u00bbon|desktop\u00bb global_colors_info=\u00bb{}\u00bb]<\/p>\n<p>Nuestro moderno taller est\u00e1 especialmente equipado para la producci\u00f3n de componentes peque\u00f1os y medianos y ejes de hasta 2.000 mm de longitud. En general, la producci\u00f3n mec\u00e1nica incl. 4.000 m\u00b2 de superficie disponible aprox.<br \/>La tecnolog\u00eda necesaria se dispone de acuerdo con el flujo de producci\u00f3n de tal forma que las rutas de transporte son m\u00ednimas.<\/p>\n<p>A continuaci\u00f3n encontrar\u00e1 m\u00e1s informaci\u00f3n sobre nuestra maquinaria y la fabricaci\u00f3n por contrato de piezas torneadas, piezas fresadas, piezas de equilibrado y trabajos de soldadura por fricci\u00f3n. Otras m\u00e1quinas y sistemas tambi\u00e9n est\u00e1n disponibles<\/p>\n<ul>\n<li>Sierra de cinta hasta \u00d8 300mm<\/li>\n<li>Torno de pieza y eje de mandril CNC<\/li>\n<li>Tornos convencionales hasta una longitud de torneado de 3000 mm<\/li>\n<li>Fresadoras convencionales (verticales\/horizontales)<\/li>\n<li>Varias estaciones de trabajo de soldadura<\/li>\n<li>Lavado de coches<\/li>\n<li>Planta colorante<\/li>\n<\/ul>\n<p>Tambi\u00e9n estaremos encantados de encargarnos de la producci\u00f3n de sus componentes.<br \/>Si tiene alguna pregunta sobre la fabricaci\u00f3n por contrato, cont\u00e1ctenos directamente<\/p>\n<p>Gavin Machill<br \/>Tel\u00e9fono: +49 3949 932 445<br \/>Correo electr\u00f3nico: machill@oddesse.de<\/p>\n<p>&nbsp;<\/p>\n<p>[\/et_pb_text][\/et_pb_column][\/et_pb_row][et_pb_row disabled_on=\u00bbon|off|off\u00bb _builder_version=\u00bb4.16&#8243; _module_preset=\u00bbdefault\u00bb width=\u00bb100%\u00bb global_colors_info=\u00bb{}\u00bb][et_pb_column type=\u00bb4_4&#8243; _builder_version=\u00bb4.16&#8243; _module_preset=\u00bbdefault\u00bb global_colors_info=\u00bb{}\u00bb][et_pb_slider _builder_version=\u00bb4.23.4&#8243; _module_preset=\u00bbdefault\u00bb background_enable_color=\u00bboff\u00bb min_height=\u00bb600px\u00bb custom_padding=\u00bb1px||1px|||\u00bb global_colors_info=\u00bb{}\u00bb][et_pb_slide heading=\u00bbMecanizado de torneado CNC\u00bb image=\u00bbhttps:\/\/oddesse.de\/wp-content\/uploads\/2022\/02\/CNC-Futterteildrehmaschine-Traub.jpg\u00bb use_bg_overlay=\u00bbon\u00bb bg_overlay_color=\u00bbrgba(255,255,255,0.55)\u00bb use_text_overlay=\u00bbon\u00bb arrows_custom_color=\u00bb#B5123E\u00bb dot_nav_custom_color=\u00bb#B5123E\u00bb text_border_radius=\u00bb0px\u00bb _builder_version=\u00bb4.16&#8243; _module_preset=\u00bbdefault\u00bb header_level=\u00bbh4&#8243; header_text_color=\u00bb#666666&#8243; header_font_size=\u00bb30px\u00bb header_line_height=\u00bb1.3em\u00bb body_text_color=\u00bb#666666&#8243; body_line_height=\u00bb1.8em\u00bb background_enable_color=\u00bboff\u00bb background_image=\u00bbhttps:\/\/oddesse.de\/wp-content\/uploads\/2022\/02\/CNC-Futterteildrehmaschine-Boehringer.jpg\u00bb background_enable_image=\u00bbon\u00bb parallax=\u00bbon\u00bb background_layout=\u00bblight\u00bb width_tablet=\u00bb\u00bb width_phone=\u00bb\u00bb width_last_edited=\u00bbon|phone\u00bb header_font_tablet=\u00bb\u00bb header_font_phone=\u00bb\u00bb header_font_last_edited=\u00bbon|desktop\u00bb header_font_size_tablet=\u00bb20px\u00bb header_font_size_phone=\u00bb20px\u00bb header_font_size_last_edited=\u00bbon|tablet\u00bb body_font_size_tablet=\u00bb16px\u00bb body_font_size_phone=\u00bb16px\u00bb body_font_size_last_edited=\u00bbon|tablet\u00bb border_radii_image=\u00bbon|15px|15px|15px|15px\u00bb global_colors_info=\u00bb{}\u00bb sticky_transition=\u00bbon\u00bb]<\/p>\n<p>con tornos de mandril CNC Boehringer VDF 250 Cm x 1000, Spinner TC82-MC y Traub TNA 400, con torno de eje CNC Boehringer VDF 250 C x 2000 y torno de ciclo controlado Boehringer DUC560 x 2000<\/p>\n<p>Las herramientas accionadas permiten taladrar, fresar y roscar.<\/p>\n<p>[\/et_pb_slide][et_pb_slide heading=\u00bbProcesamiento de fresado CNC\u00bb image=\u00bbhttps:\/\/oddesse.de\/wp-content\/uploads\/2022\/02\/CNC-Bearbeitungszentrum-DMG-DMC.jpg\u00bb use_bg_overlay=\u00bbon\u00bb bg_overlay_color=\u00bbrgba(255,255,255,0.79)\u00bb arrows_custom_color=\u00bb#B5123E\u00bb dot_nav_custom_color=\u00bb#B5123E\u00bb _builder_version=\u00bb4.16&#8243; _module_preset=\u00bbdefault\u00bb header_text_color=\u00bb#666666&#8243; header_font_size=\u00bb30px\u00bb header_line_height=\u00bb1.3em\u00bb body_text_color=\u00bb#666666&#8243; body_line_height=\u00bb1.8em\u00bb background_enable_color=\u00bboff\u00bb background_image=\u00bbhttps:\/\/oddesse.de\/wp-content\/uploads\/2022\/02\/CNC-Bearbeitungszentrum-Hedelius.jpg\u00bb background_enable_image=\u00bbon\u00bb parallax=\u00bbon\u00bb background_layout=\u00bblight\u00bb width_tablet=\u00bb\u00bb width_phone=\u00bb\u00bb width_last_edited=\u00bbon|phone\u00bb header_font_tablet=\u00bb|700|||||||\u00bb header_font_phone=\u00bb|700|||||||\u00bb header_font_last_edited=\u00bbon|tablet\u00bb header_font_size_tablet=\u00bb20px\u00bb header_font_size_phone=\u00bb20px\u00bb header_font_size_last_edited=\u00bbon|tablet\u00bb border_radii_image=\u00bbon|15px|15px|15px|15px\u00bb global_colors_info=\u00bb{}\u00bb sticky_transition=\u00bbon\u00bb]<\/p>\n<p>con centro de mecanizado CNC Hedelius Tiltenta 6, 5 ejes, vertical, DMG DMC 1035 V 3 ejes, vertical y fresadora de ranuras Busch FB1 x 2000, 4 ejes<\/p>\n<p>[\/et_pb_slide][et_pb_slide heading=\u00bbprocesamiento de molienda\u00bb image=\u00bbhttps:\/\/oddesse.de\/wp-content\/uploads\/2022\/02\/CNC-Aussenrundschleifmaschine-Tacchella.jpg\u00bb use_bg_overlay=\u00bbon\u00bb bg_overlay_color=\u00bbrgba(255,255,255,0.79)\u00bb arrows_custom_color=\u00bb#B5123E\u00bb dot_nav_custom_color=\u00bb#B5123E\u00bb _builder_version=\u00bb4.23.4&#8243; _module_preset=\u00bbdefault\u00bb header_text_color=\u00bb#666666&#8243; header_font_size=\u00bb30px\u00bb header_line_height=\u00bb1.3em\u00bb body_text_color=\u00bb#666666&#8243; body_line_height=\u00bb1.8em\u00bb background_enable_color=\u00bboff\u00bb background_image=\u00bbhttps:\/\/oddesse.de\/wp-content\/uploads\/2022\/02\/konventionelle-Aussenrundschleifmaschine-Heckert.jpg\u00bb background_enable_image=\u00bbon\u00bb parallax=\u00bbon\u00bb background_layout=\u00bblight\u00bb width_tablet=\u00bb\u00bb width_phone=\u00bb\u00bb width_last_edited=\u00bbon|phone\u00bb header_font_tablet=\u00bb|700|||||||\u00bb header_font_phone=\u00bb|700|||||||\u00bb header_font_last_edited=\u00bbon|tablet\u00bb header_font_size_tablet=\u00bb20px\u00bb header_font_size_phone=\u00bb20px\u00bb header_font_size_last_edited=\u00bbon|tablet\u00bb border_radii_image=\u00bbon|15px|15px|15px|15px\u00bb global_colors_info=\u00bb{}\u00bb sticky_transition=\u00bbon\u00bb]<\/p>\n<p>con rectificadora cil\u00edndrica exterior CNC Tacchella Electra 1518 o rectificadora cil\u00edndrica exterior convencional Heckert SUI 315 x 3000<\/p>\n<p>[\/et_pb_slide][et_pb_slide heading=\u00bbMecanizado de soldadura por fricci\u00f3n\u00bb image=\u00bbhttps:\/\/oddesse.de\/wp-content\/uploads\/2022\/02\/Reibschweissmaschine-Nei-Thompdon-2.jpg\u00bb use_bg_overlay=\u00bbon\u00bb bg_overlay_color=\u00bbrgba(255,255,255,0.79)\u00bb arrows_custom_color=\u00bb#B5123E\u00bb dot_nav_custom_color=\u00bb#B5123E\u00bb _builder_version=\u00bb4.23.4&#8243; _module_preset=\u00bbdefault\u00bb header_text_color=\u00bb#666666&#8243; header_font_size=\u00bb30px\u00bb header_line_height=\u00bb1.3em\u00bb body_text_color=\u00bb#666666&#8243; body_line_height=\u00bb1.8em\u00bb background_enable_color=\u00bboff\u00bb background_image=\u00bbhttps:\/\/oddesse.de\/wp-content\/uploads\/2022\/02\/CNC-Bearbeitungszentrum-Hedelius.jpg\u00bb background_enable_image=\u00bbon\u00bb parallax=\u00bbon\u00bb background_layout=\u00bblight\u00bb width_tablet=\u00bb\u00bb width_phone=\u00bb\u00bb width_last_edited=\u00bbon|phone\u00bb header_font_tablet=\u00bb|700|||||||\u00bb header_font_phone=\u00bb|700|||||||\u00bb header_font_last_edited=\u00bbon|tablet\u00bb header_font_size_tablet=\u00bb20px\u00bb header_font_size_phone=\u00bb20px\u00bb header_font_size_last_edited=\u00bbon|tablet\u00bb border_radii_image=\u00bbon|15px|15px|15px|15px\u00bb global_colors_info=\u00bb{}\u00bb sticky_transition=\u00bbon\u00bb]<\/p>\n<p>M\u00e1quina de soldadura por fricci\u00f3n Nei Thompson Modelo 60<\/p>\n<ul>\n<li>\u00d8 de sujeci\u00f3n (mordazas fijas): 20-80 mm<\/li>\n<li>\u00d8 de sujeci\u00f3n (mandril): 180 mm<\/li>\n<li>Paso del mandril: hasta \u00d8 56 mm<\/li>\n<\/ul>\n<p>[\/et_pb_slide][\/et_pb_slider][\/et_pb_column][\/et_pb_row][\/et_pb_section]<\/p>\n","protected":false},"excerpt":{"rendered":"<p>oddesse-Fabricaci\u00f3n por contratoNuestro moderno taller est\u00e1 especialmente equipado para la producci\u00f3n de componentes peque\u00f1os y medianos y ejes de hasta 2.000 mm de longitud. En general, la producci\u00f3n mec\u00e1nica incl. 4.000 m\u00b2 de superficie disponible aprox.La tecnolog\u00eda necesaria se dispone de acuerdo con el flujo de producci\u00f3n de tal forma que las rutas de transporte [&hellip;]<\/p>\n","protected":false},"author":1,"featured_media":0,"parent":243366,"menu_order":0,"comment_status":"closed","ping_status":"closed","template":"","meta":{"_et_pb_use_builder":"on","_et_pb_old_content":"","_et_gb_content_width":"","footnotes":""},"class_list":["post-243314","page","type-page","status-publish","hentry"],"_links":{"self":[{"href":"https:\/\/oddesse.de\/es\/wp-json\/wp\/v2\/pages\/243314","targetHints":{"allow":["GET"]}}],"collection":[{"href":"https:\/\/oddesse.de\/es\/wp-json\/wp\/v2\/pages"}],"about":[{"href":"https:\/\/oddesse.de\/es\/wp-json\/wp\/v2\/types\/page"}],"author":[{"embeddable":true,"href":"https:\/\/oddesse.de\/es\/wp-json\/wp\/v2\/users\/1"}],"replies":[{"embeddable":true,"href":"https:\/\/oddesse.de\/es\/wp-json\/wp\/v2\/comments?post=243314"}],"version-history":[{"count":9,"href":"https:\/\/oddesse.de\/es\/wp-json\/wp\/v2\/pages\/243314\/revisions"}],"predecessor-version":[{"id":246759,"href":"https:\/\/oddesse.de\/es\/wp-json\/wp\/v2\/pages\/243314\/revisions\/246759"}],"up":[{"embeddable":true,"href":"https:\/\/oddesse.de\/es\/wp-json\/wp\/v2\/pages\/243366"}],"wp:attachment":[{"href":"https:\/\/oddesse.de\/es\/wp-json\/wp\/v2\/media?parent=243314"}],"curies":[{"name":"wp","href":"https:\/\/api.w.org\/{rel}","templated":true}]}}