{"id":243313,"date":"2022-02-08T14:44:34","date_gmt":"2022-02-08T14:44:34","guid":{"rendered":"https:\/\/test376518.live-website.com\/examenes\/"},"modified":"2022-06-10T09:24:07","modified_gmt":"2022-06-10T09:24:07","slug":"examenes","status":"publish","type":"page","link":"https:\/\/oddesse.de\/es\/servicio\/examenes\/","title":{"rendered":"Pruebas"},"content":{"rendered":"<p>[et_pb_section fb_built=\u00bb1&#8243; fullwidth=\u00bbon\u00bb _builder_version=\u00bb4.16&#8243; _module_preset=\u00bbdefault\u00bb global_colors_info=\u00bb{}\u00bb][et_pb_fullwidth_slider _builder_version=\u00bb4.16&#8243; _module_preset=\u00bbdefault\u00bb width_tablet=\u00bb\u00bb width_phone=\u00bb\u00bb width_last_edited=\u00bbon|phone\u00bb module_alignment=\u00bbleft\u00bb content_width=\u00bb73%\u00bb content_width_tablet=\u00bb73%\u00bb content_width_phone=\u00bb100%\u00bb content_width_last_edited=\u00bbon|phone\u00bb content_max_width_tablet=\u00bb\u00bb content_max_width_phone=\u00bb1080%\u00bb content_max_width_last_edited=\u00bbon|phone\u00bb min_height_tablet=\u00bb\u00bb min_height_phone=\u00bb\u00bb min_height_last_edited=\u00bbon|phone\u00bb height=\u00bb500px\u00bb height_tablet=\u00bb500px\u00bb height_phone=\u00bb250px\u00bb height_last_edited=\u00bbon|phone\u00bb max_height=\u00bb500px\u00bb max_height_tablet=\u00bb500px\u00bb max_height_phone=\u00bb250px\u00bb max_height_last_edited=\u00bbon|phone\u00bb custom_padding=\u00bb4px||6px|||\u00bb header_font_size_tablet=\u00bb\u00bb header_font_size_phone=\u00bb20px\u00bb header_font_size_last_edited=\u00bbon|phone\u00bb body_font_size_tablet=\u00bb\u00bb body_font_size_phone=\u00bb17px\u00bb body_font_size_last_edited=\u00bbon|phone\u00bb text_orientation_tablet=\u00bb\u00bb text_orientation_phone=\u00bb\u00bb text_orientation_last_edited=\u00bbon|phone\u00bb module_alignment_tablet=\u00bbleft\u00bb module_alignment_phone=\u00bbcenter\u00bb module_alignment_last_edited=\u00bbon|phone\u00bb global_colors_info=\u00bb{}\u00bb][et_pb_slide heading=\u00bbPruebas individuales\u00bb use_bg_overlay=\u00bboff\u00bb use_text_overlay=\u00bbon\u00bb text_overlay_color=\u00bbrgba(181,18,62,0.67)\u00bb text_border_radius=\u00bb0px\u00bb content_tablet=\u00bb<\/p>\n<h1><\/h1>\n<h1><\/h1>\n<h1>oddesse-Campos de prueba<\/h1>\n<p>\u00bb content_phone=\u00bb<\/p>\n<h1><\/h1>\n<h1><\/h1>\n<h1>oddesse-Campos de prueba<\/h1>\n<p>\u00bb content_last_edited=\u00bbon|phone\u00bb text_border_radius_tablet=\u00bb0px\u00bb text_border_radius_phone=\u00bb0px\u00bb text_border_radius_last_edited=\u00bbon|phone\u00bb _builder_version=\u00bb4.16&#8243; _module_preset=\u00bbdefault\u00bb body_font_size=\u00bb30px\u00bb background_image=\u00bbhttps:\/\/oddesse.de\/wp-content\/uploads\/2022\/02\/Banner-Reparatur.jpg\u00bb background_enable_image=\u00bbon\u00bb width=\u00bb100%\u00bb custom_padding_tablet=\u00bb\u00bb custom_padding_phone=\u00bb0px|0px|0px|0px|false|false\u00bb custom_padding_last_edited=\u00bbon|phone\u00bb body_font_size_tablet=\u00bb30px\u00bb body_font_size_phone=\u00bb16px\u00bb body_font_size_last_edited=\u00bbon|phone\u00bb global_colors_info=\u00bb{}\u00bb sticky_transition=\u00bbon\u00bb]<\/p>\n<h1><\/h1>\n<h1><\/h1>\n<h1>oddesse-Campos de prueba<\/h1>\n<p>[\/et_pb_slide][\/et_pb_fullwidth_slider][\/et_pb_section][et_pb_section fb_built=\u00bb1&#8243; _builder_version=\u00bb4.16&#8243; _module_preset=\u00bbdefault\u00bb custom_padding=\u00bb60px|||||\u00bb global_colors_info=\u00bb{}\u00bb][et_pb_row use_custom_gutter=\u00bbon\u00bb gutter_width=\u00bb1&#8243; disabled_on=\u00bboff|off|off\u00bb _builder_version=\u00bb4.16&#8243; _module_preset=\u00bbdefault\u00bb width=\u00bb100%\u00bb custom_margin_tablet=\u00bb\u00bb custom_margin_phone=\u00bb\u00bb custom_margin_last_edited=\u00bbon|phone\u00bb custom_padding=\u00bb0px||||false|false\u00bb custom_css_main_element=\u00bbdisplay:flex;\u00bb global_colors_info=\u00bb{}\u00bb][et_pb_column type=\u00bb4_4&#8243; _builder_version=\u00bb4.16&#8243; _module_preset=\u00bbdefault\u00bb global_colors_info=\u00bb{}\u00bb][et_pb_text disabled_on=\u00bboff|off|off\u00bb _builder_version=\u00bb4.16&#8243; _module_preset=\u00bbdefault\u00bb background_color=\u00bbRGBA(0,0,0,0)\u00bb custom_margin=\u00bb0px||||false|false\u00bb custom_margin_tablet=\u00bb0px||||false|false\u00bb custom_margin_phone=\u00bb0px||||false|false\u00bb custom_margin_last_edited=\u00bbon|phone\u00bb custom_padding=\u00bb|10px|0px|10px|false|false\u00bb header_font_tablet=\u00bb\u00bb header_font_phone=\u00bb\u00bb header_font_last_edited=\u00bbon|desktop\u00bb global_colors_info=\u00bb{}\u00bb]<\/p>\n<p>Una moderna instalaci\u00f3n de prueba est\u00e1 disponible en nuestra nave de producci\u00f3n en Oschersleben para el desarrollo y prueba de bombas y motores sumergibles oddesse. Aqu\u00ed se pueden probar simult\u00e1neamente varios motores sumergibles y motobombas sumergibles con apoyo inform\u00e1tico. La potencia m\u00e1xima de accionamiento es de 400 kW a 50 Hz, 450 kW a 60 Hz y 300 kW a 100 Hz.<\/p>\n<p>El tanque de prueba con imitaciones de pozo incrustado en el suelo del pabell\u00f3n tiene 6 m de profundidad, contiene aproximadamente 300 000 l de agua y permite la instalaci\u00f3n de bombas sumergibles hasta una longitud de 5 m Se pueden simular alturas de hasta 400 mWS.<\/p>\n<p>Adem\u00e1s de probar productos oddesse, tambi\u00e9n ofrecemos a nuestros clientes la prueba de bombas y motores de otros fabricantes. Lo especial de esto es que podemos adaptar las bombas a los par\u00e1metros de bombeo definidos a petici\u00f3n del cliente y tambi\u00e9n podemos verificarlos en detalle con el informe de prueba.<\/p>\n<p>Adem\u00e1s, oddesse dispone de un banco de pruebas de estator separado y un campo de pruebas para las pruebas el\u00e9ctricas de los motores, as\u00ed como un banco de pruebas para las pruebas el\u00e9ctricas y un tanque de prueba de funcionamiento en h\u00famedo para las bombas de aguas residuales.<\/p>\n<p>&nbsp;<\/p>\n<p>[\/et_pb_text][\/et_pb_column][\/et_pb_row][et_pb_row disabled_on=\u00bbon|off|off\u00bb _builder_version=\u00bb4.16&#8243; _module_preset=\u00bbdefault\u00bb width=\u00bb100%\u00bb global_colors_info=\u00bb{}\u00bb][et_pb_column type=\u00bb4_4&#8243; _builder_version=\u00bb4.16&#8243; _module_preset=\u00bbdefault\u00bb global_colors_info=\u00bb{}\u00bb][et_pb_slider _builder_version=\u00bb4.16&#8243; _module_preset=\u00bbdefault\u00bb background_enable_color=\u00bboff\u00bb min_height=\u00bb600px\u00bb custom_padding=\u00bb1px||1px|||\u00bb global_colors_info=\u00bb{}\u00bb][et_pb_slide heading=\u00bbCampo de prueba para bombas sumergibles\u00bb image=\u00bbhttps:\/\/oddesse.de\/wp-content\/uploads\/2022\/02\/Pumpenprueffeld.jpg\u00bb use_bg_overlay=\u00bbon\u00bb bg_overlay_color=\u00bbrgba(255,255,255,0.55)\u00bb use_text_overlay=\u00bbon\u00bb arrows_custom_color=\u00bb#B5123E\u00bb dot_nav_custom_color=\u00bb#B5123E\u00bb text_border_radius=\u00bb0px\u00bb _builder_version=\u00bb4.16&#8243; _module_preset=\u00bbdefault\u00bb header_level=\u00bbh4&#8243; header_text_color=\u00bb#666666&#8243; header_font_size=\u00bb30px\u00bb header_line_height=\u00bb1.3em\u00bb body_text_color=\u00bb#666666&#8243; body_line_height=\u00bb1.8em\u00bb background_enable_color=\u00bboff\u00bb background_image=\u00bbhttps:\/\/oddesse.de\/wp-content\/uploads\/2022\/02\/Pumpenprueffeld.jpg\u00bb background_enable_image=\u00bbon\u00bb parallax=\u00bbon\u00bb background_layout=\u00bblight\u00bb width_tablet=\u00bb\u00bb width_phone=\u00bb\u00bb width_last_edited=\u00bbon|phone\u00bb header_font_tablet=\u00bb\u00bb header_font_phone=\u00bb\u00bb header_font_last_edited=\u00bbon|desktop\u00bb header_font_size_tablet=\u00bb20px\u00bb header_font_size_phone=\u00bb20px\u00bb header_font_size_last_edited=\u00bbon|tablet\u00bb body_font_size_tablet=\u00bb16px\u00bb body_font_size_phone=\u00bb16px\u00bb body_font_size_last_edited=\u00bbon|tablet\u00bb border_radii_image=\u00bbon|15px|15px|15px|15px\u00bb global_colors_info=\u00bb{}\u00bb sticky_transition=\u00bbon\u00bb]<\/p>\n<p>El tanque de prueba tiene 6 m de profundidad, contiene aproximadamente 300 000 l de agua y permite la instalaci\u00f3n de motobombas sumergibles hasta una longitud de 5 m Desde la estaci\u00f3n central de evaluaci\u00f3n y control, secciones de medici\u00f3n de volumen graduado de 3 a 2500 m\u00b3\/h y se simulan cabezales de suministro de hasta 400 mWS.<\/p>\n<p>[\/et_pb_slide][et_pb_slide heading=\u00bbPruebas de bombas de aguas residuales.\u00bb image=\u00bbhttps:\/\/oddesse.de\/wp-content\/uploads\/2022\/02\/Soeffelprueffeld.jpg\u00bb use_bg_overlay=\u00bbon\u00bb bg_overlay_color=\u00bbrgba(255,255,255,0.79)\u00bb arrows_custom_color=\u00bb#B5123E\u00bb dot_nav_custom_color=\u00bb#B5123E\u00bb _builder_version=\u00bb4.16&#8243; _module_preset=\u00bbdefault\u00bb header_text_color=\u00bb#666666&#8243; header_font_size=\u00bb30px\u00bb header_line_height=\u00bb1.3em\u00bb body_text_color=\u00bb#666666&#8243; body_line_height=\u00bb1.8em\u00bb background_color=\u00bbRGBA(255,255,255,0)\u00bb background_enable_color=\u00bbon\u00bb background_image=\u00bbhttps:\/\/oddesse.de\/wp-content\/uploads\/2022\/02\/Soeffelprueffeld.jpg\u00bb background_enable_image=\u00bbon\u00bb parallax=\u00bbon\u00bb background_layout=\u00bblight\u00bb width_tablet=\u00bb\u00bb width_phone=\u00bb\u00bb width_last_edited=\u00bbon|phone\u00bb header_font_tablet=\u00bb|700|||||||\u00bb header_font_phone=\u00bb|700|||||||\u00bb header_font_last_edited=\u00bbon|tablet\u00bb header_font_size_tablet=\u00bb20px\u00bb header_font_size_phone=\u00bb20px\u00bb header_font_size_last_edited=\u00bbon|tablet\u00bb border_radii_image=\u00bbon|15px|15px|15px|15px\u00bb global_colors_info=\u00bb{}\u00bb sticky_transition=\u00bbon\u00bb]<\/p>\n<p>La l\u00ednea de producci\u00f3n de las bombas de aguas residuales incluye un banco de pruebas para todas las mediciones el\u00e9ctricas y un tanque de prueba de funcionamiento h\u00famedo. Adem\u00e1s de medir el valor de aislamiento y el alto voltaje, las bombas tambi\u00e9n se prueban funcionalmente.<\/p>\n<p>[\/et_pb_slide][et_pb_slide heading=\u00bbEnsayos de motores sumergibles\u00bb image=\u00bbhttps:\/\/oddesse.de\/wp-content\/uploads\/2022\/02\/Motorenprueffeld.jpg\u00bb use_bg_overlay=\u00bbon\u00bb bg_overlay_color=\u00bbrgba(255,255,255,0.79)\u00bb arrows_custom_color=\u00bb#B5123E\u00bb dot_nav_custom_color=\u00bb#B5123E\u00bb _builder_version=\u00bb4.16&#8243; _module_preset=\u00bbdefault\u00bb header_text_color=\u00bb#666666&#8243; header_font_size=\u00bb30px\u00bb header_line_height=\u00bb1.3em\u00bb body_text_color=\u00bb#666666&#8243; body_line_height=\u00bb1.8em\u00bb background_color=\u00bbRGBA(255,255,255,0)\u00bb background_enable_color=\u00bbon\u00bb background_image=\u00bbhttps:\/\/oddesse.de\/wp-content\/uploads\/2022\/02\/Motorenprueffeld.jpg\u00bb background_enable_image=\u00bbon\u00bb parallax=\u00bbon\u00bb background_layout=\u00bblight\u00bb width_tablet=\u00bb\u00bb width_phone=\u00bb\u00bb width_last_edited=\u00bbon|phone\u00bb header_font_tablet=\u00bb|700|||||||\u00bb header_font_phone=\u00bb|700|||||||\u00bb header_font_last_edited=\u00bbon|tablet\u00bb header_font_size_tablet=\u00bb20px\u00bb header_font_size_phone=\u00bb20px\u00bb header_font_size_last_edited=\u00bbon|tablet\u00bb border_radii_image=\u00bbon|15px|15px|15px|15px\u00bb global_colors_info=\u00bb{}\u00bb sticky_transition=\u00bbon\u00bb]<\/p>\n<p>Los estatores bobinados primero se someten a una prueba de alto voltaje y una medici\u00f3n de aislamiento. Una vez terminados los motores, se someten a todas las pruebas el\u00e9ctricas prescritas y se lleva a cabo una prueba de funcionamiento.<\/p>\n<p>[\/et_pb_slide][\/et_pb_slider][\/et_pb_column][\/et_pb_row][et_pb_row use_custom_gutter=\u00bbon\u00bb gutter_width=\u00bb1&#8243; disabled_on=\u00bboff|off|off\u00bb _builder_version=\u00bb4.16&#8243; _module_preset=\u00bbdefault\u00bb width=\u00bb100%\u00bb custom_margin_tablet=\u00bb\u00bb custom_margin_phone=\u00bb\u00bb custom_margin_last_edited=\u00bbon|phone\u00bb custom_padding=\u00bb0px||||false|false\u00bb custom_css_main_element=\u00bbdisplay:flex;\u00bb global_colors_info=\u00bb{}\u00bb][et_pb_column type=\u00bb4_4&#8243; _builder_version=\u00bb4.16&#8243; _module_preset=\u00bbdefault\u00bb global_colors_info=\u00bb{}\u00bb][et_pb_text disabled_on=\u00bboff|off|off\u00bb _builder_version=\u00bb4.16&#8243; _module_preset=\u00bbdefault\u00bb background_color=\u00bbRGBA(0,0,0,0)\u00bb custom_margin=\u00bb0px||||false|false\u00bb custom_margin_tablet=\u00bb0px||||false|false\u00bb custom_margin_phone=\u00bb0px||||false|false\u00bb custom_margin_last_edited=\u00bbon|phone\u00bb custom_padding=\u00bb|10px|0px|10px|false|false\u00bb header_font_tablet=\u00bb\u00bb header_font_phone=\u00bb\u00bb header_font_last_edited=\u00bbon|desktop\u00bb global_colors_info=\u00bb{}\u00bb]<\/p>\n<p><strong>normas aplicadas<\/strong><\/p>\n<ul>\n<li>Bombas centr\u00edfugas ISO 9906 &#8211; prueba hidr\u00e1ulica 1, 2 y 3<\/li>\n<li>DIN EN 60034-2-12015 para pruebas de motores<\/li>\n<\/ul>\n<p><strong>Medidas Disponibles<\/strong><\/p>\n<ul>\n<li>Caracter\u00edsticas de suministro de las bombas sumergibles con todos los datos de rendimiento necesarios<\/li>\n<li>Curvas de rendimiento de motores sumergibles<\/li>\n<li>Ensayos de resistencia de motores sumergibles y bombas sumergibles<\/li>\n<li>Determinaci\u00f3n del autocalentamiento de motores sumergibles<\/li>\n<li>Adquisici\u00f3n de caracter\u00edsticas de par y velocidad de motores sumergibles<\/li>\n<\/ul>\n<p>Estamos a su disposici\u00f3n en cualquier momento para obtener m\u00e1s informaci\u00f3n sobre nuestras instalaciones de prueba.<\/p>\n<p>&nbsp;<\/p>\n<p>[\/et_pb_text][\/et_pb_column][\/et_pb_row][et_pb_row column_structure=\u00bb1_3,1_3,1_3&#8243; disabled_on=\u00bboff|on|on\u00bb _builder_version=\u00bb4.16&#8243; _module_preset=\u00bbdefault\u00bb custom_margin=\u00bb|auto|65px|auto||\u00bb global_colors_info=\u00bb{}\u00bb][et_pb_column type=\u00bb1_3&#8243; _builder_version=\u00bb4.16&#8243; _module_preset=\u00bbdefault\u00bb global_colors_info=\u00bb{}\u00bb][et_pb_image src=\u00bbhttps:\/\/oddesse.de\/wp-content\/uploads\/2022\/02\/Pumpenprueffeld.jpg\u00bb title_text=\u00bbcampo de prueba de bombas\u00bb show_bottom_space=\u00bboff\u00bb align=\u00bbcenter\u00bb _builder_version=\u00bb4.16&#8243; _module_preset=\u00bbdefault\u00bb global_colors_info=\u00bb{}\u00bb][\/et_pb_image][et_pb_text _builder_version=\u00bb4.16&#8243; _module_preset=\u00bbdefault\u00bb text_line_height=\u00bb1.5em\u00bb background_color=\u00bb#D7D2CB\u00bb custom_padding=\u00bb12px|10px|2px|10px|false|false\u00bb global_colors_info=\u00bb{}\u00bb]<\/p>\n<h2 class=\"et_pb_slide_title et-fb-editable-element et-fb-editable-element__editing\" data-shortcode-id=\"1.4.0.0.1-1639735102145\" data-quickaccess-id=\"header\" contenteditable=\"true\">Campo de prueba para bombas sumergibles<\/h2>\n<p>El tanque de prueba tiene 6 m de profundidad, contiene aproximadamente 300 000 l de agua y permite la instalaci\u00f3n de motobombas sumergibles hasta una longitud de 5 m Desde la estaci\u00f3n central de evaluaci\u00f3n y control, secciones de medici\u00f3n de volumen graduado de 3 a 2500 m\u00b3\/h y se simulan cabezales de suministro de hasta 400 mWS.<\/p>\n<p>[\/et_pb_text][\/et_pb_column][et_pb_column type=\u00bb1_3&#8243; _builder_version=\u00bb4.16&#8243; _module_preset=\u00bbdefault\u00bb global_colors_info=\u00bb{}\u00bb][et_pb_image src=\u00bbhttps:\/\/oddesse.de\/wp-content\/uploads\/2022\/02\/Soeffelprueffeld.jpg\u00bb alt=\u00bbUso de una motobomba sumergible oddesse en una plataforma marina en \u00c1frica Occidental\u00bb title_text=\u00bbCampo de prueba de S\u00f6ffel\u00bb show_bottom_space=\u00bboff\u00bb align=\u00bbcenter\u00bb _builder_version=\u00bb4.16&#8243; _module_preset=\u00bbdefault\u00bb global_colors_info=\u00bb{}\u00bb][\/et_pb_image][et_pb_text _builder_version=\u00bb4.16&#8243; _module_preset=\u00bbdefault\u00bb text_line_height=\u00bb1.5em\u00bb background_color=\u00bb#D7D2CB\u00bb custom_padding=\u00bb12px|10px|2px|10px|false|false\u00bb global_colors_info=\u00bb{}\u00bb]<\/p>\n<h2 class=\"et_pb_slide_title et-fb-editable-element et-fb-editable-element__editing\" data-shortcode-id=\"1.4.0.0.1-1639735102145\" data-quickaccess-id=\"header\" contenteditable=\"true\">Pruebas de bombas de aguas residuales.<\/h2>\n<p>La l\u00ednea de producci\u00f3n de las bombas de aguas residuales incluye un banco de pruebas para todas las mediciones el\u00e9ctricas y un tanque de prueba de funcionamiento h\u00famedo. Adem\u00e1s de medir el valor de aislamiento y el alto voltaje, las bombas tambi\u00e9n se prueban funcionalmente.<\/p>\n<p>[\/et_pb_text][\/et_pb_column][et_pb_column type=\u00bb1_3&#8243; _builder_version=\u00bb4.16&#8243; _module_preset=\u00bbdefault\u00bb global_colors_info=\u00bb{}\u00bb][et_pb_image src=\u00bbhttps:\/\/oddesse.de\/wp-content\/uploads\/2022\/02\/Motorenprueffeld.jpg\u00bb alt=\u00bbUso de una motobomba sumergible oddesse en una plataforma marina en \u00c1frica Occidental\u00bb title_text=\u00bbbah\u00eda de prueba del motor\u00bb show_bottom_space=\u00bboff\u00bb align=\u00bbcenter\u00bb _builder_version=\u00bb4.16&#8243; _module_preset=\u00bbdefault\u00bb global_colors_info=\u00bb{}\u00bb][\/et_pb_image][et_pb_text _builder_version=\u00bb4.16&#8243; _module_preset=\u00bbdefault\u00bb text_line_height=\u00bb1.5em\u00bb background_color=\u00bb#D7D2CB\u00bb custom_padding=\u00bb12px|10px|2px|10px|false|false\u00bb global_colors_info=\u00bb{}\u00bb]<\/p>\n<h2 class=\"et_pb_slide_title et-fb-editable-element et-fb-editable-element__editing\" data-shortcode-id=\"1.4.0.0.1-1639735102145\" data-quickaccess-id=\"header\" contenteditable=\"true\">Ensayos de motores sumergibles<\/h2>\n<p>Los estatores bobinados primero se someten a una prueba de alto voltaje y una medici\u00f3n de aislamiento. Una vez terminados los motores, se someten a todas las pruebas el\u00e9ctricas prescritas y se lleva a cabo una prueba de funcionamiento.<\/p>\n<p>[\/et_pb_text][\/et_pb_column][\/et_pb_row][\/et_pb_section]<\/p>\n","protected":false},"excerpt":{"rendered":"<p>oddesse-Campos de pruebaUna moderna instalaci\u00f3n de prueba est\u00e1 disponible en nuestra nave de producci\u00f3n en Oschersleben para el desarrollo y prueba de bombas y motores sumergibles oddesse. Aqu\u00ed se pueden probar simult\u00e1neamente varios motores sumergibles y motobombas sumergibles con apoyo inform\u00e1tico. La potencia m\u00e1xima de accionamiento es de 400 kW a 50 Hz, 450 kW [&hellip;]<\/p>\n","protected":false},"author":1,"featured_media":0,"parent":243366,"menu_order":0,"comment_status":"closed","ping_status":"closed","template":"","meta":{"_et_pb_use_builder":"on","_et_pb_old_content":"","_et_gb_content_width":"","footnotes":""},"class_list":["post-243313","page","type-page","status-publish","hentry"],"_links":{"self":[{"href":"https:\/\/oddesse.de\/es\/wp-json\/wp\/v2\/pages\/243313","targetHints":{"allow":["GET"]}}],"collection":[{"href":"https:\/\/oddesse.de\/es\/wp-json\/wp\/v2\/pages"}],"about":[{"href":"https:\/\/oddesse.de\/es\/wp-json\/wp\/v2\/types\/page"}],"author":[{"embeddable":true,"href":"https:\/\/oddesse.de\/es\/wp-json\/wp\/v2\/users\/1"}],"replies":[{"embeddable":true,"href":"https:\/\/oddesse.de\/es\/wp-json\/wp\/v2\/comments?post=243313"}],"version-history":[{"count":7,"href":"https:\/\/oddesse.de\/es\/wp-json\/wp\/v2\/pages\/243313\/revisions"}],"predecessor-version":[{"id":246065,"href":"https:\/\/oddesse.de\/es\/wp-json\/wp\/v2\/pages\/243313\/revisions\/246065"}],"up":[{"embeddable":true,"href":"https:\/\/oddesse.de\/es\/wp-json\/wp\/v2\/pages\/243366"}],"wp:attachment":[{"href":"https:\/\/oddesse.de\/es\/wp-json\/wp\/v2\/media?parent=243313"}],"curies":[{"name":"wp","href":"https:\/\/api.w.org\/{rel}","templated":true}]}}