{"id":243286,"date":"2022-02-08T14:44:11","date_gmt":"2022-02-08T14:44:11","guid":{"rendered":"https:\/\/test376518.live-website.com\/refaccion\/"},"modified":"2022-06-10T09:22:24","modified_gmt":"2022-06-10T09:22:24","slug":"refaccion","status":"publish","type":"page","link":"https:\/\/oddesse.de\/es\/servicio\/refaccion\/","title":{"rendered":"Reparaciones"},"content":{"rendered":"<p>[et_pb_section fb_built=\u00bb1&#8243; fullwidth=\u00bbon\u00bb _builder_version=\u00bb4.16&#8243; _module_preset=\u00bbdefault\u00bb global_colors_info=\u00bb{}\u00bb][et_pb_fullwidth_slider _builder_version=\u00bb4.17.0&#8243; _module_preset=\u00bbdefault\u00bb width_tablet=\u00bb\u00bb width_phone=\u00bb\u00bb width_last_edited=\u00bbon|phone\u00bb module_alignment=\u00bbleft\u00bb content_width=\u00bb73%\u00bb content_width_tablet=\u00bb73%\u00bb content_width_phone=\u00bb100%\u00bb content_width_last_edited=\u00bbon|phone\u00bb content_max_width_tablet=\u00bb\u00bb content_max_width_phone=\u00bb1080%\u00bb content_max_width_last_edited=\u00bbon|phone\u00bb min_height_tablet=\u00bb\u00bb min_height_phone=\u00bb\u00bb min_height_last_edited=\u00bbon|phone\u00bb height=\u00bb500px\u00bb height_tablet=\u00bb500px\u00bb height_phone=\u00bb250px\u00bb height_last_edited=\u00bbon|phone\u00bb max_height=\u00bb500px\u00bb max_height_tablet=\u00bb500px\u00bb max_height_phone=\u00bb250px\u00bb max_height_last_edited=\u00bbon|phone\u00bb custom_padding=\u00bb4px||6px|||\u00bb header_font_size_tablet=\u00bb\u00bb header_font_size_phone=\u00bb20px\u00bb header_font_size_last_edited=\u00bbon|phone\u00bb body_font_size_tablet=\u00bb\u00bb body_font_size_phone=\u00bb17px\u00bb body_font_size_last_edited=\u00bbon|phone\u00bb text_orientation_tablet=\u00bb\u00bb text_orientation_phone=\u00bb\u00bb text_orientation_last_edited=\u00bbon|phone\u00bb module_alignment_tablet=\u00bbleft\u00bb module_alignment_phone=\u00bbcenter\u00bb module_alignment_last_edited=\u00bbon|phone\u00bb global_colors_info=\u00bb{}\u00bb][et_pb_slide heading=\u00bbTienda de reparacion\u00bb use_bg_overlay=\u00bboff\u00bb use_text_overlay=\u00bbon\u00bb text_overlay_color=\u00bbrgba(181,18,62,0.67)\u00bb text_border_radius=\u00bb0px\u00bb content_tablet=\u00bb<\/p>\n<h1><\/h1>\n<h1><\/h1>\n<h1>Hallazgos, Reparaciones, Reciclaje<\/h1>\n<p>\u00bb content_phone=\u00bb<\/p>\n<h1><\/h1>\n<h1><\/h1>\n<h1>Hallazgos, Reparaciones, Reciclaje<\/h1>\n<p>\u00bb content_last_edited=\u00bbon|tablet\u00bb text_border_radius_tablet=\u00bb0px\u00bb text_border_radius_phone=\u00bb0px\u00bb text_border_radius_last_edited=\u00bbon|phone\u00bb _builder_version=\u00bb4.17.0&#8243; _module_preset=\u00bbdefault\u00bb body_font_size=\u00bb30px\u00bb background_image=\u00bbhttps:\/\/oddesse.de\/wp-content\/uploads\/2022\/02\/Banner-Reparatur-2.jpg\u00bb background_enable_image=\u00bbon\u00bb width=\u00bb100%\u00bb custom_padding_tablet=\u00bb\u00bb custom_padding_phone=\u00bb0px|0px|0px|0px|false|false\u00bb custom_padding_last_edited=\u00bbon|phone\u00bb body_font_size_tablet=\u00bb30px\u00bb body_font_size_phone=\u00bb16px\u00bb body_font_size_last_edited=\u00bbon|phone\u00bb global_colors_info=\u00bb{}\u00bb sticky_transition=\u00bbon\u00bb]<\/p>\n<p>Hallazgos, Reparaciones, Reciclaje<\/p>\n<p>[\/et_pb_slide][\/et_pb_fullwidth_slider][\/et_pb_section][et_pb_section fb_built=\u00bb1&#8243; _builder_version=\u00bb4.16&#8243; _module_preset=\u00bbdefault\u00bb custom_padding=\u00bb60px|||||\u00bb global_colors_info=\u00bb{}\u00bb][et_pb_row use_custom_gutter=\u00bbon\u00bb gutter_width=\u00bb1&#8243; disabled_on=\u00bboff|off|off\u00bb _builder_version=\u00bb4.16&#8243; _module_preset=\u00bbdefault\u00bb width=\u00bb100%\u00bb custom_margin_tablet=\u00bb\u00bb custom_margin_phone=\u00bb\u00bb custom_margin_last_edited=\u00bbon|phone\u00bb custom_padding=\u00bb0px||||false|false\u00bb custom_css_main_element=\u00bbdisplay:flex;\u00bb global_colors_info=\u00bb{}\u00bb][et_pb_column type=\u00bb4_4&#8243; _builder_version=\u00bb4.16&#8243; _module_preset=\u00bbdefault\u00bb global_colors_info=\u00bb{}\u00bb][et_pb_text disabled_on=\u00bboff|off|off\u00bb _builder_version=\u00bb4.17.0&#8243; _module_preset=\u00bbdefault\u00bb background_color=\u00bbRGBA(0,0,0,0)\u00bb custom_margin=\u00bb0px||||false|false\u00bb custom_margin_tablet=\u00bb0px||||false|false\u00bb custom_margin_phone=\u00bb0px||||false|false\u00bb custom_margin_last_edited=\u00bbon|phone\u00bb custom_padding=\u00bb|10px|0px|10px|false|false\u00bb header_font_tablet=\u00bb\u00bb header_font_phone=\u00bb\u00bb header_font_last_edited=\u00bbon|desktop\u00bb global_colors_info=\u00bb{}\u00bb]<\/p>\n<p>En el taller de servicio y reparaci\u00f3n de aproximadamente 900 m\u00b2, 10 empleados calificados se encargan de todo, desde la extracci\u00f3n de las bombas o motores en el sitio de nuestros clientes, pasando por las pruebas y reparaciones hasta la reinstalaci\u00f3n. Independientemente de si se trata de un producto extra\u00f1o o de bombas y motores de otros fabricantes, reparamos casi todos los motores y bombas. Si ya no es posible una reparaci\u00f3n, oddesse tambi\u00e9n se encargar\u00e1 del reciclaje por usted.<\/p>\n<p>El taller cuenta con dos cabinas de chorro de arena, una instalaci\u00f3n de lavado y un banco de pruebas de funcionamiento para motores y bombas s\u00edncronos y as\u00edncronos de 6&#8243;.<\/p>\n<p>[\/et_pb_text][\/et_pb_column][\/et_pb_row][et_pb_row disabled_on=\u00bbon|off|off\u00bb _builder_version=\u00bb4.16&#8243; _module_preset=\u00bbdefault\u00bb width=\u00bb100%\u00bb global_colors_info=\u00bb{}\u00bb][et_pb_column type=\u00bb4_4&#8243; _builder_version=\u00bb4.16&#8243; _module_preset=\u00bbdefault\u00bb global_colors_info=\u00bb{}\u00bb][et_pb_slider _builder_version=\u00bb4.17.4&#8243; _module_preset=\u00bbdefault\u00bb background_enable_color=\u00bboff\u00bb min_height=\u00bb600px\u00bb custom_padding=\u00bb1px||1px|||\u00bb global_colors_info=\u00bb{}\u00bb][et_pb_slide heading=\u00bbPuesto de pruebas de funcionamiento en el taller de reparaci\u00f3n\u00bb image=\u00bbhttps:\/\/oddesse.de\/wp-content\/uploads\/2022\/02\/Funktionspruefstand-Reparatur-2.jpg\u00bb use_bg_overlay=\u00bbon\u00bb bg_overlay_color=\u00bbrgba(255,255,255,0.55)\u00bb use_text_overlay=\u00bbon\u00bb arrows_custom_color=\u00bb#B5123E\u00bb dot_nav_custom_color=\u00bb#B5123E\u00bb text_border_radius=\u00bb0px\u00bb _builder_version=\u00bb4.16&#8243; _module_preset=\u00bbdefault\u00bb header_level=\u00bbh4&#8243; header_text_color=\u00bb#666666&#8243; header_font_size=\u00bb30px\u00bb header_line_height=\u00bb1.3em\u00bb body_text_color=\u00bb#666666&#8243; body_line_height=\u00bb1.8em\u00bb background_enable_color=\u00bboff\u00bb background_image=\u00bbhttps:\/\/oddesse.de\/wp-content\/uploads\/2022\/02\/Funktionspruefstand-Reparatur.jpg\u00bb background_enable_image=\u00bbon\u00bb parallax=\u00bbon\u00bb background_layout=\u00bblight\u00bb width_tablet=\u00bb\u00bb width_phone=\u00bb\u00bb width_last_edited=\u00bbon|phone\u00bb header_font_tablet=\u00bb\u00bb header_font_phone=\u00bb\u00bb header_font_last_edited=\u00bbon|desktop\u00bb header_font_size_tablet=\u00bb20px\u00bb header_font_size_phone=\u00bb20px\u00bb header_font_size_last_edited=\u00bbon|tablet\u00bb body_font_size_tablet=\u00bb16px\u00bb body_font_size_phone=\u00bb16px\u00bb body_font_size_last_edited=\u00bbon|tablet\u00bb border_radii_image=\u00bbon|15px|15px|15px|15px\u00bb global_colors_info=\u00bb{}\u00bb sticky_transition=\u00bbon\u00bb]<\/p>\n<p>Despu\u00e9s de que los motores reparados hayan pasado la prueba el\u00e9ctrica completa en la construcci\u00f3n de motores, se vuelve a comprobar su funcionalidad en el tanque de funci\u00f3n de reparaci\u00f3n, ya sea solo o con las bombas acopladas.<\/p>\n<p>[\/et_pb_slide][et_pb_slide heading=\u00bbCabina de chorro de arena en el taller de reparaci\u00f3n\u00bb image=\u00bbhttps:\/\/oddesse.de\/wp-content\/uploads\/2022\/04\/Sandstrahlkabine-1.jpg\u00bb use_bg_overlay=\u00bbon\u00bb bg_overlay_color=\u00bbrgba(255,255,255,0.55)\u00bb use_text_overlay=\u00bbon\u00bb arrows_custom_color=\u00bb#B5123E\u00bb dot_nav_custom_color=\u00bb#B5123E\u00bb text_border_radius=\u00bb0px\u00bb _builder_version=\u00bb4.17.4&#8243; _module_preset=\u00bbdefault\u00bb header_level=\u00bbh4&#8243; header_text_color=\u00bb#666666&#8243; header_font_size=\u00bb30px\u00bb header_line_height=\u00bb1.3em\u00bb body_text_color=\u00bb#666666&#8243; body_line_height=\u00bb1.8em\u00bb background_enable_color=\u00bboff\u00bb background_image=\u00bbhttps:\/\/oddesse.de\/wp-content\/uploads\/2022\/03\/Sandstrahlkabine-e1648629516903.jpg\u00bb background_enable_image=\u00bbon\u00bb parallax=\u00bbon\u00bb background_layout=\u00bblight\u00bb width_tablet=\u00bb\u00bb width_phone=\u00bb\u00bb width_last_edited=\u00bbon|phone\u00bb header_font_tablet=\u00bb\u00bb header_font_phone=\u00bb\u00bb header_font_last_edited=\u00bbon|desktop\u00bb header_font_size_tablet=\u00bb20px\u00bb header_font_size_phone=\u00bb20px\u00bb header_font_size_last_edited=\u00bbon|tablet\u00bb body_font_size_tablet=\u00bb16px\u00bb body_font_size_phone=\u00bb16px\u00bb body_font_size_last_edited=\u00bbon|tablet\u00bb border_radii_image=\u00bbon|15px|15px|15px|15px\u00bb global_colors_info=\u00bb{}\u00bb sticky_transition=\u00bbon\u00bb]<\/p>\n<p>El chorro de aire comprimido con arena s\u00f3lida puede utilizarse para eliminar el \u00f3xido y la suciedad, la cal, la pintura y otros contaminantes de las bombas y los motores.<\/p>\n<p>[\/et_pb_slide][\/et_pb_slider][\/et_pb_column][\/et_pb_row][et_pb_row column_structure=\u00bb1_3,1_3,1_3&#8243; _builder_version=\u00bb4.16&#8243; _module_preset=\u00bbdefault\u00bb global_colors_info=\u00bb{}\u00bb][et_pb_column type=\u00bb1_3&#8243; _builder_version=\u00bb4.16&#8243; _module_preset=\u00bbdefault\u00bb global_colors_info=\u00bb{}\u00bb][et_pb_image src=\u00bbhttps:\/\/oddesse.de\/wp-content\/uploads\/2022\/03\/Propellerpumpen.jpg\u00bb title_text=\u00bbBombas de h\u00e9lice\u00bb _builder_version=\u00bb4.16&#8243; _module_preset=\u00bbdefault\u00bb border_radii=\u00bbon|10px|10px|10px|10px\u00bb global_colors_info=\u00bb{}\u00bb][\/et_pb_image][\/et_pb_column][et_pb_column type=\u00bb1_3&#8243; _builder_version=\u00bb4.16&#8243; _module_preset=\u00bbdefault\u00bb global_colors_info=\u00bb{}\u00bb][et_pb_image src=\u00bbhttps:\/\/oddesse.de\/wp-content\/uploads\/2022\/03\/Reparaturwerkstatt.jpg\u00bb title_text=\u00bbTienda de reparacion\u00bb _builder_version=\u00bb4.16&#8243; _module_preset=\u00bbdefault\u00bb border_radii=\u00bbon|10px|10px|10px|10px\u00bb global_colors_info=\u00bb{}\u00bb][\/et_pb_image][\/et_pb_column][et_pb_column type=\u00bb1_3&#8243; _builder_version=\u00bb4.16&#8243; _module_preset=\u00bbdefault\u00bb global_colors_info=\u00bb{}\u00bb][et_pb_image src=\u00bbhttps:\/\/oddesse.de\/wp-content\/uploads\/2022\/03\/Motoren-Befundung.jpg\u00bb title_text=\u00bbDiagn\u00f3stico de motores\u00bb _builder_version=\u00bb4.16&#8243; _module_preset=\u00bbdefault\u00bb border_radii=\u00bbon|10px|10px|10px|10px\u00bb global_colors_info=\u00bb{}\u00bb][\/et_pb_image][\/et_pb_column][\/et_pb_row][et_pb_row disabled_on=\u00bboff|on|on\u00bb _builder_version=\u00bb4.16&#8243; _module_preset=\u00bbdefault\u00bb custom_margin=\u00bb|auto|65px|auto||\u00bb global_colors_info=\u00bb{}\u00bb][et_pb_column type=\u00bb4_4&#8243; _builder_version=\u00bb4.16&#8243; _module_preset=\u00bbdefault\u00bb global_colors_info=\u00bb{}\u00bb][et_pb_image src=\u00bbhttps:\/\/oddesse.de\/wp-content\/uploads\/2022\/02\/Funktionspruefstand-Reparatur-2.jpg\u00bb title_text=\u00bbReparaci\u00f3n de banco de pruebas de funcionamiento 2&#8243; show_bottom_space=\u00bboff\u00bb align=\u00bbcenter\u00bb _builder_version=\u00bb4.16&#8243; _module_preset=\u00bbdefault\u00bb global_colors_info=\u00bb{}\u00bb][\/et_pb_image][et_pb_text _builder_version=\u00bb4.16&#8243; _module_preset=\u00bbdefault\u00bb text_line_height=\u00bb1.5em\u00bb background_color=\u00bb#D7D2CB\u00bb custom_padding=\u00bb12px|10px|2px|10px|false|false\u00bb global_colors_info=\u00bb{}\u00bb]<\/p>\n<h2 class=\"et_pb_slide_title et-fb-editable-element et-fb-editable-element__editing\" data-shortcode-id=\"1.4.0.0.1-1639735102145\" data-quickaccess-id=\"header\" contenteditable=\"true\">Puesto de pruebas de funcionamiento en el taller de reparaci\u00f3n<\/h2>\n<p>Despu\u00e9s de que los motores reparados hayan pasado la prueba el\u00e9ctrica completa en la construcci\u00f3n de motores, se vuelve a comprobar su funcionalidad en el tanque de funci\u00f3n de reparaci\u00f3n, ya sea solo o con las bombas acopladas.<\/p>\n<p>[\/et_pb_text][et_pb_image src=\u00bbhttps:\/\/oddesse.de\/wp-content\/uploads\/2022\/04\/Sandstrahlkabine-1.jpg\u00bb title_text=\u00bbCabina de chorro de arena en el taller de reparaci\u00f3n\u00bb show_bottom_space=\u00bboff\u00bb align=\u00bbcenter\u00bb _builder_version=\u00bb4.17.0&#8243; _module_preset=\u00bbdefault\u00bb global_colors_info=\u00bb{}\u00bb][\/et_pb_image][et_pb_text _builder_version=\u00bb4.17.0&#8243; _module_preset=\u00bbdefault\u00bb text_line_height=\u00bb1.5em\u00bb background_color=\u00bb#D7D2CB\u00bb custom_padding=\u00bb12px|10px|2px|10px|false|false\u00bb global_colors_info=\u00bb{}\u00bb]<\/p>\n<h2 class=\"et_pb_slide_title et-fb-editable-element et-fb-editable-element__editing\" data-shortcode-id=\"1.4.0.0.1-1639735102145\" data-quickaccess-id=\"header\" contenteditable=\"true\">Cabina de chorro de arena en el taller de reparaci\u00f3n<\/h2>\n<p>El chorro de aire comprimido con arena s\u00f3lida puede utilizarse para eliminar el \u00f3xido y la suciedad, la cal, la pintura y otros contaminantes de las bombas y los motores.<\/p>\n<p>[\/et_pb_text][\/et_pb_column][\/et_pb_row][\/et_pb_section]<\/p>\n","protected":false},"excerpt":{"rendered":"<p>Hallazgos, Reparaciones, ReciclajeEn el taller de servicio y reparaci\u00f3n de aproximadamente 900 m\u00b2, 10 empleados calificados se encargan de todo, desde la extracci\u00f3n de las bombas o motores en el sitio de nuestros clientes, pasando por las pruebas y reparaciones hasta la reinstalaci\u00f3n. Independientemente de si se trata de un producto extra\u00f1o o de bombas [&hellip;]<\/p>\n","protected":false},"author":1,"featured_media":0,"parent":243366,"menu_order":0,"comment_status":"closed","ping_status":"closed","template":"","meta":{"_et_pb_use_builder":"on","_et_pb_old_content":"","_et_gb_content_width":"","footnotes":""},"class_list":["post-243286","page","type-page","status-publish","hentry"],"_links":{"self":[{"href":"https:\/\/oddesse.de\/es\/wp-json\/wp\/v2\/pages\/243286","targetHints":{"allow":["GET"]}}],"collection":[{"href":"https:\/\/oddesse.de\/es\/wp-json\/wp\/v2\/pages"}],"about":[{"href":"https:\/\/oddesse.de\/es\/wp-json\/wp\/v2\/types\/page"}],"author":[{"embeddable":true,"href":"https:\/\/oddesse.de\/es\/wp-json\/wp\/v2\/users\/1"}],"replies":[{"embeddable":true,"href":"https:\/\/oddesse.de\/es\/wp-json\/wp\/v2\/comments?post=243286"}],"version-history":[{"count":12,"href":"https:\/\/oddesse.de\/es\/wp-json\/wp\/v2\/pages\/243286\/revisions"}],"predecessor-version":[{"id":246063,"href":"https:\/\/oddesse.de\/es\/wp-json\/wp\/v2\/pages\/243286\/revisions\/246063"}],"up":[{"embeddable":true,"href":"https:\/\/oddesse.de\/es\/wp-json\/wp\/v2\/pages\/243366"}],"wp:attachment":[{"href":"https:\/\/oddesse.de\/es\/wp-json\/wp\/v2\/media?parent=243286"}],"curies":[{"name":"wp","href":"https:\/\/api.w.org\/{rel}","templated":true}]}}