{"id":243242,"date":"2022-02-08T13:12:56","date_gmt":"2022-02-08T13:12:56","guid":{"rendered":"https:\/\/test376518.live-website.com\/construccion-de-plantas\/"},"modified":"2022-06-10T09:21:38","modified_gmt":"2022-06-10T09:21:38","slug":"construccion-de-plantas","status":"publish","type":"page","link":"https:\/\/oddesse.de\/es\/servicio\/construccion-de-plantas\/","title":{"rendered":"Construcci\u00f3n de plantas"},"content":{"rendered":"<p>[et_pb_section fb_built=\u00bb1&#8243; fullwidth=\u00bbon\u00bb _builder_version=\u00bb4.16&#8243; _module_preset=\u00bbdefault\u00bb global_colors_info=\u00bb{}\u00bb][et_pb_fullwidth_slider _builder_version=\u00bb4.16&#8243; _module_preset=\u00bbdefault\u00bb width_tablet=\u00bb\u00bb width_phone=\u00bb\u00bb width_last_edited=\u00bbon|phone\u00bb module_alignment=\u00bbleft\u00bb content_width=\u00bb73%\u00bb content_width_tablet=\u00bb73%\u00bb content_width_phone=\u00bb100%\u00bb content_width_last_edited=\u00bbon|phone\u00bb content_max_width_tablet=\u00bb\u00bb content_max_width_phone=\u00bb1080%\u00bb content_max_width_last_edited=\u00bbon|phone\u00bb min_height_tablet=\u00bb\u00bb min_height_phone=\u00bb\u00bb min_height_last_edited=\u00bbon|phone\u00bb height=\u00bb500px\u00bb height_tablet=\u00bb500px\u00bb height_phone=\u00bb250px\u00bb height_last_edited=\u00bbon|phone\u00bb max_height=\u00bb500px\u00bb max_height_tablet=\u00bb500px\u00bb max_height_phone=\u00bb250px\u00bb max_height_last_edited=\u00bbon|phone\u00bb custom_padding=\u00bb4px||6px|||\u00bb header_font_size_tablet=\u00bb\u00bb header_font_size_phone=\u00bb20px\u00bb header_font_size_last_edited=\u00bbon|phone\u00bb body_font_size_tablet=\u00bb\u00bb body_font_size_phone=\u00bb17px\u00bb body_font_size_last_edited=\u00bbon|phone\u00bb text_orientation_tablet=\u00bb\u00bb text_orientation_phone=\u00bb\u00bb text_orientation_last_edited=\u00bbon|phone\u00bb module_alignment_tablet=\u00bbleft\u00bb module_alignment_phone=\u00bbcenter\u00bb module_alignment_last_edited=\u00bbon|phone\u00bb global_colors_info=\u00bb{}\u00bb][et_pb_slide heading=\u00bbSoluciones de sistema individuales\u00bb use_bg_overlay=\u00bboff\u00bb use_text_overlay=\u00bbon\u00bb text_overlay_color=\u00bbrgba(181,18,62,0.67)\u00bb text_border_radius=\u00bb0px\u00bb content_tablet=\u00bb<\/p>\n<h1><\/h1>\n<h1><\/h1>\n<h1>Construcci\u00f3n de la planta de oddesse<\/h1>\n<p>\u00bb content_phone=\u00bb<\/p>\n<h1><\/h1>\n<h1><\/h1>\n<h1>Construcci\u00f3n de la planta de oddesse<\/h1>\n<p>\u00bb content_last_edited=\u00bbon|phone\u00bb text_border_radius_tablet=\u00bb0px\u00bb text_border_radius_phone=\u00bb0px\u00bb text_border_radius_last_edited=\u00bbon|phone\u00bb _builder_version=\u00bb4.16&#8243; _module_preset=\u00bbdefault\u00bb body_font_size=\u00bb30px\u00bb background_image=\u00bbhttps:\/\/oddesse.de\/wp-content\/uploads\/2022\/02\/Banner-Anlagenbau.jpg\u00bb background_enable_image=\u00bbon\u00bb width=\u00bb100%\u00bb custom_padding_tablet=\u00bb\u00bb custom_padding_phone=\u00bb0px|0px|0px|0px|false|false\u00bb custom_padding_last_edited=\u00bbon|phone\u00bb body_font_size_tablet=\u00bb30px\u00bb body_font_size_phone=\u00bb16px\u00bb body_font_size_last_edited=\u00bbon|phone\u00bb global_colors_info=\u00bb{}\u00bb sticky_transition=\u00bbon\u00bb]<\/p>\n<h1><\/h1>\n<h1><\/h1>\n<h1>Construcci\u00f3n de la planta de oddesse<\/h1>\n<p>[\/et_pb_slide][\/et_pb_fullwidth_slider][\/et_pb_section][et_pb_section fb_built=\u00bb1&#8243; _builder_version=\u00bb4.16&#8243; _module_preset=\u00bbdefault\u00bb custom_padding=\u00bb100px|||||\u00bb global_colors_info=\u00bb{}\u00bb][et_pb_row column_structure=\u00bb2_5,3_5&#8243; use_custom_gutter=\u00bbon\u00bb gutter_width=\u00bb1&#8243; disabled_on=\u00bbon|off|off\u00bb _builder_version=\u00bb4.16&#8243; _module_preset=\u00bbdefault\u00bb width=\u00bb100%\u00bb custom_margin_tablet=\u00bb\u00bb custom_margin_phone=\u00bb\u00bb custom_margin_last_edited=\u00bbon|phone\u00bb custom_padding=\u00bb0px||||false|false\u00bb custom_css_main_element=\u00bbdisplay:flex;\u00bb global_colors_info=\u00bb{}\u00bb][et_pb_column type=\u00bb2_5&#8243; _builder_version=\u00bb4.16&#8243; _module_preset=\u00bbdefault\u00bb global_colors_info=\u00bb{}\u00bb][et_pb_image src=\u00bbhttps:\/\/oddesse.de\/wp-content\/uploads\/2022\/02\/Systemloesungen-transparent.jpg\u00bb title_text=\u00bbSoluciones de sistema transparentes\u00bb _builder_version=\u00bb4.16&#8243; _module_preset=\u00bbdefault\u00bb custom_padding=\u00bb41px|||||\u00bb global_colors_info=\u00bb{}\u00bb][\/et_pb_image][\/et_pb_column][et_pb_column type=\u00bb3_5&#8243; _builder_version=\u00bb4.16&#8243; _module_preset=\u00bbdefault\u00bb global_colors_info=\u00bb{}\u00bb][et_pb_text disabled_on=\u00bboff|off|off\u00bb _builder_version=\u00bb4.17.0&#8243; _module_preset=\u00bbdefault\u00bb background_color=\u00bbRGBA(0,0,0,0)\u00bb custom_margin=\u00bb0px||||false|false\u00bb custom_margin_tablet=\u00bb0px||||false|false\u00bb custom_margin_phone=\u00bb0px||||false|false\u00bb custom_margin_last_edited=\u00bbon|phone\u00bb custom_padding=\u00bb|10px|0px|10px|false|false\u00bb header_font_tablet=\u00bb\u00bb header_font_phone=\u00bb\u00bb header_font_last_edited=\u00bbon|desktop\u00bb global_colors_info=\u00bb{}\u00bb]<\/p>\n<p>oddesse Pumpen- und Motorenfabrik GmbH desarrolla y suministra soluciones de sistema personalizadas basadas en bombas y tecnolog\u00eda de control de oddesse. Nuestro espectro abarca desde sistemas de aumento de presi\u00f3n como sistemas compactos completamente autom\u00e1ticos, estaciones de bombeo de agua subterr\u00e1nea y agua potable, sistemas de riego, estaciones de bombeo de inundaciones, estaciones de bombeo de aguas residuales, soluciones de sistemas para sistemas de biog\u00e1s, sistemas de bombas solares y sistemas de tratamiento de agua.<\/p>\n<p>Gracias a la tecnolog\u00eda de imanes permanentes, desarrollamos sistemas de bombas sumergibles de gran eficacia fabricados con materiales fisiol\u00f3gicamente inocuos. Esto hace que las bombas y los motores sean adecuados para su uso en agua potable. Los sistemas eficientes se caracterizan por una mayor eficacia y por un ahorro sostenible de energ\u00eda y costes. La reconversi\u00f3n de los antiguos equipos de bombeo en sistemas m\u00e1s eficientes contribuye as\u00ed a reducir la huella ecol\u00f3gica de la industria del agua y a proteger el medio ambiente.<\/p>\n<p>Con la ayuda de soluciones de control y de regulaci\u00f3n de futuro para la utilizaci\u00f3n de las bombas, los motores y los sistemas, oddesse garantiza un alto rendimiento el\u00e9ctrico e hidr\u00e1ulico y una adaptaci\u00f3n \u00f3ptima de la instalaci\u00f3n a las condiciones de de servicio, entre otras cosas, mediante la utilizaci\u00f3n de instalaciones de mando oddesse hechas a medida, equipos electr\u00f3nicos de mando po-msd y po-mse, sistema EUPSIM para el control inal\u00e1mbrico de sistemas de bombeo, incluida la conexi\u00f3n con el sistema de control del proceso, equipos de mando MCA-P con indicaci\u00f3n de valores de medici\u00f3n y parametrizaci\u00f3n mediante Bluetooth.<\/p>\n<p>[\/et_pb_text][\/et_pb_column][\/et_pb_row][et_pb_row disabled_on=\u00bboff|on|on\u00bb _builder_version=\u00bb4.16&#8243; _module_preset=\u00bbdefault\u00bb global_colors_info=\u00bb{}\u00bb][et_pb_column type=\u00bb4_4&#8243; _builder_version=\u00bb4.16&#8243; _module_preset=\u00bbdefault\u00bb global_colors_info=\u00bb{}\u00bb][et_pb_image src=\u00bbhttps:\/\/oddesse.de\/wp-content\/uploads\/2021\/07\/Systemloesungen-transparent.png\u00bb title_text=\u00bbsoluciones de sistemas de bombeo\u00bb _builder_version=\u00bb4.16&#8243; _module_preset=\u00bbdefault\u00bb global_colors_info=\u00bb{}\u00bb][\/et_pb_image][et_pb_text _builder_version=\u00bb4.17.0&#8243; _module_preset=\u00bbdefault\u00bb global_colors_info=\u00bb{}\u00bb]<\/p>\n<p>oddesse Pumpen- und Motorenfabrik GmbH desarrolla y suministra soluciones de sistema personalizadas basadas en bombas y tecnolog\u00eda de control de oddesse. Nuestro espectro abarca desde sistemas de aumento de presi\u00f3n como sistemas compactos completamente autom\u00e1ticos, estaciones de bombeo de agua subterr\u00e1nea y agua potable, sistemas de riego, estaciones de bombeo de inundaciones, estaciones de bombeo de aguas residuales, soluciones de sistemas para sistemas de biog\u00e1s, sistemas de bombas solares y sistemas de tratamiento de agua.<\/p>\n<p>Gracias a la tecnolog\u00eda de imanes permanentes, desarrollamos sistemas de bombas sumergibles de gran eficacia fabricados con materiales fisiol\u00f3gicamente inocuos. Esto hace que las bombas y los motores sean adecuados para su uso en agua potable. Los sistemas eficientes se caracterizan por una mayor eficacia y por un ahorro sostenible de energ\u00eda y costes. La reconversi\u00f3n de los antiguos equipos de bombeo en sistemas m\u00e1s eficientes contribuye as\u00ed a reducir la huella ecol\u00f3gica de la industria del agua y a proteger el medio ambiente.<\/p>\n<p>Con la ayuda de soluciones de control y de regulaci\u00f3n de futuro para la utilizaci\u00f3n de las bombas, los motores y los sistemas, oddesse garantiza un alto rendimiento el\u00e9ctrico e hidr\u00e1ulico y una adaptaci\u00f3n \u00f3ptima de la instalaci\u00f3n a las condiciones de de servicio, entre otras cosas, mediante la utilizaci\u00f3n de instalaciones de mando oddesse hechas a medida, equipos electr\u00f3nicos de mando po-msd y po-mse, sistema EUPSIM para el control inal\u00e1mbrico de sistemas de bombeo, incluida la conexi\u00f3n con el sistema de control del proceso, equipos de mando MCA-P con indicaci\u00f3n de valores de medici\u00f3n y parametrizaci\u00f3n mediante Bluetooth.<\/p>\n<p>[\/et_pb_text][\/et_pb_column][\/et_pb_row][et_pb_row disabled_on=\u00bbon|off|off\u00bb _builder_version=\u00bb4.16&#8243; _module_preset=\u00bbdefault\u00bb width=\u00bb100%\u00bb custom_padding=\u00bb100px||100px|||\u00bb global_colors_info=\u00bb{}\u00bb][et_pb_column type=\u00bb4_4&#8243; _builder_version=\u00bb4.16&#8243; _module_preset=\u00bbdefault\u00bb global_colors_info=\u00bb{}\u00bb][et_pb_slider _builder_version=\u00bb4.16&#8243; _module_preset=\u00bbdefault\u00bb background_enable_color=\u00bboff\u00bb min_height=\u00bb600px\u00bb custom_padding=\u00bb1px||1px|||\u00bb global_colors_info=\u00bb{}\u00bb][et_pb_slide heading=\u00bbsistemas de refuerzo \u00bb image=\u00bbhttps:\/\/oddesse.de\/wp-content\/uploads\/2022\/02\/Druckerhoehungsanlage-final.jpg\u00bb use_bg_overlay=\u00bbon\u00bb bg_overlay_color=\u00bbrgba(255,255,255,0.55)\u00bb use_text_overlay=\u00bbon\u00bb text_overlay_color=\u00bbrgba(255,255,255,0.71)\u00bb arrows_custom_color=\u00bb#B5123E\u00bb dot_nav_custom_color=\u00bb#B5123E\u00bb text_border_radius=\u00bb0px\u00bb _builder_version=\u00bb4.16&#8243; _module_preset=\u00bbdefault\u00bb header_level=\u00bbh4&#8243; header_text_color=\u00bb#666666&#8243; header_font_size=\u00bb30px\u00bb header_line_height=\u00bb1.3em\u00bb body_text_color=\u00bb#666666&#8243; body_line_height=\u00bb1.8em\u00bb background_enable_color=\u00bboff\u00bb background_image=\u00bbhttps:\/\/oddesse.de\/wp-content\/uploads\/2022\/02\/Druckerhoehungsanlage-2.jpg\u00bb background_enable_image=\u00bbon\u00bb parallax=\u00bbon\u00bb background_layout=\u00bblight\u00bb width_tablet=\u00bb\u00bb width_phone=\u00bb\u00bb width_last_edited=\u00bbon|phone\u00bb header_font_tablet=\u00bb\u00bb header_font_phone=\u00bb\u00bb header_font_last_edited=\u00bbon|desktop\u00bb header_font_size_tablet=\u00bb20px\u00bb header_font_size_phone=\u00bb20px\u00bb header_font_size_last_edited=\u00bbon|tablet\u00bb body_font_size_tablet=\u00bb16px\u00bb body_font_size_phone=\u00bb16px\u00bb body_font_size_last_edited=\u00bbon|tablet\u00bb border_radii_image=\u00bbon|15px|15px|15px|15px\u00bb global_colors_info=\u00bb{}\u00bb sticky_transition=\u00bbon\u00bb]<\/p>\n<p>Las bombas de camisa a presi\u00f3n del sistema Eichsfelder Kessel Water and Wastewater Association se operan a trav\u00e9s de un control electr\u00f3nico de distribuci\u00f3n y funcionan en modo completamente autom\u00e1tico y sin mantenimiento. Existe la posibilidad de funcionamiento con carga alterna o punta.<\/p>\n<p>[\/et_pb_slide][et_pb_slide heading=\u00bbSistemas de bombeo solar en Mauritania\u00bb image=\u00bbhttps:\/\/oddesse.de\/wp-content\/uploads\/2022\/02\/Solarpumpenanlage-Wueste-Bild-2.jpg\u00bb use_bg_overlay=\u00bbon\u00bb bg_overlay_color=\u00bbrgba(255,255,255,0.79)\u00bb use_text_overlay=\u00bbon\u00bb text_overlay_color=\u00bbrgba(255,255,255,0.7)\u00bb arrows_custom_color=\u00bb#B5123E\u00bb dot_nav_custom_color=\u00bb#B5123E\u00bb _builder_version=\u00bb4.16&#8243; _module_preset=\u00bbdefault\u00bb header_text_color=\u00bb#666666&#8243; header_font_size=\u00bb30px\u00bb header_line_height=\u00bb1.3em\u00bb body_text_color=\u00bb#666666&#8243; body_line_height=\u00bb1.8em\u00bb background_color=\u00bb#B5123E\u00bb background_enable_color=\u00bbon\u00bb background_image=\u00bbhttps:\/\/oddesse.de\/wp-content\/uploads\/2022\/02\/Solarpumpenanlage-Wueste-Bild-2.jpg\u00bb background_enable_image=\u00bbon\u00bb parallax=\u00bbon\u00bb background_layout=\u00bblight\u00bb width_tablet=\u00bb\u00bb width_phone=\u00bb\u00bb width_last_edited=\u00bbon|phone\u00bb header_font_tablet=\u00bb|700|||||||\u00bb header_font_phone=\u00bb|700|||||||\u00bb header_font_last_edited=\u00bbon|tablet\u00bb header_font_size_tablet=\u00bb20px\u00bb header_font_size_phone=\u00bb20px\u00bb header_font_size_last_edited=\u00bbon|tablet\u00bb border_radii_image=\u00bbon|15px|15px|15px|15px\u00bb global_colors_info=\u00bb{}\u00bb sticky_transition=\u00bbon\u00bb]<\/p>\n<p>Los sistemas de bombeo se instalaron para bombear agua de pozos profundos en \u00e1reas de autoabastecimiento. Los inversores solares de EAI Ilsenburg generan un campo de corriente trif\u00e1sico a partir de la energ\u00eda solar. Es impulsado por bombas sumergibles oddesse.<\/p>\n<p>[\/et_pb_slide][et_pb_slide heading=\u00bbUso en plantas de biog\u00e1s\u00bb image=\u00bbhttps:\/\/oddesse.de\/wp-content\/uploads\/2022\/02\/Biogasanlage.jpg\u00bb use_bg_overlay=\u00bbon\u00bb bg_overlay_color=\u00bbrgba(255,255,255,0.79)\u00bb use_text_overlay=\u00bbon\u00bb text_overlay_color=\u00bbrgba(255,255,255,0.7)\u00bb arrows_custom_color=\u00bb#B5123E\u00bb dot_nav_custom_color=\u00bb#B5123E\u00bb _builder_version=\u00bb4.16&#8243; _module_preset=\u00bbdefault\u00bb header_text_color=\u00bb#666666&#8243; header_font_size=\u00bb30px\u00bb header_line_height=\u00bb1.3em\u00bb body_text_color=\u00bb#666666&#8243; body_line_height=\u00bb1.8em\u00bb background_color=\u00bb#B5123E\u00bb background_enable_color=\u00bbon\u00bb background_image=\u00bbhttps:\/\/oddesse.de\/wp-content\/uploads\/2022\/02\/Biogasanlage.jpg\u00bb background_enable_image=\u00bbon\u00bb parallax=\u00bbon\u00bb background_layout=\u00bblight\u00bb width_tablet=\u00bb\u00bb width_phone=\u00bb\u00bb width_last_edited=\u00bbon|phone\u00bb header_font_tablet=\u00bb|700|||||||\u00bb header_font_phone=\u00bb|700|||||||\u00bb header_font_last_edited=\u00bbon|tablet\u00bb header_font_size_tablet=\u00bb20px\u00bb header_font_size_phone=\u00bb20px\u00bb header_font_size_last_edited=\u00bbon|tablet\u00bb border_radii_image=\u00bbon|15px|15px|15px|15px\u00bb global_colors_info=\u00bb{}\u00bb sticky_transition=\u00bbon\u00bb]<\/p>\n<p>En una planta de biog\u00e1s de Brandeburgo, se utilizan diferentes bombas para el suministro de agua, las etapas individuales del proceso y los circuitos secundarios.<\/p>\n<p>[\/et_pb_slide][et_pb_slide heading=\u00bbAbastecimiento de agua potable de pozo profundo\u00bb image=\u00bbhttps:\/\/oddesse.de\/wp-content\/uploads\/2022\/02\/Trinkwasserversorgung-Saudi-Arabien-2.jpg\u00bb use_bg_overlay=\u00bbon\u00bb bg_overlay_color=\u00bbrgba(255,255,255,0.79)\u00bb use_text_overlay=\u00bbon\u00bb text_overlay_color=\u00bbrgba(255,255,255,0.7)\u00bb arrows_custom_color=\u00bb#B5123E\u00bb dot_nav_custom_color=\u00bb#B5123E\u00bb _builder_version=\u00bb4.16&#8243; _module_preset=\u00bbdefault\u00bb header_text_color=\u00bb#666666&#8243; header_font_size=\u00bb30px\u00bb header_line_height=\u00bb1.3em\u00bb body_text_color=\u00bb#666666&#8243; body_line_height=\u00bb1.8em\u00bb background_color=\u00bb#B5123E\u00bb background_enable_color=\u00bbon\u00bb background_image=\u00bbhttps:\/\/oddesse.de\/wp-content\/uploads\/2022\/02\/Trinkwasserversorgung-Saudi-Arabien-1.jpg\u00bb background_enable_image=\u00bbon\u00bb background_layout=\u00bblight\u00bb width_tablet=\u00bb\u00bb width_phone=\u00bb\u00bb width_last_edited=\u00bbon|phone\u00bb header_font_tablet=\u00bb|700|||||||\u00bb header_font_phone=\u00bb|700|||||||\u00bb header_font_last_edited=\u00bbon|tablet\u00bb header_font_size_tablet=\u00bb20px\u00bb header_font_size_phone=\u00bb20px\u00bb header_font_size_last_edited=\u00bbon|tablet\u00bb border_radii_image=\u00bbon|15px|15px|15px|15px\u00bb global_colors_info=\u00bb{}\u00bb sticky_transition=\u00bbon\u00bb]<\/p>\n<p>Las potentes bombas sumergibles con m\u00f3dulo de microcontrolador integrado EUPSIM son accionadas por generadores. La temperatura del motor y la transmisi\u00f3n de datos se realiza a trav\u00e9s del cable del motor. El sistema se supervisa y controla a trav\u00e9s de Internet o de la red de telefon\u00eda m\u00f3vil.<\/p>\n<p>[\/et_pb_slide][\/et_pb_slider][\/et_pb_column][\/et_pb_row][et_pb_row column_structure=\u00bb1_2,1_2&#8243; _builder_version=\u00bb4.16&#8243; _module_preset=\u00bbdefault\u00bb global_colors_info=\u00bb{}\u00bb][et_pb_column type=\u00bb1_2&#8243; _builder_version=\u00bb4.16&#8243; _module_preset=\u00bbdefault\u00bb global_colors_info=\u00bb{}\u00bb][et_pb_text _builder_version=\u00bb4.16&#8243; _module_preset=\u00bbdefault\u00bb custom_margin=\u00bb38px|||||\u00bb global_colors_info=\u00bb{}\u00bb]<\/p>\n<p><a href=\"https:\/\/www.eai-net.de\/de\/home.php\"><span style=\"color: #b5123e;\">EAI Elektro- und Automatisierungstechnik GmbH Ilsenburg<\/span><\/a> ha sido un socio innovador y confiable de oddesse para el desarrollo y suministro de controles electr\u00f3nicos innovadores y sistemas de monitoreo para bombas y motores durante m\u00e1s de 20 a\u00f1os. En su especialidad, acompa\u00f1an a oddesse en el servicio mundial.<\/p>\n<p>[\/et_pb_text][\/et_pb_column][et_pb_column type=\u00bb1_2&#8243; _builder_version=\u00bb4.16&#8243; _module_preset=\u00bbdefault\u00bb global_colors_info=\u00bb{}\u00bb][et_pb_image src=\u00bbhttps:\/\/oddesse.de\/wp-content\/uploads\/2022\/02\/eupsim.jpg\u00bb title_text=\u00bbeupsim\u00bb _builder_version=\u00bb4.16&#8243; _module_preset=\u00bbdefault\u00bb global_colors_info=\u00bb{}\u00bb][\/et_pb_image][\/et_pb_column][\/et_pb_row][et_pb_row column_structure=\u00bb1_2,1_2&#8243; disabled_on=\u00bboff|on|on\u00bb _builder_version=\u00bb4.16&#8243; _module_preset=\u00bbdefault\u00bb custom_margin=\u00bb|auto|65px|auto||\u00bb global_colors_info=\u00bb{}\u00bb][et_pb_column type=\u00bb1_2&#8243; _builder_version=\u00bb4.16&#8243; _module_preset=\u00bbdefault\u00bb global_colors_info=\u00bb{}\u00bb][et_pb_image src=\u00bbhttps:\/\/oddesse.de\/wp-content\/uploads\/2022\/02\/Solarpumpenanlage-Wueste-Bild-2.jpg\u00bb title_text=\u00bbFoto del desierto del sistema de bomba solar 2&#8243; show_bottom_space=\u00bboff\u00bb align=\u00bbcenter\u00bb _builder_version=\u00bb4.16&#8243; _module_preset=\u00bbdefault\u00bb global_colors_info=\u00bb{}\u00bb][\/et_pb_image][et_pb_text _builder_version=\u00bb4.16&#8243; _module_preset=\u00bbdefault\u00bb text_line_height=\u00bb1.5em\u00bb background_color=\u00bb#D7D2CB\u00bb custom_padding=\u00bb12px|10px|2px|10px|false|false\u00bb global_colors_info=\u00bb{}\u00bb]<\/p>\n<h2 class=\"et_pb_slide_title et-fb-editable-element et-fb-editable-element__editing\" data-shortcode-id=\"1.1.0.0.1-1645089853940\" data-quickaccess-id=\"header\" contenteditable=\"true\">Sistemas de bombeo solar en Mauritania<\/h2>\n<p>Los sistemas de bombeo se instalaron para bombear agua de pozos profundos en \u00e1reas de autoabastecimiento. Los inversores solares de EAI Ilsenburg generan un campo de corriente trif\u00e1sico a partir de la energ\u00eda solar. Es impulsado por bombas sumergibles oddesse.<\/p>\n<p>[\/et_pb_text][\/et_pb_column][et_pb_column type=\u00bb1_2&#8243; _builder_version=\u00bb4.16&#8243; _module_preset=\u00bbdefault\u00bb global_colors_info=\u00bb{}\u00bb][et_pb_image src=\u00bbhttps:\/\/oddesse.de\/wp-content\/uploads\/2022\/02\/Druckerhoehungsanlage-final.jpg\u00bb alt=\u00bbUso de una motobomba sumergible oddesse en una plataforma marina en \u00c1frica Occidental\u00bb title_text=\u00bbconjunto de caracteres = ascii\u00bb show_bottom_space=\u00bboff\u00bb align=\u00bbcenter\u00bb _builder_version=\u00bb4.16&#8243; _module_preset=\u00bbdefault\u00bb global_colors_info=\u00bb{}\u00bb][\/et_pb_image][et_pb_text _builder_version=\u00bb4.16&#8243; _module_preset=\u00bbdefault\u00bb text_line_height=\u00bb1.5em\u00bb background_color=\u00bb#D7D2CB\u00bb custom_padding=\u00bb12px|10px|2px|10px|false|false\u00bb global_colors_info=\u00bb{}\u00bb]<\/p>\n<h2 class=\"et_pb_slide_title et-fb-editable-element et-fb-editable-element__editing\" data-shortcode-id=\"1.1.0.0.0-1645089853917\" data-quickaccess-id=\"header\" contenteditable=\"true\">Sistemas de aumento de presi\u00f3n en obras hidr\u00e1ulicas alemanas<\/h2>\n<p>Las bombas de camisa a presi\u00f3n del sistema Eichsfelder Kessel Water and Wastewater Association se operan a trav\u00e9s de un control electr\u00f3nico de distribuci\u00f3n y funcionan en modo completamente autom\u00e1tico y sin mantenimiento. Existe la posibilidad de funcionamiento con carga alterna o punta.<\/p>\n<p>[\/et_pb_text][\/et_pb_column][\/et_pb_row][\/et_pb_section]<\/p>\n","protected":false},"excerpt":{"rendered":"<p>Construcci\u00f3n de la planta de oddesseoddesse Pumpen- und Motorenfabrik GmbH desarrolla y suministra soluciones de sistema personalizadas basadas en bombas y tecnolog\u00eda de control de oddesse. Nuestro espectro abarca desde sistemas de aumento de presi\u00f3n como sistemas compactos completamente autom\u00e1ticos, estaciones de bombeo de agua subterr\u00e1nea y agua potable, sistemas de riego, estaciones de bombeo [&hellip;]<\/p>\n","protected":false},"author":1,"featured_media":0,"parent":243366,"menu_order":0,"comment_status":"closed","ping_status":"closed","template":"","meta":{"_et_pb_use_builder":"on","_et_pb_old_content":"","_et_gb_content_width":"","footnotes":""},"class_list":["post-243242","page","type-page","status-publish","hentry"],"_links":{"self":[{"href":"https:\/\/oddesse.de\/es\/wp-json\/wp\/v2\/pages\/243242","targetHints":{"allow":["GET"]}}],"collection":[{"href":"https:\/\/oddesse.de\/es\/wp-json\/wp\/v2\/pages"}],"about":[{"href":"https:\/\/oddesse.de\/es\/wp-json\/wp\/v2\/types\/page"}],"author":[{"embeddable":true,"href":"https:\/\/oddesse.de\/es\/wp-json\/wp\/v2\/users\/1"}],"replies":[{"embeddable":true,"href":"https:\/\/oddesse.de\/es\/wp-json\/wp\/v2\/comments?post=243242"}],"version-history":[{"count":7,"href":"https:\/\/oddesse.de\/es\/wp-json\/wp\/v2\/pages\/243242\/revisions"}],"predecessor-version":[{"id":246062,"href":"https:\/\/oddesse.de\/es\/wp-json\/wp\/v2\/pages\/243242\/revisions\/246062"}],"up":[{"embeddable":true,"href":"https:\/\/oddesse.de\/es\/wp-json\/wp\/v2\/pages\/243366"}],"wp:attachment":[{"href":"https:\/\/oddesse.de\/es\/wp-json\/wp\/v2\/media?parent=243242"}],"curies":[{"name":"wp","href":"https:\/\/api.w.org\/{rel}","templated":true}]}}