{"id":243207,"date":"2022-02-04T07:36:55","date_gmt":"2022-02-04T07:36:55","guid":{"rendered":"https:\/\/test376518.live-website.com\/motores-sumergibles\/"},"modified":"2022-06-09T13:51:55","modified_gmt":"2022-06-09T13:51:55","slug":"motores-sumergibles","status":"publish","type":"page","link":"https:\/\/oddesse.de\/es\/motores-sumergibles\/","title":{"rendered":"Motores sumergibles"},"content":{"rendered":"<p>[et_pb_section fb_built=\u00bb1&#8243; fullwidth=\u00bbon\u00bb _builder_version=\u00bb4.16&#8243; _module_preset=\u00bbdefault\u00bb global_colors_info=\u00bb{}\u00bb][et_pb_fullwidth_slider _builder_version=\u00bb4.16&#8243; _module_preset=\u00bbdefault\u00bb background_enable_color=\u00bboff\u00bb background_image=\u00bbhttps:\/\/oddesse.de\/wp-content\/uploads\/2022\/02\/Banner-Tauchmotoren.jpg\u00bb width_tablet=\u00bb\u00bb width_phone=\u00bb\u00bb width_last_edited=\u00bbon|phone\u00bb module_alignment=\u00bbleft\u00bb content_width=\u00bb73%\u00bb content_width_tablet=\u00bb73%\u00bb content_width_phone=\u00bb100%\u00bb content_width_last_edited=\u00bbon|phone\u00bb content_max_width_tablet=\u00bb\u00bb content_max_width_phone=\u00bb1080%\u00bb content_max_width_last_edited=\u00bbon|phone\u00bb min_height_tablet=\u00bb\u00bb min_height_phone=\u00bb\u00bb min_height_last_edited=\u00bbon|phone\u00bb height=\u00bb500px\u00bb height_tablet=\u00bb500px\u00bb height_phone=\u00bb250px\u00bb height_last_edited=\u00bbon|phone\u00bb max_height=\u00bb500px\u00bb max_height_tablet=\u00bb500px\u00bb max_height_phone=\u00bb250px\u00bb max_height_last_edited=\u00bbon|phone\u00bb custom_padding=\u00bb4px||6px|||\u00bb header_font_size_tablet=\u00bb\u00bb header_font_size_phone=\u00bb20px\u00bb header_font_size_last_edited=\u00bbon|phone\u00bb body_font_size_tablet=\u00bb\u00bb body_font_size_phone=\u00bb17px\u00bb body_font_size_last_edited=\u00bbon|phone\u00bb background_last_edited=\u00bbon|phone\u00bb parallax_phone=\u00bboff\u00bb background_size_phone=\u00bbcover\u00bb text_orientation_tablet=\u00bb\u00bb text_orientation_phone=\u00bb\u00bb text_orientation_last_edited=\u00bbon|phone\u00bb module_alignment_tablet=\u00bbleft\u00bb module_alignment_phone=\u00bbcenter\u00bb module_alignment_last_edited=\u00bbon|phone\u00bb global_colors_info=\u00bb{}\u00bb][et_pb_slide heading=\u00bbEl rendimiento es lo que cuenta\u00bb use_bg_overlay=\u00bboff\u00bb use_text_overlay=\u00bbon\u00bb text_overlay_color=\u00bbrgba(181,18,62,0.54)\u00bb text_border_radius=\u00bb0px\u00bb heading_tablet=\u00bbEl rendimiento es lo que cuenta\u00bb heading_phone=\u00bbEl rendimiento es lo que cuenta\u00bb heading_last_edited=\u00bbon|phone\u00bb content_tablet=\u00bb<\/p>\n<h1><\/h1>\n<h1><\/h1>\n<h1>Motores de Oschersleben<\/h1>\n<p>\u00bb content_phone=\u00bb<\/p>\n<h1>Motores de Oschersleben<\/h1>\n<p>\u00bb content_last_edited=\u00bbon|desktop\u00bb text_border_radius_tablet=\u00bb0px\u00bb text_border_radius_phone=\u00bb0px\u00bb text_border_radius_last_edited=\u00bbon|phone\u00bb _builder_version=\u00bb4.16&#8243; _module_preset=\u00bbdefault\u00bb body_font_size=\u00bb30px\u00bb background_image=\u00bbhttps:\/\/oddesse.de\/wp-content\/uploads\/2022\/02\/Banner-Tauchmotoren.jpg\u00bb background_enable_image=\u00bbon\u00bb width=\u00bb100%\u00bb custom_padding_tablet=\u00bb\u00bb custom_padding_phone=\u00bb0px|0px|0px|0px|false|false\u00bb custom_padding_last_edited=\u00bbon|phone\u00bb header_font_tablet=\u00bb\u00bb header_font_phone=\u00bb\u00bb header_font_last_edited=\u00bbon|phone\u00bb body_font_size_tablet=\u00bb30px\u00bb body_font_size_phone=\u00bb16px\u00bb body_font_size_last_edited=\u00bbon|phone\u00bb background_last_edited=\u00bbon|desktop\u00bb background_size_tablet=\u00bbcover\u00bb background_size_phone=\u00bbcover\u00bb global_colors_info=\u00bb{}\u00bb sticky_transition=\u00bbon\u00bb]<\/p>\n<h1><\/h1>\n<h1>Motores de Oschersleben<\/h1>\n<p>[\/et_pb_slide][\/et_pb_fullwidth_slider][\/et_pb_section][et_pb_section fb_built=\u00bb1&#8243; _builder_version=\u00bb4.16&#8243; _module_preset=\u00bbdefault\u00bb custom_padding=\u00bb60px|||||\u00bb global_colors_info=\u00bb{}\u00bb][et_pb_row use_custom_gutter=\u00bbon\u00bb gutter_width=\u00bb1&#8243; disabled_on=\u00bboff|off|off\u00bb _builder_version=\u00bb4.16&#8243; _module_preset=\u00bbdefault\u00bb width=\u00bb100%\u00bb custom_margin_tablet=\u00bb\u00bb custom_margin_phone=\u00bb\u00bb custom_margin_last_edited=\u00bbon|phone\u00bb custom_padding=\u00bb0px||||false|false\u00bb custom_css_main_element=\u00bbdisplay:flex;\u00bb global_colors_info=\u00bb{}\u00bb][et_pb_column type=\u00bb4_4&#8243; _builder_version=\u00bb4.16&#8243; _module_preset=\u00bbdefault\u00bb global_colors_info=\u00bb{}\u00bb][et_pb_text _builder_version=\u00bb4.17.0&#8243; _module_preset=\u00bbdefault\u00bb custom_padding_tablet=\u00bb\u00bb custom_padding_phone=\u00bb|||10px|false|false\u00bb custom_padding_last_edited=\u00bbon|phone\u00bb global_colors_info=\u00bb{}\u00bb]<\/p>\n<p>Durante m\u00e1s de 80 a\u00f1os, oddesse ha estado desarrollando y produciendo motores sumergibles acoplados con bombas sumergibles de oddesse o como unidad de accionamiento para otros fabricantes de bombas que se utilizan en todo el mundo. Las unidades se utilizan como motores de accionamiento para bombas de pozo para bombear agua o como accionamientos de bombas en aplicaciones con requisitos elevados, como en miner\u00eda, para el uso de energ\u00eda geot\u00e9rmica y en tecnolog\u00eda marina y en alta mar. seg\u00fan la norma NEMA o normas internacionales.<\/p>\n<p>Adem\u00e1s de los motores sumergibles s\u00edncronos de imanes permanentes de alta eficiencia para tensiones de hasta 500 V, oddesse tambi\u00e9n produce motores as\u00edncronos trif\u00e1sicos llenos de agua de probada eficacia para tensiones de hasta 1.000 V, as\u00ed como para 50 y 60 Hz.<\/p>\n<p>[\/et_pb_text][\/et_pb_column][\/et_pb_row][et_pb_row column_structure=\u00bb1_2,1_2&#8243; use_custom_gutter=\u00bbon\u00bb _builder_version=\u00bb4.16&#8243; width=\u00bbauto\u00bb min_height=\u00bb325px\u00bb animation_style=\u00bbslide\u00bb global_colors_info=\u00bb{}\u00bb][et_pb_column type=\u00bb1_2&#8243; _builder_version=\u00bb4.16&#8243; custom_padding=\u00bb|||\u00bb global_colors_info=\u00bb{}\u00bb custom_padding__hover=\u00bb|||\u00bb][et_pb_image src=\u00bbhttps:\/\/oddesse.de\/wp-content\/uploads\/2022\/02\/Synchronmotoren.jpg\u00bb title_text=\u00bbmotores s\u00edncronos\u00bb show_bottom_space=\u00bboff\u00bb force_fullwidth=\u00bbon\u00bb align_tablet=\u00bbcenter\u00bb align_phone=\u00bb\u00bb align_last_edited=\u00bbon|desktop\u00bb _builder_version=\u00bb4.16&#8243; custom_margin=\u00bb||-3px|||\u00bb animation_direction=\u00bbbottom\u00bb border_radii=\u00bb|25px|25px||\u00bb border_width_top=\u00bb5px\u00bb border_color_top=\u00bbRGBA(0,0,0,0)\u00bb border_width_right=\u00bb5px\u00bb border_color_right=\u00bbRGBA(0,0,0,0)\u00bb border_width_left=\u00bb5px\u00bb border_color_left=\u00bbRGBA(0,0,0,0)\u00bb box_shadow_style=\u00bbpreset4&#8243; box_shadow_blur=\u00bb21px\u00bb box_shadow_color=\u00bb#000000&#8243; locked=\u00bboff\u00bb global_colors_info=\u00bb{}\u00bb][\/et_pb_image][et_pb_cta title=\u00bbmotores s\u00edncronos\u00bb button_url=\u00bb\/motores%20s\u00edncronos\u00bb button_text=\u00bbaprende m\u00e1s\u00bb _builder_version=\u00bb4.16&#8243; header_level=\u00bbh3&#8243; header_font=\u00bbQuicksand||||||||\u00bb header_text_align=\u00bbcenter\u00bb header_font_size=\u00bb24px\u00bb body_font=\u00bbQuicksand||||||||\u00bb body_text_align=\u00bbcenter\u00bb body_line_height=\u00bb1.5em\u00bb background_color=\u00bb#D7D2CB\u00bb custom_button=\u00bbon\u00bb button_text_size=\u00bb16px\u00bb button_text_color=\u00bb#FFFFFF\u00bb button_bg_color=\u00bb#B5123E\u00bb button_border_width=\u00bb0px\u00bb button_border_radius=\u00bb100px\u00bb button_letter_spacing=\u00bb1px\u00bb button_font=\u00bbQuicksand||||||||\u00bb button_use_icon=\u00bboff\u00bb button_alignment=\u00bbcenter\u00bb background_layout=\u00bblight\u00bb min_height=\u00bb320px\u00bb custom_margin=\u00bb1px|||||\u00bb custom_padding=\u00bb20px|6px|20px|6px|true|true\u00bb animation_direction=\u00bbtop\u00bb border_radii=\u00bb|||25px|25px\u00bb border_width_all=\u00bb5px\u00bb border_color_all=\u00bb#B5123E\u00bb border_width_top=\u00bb0px\u00bb border_color_right=\u00bbRGBA(0,0,0,0)\u00bb border_color_bottom=\u00bbRGBA(0,0,0,0)\u00bb border_color_left=\u00bbRGBA(0,0,0,0)\u00bb box_shadow_style=\u00bbpreset4&#8243; box_shadow_blur=\u00bb21px\u00bb box_shadow_color=\u00bb#000000&#8243; button_text_color_hover=\u00bb#ffffff\u00bb button_bg_color_hover=\u00bb#48d14c\u00bb global_colors_info=\u00bb{}\u00bb button_text_size__hover_enabled=\u00bboff\u00bb button_one_text_size__hover_enabled=\u00bboff\u00bb button_two_text_size__hover_enabled=\u00bboff\u00bb button_text_color__hover_enabled=\u00bbon|hover\u00bb button_text_color__hover=\u00bb#FFFFFF\u00bb button_one_text_color__hover_enabled=\u00bboff\u00bb button_two_text_color__hover_enabled=\u00bboff\u00bb button_border_width__hover_enabled=\u00bboff\u00bb button_one_border_width__hover_enabled=\u00bboff\u00bb button_two_border_width__hover_enabled=\u00bboff\u00bb button_border_color__hover_enabled=\u00bboff\u00bb button_one_border_color__hover_enabled=\u00bboff\u00bb button_two_border_color__hover_enabled=\u00bboff\u00bb button_border_radius__hover_enabled=\u00bboff\u00bb button_one_border_radius__hover_enabled=\u00bboff\u00bb button_two_border_radius__hover_enabled=\u00bboff\u00bb button_letter_spacing__hover_enabled=\u00bboff\u00bb button_one_letter_spacing__hover_enabled=\u00bboff\u00bb button_two_letter_spacing__hover_enabled=\u00bboff\u00bb button_bg_color__hover_enabled=\u00bbon\u00bb button_bg_color__hover=\u00bb#303447&#8243; button_one_bg_color__hover_enabled=\u00bboff\u00bb button_two_bg_color__hover_enabled=\u00bboff\u00bb button_bg_enable_color__hover=\u00bbon\u00bb]<\/p>\n<p>Con valores top en rendimiento y eficiencia <br \/>son los motores sumergibles de alta eficiencia para la conducci\u00f3n <br \/>de todas las bombas sumergibles con certificaci\u00f3n internacional <br \/>normas adecuadas. Los altos niveles de eficiencia garantizan bajos costos operativos.<\/p>\n<p>[\/et_pb_cta][\/et_pb_column][et_pb_column type=\u00bb1_2&#8243; _builder_version=\u00bb4.16&#8243; custom_padding=\u00bb|||\u00bb global_colors_info=\u00bb{}\u00bb custom_padding__hover=\u00bb|||\u00bb][et_pb_image src=\u00bbhttps:\/\/oddesse.de\/wp-content\/uploads\/2022\/02\/Asynchronmotoren.jpg\u00bb title_text=\u00bbmotores as\u00edncronos\u00bb show_bottom_space=\u00bboff\u00bb force_fullwidth=\u00bbon\u00bb align_tablet=\u00bbcenter\u00bb align_phone=\u00bb\u00bb align_last_edited=\u00bbon|desktop\u00bb _builder_version=\u00bb4.16&#8243; custom_margin=\u00bb||-3px|||\u00bb animation_direction=\u00bbbottom\u00bb border_radii=\u00bb|25px|25px||\u00bb border_width_top=\u00bb5px\u00bb border_color_top=\u00bbRGBA(0,0,0,0)\u00bb border_width_right=\u00bb5px\u00bb border_color_right=\u00bbRGBA(0,0,0,0)\u00bb border_width_left=\u00bb5px\u00bb border_color_left=\u00bbRGBA(0,0,0,0)\u00bb box_shadow_style=\u00bbpreset4&#8243; box_shadow_blur=\u00bb21px\u00bb box_shadow_color=\u00bb#000000&#8243; locked=\u00bboff\u00bb global_colors_info=\u00bb{}\u00bb][\/et_pb_image][et_pb_cta title=\u00bbmotores as\u00edncronos\u00bb button_url=\u00bb\/motoresas\u00edncronos\u00bb button_text=\u00bbaprende m\u00e1s\u00bb _builder_version=\u00bb4.16&#8243; header_level=\u00bbh3&#8243; header_font=\u00bbQuicksand||||||||\u00bb header_text_align=\u00bbcenter\u00bb header_font_size=\u00bb24px\u00bb body_font=\u00bbQuicksand||||||||\u00bb body_text_align=\u00bbcenter\u00bb body_line_height=\u00bb1.5em\u00bb background_color=\u00bb#D7D2CB\u00bb custom_button=\u00bbon\u00bb button_text_size=\u00bb16px\u00bb button_text_color=\u00bb#FFFFFF\u00bb button_bg_color=\u00bb#B5123E\u00bb button_border_width=\u00bb0px\u00bb button_border_radius=\u00bb100px\u00bb button_letter_spacing=\u00bb1px\u00bb button_font=\u00bbQuicksand||||||||\u00bb button_use_icon=\u00bboff\u00bb button_alignment=\u00bbcenter\u00bb background_layout=\u00bblight\u00bb min_height=\u00bb320px\u00bb custom_margin=\u00bb1px|||||\u00bb custom_padding=\u00bb20px|6px|20px|6px|true|true\u00bb animation_direction=\u00bbtop\u00bb border_radii=\u00bb|||25px|25px\u00bb border_width_all=\u00bb5px\u00bb border_color_all=\u00bb#B5123E\u00bb border_width_top=\u00bb0px\u00bb border_color_right=\u00bbRGBA(0,0,0,0)\u00bb border_color_bottom=\u00bbRGBA(0,0,0,0)\u00bb border_color_left=\u00bbRGBA(0,0,0,0)\u00bb box_shadow_style=\u00bbpreset4&#8243; box_shadow_blur=\u00bb21px\u00bb box_shadow_color=\u00bb#000000&#8243; button_text_color_hover=\u00bb#ffffff\u00bb button_bg_color_hover=\u00bb#48d14c\u00bb global_colors_info=\u00bb{}\u00bb button_text_size__hover_enabled=\u00bboff\u00bb button_one_text_size__hover_enabled=\u00bboff\u00bb button_two_text_size__hover_enabled=\u00bboff\u00bb button_text_color__hover_enabled=\u00bbon|hover\u00bb button_text_color__hover=\u00bb#FFFFFF\u00bb button_one_text_color__hover_enabled=\u00bboff\u00bb button_two_text_color__hover_enabled=\u00bboff\u00bb button_border_width__hover_enabled=\u00bboff\u00bb button_one_border_width__hover_enabled=\u00bboff\u00bb button_two_border_width__hover_enabled=\u00bboff\u00bb button_border_color__hover_enabled=\u00bboff\u00bb button_one_border_color__hover_enabled=\u00bboff\u00bb button_two_border_color__hover_enabled=\u00bboff\u00bb button_border_radius__hover_enabled=\u00bboff\u00bb button_one_border_radius__hover_enabled=\u00bboff\u00bb button_two_border_radius__hover_enabled=\u00bboff\u00bb button_letter_spacing__hover_enabled=\u00bboff\u00bb button_one_letter_spacing__hover_enabled=\u00bboff\u00bb button_two_letter_spacing__hover_enabled=\u00bboff\u00bb button_bg_color__hover_enabled=\u00bbon\u00bb button_bg_color__hover=\u00bb#303447&#8243; button_one_bg_color__hover_enabled=\u00bboff\u00bb button_two_bg_color__hover_enabled=\u00bboff\u00bb button_bg_enable_color__hover=\u00bbon\u00bb]<\/p>\n<p>Los motores as\u00edncronos trif\u00e1sicos con <br \/>Rotor en jaula de ardilla y devanado impermeable. <br \/>destinados a accionar bombas sumergibles y tambi\u00e9n son adecuados para accionar m\u00e1quinas de trabajo utilizadas bajo el agua y en tecnolog\u00eda marina.<\/p>\n<p>[\/et_pb_cta][\/et_pb_column][\/et_pb_row][\/et_pb_section]<\/p>\n","protected":false},"excerpt":{"rendered":"<p>Motores de OscherslebenDurante m\u00e1s de 80 a\u00f1os, oddesse ha estado desarrollando y produciendo motores sumergibles acoplados con bombas sumergibles de oddesse o como unidad de accionamiento para otros fabricantes de bombas que se utilizan en todo el mundo. Las unidades se utilizan como motores de accionamiento para bombas de pozo para bombear agua o como [&hellip;]<\/p>\n","protected":false},"author":1,"featured_media":0,"parent":0,"menu_order":0,"comment_status":"closed","ping_status":"closed","template":"","meta":{"_et_pb_use_builder":"on","_et_pb_old_content":"","_et_gb_content_width":"","footnotes":""},"class_list":["post-243207","page","type-page","status-publish","hentry"],"_links":{"self":[{"href":"https:\/\/oddesse.de\/es\/wp-json\/wp\/v2\/pages\/243207","targetHints":{"allow":["GET"]}}],"collection":[{"href":"https:\/\/oddesse.de\/es\/wp-json\/wp\/v2\/pages"}],"about":[{"href":"https:\/\/oddesse.de\/es\/wp-json\/wp\/v2\/types\/page"}],"author":[{"embeddable":true,"href":"https:\/\/oddesse.de\/es\/wp-json\/wp\/v2\/users\/1"}],"replies":[{"embeddable":true,"href":"https:\/\/oddesse.de\/es\/wp-json\/wp\/v2\/comments?post=243207"}],"version-history":[{"count":10,"href":"https:\/\/oddesse.de\/es\/wp-json\/wp\/v2\/pages\/243207\/revisions"}],"predecessor-version":[{"id":245908,"href":"https:\/\/oddesse.de\/es\/wp-json\/wp\/v2\/pages\/243207\/revisions\/245908"}],"wp:attachment":[{"href":"https:\/\/oddesse.de\/es\/wp-json\/wp\/v2\/media?parent=243207"}],"curies":[{"name":"wp","href":"https:\/\/api.w.org\/{rel}","templated":true}]}}