{"id":243181,"date":"2022-01-27T14:01:23","date_gmt":"2022-01-27T14:01:23","guid":{"rendered":"https:\/\/test376518.live-website.com\/historia\/"},"modified":"2022-06-10T09:25:57","modified_gmt":"2022-06-10T09:25:57","slug":"historia","status":"publish","type":"page","link":"https:\/\/oddesse.de\/es\/acerca-de-oddesse\/historia\/","title":{"rendered":"Historia"},"content":{"rendered":"<p>[et_pb_section fb_built=\u00bb1&#8243; fullwidth=\u00bbon\u00bb _builder_version=\u00bb4.16&#8243; _module_preset=\u00bbdefault\u00bb global_colors_info=\u00bb{}\u00bb][et_pb_fullwidth_slider _builder_version=\u00bb4.16&#8243; _module_preset=\u00bbdefault\u00bb background_enable_color=\u00bboff\u00bb background_image=\u00bbhttps:\/\/oddesse.de\/wp-content\/uploads\/2022\/02\/Banner-Tauchmotoren.jpg\u00bb width_tablet=\u00bb\u00bb width_phone=\u00bb\u00bb width_last_edited=\u00bbon|phone\u00bb module_alignment=\u00bbleft\u00bb content_width=\u00bb73%\u00bb content_width_tablet=\u00bb73%\u00bb content_width_phone=\u00bb100%\u00bb content_width_last_edited=\u00bbon|phone\u00bb content_max_width_tablet=\u00bb\u00bb content_max_width_phone=\u00bb1080%\u00bb content_max_width_last_edited=\u00bbon|phone\u00bb min_height_tablet=\u00bb\u00bb min_height_phone=\u00bb\u00bb min_height_last_edited=\u00bbon|phone\u00bb height=\u00bb500px\u00bb height_tablet=\u00bb500px\u00bb height_phone=\u00bb250px\u00bb height_last_edited=\u00bbon|phone\u00bb max_height=\u00bb500px\u00bb max_height_tablet=\u00bb500px\u00bb max_height_phone=\u00bb250px\u00bb max_height_last_edited=\u00bbon|phone\u00bb custom_padding=\u00bb4px||6px|||\u00bb header_font_size_tablet=\u00bb\u00bb header_font_size_phone=\u00bb20px\u00bb header_font_size_last_edited=\u00bbon|phone\u00bb body_font_size_tablet=\u00bb\u00bb body_font_size_phone=\u00bb17px\u00bb body_font_size_last_edited=\u00bbon|phone\u00bb background_last_edited=\u00bbon|phone\u00bb parallax_phone=\u00bboff\u00bb background_size_phone=\u00bbcover\u00bb text_orientation_tablet=\u00bb\u00bb text_orientation_phone=\u00bb\u00bb text_orientation_last_edited=\u00bbon|phone\u00bb module_alignment_tablet=\u00bbleft\u00bb module_alignment_phone=\u00bbcenter\u00bb module_alignment_last_edited=\u00bbon|phone\u00bb global_colors_info=\u00bb{}\u00bb][et_pb_slide heading=\u00bbSiempre a la altura de los avances t\u00e9cnicos\u00bb use_bg_overlay=\u00bboff\u00bb use_text_overlay=\u00bbon\u00bb text_overlay_color=\u00bbrgba(181,18,62,0.54)\u00bb text_border_radius=\u00bb0px\u00bb heading_tablet=\u00bbSiempre a la altura de los avances t\u00e9cnicos\u00bb heading_phone=\u00bbSiempre a la altura de los avances t\u00e9cnicos\u00bb heading_last_edited=\u00bbon|desktop\u00bb content_tablet=\u00bb<\/p>\n<h1><\/h1>\n<h1><\/h1>\n<h1>desde 1854<\/h1>\n<p>\u00bb content_phone=\u00bb<\/p>\n<h1>desde 1854<\/h1>\n<p>\u00bb content_last_edited=\u00bbon|phone\u00bb text_border_radius_tablet=\u00bb0px\u00bb text_border_radius_phone=\u00bb0px\u00bb text_border_radius_last_edited=\u00bbon|phone\u00bb _builder_version=\u00bb4.16&#8243; _module_preset=\u00bbdefault\u00bb body_font_size=\u00bb30px\u00bb background_image=\u00bbhttps:\/\/oddesse.de\/wp-content\/uploads\/2022\/01\/Historie.jpg\u00bb background_enable_image=\u00bbon\u00bb width=\u00bb100%\u00bb custom_padding_tablet=\u00bb\u00bb custom_padding_phone=\u00bb0px|0px|0px|0px|false|false\u00bb custom_padding_last_edited=\u00bbon|phone\u00bb header_font_tablet=\u00bb\u00bb header_font_phone=\u00bb\u00bb header_font_last_edited=\u00bbon|phone\u00bb body_font_size_tablet=\u00bb30px\u00bb body_font_size_phone=\u00bb16px\u00bb body_font_size_last_edited=\u00bbon|phone\u00bb background_last_edited=\u00bbon|phone\u00bb background_image_tablet=\u00bbhttps:\/\/oddesse.de\/wp-content\/uploads\/2022\/01\/Historie.jpg\u00bb background_image_phone=\u00bbhttps:\/\/oddesse.de\/wp-content\/uploads\/2022\/01\/oddesse-firmengeschichte.jpg\u00bb background_enable_image_tablet=\u00bbon\u00bb background_enable_image_phone=\u00bbon\u00bb background_size_tablet=\u00bbcover\u00bb background_size_phone=\u00bbcover\u00bb global_colors_info=\u00bb{}\u00bb sticky_transition=\u00bbon\u00bb]<\/p>\n<h1><\/h1>\n<h1>desde 1854<\/h1>\n<p>[\/et_pb_slide][\/et_pb_fullwidth_slider][\/et_pb_section][et_pb_section fb_built=\u00bb1&#8243; admin_label=\u00bbsection\u00bb _builder_version=\u00bb4.16&#8243; custom_padding=\u00bb60px|||||\u00bb global_colors_info=\u00bb{}\u00bb][et_pb_row admin_label=\u00bbfila\u00bb _builder_version=\u00bb4.16&#8243; background_size=\u00bbinitial\u00bb background_position=\u00bbtop_left\u00bb background_repeat=\u00bbrepeat\u00bb custom_padding=\u00bb3px|||||\u00bb global_colors_info=\u00bb{}\u00bb][et_pb_column type=\u00bb4_4&#8243; _builder_version=\u00bb4.16&#8243; custom_padding=\u00bb|||\u00bb global_colors_info=\u00bb{}\u00bb custom_padding__hover=\u00bb|||\u00bb][et_pb_text admin_label=\u00bbText\u00bb _builder_version=\u00bb4.16&#8243; background_size=\u00bbinitial\u00bb background_position=\u00bbtop_left\u00bb background_repeat=\u00bbrepeat\u00bb global_colors_info=\u00bb{}\u00bb]<!-- divi:paragraph --><\/p>\n<h1>Para oddesse el futuro ya ha comenzado<\/h1>\n<p>Durante m\u00e1s de 100 a\u00f1os, el nombre oddesse ha sido sin\u00f3nimo de trabajos de ingenier\u00eda pioneros en el campo de la construcci\u00f3n de m\u00e1quinas y bombas.<\/p>\n<p>Las innovaciones orientadas al cliente y la calidad garantizada garantizan soluciones sofisticadas en el suministro y eliminaci\u00f3n de agua, con las que la empresa de larga data tiene \u00e9xito en la competencia internacional.<\/p>\n<h1>C\u00f3mo empez\u00f3 todo<\/h1>\n<p>En 1854, el maestro calderero de Oschersleben, Forstreuter, reconoci\u00f3 los signos de los tiempos. Se necesitan calderas, m\u00e1quinas de vapor y bombas para la industria azucarera en r\u00e1pido desarrollo. El funda el<span> <\/span><strong>Forstreutersche Maschinenfabrik<\/strong>.<\/p>\n<p>Los hijos del fundador se especializan en bombas y se fusionan con la empresa en 1897<span> <\/span><strong>Oddesse-Dampfpumpen-Gesellschaft Hamburg<\/strong>. Despu\u00e9s de eso, la empresa cotiza bajo<span> <\/span><strong>Maschinenfabrik Oddesse GmbH<\/strong> &#8211; un nombre que lo dice todo, porque est\u00e1 formado por los nombres del ingeniero ingl\u00e9s Oddie y el empresario alem\u00e1n Hesse. El esp\u00edritu pionero del ingeniero y las habilidades empresariales del hombre de negocios aseguran el \u00e9xito juntos.<\/p>\n<p>A principios de la d\u00e9cada de 1930, se produjo una de las innovaciones t\u00e9cnicas de la \u00e9poca: las bombas sumergibles y los motores sumergibles. Estas innovaciones t\u00e9cnicas constituyen la buena reputaci\u00f3n de la empresa en el mercado mundial. El exitoso fabricante de bombas ha estado comercializando bajo el nombre desde 1939<span> <\/span><strong>KLEINSCHANZLIN-ODDESSE GmbH<\/strong> .<\/p>\n<p>Desmantelado en 1945 en el curso de las reparaciones, Oddesse volvi\u00f3 a operar en 1946 y se estableci\u00f3 cada vez m\u00e1s en los mercados internacionales. los<span> <\/span><strong>F\u00e1brica de bombas VEB Oschersleben<\/strong><span> <\/span>convence a clientes en muchos pa\u00edses con calidad y nuevos desarrollos de productos. Despu\u00e9s de todo, alrededor de 1400 empleados trabajan en la moderna planta de producci\u00f3n construida en 1975.<\/p>\n<p>El inicio de la econom\u00eda de mercado tiene \u00e9xito en 1990 con la concentraci\u00f3n en el negocio principal y la venta de partes de la empresa, pero sobre todo gracias a la riqueza de ideas y la calidad del trabajo de los empleados.<\/p>\n<p>La compa\u00f1\u00eda ha operado bajo el nombre desde 1994<span> <\/span><strong>f\u00e1brica de bombas y motores oddesse GmbH<\/strong><span> <\/span>y ha estado produciendo en instalaciones de producci\u00f3n de \u00faltima generaci\u00f3n para sus clientes en 50 pa\u00edses de todo el mundo desde 1998.<\/p>\n<p>&nbsp;<\/p>\n<p>&nbsp;<\/p>\n<p><!-- \/divi:paragraph -->[\/et_pb_text][\/et_pb_column][\/et_pb_row][\/et_pb_section]<\/p>\n","protected":false},"excerpt":{"rendered":"<p>desde 1854 Para oddesse el futuro ya ha comenzado Durante m\u00e1s de 100 a\u00f1os, el nombre oddesse ha sido sin\u00f3nimo de trabajos de ingenier\u00eda pioneros en el campo de la construcci\u00f3n de m\u00e1quinas y bombas. Las innovaciones orientadas al cliente y la calidad garantizada garantizan soluciones sofisticadas en el suministro y eliminaci\u00f3n de agua, con [&hellip;]<\/p>\n","protected":false},"author":2,"featured_media":0,"parent":243364,"menu_order":0,"comment_status":"closed","ping_status":"closed","template":"","meta":{"_et_pb_use_builder":"on","_et_pb_old_content":"","_et_gb_content_width":"","footnotes":""},"class_list":["post-243181","page","type-page","status-publish","hentry"],"_links":{"self":[{"href":"https:\/\/oddesse.de\/es\/wp-json\/wp\/v2\/pages\/243181","targetHints":{"allow":["GET"]}}],"collection":[{"href":"https:\/\/oddesse.de\/es\/wp-json\/wp\/v2\/pages"}],"about":[{"href":"https:\/\/oddesse.de\/es\/wp-json\/wp\/v2\/types\/page"}],"author":[{"embeddable":true,"href":"https:\/\/oddesse.de\/es\/wp-json\/wp\/v2\/users\/2"}],"replies":[{"embeddable":true,"href":"https:\/\/oddesse.de\/es\/wp-json\/wp\/v2\/comments?post=243181"}],"version-history":[{"count":9,"href":"https:\/\/oddesse.de\/es\/wp-json\/wp\/v2\/pages\/243181\/revisions"}],"predecessor-version":[{"id":246071,"href":"https:\/\/oddesse.de\/es\/wp-json\/wp\/v2\/pages\/243181\/revisions\/246071"}],"up":[{"embeddable":true,"href":"https:\/\/oddesse.de\/es\/wp-json\/wp\/v2\/pages\/243364"}],"wp:attachment":[{"href":"https:\/\/oddesse.de\/es\/wp-json\/wp\/v2\/media?parent=243181"}],"curies":[{"name":"wp","href":"https:\/\/api.w.org\/{rel}","templated":true}]}}