{"id":243137,"date":"2022-01-27T13:55:30","date_gmt":"2022-01-27T13:55:30","guid":{"rendered":"https:\/\/test376518.live-website.com\/calidad-y-medio-ambiente\/"},"modified":"2026-02-10T10:24:15","modified_gmt":"2026-02-10T10:24:15","slug":"calidad-y-medio-ambiente","status":"publish","type":"page","link":"https:\/\/oddesse.de\/es\/acerca-de-oddesse\/calidad-y-medio-ambiente\/","title":{"rendered":"Calidad y medio ambiente"},"content":{"rendered":"<p>[et_pb_section fb_built=\u00bb1&#8243; fullwidth=\u00bbon\u00bb _builder_version=\u00bb4.16&#8243; _module_preset=\u00bbdefault\u00bb global_colors_info=\u00bb{}\u00bb da_is_popup=\u00bboff\u00bb da_exit_intent=\u00bboff\u00bb da_has_close=\u00bbon\u00bb da_alt_close=\u00bboff\u00bb da_dark_close=\u00bboff\u00bb da_not_modal=\u00bbon\u00bb da_is_singular=\u00bboff\u00bb da_with_loader=\u00bboff\u00bb da_has_shadow=\u00bbon\u00bb da_disable_devices=\u00bboff|off|off\u00bb][et_pb_fullwidth_slider _builder_version=\u00bb4.16&#8243; _module_preset=\u00bbdefault\u00bb background_image=\u00bbhttps:\/\/oddesse.de\/wp-content\/uploads\/2022\/02\/Banner-prueffeld.jpg\u00bb width_tablet=\u00bb\u00bb width_phone=\u00bb\u00bb width_last_edited=\u00bbon|phone\u00bb module_alignment=\u00bbleft\u00bb content_width=\u00bb73%\u00bb content_width_tablet=\u00bb73%\u00bb content_width_phone=\u00bb100%\u00bb content_width_last_edited=\u00bbon|phone\u00bb content_max_width_tablet=\u00bb\u00bb content_max_width_phone=\u00bb1080%\u00bb content_max_width_last_edited=\u00bbon|phone\u00bb min_height_tablet=\u00bb\u00bb min_height_phone=\u00bb\u00bb min_height_last_edited=\u00bbon|phone\u00bb height=\u00bb500px\u00bb height_tablet=\u00bb500px\u00bb height_phone=\u00bb250px\u00bb height_last_edited=\u00bbon|phone\u00bb max_height=\u00bb500px\u00bb max_height_tablet=\u00bb500px\u00bb max_height_phone=\u00bb250px\u00bb max_height_last_edited=\u00bbon|phone\u00bb custom_padding=\u00bb4px||6px|||\u00bb header_font_size_tablet=\u00bb\u00bb header_font_size_phone=\u00bb20px\u00bb header_font_size_last_edited=\u00bbon|phone\u00bb body_font_size_tablet=\u00bb\u00bb body_font_size_phone=\u00bb17px\u00bb body_font_size_last_edited=\u00bbon|phone\u00bb text_orientation_tablet=\u00bb\u00bb text_orientation_phone=\u00bb\u00bb text_orientation_last_edited=\u00bbon|phone\u00bb module_alignment_tablet=\u00bbleft\u00bb module_alignment_phone=\u00bbcenter\u00bb module_alignment_last_edited=\u00bbon|phone\u00bb global_colors_info=\u00bb{}\u00bb][et_pb_slide heading=\u00bbM\u00e1xima calidad con tradici\u00f3n\u00bb use_bg_overlay=\u00bboff\u00bb use_text_overlay=\u00bbon\u00bb text_border_radius=\u00bb0px\u00bb content_tablet=\u00bb\u00bb content_phone=\u00bb\u00bb content_last_edited=\u00bbon|phone\u00bb text_border_radius_tablet=\u00bb0px\u00bb text_border_radius_phone=\u00bb0px\u00bb text_border_radius_last_edited=\u00bbon|phone\u00bb _builder_version=\u00bb4.16&#8243; _module_preset=\u00bbdefault\u00bb body_font_size=\u00bb30px\u00bb background_image=\u00bbhttps:\/\/oddesse.de\/wp-content\/uploads\/2022\/02\/Banner-Reparatur.jpg\u00bb background_enable_image=\u00bbon\u00bb width=\u00bb100%\u00bb custom_padding_tablet=\u00bb\u00bb custom_padding_phone=\u00bb0px|0px|0px|0px|false|false\u00bb custom_padding_last_edited=\u00bbon|phone\u00bb header_font_tablet=\u00bb\u00bb header_font_phone=\u00bb\u00bb header_font_last_edited=\u00bbon|phone\u00bb body_font_size_tablet=\u00bb30px\u00bb body_font_size_phone=\u00bb16px\u00bb body_font_size_last_edited=\u00bbon|phone\u00bb background_last_edited=\u00bbon|phone\u00bb global_colors_info=\u00bb{}\u00bb sticky_transition=\u00bbon\u00bb][\/et_pb_slide][\/et_pb_fullwidth_slider][\/et_pb_section][et_pb_section fb_built=\u00bb1&#8243; admin_label=\u00bbsection\u00bb _builder_version=\u00bb4.16&#8243; custom_padding=\u00bb60px|||||\u00bb global_colors_info=\u00bb{}\u00bb da_is_popup=\u00bboff\u00bb da_exit_intent=\u00bboff\u00bb da_has_close=\u00bbon\u00bb da_alt_close=\u00bboff\u00bb da_dark_close=\u00bboff\u00bb da_not_modal=\u00bbon\u00bb da_is_singular=\u00bboff\u00bb da_with_loader=\u00bboff\u00bb da_has_shadow=\u00bbon\u00bb da_disable_devices=\u00bboff|off|off\u00bb][et_pb_row admin_label=\u00bbfila\u00bb _builder_version=\u00bb4.16&#8243; background_size=\u00bbinitial\u00bb background_position=\u00bbtop_left\u00bb background_repeat=\u00bbrepeat\u00bb custom_padding=\u00bb1px|||||\u00bb global_colors_info=\u00bb{}\u00bb][et_pb_column type=\u00bb4_4&#8243; _builder_version=\u00bb4.16&#8243; custom_padding=\u00bb|||\u00bb global_colors_info=\u00bb{}\u00bb custom_padding__hover=\u00bb|||\u00bb][et_pb_text admin_label=\u00bbText\u00bb _builder_version=\u00bb4.17.0&#8243; background_size=\u00bbinitial\u00bb background_position=\u00bbtop_left\u00bb background_repeat=\u00bbrepeat\u00bb global_colors_info=\u00bb{}\u00bb]<!-- divi:paragraph --><\/p>\n<p>oddesse es una empresa internacional con m\u00e1s de 160 a\u00f1os de tradici\u00f3n en ingenier\u00eda mec\u00e1nica y de bombas.<\/p>\n<p>Las expectativas del mercado, las reglamentaciones legales, las restricciones t\u00e9cnicas, as\u00ed como las condiciones de protecci\u00f3n y seguridad ambiental determinan la calidad de nuestros productos y servicios. Debido al aumento generalizado de la conciencia medioambiental y a la constante subida de los precios de la energ\u00eda, oddesse lleva varios a\u00f1os trabajando intensamente en el tema de la eficiencia energ\u00e9tica. Nuestro equipo desarrolla y produce sistemas de bombas sumergibles de alta eficiencia. Al ahorrar energ\u00eda de forma sostenible, nuestros productos ayudan a reducir los costes de funcionamiento y las emisiones de CO2.<\/p>\n<p>La base de nuestras acciones es un sistema de gesti\u00f3n de la calidad seg\u00fan la norma DIN EN ISO 9001:2015 desde 1994. Los controles peri\u00f3dicos garantizan un est\u00e1ndar de calidad creciente para oddesse.<\/p>\n<p>Nuestras actividades se centran en temas como la satisfacci\u00f3n del cliente, la calidad y la capacitaci\u00f3n en el servicio, as\u00ed como las medidas de garant\u00eda de calidad de nuestros proveedores y socios.<\/p>\n<p>Desde 2020, oddesse tambi\u00e9n ha cumplido los requisitos del sistema de gesti\u00f3n medioambiental de acuerdo con DIN EN ISO 14001:2015.<\/p>\n<p>El uso concienzudo de la energ\u00eda, los materiales, los recursos y los residuos caracteriza la forma en que trabajaba la empresa. A trav\u00e9s de la configuraci\u00f3n individual de las bombas, aseguramos su funcionamiento eficiente y respetuoso con el medio ambiente en las instalaciones del cliente.<\/p>\n<p>Todos los empleados est\u00e1n obligados a aplicar las normas definidas cuidadosamente y se les solicita personalmente que participen en el desarrollo del sistema integrado de gesti\u00f3n ambiental y de calidad. Esto requiere innovaci\u00f3n constante e incluye un proceso de mejora continua.<\/p>\n<p>Adem\u00e1s, oddesse ha introducido un sistema de gesti\u00f3n de seguridad y salud en el trabajo como parte del Sistema de Gesti\u00f3n Integrado (IMS), que cumple con los requisitos de los est\u00e1ndares de las directrices nacionales para los sistemas de gesti\u00f3n de seguridad y salud en el trabajo.<\/p>\n<p><!-- \/divi:paragraph -->[\/et_pb_text][\/et_pb_column][\/et_pb_row][et_pb_row column_structure=\u00bb1_4,1_4,1_4,1_4&#8243; _builder_version=\u00bb4.16&#8243; _module_preset=\u00bbdefault\u00bb global_colors_info=\u00bb{}\u00bb][et_pb_column type=\u00bb1_4&#8243; _builder_version=\u00bb4.16&#8243; _module_preset=\u00bbdefault\u00bb global_colors_info=\u00bb{}\u00bb][et_pb_image src=\u00bbhttps:\/\/oddesse.de\/wp-content\/uploads\/2022\/01\/oddesse-Qualitaet-Logo-VDMA.png\u00bb title_text=\u00bblogotipo de calidad oddesse VDMA\u00bb align=\u00bbcenter\u00bb _builder_version=\u00bb4.16&#8243; _module_preset=\u00bbdefault\u00bb global_colors_info=\u00bb{}\u00bb][\/et_pb_image][\/et_pb_column][et_pb_column type=\u00bb1_4&#8243; _builder_version=\u00bb4.16&#8243; _module_preset=\u00bbdefault\u00bb global_colors_info=\u00bb{}\u00bb][et_pb_image src=\u00bbhttps:\/\/oddesse.de\/wp-content\/uploads\/2022\/01\/ISO_9001_farbe_single.png\u00bb title_text=\u00bbISO_9001_color_\u00fanico\u00bb url=\u00bbhttps:\/\/www.tuvsud.com\/de-de\/dienstleistungen\/auditierung-und-zertifizierung\/pruefzeichenuebersicht\/iso-9001&#8243; url_new_window=\u00bbon\u00bb align=\u00bbcenter\u00bb _builder_version=\u00bb4.16&#8243; _module_preset=\u00bbdefault\u00bb min_height=\u00bb150px\u00bb height=\u00bb150px\u00bb max_height=\u00bb150px\u00bb global_colors_info=\u00bb{}\u00bb][\/et_pb_image][\/et_pb_column][et_pb_column type=\u00bb1_4&#8243; _builder_version=\u00bb4.16&#8243; _module_preset=\u00bbdefault\u00bb global_colors_info=\u00bb{}\u00bb][et_pb_image src=\u00bbhttps:\/\/oddesse.de\/wp-content\/uploads\/2022\/01\/oddesse-Umwelt-Logo-TUEV-Sued-ISO-14001.png\u00bb title_text=\u00bboddesse-environmental-logo-TUEV-Sur-ISO-14001&#8243; url=\u00bbhttps:\/\/www.tuvsud.com\/de-de\/dienstleistungen\/auditierung-und-zertifizierung\/pruefzeichenuebersicht\/iso-14001&#8243; url_new_window=\u00bbon\u00bb align=\u00bbcenter\u00bb _builder_version=\u00bb4.16&#8243; _module_preset=\u00bbdefault\u00bb min_height=\u00bb150px\u00bb height=\u00bb150px\u00bb max_height=\u00bb150px\u00bb global_colors_info=\u00bb{}\u00bb][\/et_pb_image][\/et_pb_column][et_pb_column type=\u00bb1_4&#8243; _builder_version=\u00bb4.16&#8243; _module_preset=\u00bbdefault\u00bb global_colors_info=\u00bb{}\u00bb][et_pb_image src=\u00bbhttps:\/\/oddesse.de\/wp-content\/uploads\/2022\/01\/oddesse-Qualitaet-Logo-AEO.png\u00bb title_text=\u00bbLogotipo de calidad de oddesse AEO\u00bb align=\u00bbcenter\u00bb _builder_version=\u00bb4.16&#8243; _module_preset=\u00bbdefault\u00bb global_colors_info=\u00bb{}\u00bb][\/et_pb_image][\/et_pb_column][\/et_pb_row][\/et_pb_section]<\/p>\n","protected":false},"excerpt":{"rendered":"<p>oddesse es una empresa internacional con m\u00e1s de 160 a\u00f1os de tradici\u00f3n en ingenier\u00eda mec\u00e1nica y de bombas. Las expectativas del mercado, las reglamentaciones legales, las restricciones t\u00e9cnicas, as\u00ed como las condiciones de protecci\u00f3n y seguridad ambiental determinan la calidad de nuestros productos y servicios. Debido al aumento generalizado de la conciencia medioambiental y a [&hellip;]<\/p>\n","protected":false},"author":2,"featured_media":0,"parent":243364,"menu_order":0,"comment_status":"closed","ping_status":"closed","template":"","meta":{"_et_pb_use_builder":"on","_et_pb_old_content":"","_et_gb_content_width":"","footnotes":""},"class_list":["post-243137","page","type-page","status-publish","hentry"],"_links":{"self":[{"href":"https:\/\/oddesse.de\/es\/wp-json\/wp\/v2\/pages\/243137","targetHints":{"allow":["GET"]}}],"collection":[{"href":"https:\/\/oddesse.de\/es\/wp-json\/wp\/v2\/pages"}],"about":[{"href":"https:\/\/oddesse.de\/es\/wp-json\/wp\/v2\/types\/page"}],"author":[{"embeddable":true,"href":"https:\/\/oddesse.de\/es\/wp-json\/wp\/v2\/users\/2"}],"replies":[{"embeddable":true,"href":"https:\/\/oddesse.de\/es\/wp-json\/wp\/v2\/comments?post=243137"}],"version-history":[{"count":8,"href":"https:\/\/oddesse.de\/es\/wp-json\/wp\/v2\/pages\/243137\/revisions"}],"predecessor-version":[{"id":249322,"href":"https:\/\/oddesse.de\/es\/wp-json\/wp\/v2\/pages\/243137\/revisions\/249322"}],"up":[{"embeddable":true,"href":"https:\/\/oddesse.de\/es\/wp-json\/wp\/v2\/pages\/243364"}],"wp:attachment":[{"href":"https:\/\/oddesse.de\/es\/wp-json\/wp\/v2\/media?parent=243137"}],"curies":[{"name":"wp","href":"https:\/\/api.w.org\/{rel}","templated":true}]}}