{"id":243136,"date":"2022-01-27T14:46:40","date_gmt":"2022-01-27T14:46:40","guid":{"rendered":"https:\/\/test376518.live-website.com\/produccion\/"},"modified":"2022-06-10T09:26:34","modified_gmt":"2022-06-10T09:26:34","slug":"produccion","status":"publish","type":"page","link":"https:\/\/oddesse.de\/es\/acerca-de-oddesse\/produccion\/","title":{"rendered":"Producci\u00f3n"},"content":{"rendered":"<p>[et_pb_section fb_built=\u00bb1&#8243; fullwidth=\u00bbon\u00bb _builder_version=\u00bb4.16&#8243; _module_preset=\u00bbdefault\u00bb global_colors_info=\u00bb{}\u00bb][et_pb_fullwidth_slider _builder_version=\u00bb4.16&#8243; _module_preset=\u00bbdefault\u00bb background_image=\u00bbhttps:\/\/oddesse.de\/wp-content\/uploads\/2022\/02\/Produktion.jpg\u00bb width_tablet=\u00bb\u00bb width_phone=\u00bb\u00bb width_last_edited=\u00bbon|phone\u00bb module_alignment=\u00bbleft\u00bb content_width=\u00bb73%\u00bb content_width_tablet=\u00bb73%\u00bb content_width_phone=\u00bb100%\u00bb content_width_last_edited=\u00bbon|phone\u00bb content_max_width_tablet=\u00bb\u00bb content_max_width_phone=\u00bb1080%\u00bb content_max_width_last_edited=\u00bbon|phone\u00bb min_height_tablet=\u00bb\u00bb min_height_phone=\u00bb\u00bb min_height_last_edited=\u00bbon|phone\u00bb height=\u00bb500px\u00bb height_tablet=\u00bb500px\u00bb height_phone=\u00bb250px\u00bb height_last_edited=\u00bbon|phone\u00bb max_height=\u00bb500px\u00bb max_height_tablet=\u00bb500px\u00bb max_height_phone=\u00bb250px\u00bb max_height_last_edited=\u00bbon|phone\u00bb custom_padding=\u00bb4px||6px|||\u00bb header_font_size_tablet=\u00bb\u00bb header_font_size_phone=\u00bb20px\u00bb header_font_size_last_edited=\u00bbon|phone\u00bb body_font_size_tablet=\u00bb\u00bb body_font_size_phone=\u00bb17px\u00bb body_font_size_last_edited=\u00bbon|phone\u00bb background_last_edited=\u00bbon|phone\u00bb background_size_phone=\u00bbcover\u00bb text_orientation_tablet=\u00bb\u00bb text_orientation_phone=\u00bb\u00bb text_orientation_last_edited=\u00bbon|phone\u00bb module_alignment_tablet=\u00bbleft\u00bb module_alignment_phone=\u00bbcenter\u00bb module_alignment_last_edited=\u00bbon|phone\u00bb global_colors_info=\u00bb{}\u00bb][et_pb_slide heading=\u00bbAlta flexibilidad\u00bb use_bg_overlay=\u00bboff\u00bb use_text_overlay=\u00bbon\u00bb text_border_radius=\u00bb0px\u00bb content_tablet=\u00bb<\/p>\n<h1><\/h1>\n<h1><\/h1>\n<h1><\/h1>\n<h1>en inter\u00e9s de nuestros clientes<\/h1>\n<p>\u00bb content_phone=\u00bb<\/p>\n<h1><\/h1>\n<h1><\/h1>\n<h1><\/h1>\n<h1>en inter\u00e9s de nuestros clientes<\/h1>\n<p>\u00bb content_last_edited=\u00bbon|phone\u00bb text_border_radius_tablet=\u00bb0px\u00bb text_border_radius_phone=\u00bb0px\u00bb text_border_radius_last_edited=\u00bbon|phone\u00bb _builder_version=\u00bb4.16&#8243; _module_preset=\u00bbdefault\u00bb body_font_size=\u00bb30px\u00bb background_image=\u00bbhttps:\/\/oddesse.de\/wp-content\/uploads\/2022\/01\/Produktion.jpg\u00bb background_enable_image=\u00bbon\u00bb width=\u00bb100%\u00bb custom_padding_tablet=\u00bb\u00bb custom_padding_phone=\u00bb0px|0px|0px|0px|false|false\u00bb custom_padding_last_edited=\u00bbon|phone\u00bb header_font_tablet=\u00bb\u00bb header_font_phone=\u00bb\u00bb header_font_last_edited=\u00bbon|phone\u00bb body_font_size_tablet=\u00bb30px\u00bb body_font_size_phone=\u00bb16px\u00bb body_font_size_last_edited=\u00bbon|phone\u00bb background_last_edited=\u00bbon|phone\u00bb background_image_phone=\u00bbhttps:\/\/oddesse.de\/wp-content\/uploads\/2022\/02\/Produktion.jpg\u00bb background_enable_image_phone=\u00bbon\u00bb background_size_phone=\u00bbcover\u00bb global_colors_info=\u00bb{}\u00bb sticky_transition=\u00bbon\u00bb]<\/p>\n<h1><\/h1>\n<h1>Alta flexibilidad en inter\u00e9s de los clientes<\/h1>\n<p>[\/et_pb_slide][\/et_pb_fullwidth_slider][\/et_pb_section][et_pb_section fb_built=\u00bb1&#8243; admin_label=\u00bbsection\u00bb _builder_version=\u00bb4.16&#8243; custom_padding=\u00bb60px|||||\u00bb global_colors_info=\u00bb{}\u00bb][et_pb_row admin_label=\u00bbfila\u00bb _builder_version=\u00bb4.16&#8243; background_size=\u00bbinitial\u00bb background_position=\u00bbtop_left\u00bb background_repeat=\u00bbrepeat\u00bb custom_padding=\u00bb5px|||||\u00bb global_colors_info=\u00bb{}\u00bb][et_pb_column type=\u00bb4_4&#8243; _builder_version=\u00bb4.16&#8243; custom_padding=\u00bb|||\u00bb global_colors_info=\u00bb{}\u00bb custom_padding__hover=\u00bb|||\u00bb][et_pb_text content_tablet=\u00bb<\/p>\n<p><!-- divi:paragraph --><\/p>\n<h1>Die Qualit\u00e4t eines Unternehmens bestimmt die Qualit\u00e4t der Produkte<\/h1>\n<p>oddesse ist mit moderner Fertigungstechnik ausger\u00fcstet, die orientiert ist auf h\u00f6chste Qualit\u00e4t, gr\u00f6\u00dftm\u00f6gliche Flexibilit\u00e4t, kurze Lieferzeiten und hohe Produktivit\u00e4t. Mit Hilfe der Permanentmagnet-Technologie entwickeln wir hocheffiziente Tauchmotorpumpensysteme aus physiologisch unbedenklichen Materialien. Dadurch sind die Pumpen und Motoren f\u00fcr den Einsatz im Trinkwasser geeignet. Die effizienten Systeme zeichnen sich durch einen erh\u00f6hten Wirkungsgrad aus und sparen nachhaltig Energie und Kosten ein. Somit hilft die Umr\u00fcstung von alten Pumpenanalagen auf effizientere Systeme dabei den \u00f6kologischen Fu\u00dfabdruck der Wasserwirtschaft zu reduzieren und die Umwelt zu sch\u00fctzen.<\/p>\n<p>Im Interesse unserer Kundinnen und Kunden verf\u00fcgt oddesse \u00fcber eine hohe Fertigungstiefe sowie eine moderne Fertigungssteuerung, um Kundenw\u00fcnsche schnell realisieren zu k\u00f6nnen. Mit einem hochproduktiven Maschinenpark, modernster CAD-Produktentwicklung und Auftragssteuerung, vor allem aber mit einem erfahrenen und hoch qualifizierten Team von Facharbeitern, Ingenieuren und Managern setzen wir die \u00fcber 120-J\u00e4hrige Tradition im Pumpenbau in Oschersleben fort.<\/p>\n<p>Die qualifizierten Ingenieure, Meister, Facharbeiterinnen und Facharbeiter garantieren h\u00f6chste Qualit\u00e4t und Betriebssicherheit der oddesse-Produkte.<\/p>\n<p>Unser Team ber\u00e4t Sie zudem gern zur Umr\u00fcstung Ihrer alten Anlagen auf hocheffiziente Tauchmotorpumpensysteme.<\/p>\n<\/p>\n<p><!-- \/divi:paragraph --><\/p>\n<p>\u00bb content_phone=\u00bb<\/p>\n<p><!-- divi:paragraph --><\/p>\n<h1>Die Qualit\u00e4t eines Unternehmens bestimmt die Qualit\u00e4t der Produkte<\/h1>\n<p>oddesse ist mit moderner Fertigungstechnik ausger\u00fcstet, die orientiert ist auf h\u00f6chste Qualit\u00e4t, gr\u00f6\u00dftm\u00f6gliche Flexibilit\u00e4t, kurze Lieferzeiten und hohe Produktivit\u00e4t. Mit Hilfe der Permanentmagnet-Technologie entwickeln wir hocheffiziente Tauchmotorpumpensysteme aus physiologisch unbedenklichen Materialien. Dadurch sind die Pumpen und Motoren f\u00fcr den Einsatz im Trinkwasser geeignet. Die effizienten Systeme zeichnen sich durch einen erh\u00f6hten Wirkungsgrad aus und sparen nachhaltig Energie und Kosten ein. Somit hilft die Umr\u00fcstung von alten Pumpenanalagen auf effizientere Systeme dabei den \u00f6kologischen Fu\u00dfabdruck der Wasserwirtschaft zu reduzieren und die Umwelt zu sch\u00fctzen.<\/p>\n<p>Im Interesse unserer Kundinnen und Kunden verf\u00fcgt oddesse \u00fcber eine hohe Fertigungstiefe sowie eine moderne Fertigungssteuerung, um Kundenw\u00fcnsche schnell realisieren zu k\u00f6nnen. Mit einem hochproduktiven Maschinenpark, modernster CAD-Produktentwicklung und Auftragssteuerung, vor allem aber mit einem erfahrenen und hoch qualifizierten Team von Facharbeitern, Ingenieuren und Managern setzen wir die \u00fcber 120-J\u00e4hrige Tradition im Pumpenbau in Oschersleben fort.<\/p>\n<p>Die qualifizierten Ingenieure, Meister, Facharbeiterinnen und Facharbeiter garantieren h\u00f6chste Qualit\u00e4t und Betriebssicherheit der oddesse-Produkte.<\/p>\n<p>Unser Team ber\u00e4t Sie zudem gern zur Umr\u00fcstung Ihrer alten Anlagen auf hocheffiziente Tauchmotorpumpensysteme.<\/p>\n<\/p>\n<p><!-- \/divi:paragraph --><\/p>\n<p>\u00bb content_last_edited=\u00bbon|phone\u00bb admin_label=\u00bbText\u00bb _builder_version=\u00bb4.17.0&#8243; background_size=\u00bbinitial\u00bb background_position=\u00bbtop_left\u00bb background_repeat=\u00bbrepeat\u00bb global_colors_info=\u00bb{}\u00bb]<!-- divi:paragraph --><\/p>\n<h1>La calidad de una empresa determina la calidad de los productos.<\/h1>\n<p>oddesse est\u00e1 equipada con tecnolog\u00eda de producci\u00f3n moderna orientada a la m\u00e1xima calidad, m\u00e1xima flexibilidad posible, plazos de entrega cortos y productividad elevada. Gracias a la tecnolog\u00eda de imanes permanentes, desarrollamos sistemas de bombas sumergibles de gran eficacia fabricados con materiales fisiol\u00f3gicamente inocuos. Esto hace que las bombas y los motores sean adecuados para su uso en agua potable. Los sistemas eficientes se caracterizan por una mayor eficacia y por un ahorro sostenible de energ\u00eda y costes. La reconversi\u00f3n de los antiguos equipos de bombeo en sistemas m\u00e1s eficientes contribuye as\u00ed a reducir la huella ecol\u00f3gica de la industria del agua y a proteger el medio ambiente.<\/p>\n<p>En inter\u00e9s de nuestros clientes, oddesse tiene un alto grado de integraci\u00f3n vertical y un moderno control de producci\u00f3n para poder implementar r\u00e1pidamente las solicitudes de los clientes. Con un parque de m\u00e1quinas altamente productivo, el \u00faltimo desarrollo de productos CAD y gesti\u00f3n de pedidos, pero sobre todo con un equipo experimentado y altamente calificado de trabajadores, ingenieros y gerentes, continuamos la tradici\u00f3n de m\u00e1s de 120 a\u00f1os en la construcci\u00f3n de bombas en Oschersleben.<\/p>\n<p>Los ingenieros calificados, los maestros artesanos y los trabajadores calificados garantizan la m\u00e1s alta calidad y confiabilidad operativa de los productos de oddesse.<\/p>\n<p>Nuestro equipo tambi\u00e9n estar\u00e1 encantado de asesorarle sobre la conversi\u00f3n de sus antiguos sistemas a sistemas de bombas sumergibles de alta eficiencia.<\/p>\n<p>&nbsp;<\/p>\n<p><!-- \/divi:paragraph -->[\/et_pb_text][\/et_pb_column][\/et_pb_row][et_pb_row column_structure=\u00bb1_3,1_3,1_3&#8243; _builder_version=\u00bb4.16&#8243; _module_preset=\u00bbdefault\u00bb global_colors_info=\u00bb{}\u00bb][et_pb_column type=\u00bb1_3&#8243; _builder_version=\u00bb4.16&#8243; _module_preset=\u00bbdefault\u00bb global_colors_info=\u00bb{}\u00bb][et_pb_image src=\u00bbhttps:\/\/oddesse.de\/wp-content\/uploads\/2022\/03\/Produktion-2.jpg\u00bb title_text=\u00bbProducci\u00f3n 2&#8243; _builder_version=\u00bb4.16&#8243; _module_preset=\u00bbdefault\u00bb border_radii=\u00bbon|10px|10px|10px|10px\u00bb global_colors_info=\u00bb{}\u00bb][\/et_pb_image][\/et_pb_column][et_pb_column type=\u00bb1_3&#8243; _builder_version=\u00bb4.16&#8243; _module_preset=\u00bbdefault\u00bb global_colors_info=\u00bb{}\u00bb][et_pb_image src=\u00bbhttps:\/\/oddesse.de\/wp-content\/uploads\/2022\/03\/Produktion-3-2.jpg\u00bb title_text=\u00bbProducci\u00f3n 3&#8243; _builder_version=\u00bb4.16&#8243; _module_preset=\u00bbdefault\u00bb border_radii=\u00bbon|10px|10px|10px|10px\u00bb global_colors_info=\u00bb{}\u00bb][\/et_pb_image][\/et_pb_column][et_pb_column type=\u00bb1_3&#8243; _builder_version=\u00bb4.16&#8243; _module_preset=\u00bbdefault\u00bb global_colors_info=\u00bb{}\u00bb][et_pb_image src=\u00bbhttps:\/\/oddesse.de\/wp-content\/uploads\/2022\/03\/Produktion-1-1.jpg\u00bb title_text=\u00bbProducci\u00f3n 1&#8243; _builder_version=\u00bb4.16&#8243; _module_preset=\u00bbdefault\u00bb border_radii=\u00bbon|10px|10px|10px|10px\u00bb global_colors_info=\u00bb{}\u00bb][\/et_pb_image][\/et_pb_column][\/et_pb_row][\/et_pb_section]<\/p>\n","protected":false},"excerpt":{"rendered":"<p>Alta flexibilidad en inter\u00e9s de los clientes La calidad de una empresa determina la calidad de los productos. oddesse est\u00e1 equipada con tecnolog\u00eda de producci\u00f3n moderna orientada a la m\u00e1xima calidad, m\u00e1xima flexibilidad posible, plazos de entrega cortos y productividad elevada. Gracias a la tecnolog\u00eda de imanes permanentes, desarrollamos sistemas de bombas sumergibles de gran [&hellip;]<\/p>\n","protected":false},"author":2,"featured_media":0,"parent":243364,"menu_order":0,"comment_status":"closed","ping_status":"closed","template":"","meta":{"_et_pb_use_builder":"on","_et_pb_old_content":"","_et_gb_content_width":"","footnotes":""},"class_list":["post-243136","page","type-page","status-publish","hentry"],"_links":{"self":[{"href":"https:\/\/oddesse.de\/es\/wp-json\/wp\/v2\/pages\/243136","targetHints":{"allow":["GET"]}}],"collection":[{"href":"https:\/\/oddesse.de\/es\/wp-json\/wp\/v2\/pages"}],"about":[{"href":"https:\/\/oddesse.de\/es\/wp-json\/wp\/v2\/types\/page"}],"author":[{"embeddable":true,"href":"https:\/\/oddesse.de\/es\/wp-json\/wp\/v2\/users\/2"}],"replies":[{"embeddable":true,"href":"https:\/\/oddesse.de\/es\/wp-json\/wp\/v2\/comments?post=243136"}],"version-history":[{"count":7,"href":"https:\/\/oddesse.de\/es\/wp-json\/wp\/v2\/pages\/243136\/revisions"}],"predecessor-version":[{"id":246072,"href":"https:\/\/oddesse.de\/es\/wp-json\/wp\/v2\/pages\/243136\/revisions\/246072"}],"up":[{"embeddable":true,"href":"https:\/\/oddesse.de\/es\/wp-json\/wp\/v2\/pages\/243364"}],"wp:attachment":[{"href":"https:\/\/oddesse.de\/es\/wp-json\/wp\/v2\/media?parent=243136"}],"curies":[{"name":"wp","href":"https:\/\/api.w.org\/{rel}","templated":true}]}}