{"id":243095,"date":"2021-12-22T12:08:50","date_gmt":"2021-12-22T12:08:50","guid":{"rendered":"https:\/\/test376518.live-website.com\/bombas-de-refuerzo\/"},"modified":"2022-06-10T09:05:54","modified_gmt":"2022-06-10T09:05:54","slug":"bombas-de-refuerzo","status":"publish","type":"page","link":"https:\/\/oddesse.de\/es\/bombas\/bombas-de-refuerzo\/","title":{"rendered":"Bombas de refuerzo"},"content":{"rendered":"<p>[et_pb_section fb_built=\u00bb1&#8243; fullwidth=\u00bbon\u00bb _builder_version=\u00bb4.16&#8243; _module_preset=\u00bbdefault\u00bb global_colors_info=\u00bb{}\u00bb][et_pb_fullwidth_slider _builder_version=\u00bb4.17.3&#8243; _module_preset=\u00bbdefault\u00bb width_tablet=\u00bb\u00bb width_phone=\u00bb\u00bb width_last_edited=\u00bbon|phone\u00bb module_alignment=\u00bbleft\u00bb content_width=\u00bb73%\u00bb content_width_tablet=\u00bb73%\u00bb content_width_phone=\u00bb100%\u00bb content_width_last_edited=\u00bbon|phone\u00bb content_max_width_tablet=\u00bb\u00bb content_max_width_phone=\u00bb1080%\u00bb content_max_width_last_edited=\u00bbon|phone\u00bb min_height_tablet=\u00bb\u00bb min_height_phone=\u00bb\u00bb min_height_last_edited=\u00bbon|phone\u00bb height=\u00bb500px\u00bb height_tablet=\u00bb500px\u00bb height_phone=\u00bb250px\u00bb height_last_edited=\u00bbon|phone\u00bb max_height=\u00bb500px\u00bb max_height_tablet=\u00bb500px\u00bb max_height_phone=\u00bb250px\u00bb max_height_last_edited=\u00bbon|phone\u00bb custom_padding=\u00bb4px||6px|||\u00bb header_font_size_tablet=\u00bb\u00bb header_font_size_phone=\u00bb20px\u00bb header_font_size_last_edited=\u00bbon|phone\u00bb body_font_size_tablet=\u00bb\u00bb body_font_size_phone=\u00bb17px\u00bb body_font_size_last_edited=\u00bbon|phone\u00bb background_last_edited=\u00bbon|phone\u00bb background_image_phone=\u00bbhttps:\/\/oddesse.de\/wp-content\/uploads\/2022\/04\/Banner-Boosterpumpe-3.png\u00bb background_enable_image_phone=\u00bbon\u00bb background_size_phone=\u00bbcontain\u00bb text_orientation_tablet=\u00bb\u00bb text_orientation_phone=\u00bb\u00bb text_orientation_last_edited=\u00bbon|phone\u00bb module_alignment_tablet=\u00bbleft\u00bb module_alignment_phone=\u00bbcenter\u00bb module_alignment_last_edited=\u00bbon|phone\u00bb global_colors_info=\u00bb{}\u00bb][et_pb_slide heading=\u00bbPotencia extra garantizada\u00bb use_bg_overlay=\u00bboff\u00bb use_text_overlay=\u00bbon\u00bb text_overlay_color=\u00bbrgba(181,18,62,0.34)\u00bb text_border_radius=\u00bb0px\u00bb content_tablet=\u00bb<\/p>\n<h1><\/h1>\n<h1><\/h1>\n<h1>oddesse-Motobombas sumergibles<\/h1>\n<p>\u00bb content_phone=\u00bb<\/p>\n<h1><\/h1>\n<h1><\/h1>\n<h1>oddesse-Bombas de refuerzo<\/h1>\n<p>\u00bb content_last_edited=\u00bbon|desktop\u00bb text_border_radius_tablet=\u00bb0px\u00bb text_border_radius_phone=\u00bb0px\u00bb text_border_radius_last_edited=\u00bbon|phone\u00bb _builder_version=\u00bb4.17.3&#8243; _module_preset=\u00bbdefault\u00bb body_font_size=\u00bb30px\u00bb background_image=\u00bbhttps:\/\/oddesse.de\/wp-content\/uploads\/2022\/04\/Banner-Boosterpumpe-3.png\u00bb background_enable_image=\u00bbon\u00bb background_position=\u00bbbottom_center\u00bb width=\u00bb100%\u00bb custom_padding_tablet=\u00bb\u00bb custom_padding_phone=\u00bb0px|0px|0px|0px|false|false\u00bb custom_padding_last_edited=\u00bbon|phone\u00bb body_font_size_tablet=\u00bb30px\u00bb body_font_size_phone=\u00bb16px\u00bb body_font_size_last_edited=\u00bbon|phone\u00bb background_last_edited=\u00bbon|phone\u00bb background_size_phone=\u00bbcover\u00bb background_position_phone=\u00bbtop_left\u00bb global_colors_info=\u00bb{}\u00bb sticky_transition=\u00bbon\u00bb]<\/p>\n<h1><\/h1>\n<h1><\/h1>\n<h1>oddesse-Bombas de refuerzo<\/h1>\n<p>[\/et_pb_slide][\/et_pb_fullwidth_slider][\/et_pb_section][et_pb_section fb_built=\u00bb1&#8243; _builder_version=\u00bb4.16&#8243; _module_preset=\u00bbdefault\u00bb global_colors_info=\u00bb{}\u00bb][et_pb_row column_structure=\u00bb3_5,2_5&#8243; use_custom_gutter=\u00bbon\u00bb gutter_width=\u00bb1&#8243; disabled_on=\u00bbon|off|off\u00bb _builder_version=\u00bb4.16&#8243; _module_preset=\u00bbdefault\u00bb width=\u00bb100%\u00bb custom_margin=\u00bb-60px|auto||auto||\u00bb custom_margin_tablet=\u00bb\u00bb custom_margin_phone=\u00bb\u00bb custom_margin_last_edited=\u00bbon|phone\u00bb custom_padding=\u00bb0px||||false|false\u00bb custom_css_main_element=\u00bbdisplay:flex;\u00bb global_colors_info=\u00bb{}\u00bb][et_pb_column type=\u00bb3_5&#8243; _builder_version=\u00bb4.16&#8243; _module_preset=\u00bbdefault\u00bb global_colors_info=\u00bb{}\u00bb][et_pb_image src=\u00bbhttps:\/\/oddesse.de\/wp-content\/uploads\/2022\/03\/oddesse-Boosterpumpen-1.jpg\u00bb title_text=\u00bboddesse Bombas de refuerzo\u00bb _builder_version=\u00bb4.16&#8243; _module_preset=\u00bbdefault\u00bb custom_margin=\u00bb0px|66px|||false|false\u00bb custom_padding=\u00bb130px||24px|||\u00bb global_colors_info=\u00bb{}\u00bb][\/et_pb_image][\/et_pb_column][et_pb_column type=\u00bb2_5&#8243; _builder_version=\u00bb4.16&#8243; _module_preset=\u00bbdefault\u00bb global_colors_info=\u00bb{}\u00bb][et_pb_text _builder_version=\u00bb4.16&#8243; _module_preset=\u00bbdefault\u00bb background_color=\u00bbRGBA(0,0,0,0)\u00bb custom_margin=\u00bb87px||||false|false\u00bb custom_padding=\u00bb||30px|||\u00bb global_colors_info=\u00bb{}\u00bb]<\/p>\n<h2>Tipos: po-bp-s \/ po-bp-a<\/h2>\n<p>Las bombas de refuerzo consisten en una bomba de motor sumergible PM s\u00edncrona o as\u00edncrona de alta eficiencia, que est\u00e1 instalada en una carcasa de acero inoxidable resistente a la presi\u00f3n. Los agregados est\u00e1n dise\u00f1ados para aumento de presi\u00f3n y flujo en sistemas circulatorios de alta presi\u00f3n.<\/p>\n<p>[\/et_pb_text][et_pb_text _builder_version=\u00bb4.16&#8243; _module_preset=\u00bbdefault\u00bb text_text_color=\u00bb#FFFFFF\u00bb text_font_size=\u00bb24px\u00bb background_color=\u00bb#B5123E\u00bb custom_margin=\u00bb0px||||false|false\u00bb custom_padding=\u00bb12px||12px|12px|false|false\u00bb global_colors_info=\u00bb{}\u00bb]<\/p>\n<p>Datos operacionales<\/p>\n<p>[\/et_pb_text][et_pb_text _builder_version=\u00bb4.17.3&#8243; _module_preset=\u00bbdefault\u00bb background_color=\u00bb#303447&#8243; background_layout=\u00bbdark\u00bb custom_margin=\u00bb0px||||false|false\u00bb custom_padding=\u00bb0px||||false|false\u00bb border_color_all=\u00bbRGBA(255,255,255,0)\u00bb global_colors_info=\u00bb{}\u00bb]<\/p>\n<table style=\"border-collapse: collapse; width: 100%; height: 24px;\" border=\"1\">\n<tbody>\n<tr style=\"height: 24px;\">\n<td style=\"width: 51.5197%; height: 24px;\">Caudal<br \/>Altura de extracci\u00f3n<br \/>Power<br \/>Voltaje<br \/>Frecuencia<br \/>Grado de protecci\u00f3n<br \/>Temperatura<br \/>Presiones de servicio<\/td>\n<td style=\"width: 48.4803%; height: 24px;\">&#8230; 78 m\u00b3\/h<br \/>&#8230; 380 m<br \/>&#8230; 30 kW<br \/>&#8230; 1.000 V<br \/>50\/60 Hz o con CF<br \/>IP 68<br \/>30 \u00b0C*<br \/>52 &#8211; 82 bar<\/td>\n<\/tr>\n<\/tbody>\n<\/table>\n<p>[\/et_pb_text][et_pb_text _builder_version=\u00bb4.16&#8243; _module_preset=\u00bbdefault\u00bb text_font_size=\u00bb14px\u00bb custom_margin=\u00bb-15px|||||\u00bb global_colors_info=\u00bb{}\u00bb]<\/p>\n<p>*temperaturas m\u00e1s altas a petici\u00f3n<\/p>\n<p>[\/et_pb_text][\/et_pb_column][\/et_pb_row][et_pb_row use_custom_gutter=\u00bbon\u00bb gutter_width=\u00bb1&#8243; disabled_on=\u00bboff|on|on\u00bb _builder_version=\u00bb4.16&#8243; _module_preset=\u00bbdefault\u00bb width=\u00bb100%\u00bb custom_margin_tablet=\u00bb\u00bb custom_margin_phone=\u00bb\u00bb custom_margin_last_edited=\u00bbon|phone\u00bb custom_padding=\u00bb0px||||false|false\u00bb custom_css_main_element=\u00bbdisplay:flex;\u00bb global_colors_info=\u00bb{}\u00bb][et_pb_column type=\u00bb4_4&#8243; _builder_version=\u00bb4.16&#8243; _module_preset=\u00bbdefault\u00bb global_colors_info=\u00bb{}\u00bb][et_pb_text disabled_on=\u00bboff|on|on\u00bb _builder_version=\u00bb4.16&#8243; _module_preset=\u00bbdefault\u00bb background_color=\u00bbRGBA(0,0,0,0)\u00bb custom_margin=\u00bb0px||||false|false\u00bb custom_margin_tablet=\u00bb0px||||false|false\u00bb custom_margin_phone=\u00bb0px||||false|false\u00bb custom_margin_last_edited=\u00bbon|phone\u00bb custom_padding=\u00bb|10px|0px|10px|false|false\u00bb header_font_tablet=\u00bb\u00bb header_font_phone=\u00bb\u00bb header_font_last_edited=\u00bbon|desktop\u00bb global_colors_info=\u00bb{}\u00bb]<\/p>\n<h2>Tipos: po-bp-s \/ po-bp-a<\/h2>\n<p>Las bombas de refuerzo consisten en una bomba de motor sumergible PM s\u00edncrona o as\u00edncrona de alta eficiencia, que est\u00e1 instalada en una carcasa de acero inoxidable resistente a la presi\u00f3n. Los agregados est\u00e1n dise\u00f1ados para aumento de presi\u00f3n y flujo en sistemas circulatorios de alta presi\u00f3n.<\/p>\n<p>[\/et_pb_text][et_pb_image src=\u00bbhttps:\/\/oddesse.de\/wp-content\/uploads\/2022\/03\/oddesse-Boosterpumpen-1.jpg\u00bb title_text=\u00bboddesse Bombas de refuerzo\u00bb align=\u00bbcenter\u00bb align_tablet=\u00bbcenter\u00bb align_phone=\u00bbcenter\u00bb align_last_edited=\u00bbon|phone\u00bb disabled_on=\u00bboff|on|on\u00bb _builder_version=\u00bb4.16&#8243; _module_preset=\u00bbdefault\u00bb width=\u00bb100%\u00bb custom_margin=\u00bb0px|66px|||false|false\u00bb custom_padding=\u00bb||24px|||\u00bb global_colors_info=\u00bb{}\u00bb][\/et_pb_image][et_pb_text disabled_on=\u00bboff|on|on\u00bb _builder_version=\u00bb4.16&#8243; _module_preset=\u00bbdefault\u00bb text_text_color=\u00bb#FFFFFF\u00bb background_color=\u00bb#B5123E\u00bb custom_margin=\u00bb0px||||false|false\u00bb custom_padding=\u00bb12px||12px|12px|false|false\u00bb global_colors_info=\u00bb{}\u00bb]<\/p>\n<p>Datos operacionales<\/p>\n<p>[\/et_pb_text][et_pb_text disabled_on=\u00bboff|on|on\u00bb _builder_version=\u00bb4.17.0&#8243; _module_preset=\u00bbdefault\u00bb text_font_size=\u00bb16px\u00bb text_line_height=\u00bb1.9em\u00bb background_color=\u00bb#303447&#8243; background_layout=\u00bbdark\u00bb width_tablet=\u00bb\u00bb width_phone=\u00bb\u00bb width_last_edited=\u00bbon|phone\u00bb custom_margin=\u00bb0px||||false|false\u00bb custom_padding=\u00bb0px||||false|false\u00bb border_color_all=\u00bbRGBA(255,255,255,0)\u00bb global_colors_info=\u00bb{}\u00bb]<\/p>\n<table style=\"border-collapse: collapse; width: 100%; height: 20px;\" border=\"1\">\n<tbody>\n<tr style=\"height: 20px;\">\n<td style=\"width: 47.7848%; height: 20px;\">Caudal<br \/>Altura de extracci\u00f3n<br \/>Power<br \/>Voltaje<br \/>Frecuencia<br \/>Grado de protecci\u00f3n<br \/>Temperatura<br \/>Presiones de servicio<\/td>\n<td style=\"width: 52.2152%; height: 24px;\">&#8230; 125 m\u00b3\/h<br \/>&#8230; 360 m<br \/>&#8230; 92 kW<br \/>&#8230; 1.000 V<br \/>50\/60 Hz \u00b9<br \/>IP 68<br \/>30 \u00b0C \u00b2<br \/>52 &#8211; 82 bar<\/td>\n<\/tr>\n<\/tbody>\n<\/table>\n<p>[\/et_pb_text][et_pb_text _builder_version=\u00bb4.17.0&#8243; _module_preset=\u00bbdefault\u00bb text_font_size=\u00bb14px\u00bb custom_margin=\u00bb-15px|||||\u00bb global_colors_info=\u00bb{}\u00bb]<\/p>\n<p>\u00b9 o controlado por un CF<br \/>\u00b2 temperaturas m\u00e1s altas a petici\u00f3n<\/p>\n<p>[\/et_pb_text][\/et_pb_column][\/et_pb_row][et_pb_row disabled_on=\u00bbon|off|off\u00bb _builder_version=\u00bb4.16&#8243; _module_preset=\u00bbdefault\u00bb global_colors_info=\u00bb{}\u00bb][et_pb_column type=\u00bb4_4&#8243; _builder_version=\u00bb4.16&#8243; _module_preset=\u00bbdefault\u00bb global_colors_info=\u00bb{}\u00bb][et_pb_accordion _builder_version=\u00bb4.16&#8243; _module_preset=\u00bbdefault\u00bb background_color=\u00bbRGBA(0,0,0,0)\u00bb global_colors_info=\u00bb{}\u00bb][et_pb_accordion_item title=\u00bbCampos de aplicaci\u00f3n\u00bb open=\u00bbon\u00bb open_toggle_text_color=\u00bb#B5123E\u00bb icon_color=\u00bb#B5123E\u00bb _builder_version=\u00bb4.16&#8243; _module_preset=\u00bbdefault\u00bb global_colors_info=\u00bb{}\u00bb toggle_level=\u00bbh2&#8243;]<\/p>\n<ul>\n<li>Aumento de presi\u00f3n y caudal en sistemas circulatorios de alta presi\u00f3n<\/li>\n<li>tratamiento y captaci\u00f3n de agua potable<\/li>\n<li>desalinizaci\u00f3n de agua de mar<\/li>\n<li>uso en plantas qu\u00edmicas<\/li>\n<\/ul>\n<p>[\/et_pb_accordion_item][et_pb_accordion_item title=\u00bbVersiones\u00bb open_toggle_text_color=\u00bb#B5123E\u00bb icon_color=\u00bb#B5123E\u00bb _builder_version=\u00bb4.16&#8243; _module_preset=\u00bbdefault\u00bb global_colors_info=\u00bb{}\u00bb toggle_level=\u00bbh2&#8243; open=\u00bboff\u00bb]<\/p>\n<ul>\n<li>motobomba sumergible s\u00edncrona o as\u00edncrona PM de alta eficiencia instalada en una carcasa de acero inoxidable resistente a la presi\u00f3n<\/li>\n<li>versi\u00f3n de 4&#8243;, 6&#8243; y 8&#8243;<\/li>\n<li>ejecutado de serie en acero cromado AISI 316Ti<\/li>\n<li>la cubierta de presi\u00f3n se adapta cuidadosamente a la unidad de bombeo y se comprueba<\/li>\n<li>la integraci\u00f3n en el sistema se realiza a trav\u00e9s del acoplamiento Victaulic tipo 77DX<\/li>\n<li>de motores de la serie 6&#8243; rebobinables<\/li>\n<li>tubuladura de presi\u00f3n con rosca para tubos o brida<\/li>\n<li>materiales de alta calidad para la utilizaci\u00f3n en agua de servicio, industrial, geotermal y marina<\/li>\n<\/ul>\n<p>[\/et_pb_accordion_item][et_pb_accordion_item title=\u00bbVentajas\u00bb open_toggle_text_color=\u00bb#B5123E\u00bb icon_color=\u00bb#B5123E\u00bb _builder_version=\u00bb4.16&#8243; _module_preset=\u00bbdefault\u00bb global_colors_info=\u00bb{}\u00bb toggle_level=\u00bbh2&#8243; open=\u00bboff\u00bb]<\/p>\n<ul>\n<li>di\u00e1metro exterior reducido<\/li>\n<li>montaje vertical y horizontal<\/li>\n<li>gastos de la instalaci\u00f3n y de funcionamiento bajos<\/li>\n<li>largos tiempos de servicio sin mantenimiento<\/li>\n<li>regulable mediante convertidor de frecuencia<\/li>\n<li>escasos gastos de reparaci\u00f3n<\/li>\n<li>mantenimiento sencillo de las de piezas de repuesto gracias al principio modular<\/li>\n<li>no contaminante del medio ambiente y reciclable<\/li>\n<\/ul>\n<p>[\/et_pb_accordion_item][et_pb_accordion_item title=\u00bbmateriales y presiones\u00bb open_toggle_text_color=\u00bb#B5123E\u00bb icon_color=\u00bb#B5123E\u00bb _builder_version=\u00bb4.16&#8243; _module_preset=\u00bbdefault\u00bb global_colors_info=\u00bb{}\u00bb toggle_level=\u00bbh2&#8243; open=\u00bboff\u00bb]<\/p>\n<table style=\"width: 100%; border-collapse: collapse; border-style: solid; margin-left: auto; margin-right: auto; height: 283px;\" height=\"311\" border=\"1\">\n<tbody>\n<tr style=\"height: 80px;\">\n<td style=\"width: 22.3478%; height: 109px; background-color: #d7d2cb; border-style: none;\" rowspan=\"2\"><strong>Componente<\/strong><\/td>\n<td style=\"width: 77.6522%; height: 80px; background-color: #d7d2cb; border-style: none;\" colspan=\"3\">\n<p style=\"text-align: center;\"><strong>Versiones<\/strong><\/p>\n<\/td>\n<\/tr>\n<tr style=\"height: 29px;\">\n<td style=\"width: 25.5459%; height: 29px; background-color: #d7d2cb; border-style: none;\"><strong>AISI 304<\/strong><\/td>\n<td style=\"width: 24.8796%; height: 29px; background-color: #d7d2cb; border-style: none;\"><strong>AISI 316Ti<\/strong><\/td>\n<td style=\"width: 27.2267%; height: 29px; background-color: #d7d2cb; border-style: none;\"><strong>Y AISI 904L*<\/strong><\/td>\n<\/tr>\n<tr style=\"height: 29px;\">\n<td style=\"width: 22.3478%; height: 29px;\">presi\u00f3n nominal<\/td>\n<td style=\"width: 25.5459%; height: 29px;\">PN 40<\/td>\n<td style=\"width: 24.8796%; height: 29px;\">PN 40 \/ 63<\/td>\n<td style=\"width: 27.2267%; height: 29px;\">PN 63<\/td>\n<\/tr>\n<tr style=\"height: 29px;\">\n<td style=\"width: 22.3478%; height: 29px;\">Presi\u00f3n m\u00e1xima<\/td>\n<td style=\"width: 25.5459%; height: 29px;\">52 barras<\/td>\n<td style=\"width: 24.8796%; height: 29px;\">52\/ 82 barras<\/td>\n<td style=\"width: 27.2267%; height: 29px;\">82 barras<\/td>\n<\/tr>\n<tr style=\"height: 29px;\">\n<td style=\"width: 22.3478%; height: 29px;\">Saco<\/td>\n<td style=\"width: 25.5459%; height: 29px;\">1.4301 acero inoxidable<\/td>\n<td style=\"width: 24.8796%; height: 29px;\">Acero inoxidable 1.4571<\/td>\n<td style=\"width: 27.2267%; height: 29px;\">Acero inoxidable 1.4462<\/td>\n<\/tr>\n<tr style=\"height: 29px;\">\n<td style=\"width: 22.3478%; height: 29px;\">motor<\/td>\n<td style=\"width: 25.5459%; height: 29px;\">1.4301 acero inoxidable<\/td>\n<td style=\"width: 24.8796%; height: 29px;\">Acero inoxidable 1.4571<\/td>\n<td style=\"width: 27.2267%; height: 29px;\">Acero inoxidable 1.4539<\/td>\n<\/tr>\n<tr style=\"height: 29px;\">\n<td style=\"width: 22.3478%; height: 29px;\">llenado del motor<\/td>\n<td style=\"width: 77.6522%; height: 29px; text-align: center;\" colspan=\"3\">Mezcla de glicol y agua \/ agua potable<\/td>\n<\/tr>\n<tr style=\"height: 29px;\">\n<td style=\"width: 22.3478%; height: 29px;\">Bomba<\/td>\n<td style=\"width: 25.5459%; height: 29px;\">1.4301 acero inoxidable<\/td>\n<td style=\"width: 24.8796%; height: 29px;\">Acero inoxidable 1.4571<\/td>\n<td style=\"width: 27.2267%; height: 29px;\">Acero inoxidable 1.4539<\/td>\n<\/tr>\n<\/tbody>\n<\/table>\n<p>*la serie de 4&#8243; no est\u00e1 disponible en versi\u00f3n Y<\/p>\n<p>[\/et_pb_accordion_item][\/et_pb_accordion][et_pb_button url_new_window=\u00bbon\u00bb button_text=\u00bbal cat\u00e1logo\u00bb _builder_version=\u00bb4.16&#8243; _module_preset=\u00bbdefault\u00bb global_colors_info=\u00bb{}\u00bb][\/et_pb_button][\/et_pb_column][\/et_pb_row][et_pb_row disabled_on=\u00bboff|on|on\u00bb _builder_version=\u00bb4.17.0&#8243; _module_preset=\u00bbdefault\u00bb global_colors_info=\u00bb{}\u00bb][et_pb_column type=\u00bb4_4&#8243; _builder_version=\u00bb4.16&#8243; _module_preset=\u00bbdefault\u00bb global_colors_info=\u00bb{}\u00bb][et_pb_accordion _builder_version=\u00bb4.17.0&#8243; _module_preset=\u00bbdefault\u00bb background_color=\u00bbRGBA(0,0,0,0)\u00bb global_colors_info=\u00bb{}\u00bb][et_pb_accordion_item title=\u00bbCampos de aplicaci\u00f3n\u00bb open=\u00bbon\u00bb open_toggle_text_color=\u00bb#B5123E\u00bb icon_color=\u00bb#B5123E\u00bb _builder_version=\u00bb4.16&#8243; _module_preset=\u00bbdefault\u00bb global_colors_info=\u00bb{}\u00bb toggle_level=\u00bbh2&#8243;]<\/p>\n<ul>\n<li>Aumento de presi\u00f3n y caudal en sistemas circulatorios de alta presi\u00f3n<\/li>\n<li>tratamiento y captaci\u00f3n de agua potable<\/li>\n<li>desalinizaci\u00f3n de agua de mar<\/li>\n<li>uso en plantas qu\u00edmicas<\/li>\n<\/ul>\n<p>[\/et_pb_accordion_item][et_pb_accordion_item title=\u00bbVersiones\u00bb open_toggle_text_color=\u00bb#B5123E\u00bb icon_color=\u00bb#B5123E\u00bb _builder_version=\u00bb4.16&#8243; _module_preset=\u00bbdefault\u00bb global_colors_info=\u00bb{}\u00bb toggle_level=\u00bbh2&#8243; open=\u00bboff\u00bb]<\/p>\n<ul>\n<li>motobomba sumergible s\u00edncrona o as\u00edncrona PM de alta eficiencia instalada en una carcasa de acero inoxidable resistente a la presi\u00f3n<\/li>\n<li>versi\u00f3n de 4&#8243;, 6&#8243; y 8&#8243;<\/li>\n<li>ejecutado de serie en acero cromado AISI 316Ti<\/li>\n<li>la cubierta de presi\u00f3n se adapta cuidadosamente a la unidad de bombeo y se comprueba<\/li>\n<li>la integraci\u00f3n en el sistema se realiza a trav\u00e9s del acoplamiento Victaulic tipo 77DX<\/li>\n<li>de motores de la serie 6&#8243; rebobinables<\/li>\n<li>tubuladura de presi\u00f3n con rosca para tubos o brida<\/li>\n<li>materiales de alta calidad para la utilizaci\u00f3n en agua de servicio, industrial, geotermal y marina<\/li>\n<\/ul>\n<p>[\/et_pb_accordion_item][et_pb_accordion_item title=\u00bbVentajas\u00bb open_toggle_text_color=\u00bb#B5123E\u00bb icon_color=\u00bb#B5123E\u00bb _builder_version=\u00bb4.16&#8243; _module_preset=\u00bbdefault\u00bb global_colors_info=\u00bb{}\u00bb toggle_level=\u00bbh2&#8243; open=\u00bboff\u00bb]<\/p>\n<ul>\n<li>di\u00e1metro exterior reducido<\/li>\n<li>montaje vertical y horizontal<\/li>\n<li>gastos de la instalaci\u00f3n y de funcionamiento bajos<\/li>\n<li>largos tiempos de servicio sin mantenimiento<\/li>\n<li>regulable mediante convertidor de frecuencia<\/li>\n<li>escasos gastos de reparaci\u00f3n<\/li>\n<li>mantenimiento sencillo de las de piezas de repuesto gracias al principio modular<\/li>\n<li>no contaminante del medio ambiente y reciclable<\/li>\n<\/ul>\n<p>[\/et_pb_accordion_item][\/et_pb_accordion][et_pb_button url_new_window=\u00bbon\u00bb button_text=\u00bbal cat\u00e1logo\u00bb _builder_version=\u00bb4.16&#8243; _module_preset=\u00bbdefault\u00bb global_colors_info=\u00bb{}\u00bb][\/et_pb_button][\/et_pb_column][\/et_pb_row][et_pb_row disabled_on=\u00bbon|off|off\u00bb _builder_version=\u00bb4.17.3&#8243; _module_preset=\u00bbdefault\u00bb width=\u00bb100%\u00bb global_colors_info=\u00bb{}\u00bb][et_pb_column type=\u00bb4_4&#8243; _builder_version=\u00bb4.16&#8243; _module_preset=\u00bbdefault\u00bb global_colors_info=\u00bb{}\u00bb][et_pb_slider disabled_on=\u00bbon|off|off\u00bb _builder_version=\u00bb4.17.3&#8243; _module_preset=\u00bbdefault\u00bb background_color=\u00bb#B5123E\u00bb min_height=\u00bb600px\u00bb custom_padding=\u00bb1px||1px|||\u00bb global_colors_info=\u00bb{}\u00bb][et_pb_slide heading=\u00bbDesalinizaci\u00f3n de agua de mar\u00bb image=\u00bbhttps:\/\/oddesse.de\/wp-content\/uploads\/2022\/05\/Meerwasserentsalzungsanlage.jpg\u00bb use_bg_overlay=\u00bbon\u00bb bg_overlay_color=\u00bbrgba(255,255,255,0.55)\u00bb use_text_overlay=\u00bbon\u00bb arrows_custom_color=\u00bb#B5123E\u00bb dot_nav_custom_color=\u00bb#B5123E\u00bb content_tablet=\u00bb<\/p>\n<p>En los sistemas de \u00f3smosis inversa para la desalinizaci\u00f3n del agua de mar, se utilizan bombas de refuerzo para aumentar la presi\u00f3n en el circuito de bombeo. La bomba suministra al sistema una presi\u00f3n de trabajo constante. La integraci\u00f3n en el sistema correspondiente se realiza mediante un acoplamiento tipo Victaulic <br \/>77DX o 177N.<\/p>\n<p>\u00bb content_phone=\u00bb<\/p>\n<p>En los sistemas de \u00f3smosis inversa para la desalinizaci\u00f3n del agua de mar, se utilizan bombas de refuerzo para aumentar la presi\u00f3n en el circuito de bombeo. La bomba suministra al sistema una presi\u00f3n de trabajo constante. La integraci\u00f3n en el sistema correspondiente se realiza mediante un acoplamiento tipo Victaulic<br \/>77DX o 177N.<\/p>\n<p>\u00bb content_last_edited=\u00bbon|desktop\u00bb _builder_version=\u00bb4.17.3&#8243; _module_preset=\u00bbdefault\u00bb header_level=\u00bbh4&#8243; header_text_color=\u00bb#666666&#8243; body_text_color=\u00bb#666666&#8243; background_color=\u00bb#B5123E\u00bb background_enable_color=\u00bbon\u00bb background_image=\u00bbhttps:\/\/oddesse.de\/wp-content\/uploads\/2022\/05\/Meerwasserentsalzungsanlage.jpg\u00bb background_enable_image=\u00bbon\u00bb background_position=\u00bbtop_left\u00bb background_layout=\u00bblight\u00bb width_tablet=\u00bb\u00bb width_phone=\u00bb\u00bb width_last_edited=\u00bbon|phone\u00bb global_colors_info=\u00bb{}\u00bb sticky_transition=\u00bbon\u00bb]<\/p>\n<p>En los sistemas de \u00f3smosis inversa para la desalinizaci\u00f3n del agua de mar, se utilizan bombas de refuerzo para aumentar la presi\u00f3n en el circuito de bombeo. La bomba suministra al sistema una presi\u00f3n de trabajo constante. La integraci\u00f3n en el sistema correspondiente se realiza mediante un acoplamiento tipo Victaulic <br \/>77DX o 177N.<\/p>\n<p>[\/et_pb_slide][\/et_pb_slider][\/et_pb_column][\/et_pb_row][et_pb_row disabled_on=\u00bboff|on|on\u00bb _builder_version=\u00bb4.17.4&#8243; _module_preset=\u00bbdefault\u00bb custom_margin=\u00bb|auto|65px|auto||\u00bb global_colors_info=\u00bb{}\u00bb][et_pb_column type=\u00bb4_4&#8243; _builder_version=\u00bb4.16&#8243; _module_preset=\u00bbdefault\u00bb global_colors_info=\u00bb{}\u00bb][et_pb_image src=\u00bbhttps:\/\/oddesse.de\/wp-content\/uploads\/2022\/05\/Meerwasserentsalzungsanlage.jpg\u00bb title_text=\u00bbIndustrial Reverse Osmosis Water Filter\u00bb show_bottom_space=\u00bboff\u00bb align=\u00bbcenter\u00bb _builder_version=\u00bb4.17.3&#8243; _module_preset=\u00bbdefault\u00bb global_colors_info=\u00bb{}\u00bb][\/et_pb_image][et_pb_text _builder_version=\u00bb4.17.3&#8243; _module_preset=\u00bbdefault\u00bb text_line_height=\u00bb1.5em\u00bb background_color=\u00bb#D7D2CB\u00bb custom_padding=\u00bb12px|10px|2px|10px|false|false\u00bb global_colors_info=\u00bb{}\u00bb]<\/p>\n<h2 class=\"et_pb_slide_title et-fb-editable-element et-fb-editable-element__editing\" data-shortcode-id=\"1.4.0.0.1-1639735102145\" data-quickaccess-id=\"header\" contenteditable=\"true\">Desalinizaci\u00f3n de agua de mar<\/h2>\n<p>En los sistemas de \u00f3smosis inversa para la desalinizaci\u00f3n del agua de mar, se utilizan bombas de refuerzo para aumentar la presi\u00f3n en el circuito de bombeo. La bomba suministra al sistema una presi\u00f3n de trabajo constante. La integraci\u00f3n en el sistema correspondiente se realiza mediante un acoplamiento tipo Victaulic 77DX o 177N.<\/p>\n<p>[\/et_pb_text][\/et_pb_column][\/et_pb_row][\/et_pb_section]<\/p>\n","protected":false},"excerpt":{"rendered":"<p>oddesse-Bombas de refuerzoTipos: po-bp-s \/ po-bp-a Las bombas de refuerzo consisten en una bomba de motor sumergible PM s\u00edncrona o as\u00edncrona de alta eficiencia, que est\u00e1 instalada en una carcasa de acero inoxidable resistente a la presi\u00f3n. Los agregados est\u00e1n dise\u00f1ados para aumento de presi\u00f3n y flujo en sistemas circulatorios de alta presi\u00f3n.Datos operacionales CaudalAltura [&hellip;]<\/p>\n","protected":false},"author":2,"featured_media":0,"parent":247103,"menu_order":0,"comment_status":"closed","ping_status":"closed","template":"","meta":{"_et_pb_use_builder":"on","_et_pb_old_content":"","_et_gb_content_width":"","footnotes":""},"class_list":["post-243095","page","type-page","status-publish","hentry"],"_links":{"self":[{"href":"https:\/\/oddesse.de\/es\/wp-json\/wp\/v2\/pages\/243095","targetHints":{"allow":["GET"]}}],"collection":[{"href":"https:\/\/oddesse.de\/es\/wp-json\/wp\/v2\/pages"}],"about":[{"href":"https:\/\/oddesse.de\/es\/wp-json\/wp\/v2\/types\/page"}],"author":[{"embeddable":true,"href":"https:\/\/oddesse.de\/es\/wp-json\/wp\/v2\/users\/2"}],"replies":[{"embeddable":true,"href":"https:\/\/oddesse.de\/es\/wp-json\/wp\/v2\/comments?post=243095"}],"version-history":[{"count":15,"href":"https:\/\/oddesse.de\/es\/wp-json\/wp\/v2\/pages\/243095\/revisions"}],"predecessor-version":[{"id":246052,"href":"https:\/\/oddesse.de\/es\/wp-json\/wp\/v2\/pages\/243095\/revisions\/246052"}],"up":[{"embeddable":true,"href":"https:\/\/oddesse.de\/es\/wp-json\/wp\/v2\/pages\/247103"}],"wp:attachment":[{"href":"https:\/\/oddesse.de\/es\/wp-json\/wp\/v2\/media?parent=243095"}],"curies":[{"name":"wp","href":"https:\/\/api.w.org\/{rel}","templated":true}]}}