{"id":247874,"date":"2024-04-03T13:14:09","date_gmt":"2024-04-03T13:14:09","guid":{"rendered":"https:\/\/oddesse.de\/?page_id=247874"},"modified":"2024-05-08T05:44:58","modified_gmt":"2024-05-08T05:44:58","slug":"170-jahre-1998","status":"publish","type":"page","link":"https:\/\/oddesse.de\/en\/170-years-oddesse\/170-jahre-1998\/","title":{"rendered":"170 Jahre  1994\/1998"},"content":{"rendered":"<p>[et_pb_section fb_built=&#8221;1&#8243; disabled_on=&#8221;on|off|off&#8221; _builder_version=&#8221;4.23.4&#8243; _module_preset=&#8221;default&#8221; custom_padding=&#8221;60px|||||&#8221; global_colors_info=&#8221;{}&#8221;][et_pb_row column_structure=&#8221;3_5,2_5&#8243; _builder_version=&#8221;4.23.4&#8243; _module_preset=&#8221;default&#8221; width=&#8221;100%&#8221; max_width=&#8221;1250px&#8221; min_height=&#8221;589px&#8221; custom_margin=&#8221;|auto|2px|auto||&#8221; custom_padding=&#8221;||0px|||&#8221; global_colors_info=&#8221;{}&#8221;][et_pb_column type=&#8221;3_5&#8243; _builder_version=&#8221;4.23.4&#8243; _module_preset=&#8221;default&#8221; global_colors_info=&#8221;{}&#8221;][et_pb_slider use_text_overlay=&#8221;off&#8221; _builder_version=&#8221;4.23.4&#8243; _module_preset=&#8221;default&#8221; background_image=&#8221;https:\/\/oddesse.de\/wp-content\/uploads\/2024\/03\/1899-Verladen-einer-Dampfpumpe.png&#8221; min_height=&#8221;760px&#8221; max_height=&#8221;760px&#8221; custom_margin=&#8221;0px|0px|||false|false&#8221; custom_padding=&#8221;552px||0px||false|false&#8221; auto=&#8221;on&#8221; hover_transition_duration=&#8221;30ms&#8221; hover_transition_delay=&#8221;50ms&#8221; custom_css_free_form=&#8221;.selector .et_pb_text_overlay_wrapper {||  font-size: 100px;||}&#8221; border_radii=&#8221;on|30px|30px|30px|30px&#8221; box_shadow_style=&#8221;preset2&#8243; box_shadow_spread=&#8221;4px&#8221; global_colors_info=&#8221;{}&#8221;][et_pb_slide heading=&#8221;Grundsteinlegung am 25.07.1997&#8243; use_text_overlay=&#8221;on&#8221; text_overlay_color=&#8221;rgba(181,18,62,0.33)&#8221; text_border_radius=&#8221;-102px&#8221; _builder_version=&#8221;4.23.4&#8243; _module_preset=&#8221;default&#8221; background_image=&#8221;https:\/\/oddesse.de\/wp-content\/uploads\/2024\/04\/Grundsteinlegung-Neue-Fabrik.png&#8221; background_enable_image=&#8221;on&#8221; custom_padding=&#8221;||||false|false&#8221; global_colors_info=&#8221;{}&#8221; sticky_transition=&#8221;on&#8221;][\/et_pb_slide][et_pb_slide heading=&#8221;Grundsteinlegung am 25.07.1997&#8243; use_text_overlay=&#8221;on&#8221; text_overlay_color=&#8221;rgba(181,18,62,0.33)&#8221; text_border_radius=&#8221;-102px&#8221; _builder_version=&#8221;4.23.4&#8243; _module_preset=&#8221;default&#8221; background_image=&#8221;https:\/\/oddesse.de\/wp-content\/uploads\/2024\/04\/Grundsteinlegung-Neue-Fabrik-2.jpg&#8221; background_enable_image=&#8221;on&#8221; custom_padding=&#8221;||||false|false&#8221; global_colors_info=&#8221;{}&#8221; sticky_transition=&#8221;on&#8221;][\/et_pb_slide][et_pb_slide heading=&#8221;Firmenansicht 1998&#8243; use_text_overlay=&#8221;on&#8221; text_overlay_color=&#8221;rgba(181,18,62,0.33)&#8221; text_border_radius=&#8221;3px&#8221; _builder_version=&#8221;4.23.4&#8243; _module_preset=&#8221;default&#8221; header_line_height=&#8221;-0.6em&#8221; background_image=&#8221;https:\/\/oddesse.de\/wp-content\/uploads\/2024\/04\/Firmengelaende-1998.png&#8221; background_enable_image=&#8221;on&#8221; width=&#8221;100%&#8221; custom_padding=&#8221;||||false|false&#8221; global_colors_info=&#8221;{}&#8221; sticky_transition=&#8221;on&#8221;][\/et_pb_slide][et_pb_slide heading=&#8221;Motorenbau %22Neue Fabrik%22 1999&#8243; use_text_overlay=&#8221;on&#8221; text_overlay_color=&#8221;rgba(181,18,62,0.33)&#8221; text_border_radius=&#8221;3px&#8221; _builder_version=&#8221;4.23.4&#8243; _module_preset=&#8221;default&#8221; header_line_height=&#8221;-0.6em&#8221; background_image=&#8221;https:\/\/oddesse.de\/wp-content\/uploads\/2024\/04\/Motorenbau-1998.png&#8221; background_enable_image=&#8221;on&#8221; width=&#8221;100%&#8221; custom_padding=&#8221;||||false|false&#8221; global_colors_info=&#8221;{}&#8221; sticky_transition=&#8221;on&#8221;][\/et_pb_slide][et_pb_slide heading=&#8221;Konstruktionsb\u00fcro 1999&#8243; use_text_overlay=&#8221;on&#8221; text_overlay_color=&#8221;rgba(181,18,62,0.33)&#8221; text_border_radius=&#8221;3px&#8221; _builder_version=&#8221;4.23.4&#8243; _module_preset=&#8221;default&#8221; header_line_height=&#8221;-0.6em&#8221; background_image=&#8221;https:\/\/oddesse.de\/wp-content\/uploads\/2024\/04\/Konstruktion-1998.png&#8221; background_enable_image=&#8221;on&#8221; width=&#8221;100%&#8221; custom_padding=&#8221;||||false|false&#8221; global_colors_info=&#8221;{}&#8221; sticky_transition=&#8221;on&#8221;][\/et_pb_slide][et_pb_slide heading=&#8221;Pumpenbau 2001&#8243; use_text_overlay=&#8221;on&#8221; text_overlay_color=&#8221;rgba(181,18,62,0.33)&#8221; text_border_radius=&#8221;3px&#8221; _builder_version=&#8221;4.23.4&#8243; _module_preset=&#8221;default&#8221; header_line_height=&#8221;-0.6em&#8221; background_image=&#8221;https:\/\/oddesse.de\/wp-content\/uploads\/2024\/04\/Pumpenbau-1998.png&#8221; background_enable_image=&#8221;on&#8221; width=&#8221;100%&#8221; custom_padding=&#8221;||||false|false&#8221; global_colors_info=&#8221;{}&#8221; sticky_transition=&#8221;on&#8221;][\/et_pb_slide][et_pb_slide heading=&#8221;Pr\u00fcffeld 2013&#8243; use_text_overlay=&#8221;on&#8221; text_overlay_color=&#8221;rgba(181,18,62,0.33)&#8221; text_border_radius=&#8221;3px&#8221; _builder_version=&#8221;4.23.4&#8243; _module_preset=&#8221;default&#8221; header_line_height=&#8221;-0.6em&#8221; background_image=&#8221;https:\/\/oddesse.de\/wp-content\/uploads\/2024\/04\/Prueffeld-2013.png&#8221; background_enable_image=&#8221;on&#8221; width=&#8221;100%&#8221; custom_padding=&#8221;||||false|false&#8221; global_colors_info=&#8221;{}&#8221; sticky_transition=&#8221;on&#8221;][\/et_pb_slide][\/et_pb_slider][\/et_pb_column][et_pb_column type=&#8221;2_5&#8243; _builder_version=&#8221;4.23.4&#8243; _module_preset=&#8221;default&#8221; global_colors_info=&#8221;{}&#8221;][et_pb_text _builder_version=&#8221;4.23.4&#8243; _module_preset=&#8221;default&#8221; text_text_color=&#8221;#FFFFFF&#8221; text_line_height=&#8221;1.8em&#8221; background_color=&#8221;#303946&#8243; width=&#8221;113%&#8221; min_height=&#8221;100%&#8221; max_height=&#8221;100%&#8221; custom_margin=&#8221;0px|||0px|false|false&#8221; custom_padding=&#8221;67px|20px|33px|20px|false|true&#8221; border_radii=&#8221;on|25px|25px|25px|25px&#8221; global_colors_info=&#8221;{}&#8221;]<\/p>\n<p style=\"text-align: center;\"><strong><span style=\"color: #b5123e; font-size: 90px;\">1994\/98<\/span><\/strong><strong><span style=\"color: #b5123e; font-size: 90px;\"><\/span><\/strong><\/p>\n<p>Noch vor der Wiedervereinigung der beiden deutschen Staaten 1990 geht der Betrieb schon im Juli in den Besitz der Treuhandanstalt mit dem Ziel der Sanierung und Restrukturierung. Nach einer missgl\u00fcckten Privatisierung erfolgt schlie\u00dflich am 22.09.1994 die Neugr\u00fcndung der <b>oddesse Pumpen- und Motorenfabrik GmbH. <\/b>Somit kann das Unternehmen sich zukunftsorientiert aufstellen und den Bau einer neuen Fertigungsst\u00e4tte planen. Im Jahr 1998 erfolgt die Privatisierung im Rahmen eines Management-Buy-Out (MBO) unter den neuen Gesellschaftern Harald Schmidt, Joachim Kunkel und Dr. Karl Gerhold. Seit der Inbetriebnahme der \u201eNeuen Fabrik\u201c am 26.06.1998 und den anschlie\u00dfend erfolgten Erweiterungen und Investitionen garantiert die oddesse dem Kunden eine schnelle und flexible Fertigung mit verl\u00e4sslich hoher Qualit\u00e4t der Produkte. Im Jahr 2006 wird auch die ORPU Pumpenfabrik GmbH Oranienburg mit in die Unternehmensgruppe aufgenommen.<\/p>\n<p>[\/et_pb_text][\/et_pb_column][\/et_pb_row][et_pb_row _builder_version=&#8221;4.23.4&#8243; _module_preset=&#8221;default&#8221; width=&#8221;100%&#8221; max_width=&#8221;1600px&#8221; saved_tabs=&#8221;all&#8221; global_colors_info=&#8221;{}&#8221;][et_pb_column type=&#8221;4_4&#8243; _builder_version=&#8221;4.23.4&#8243; _module_preset=&#8221;default&#8221; global_colors_info=&#8221;{}&#8221;][et_pb_button button_url=&#8221;@ET-DC@eyJkeW5hbWljIjp0cnVlLCJjb250ZW50IjoicG9zdF9saW5rX3VybF9wYWdlIiwic2V0dGluZ3MiOnsicG9zdF9pZCI6IjI0NzAzNSJ9fQ==@&#8221; button_text=&#8221;zur\u00fcck&#8221; _builder_version=&#8221;4.23.4&#8243; _dynamic_attributes=&#8221;button_url&#8221; _module_preset=&#8221;default&#8221; custom_button=&#8221;on&#8221; button_text_color=&#8221;#ffffff&#8221; button_bg_color=&#8221;#B5123E&#8221; button_border_width=&#8221;0px&#8221; button_border_radius=&#8221;10px&#8221; button_icon=&#8221;&#x48;||divi||400&#8243; button_icon_color=&#8221;#FFFFFF&#8221; global_colors_info=&#8221;{}&#8221;][\/et_pb_button][\/et_pb_column][\/et_pb_row][\/et_pb_section][et_pb_section fb_built=&#8221;1&#8243; disabled_on=&#8221;off|on|on&#8221; _builder_version=&#8221;4.23.4&#8243; _module_preset=&#8221;default&#8221; custom_padding=&#8221;60px|||||&#8221; global_colors_info=&#8221;{}&#8221;][et_pb_row column_structure=&#8221;3_5,2_5&#8243; _builder_version=&#8221;4.23.4&#8243; _module_preset=&#8221;default&#8221; width=&#8221;100%&#8221; max_width=&#8221;1250px&#8221; min_height=&#8221;589px&#8221; custom_margin=&#8221;|auto|2px|auto||&#8221; custom_padding=&#8221;||0px|||&#8221; global_colors_info=&#8221;{}&#8221;][et_pb_column type=&#8221;3_5&#8243; _builder_version=&#8221;4.23.4&#8243; _module_preset=&#8221;default&#8221; global_colors_info=&#8221;{}&#8221;][et_pb_slider use_text_overlay=&#8221;off&#8221; _builder_version=&#8221;4.23.4&#8243; _module_preset=&#8221;default&#8221; background_image=&#8221;https:\/\/oddesse.de\/wp-content\/uploads\/2024\/03\/1899-Verladen-einer-Dampfpumpe.png&#8221; min_height=&#8221;400px&#8221; max_height=&#8221;400px&#8221; custom_margin=&#8221;0px|0px|||false|false&#8221; custom_padding=&#8221;250px||0px||false|false&#8221; auto=&#8221;on&#8221; hover_transition_duration=&#8221;30ms&#8221; hover_transition_delay=&#8221;50ms&#8221; custom_css_free_form=&#8221;.selector .et_pb_text_overlay_wrapper {||  font-size: 100px;||}&#8221; border_radii=&#8221;on|30px|30px|30px|30px&#8221; box_shadow_style=&#8221;preset2&#8243; box_shadow_spread=&#8221;4px&#8221; global_colors_info=&#8221;{}&#8221;][et_pb_slide heading=&#8221;Grundsteinlegung am 25.07.1997&#8243; use_text_overlay=&#8221;on&#8221; text_overlay_color=&#8221;rgba(181,18,62,0.33)&#8221; text_border_radius=&#8221;-102px&#8221; _builder_version=&#8221;4.23.4&#8243; _module_preset=&#8221;default&#8221; background_image=&#8221;https:\/\/oddesse.de\/wp-content\/uploads\/2024\/04\/Grundsteinlegung-Neue-Fabrik.png&#8221; background_enable_image=&#8221;on&#8221; custom_padding=&#8221;||||false|false&#8221; global_colors_info=&#8221;{}&#8221; sticky_transition=&#8221;on&#8221;][\/et_pb_slide][et_pb_slide heading=&#8221;Grundsteinlegung am 25.07.1997&#8243; use_text_overlay=&#8221;on&#8221; text_overlay_color=&#8221;rgba(181,18,62,0.33)&#8221; text_border_radius=&#8221;-102px&#8221; _builder_version=&#8221;4.23.4&#8243; _module_preset=&#8221;default&#8221; background_image=&#8221;https:\/\/oddesse.de\/wp-content\/uploads\/2024\/04\/Grundsteinlegung-Neue-Fabrik-2.jpg&#8221; background_enable_image=&#8221;on&#8221; custom_padding=&#8221;||||false|false&#8221; global_colors_info=&#8221;{}&#8221; sticky_transition=&#8221;on&#8221;][\/et_pb_slide][et_pb_slide heading=&#8221;Firmenansicht 1998&#8243; use_text_overlay=&#8221;on&#8221; text_overlay_color=&#8221;rgba(181,18,62,0.33)&#8221; text_border_radius=&#8221;3px&#8221; _builder_version=&#8221;4.23.4&#8243; _module_preset=&#8221;default&#8221; header_line_height=&#8221;-0.6em&#8221; background_image=&#8221;https:\/\/oddesse.de\/wp-content\/uploads\/2024\/04\/Firmengelaende-1998.png&#8221; background_enable_image=&#8221;on&#8221; width=&#8221;100%&#8221; custom_padding=&#8221;||||false|false&#8221; global_colors_info=&#8221;{}&#8221; sticky_transition=&#8221;on&#8221;][\/et_pb_slide][et_pb_slide heading=&#8221;Motorenbau %22Neue Fabrik%22 1999&#8243; use_text_overlay=&#8221;on&#8221; text_overlay_color=&#8221;rgba(181,18,62,0.33)&#8221; text_border_radius=&#8221;3px&#8221; _builder_version=&#8221;4.23.4&#8243; _module_preset=&#8221;default&#8221; header_line_height=&#8221;-0.6em&#8221; background_image=&#8221;https:\/\/oddesse.de\/wp-content\/uploads\/2024\/04\/Motorenbau-1998.png&#8221; background_enable_image=&#8221;on&#8221; width=&#8221;100%&#8221; custom_padding=&#8221;||||false|false&#8221; global_colors_info=&#8221;{}&#8221; sticky_transition=&#8221;on&#8221;][\/et_pb_slide][et_pb_slide heading=&#8221;Konstruktionsb\u00fcro 1999&#8243; use_text_overlay=&#8221;on&#8221; text_overlay_color=&#8221;rgba(181,18,62,0.33)&#8221; text_border_radius=&#8221;3px&#8221; _builder_version=&#8221;4.23.4&#8243; _module_preset=&#8221;default&#8221; header_line_height=&#8221;-0.6em&#8221; background_image=&#8221;https:\/\/oddesse.de\/wp-content\/uploads\/2024\/04\/Konstruktion-1998.png&#8221; background_enable_image=&#8221;on&#8221; width=&#8221;100%&#8221; custom_padding=&#8221;||||false|false&#8221; global_colors_info=&#8221;{}&#8221; sticky_transition=&#8221;on&#8221;][\/et_pb_slide][et_pb_slide heading=&#8221;Pumpenbau 2001&#8243; use_text_overlay=&#8221;on&#8221; text_overlay_color=&#8221;rgba(181,18,62,0.33)&#8221; text_border_radius=&#8221;3px&#8221; _builder_version=&#8221;4.23.4&#8243; _module_preset=&#8221;default&#8221; header_line_height=&#8221;-0.6em&#8221; background_image=&#8221;https:\/\/oddesse.de\/wp-content\/uploads\/2024\/04\/Pumpenbau-1998.png&#8221; background_enable_image=&#8221;on&#8221; width=&#8221;100%&#8221; custom_padding=&#8221;||||false|false&#8221; global_colors_info=&#8221;{}&#8221; sticky_transition=&#8221;on&#8221;][\/et_pb_slide][et_pb_slide heading=&#8221;Pr\u00fcffeld 2013&#8243; use_text_overlay=&#8221;on&#8221; text_overlay_color=&#8221;rgba(181,18,62,0.33)&#8221; text_border_radius=&#8221;3px&#8221; _builder_version=&#8221;4.23.4&#8243; _module_preset=&#8221;default&#8221; header_line_height=&#8221;-0.6em&#8221; background_image=&#8221;https:\/\/oddesse.de\/wp-content\/uploads\/2024\/04\/Prueffeld-2013.png&#8221; background_enable_image=&#8221;on&#8221; width=&#8221;100%&#8221; custom_padding=&#8221;||||false|false&#8221; global_colors_info=&#8221;{}&#8221; sticky_transition=&#8221;on&#8221;][\/et_pb_slide][\/et_pb_slider][\/et_pb_column][et_pb_column type=&#8221;2_5&#8243; _builder_version=&#8221;4.23.4&#8243; _module_preset=&#8221;default&#8221; global_colors_info=&#8221;{}&#8221;][et_pb_text _builder_version=&#8221;4.23.4&#8243; _module_preset=&#8221;default&#8221; text_text_color=&#8221;#FFFFFF&#8221; text_line_height=&#8221;1.8em&#8221; background_color=&#8221;#303946&#8243; width=&#8221;113%&#8221; min_height=&#8221;100%&#8221; max_height=&#8221;100%&#8221; custom_margin=&#8221;0px|||0px|false|false&#8221; custom_padding=&#8221;67px|20px|33px|20px|false|true&#8221; border_radii=&#8221;on|25px|25px|25px|25px&#8221; global_colors_info=&#8221;{}&#8221;]<\/p>\n<p style=\"text-align: center;\"><strong><span style=\"color: #b5123e; font-size: 90px;\">1998<\/span><\/strong><strong><span style=\"color: #b5123e; font-size: 90px;\"><\/span><\/strong><\/p>\n<p>Noch vor der Wiedervereinigung der beiden deutschen Staaten 1990 geht der Betrieb schon im Juli in den Besitz der Treuhandanstalt mit dem Ziel der Sanierung und Restrukturierung. Nach einer missgl\u00fcckten Privatisierung erfolgt schlie\u00dflich am 22.09.1994 die Neugr\u00fcndung der <b>oddesse Pumpen- und Motorenfabrik GmbH. <\/b>Somit kann das Unternehmen sich zukunftsorientiert aufstellen und den Bau einer neuen Fertigungsst\u00e4tte planen. Im Jahr 1998 erfolgt die Privatisierung im Rahmen eines Management-Buy-Out (MBO) unter den neuen Gesellschaftern Harald Schmidt, Joachim Kunkel und Dr. Karl Gerhold. Seit der Inbetriebnahme der \u201eNeuen Fabrik\u201c am 26.06.1998 und den anschlie\u00dfend erfolgten Erweiterungen und Investitionen garantiert die oddesse dem Kunden eine schnelle und flexible Fertigung mit verl\u00e4sslich hoher Qualit\u00e4t der Produkte. Im Jahr 2006 wird auch die ORPU Pumpenfabrik GmbH Oranienburg mit in die Unternehmensgruppe aufgenommen.<\/p>\n<p>[\/et_pb_text][\/et_pb_column][\/et_pb_row][et_pb_row _builder_version=&#8221;4.23.4&#8243; _module_preset=&#8221;default&#8221;][et_pb_column _builder_version=&#8221;4.23.4&#8243; _module_preset=&#8221;default&#8221; type=&#8221;4_4&#8243;][et_pb_button button_text=&#8221;weiter&#8221; _builder_version=&#8221;4.23.4&#8243; _module_preset=&#8221;default&#8221; button_url=&#8221;@ET-DC@eyJkeW5hbWljIjp0cnVlLCJjb250ZW50IjoicG9zdF9saW5rX3VybF9wYWdlIiwic2V0dGluZ3MiOnsicG9zdF9pZCI6IjI0NzkxOCJ9fQ==@&#8221; _dynamic_attributes=&#8221;button_url&#8221; hover_enabled=&#8221;0&#8243; sticky_enabled=&#8221;0&#8243;][\/et_pb_button][\/et_pb_column][\/et_pb_row][\/et_pb_section]<\/p>\n","protected":false},"excerpt":{"rendered":"<p>1994\/98 Noch vor der Wiedervereinigung der beiden deutschen Staaten 1990 geht der Betrieb schon im Juli in den Besitz der Treuhandanstalt mit dem Ziel der Sanierung und Restrukturierung. Nach einer missgl\u00fcckten Privatisierung erfolgt schlie\u00dflich am 22.09.1994 die Neugr\u00fcndung der oddesse Pumpen- und Motorenfabrik GmbH. Somit kann das Unternehmen sich zukunftsorientiert aufstellen und den Bau einer [&hellip;]<\/p>\n","protected":false},"author":1,"featured_media":0,"parent":247036,"menu_order":0,"comment_status":"closed","ping_status":"closed","template":"","meta":{"_et_pb_use_builder":"on","_et_pb_old_content":"","_et_gb_content_width":"","footnotes":""},"class_list":["post-247874","page","type-page","status-publish","hentry"],"_links":{"self":[{"href":"https:\/\/oddesse.de\/en\/wp-json\/wp\/v2\/pages\/247874","targetHints":{"allow":["GET"]}}],"collection":[{"href":"https:\/\/oddesse.de\/en\/wp-json\/wp\/v2\/pages"}],"about":[{"href":"https:\/\/oddesse.de\/en\/wp-json\/wp\/v2\/types\/page"}],"author":[{"embeddable":true,"href":"https:\/\/oddesse.de\/en\/wp-json\/wp\/v2\/users\/1"}],"replies":[{"embeddable":true,"href":"https:\/\/oddesse.de\/en\/wp-json\/wp\/v2\/comments?post=247874"}],"version-history":[{"count":18,"href":"https:\/\/oddesse.de\/en\/wp-json\/wp\/v2\/pages\/247874\/revisions"}],"predecessor-version":[{"id":248535,"href":"https:\/\/oddesse.de\/en\/wp-json\/wp\/v2\/pages\/247874\/revisions\/248535"}],"up":[{"embeddable":true,"href":"https:\/\/oddesse.de\/en\/wp-json\/wp\/v2\/pages\/247036"}],"wp:attachment":[{"href":"https:\/\/oddesse.de\/en\/wp-json\/wp\/v2\/media?parent=247874"}],"curies":[{"name":"wp","href":"https:\/\/api.w.org\/{rel}","templated":true}]}}