{"id":247733,"date":"2024-04-03T13:14:09","date_gmt":"2024-04-03T13:14:09","guid":{"rendered":"https:\/\/oddesse.de\/?page_id=247733"},"modified":"2024-05-08T05:42:47","modified_gmt":"2024-05-08T05:42:47","slug":"170-jahre-1975","status":"publish","type":"page","link":"https:\/\/oddesse.de\/en\/170-years-oddesse\/170-jahre-1975\/","title":{"rendered":"170 Jahre 1975"},"content":{"rendered":"<p>[et_pb_section fb_built=&#8221;1&#8243; disabled_on=&#8221;on|off|off&#8221; _builder_version=&#8221;4.23.4&#8243; _module_preset=&#8221;default&#8221; custom_padding=&#8221;60px|||||&#8221; global_colors_info=&#8221;{}&#8221;][et_pb_row column_structure=&#8221;3_5,2_5&#8243; _builder_version=&#8221;4.23.4&#8243; _module_preset=&#8221;default&#8221; width=&#8221;100%&#8221; max_width=&#8221;1250px&#8221; min_height=&#8221;589px&#8221; custom_margin=&#8221;|auto|2px|auto||&#8221; custom_padding=&#8221;||0px|||&#8221; global_colors_info=&#8221;{}&#8221;][et_pb_column type=&#8221;3_5&#8243; _builder_version=&#8221;4.23.4&#8243; _module_preset=&#8221;default&#8221; global_colors_info=&#8221;{}&#8221;][et_pb_slider use_text_overlay=&#8221;off&#8221; _builder_version=&#8221;4.23.4&#8243; _module_preset=&#8221;default&#8221; background_image=&#8221;https:\/\/oddesse.de\/wp-content\/uploads\/2024\/03\/1899-Verladen-einer-Dampfpumpe.png&#8221; min_height=&#8221;760px&#8221; max_height=&#8221;760px&#8221; custom_margin=&#8221;0px|0px|||false|false&#8221; custom_padding=&#8221;552px||0px||false|false&#8221; auto=&#8221;on&#8221; hover_transition_duration=&#8221;30ms&#8221; hover_transition_delay=&#8221;50ms&#8221; custom_css_free_form=&#8221;.selector .et_pb_text_overlay_wrapper {||  font-size: 100px;||}&#8221; border_radii=&#8221;on|30px|30px|30px|30px&#8221; box_shadow_style=&#8221;preset2&#8243; box_shadow_spread=&#8221;4px&#8221; global_colors_info=&#8221;{}&#8221;][et_pb_slide heading=&#8221;S\u00f6ffelpr\u00fcfstand 1979&#8243; use_text_overlay=&#8221;on&#8221; text_overlay_color=&#8221;rgba(181,18,62,0.33)&#8221; text_border_radius=&#8221;-102px&#8221; _builder_version=&#8221;4.23.4&#8243; _module_preset=&#8221;default&#8221; background_image=&#8221;https:\/\/oddesse.de\/wp-content\/uploads\/2024\/04\/Soeffel-Prueffeld.png&#8221; background_enable_image=&#8221;on&#8221; custom_padding=&#8221;||||false|false&#8221; global_colors_info=&#8221;{}&#8221; sticky_transition=&#8221;on&#8221;][\/et_pb_slide][et_pb_slide heading=&#8221;Kantine VEB Pumpenfabrik 1980&#8243; use_text_overlay=&#8221;on&#8221; text_overlay_color=&#8221;rgba(181,18,62,0.33)&#8221; text_border_radius=&#8221;3px&#8221; _builder_version=&#8221;4.23.4&#8243; _module_preset=&#8221;default&#8221; header_line_height=&#8221;-0.6em&#8221; background_image=&#8221;https:\/\/oddesse.de\/wp-content\/uploads\/2024\/04\/Werkskantine-VEB.png&#8221; background_enable_image=&#8221;on&#8221; width=&#8221;100%&#8221; custom_padding=&#8221;||||false|false&#8221; global_colors_info=&#8221;{}&#8221; sticky_transition=&#8221;on&#8221;][\/et_pb_slide][et_pb_slide heading=&#8221;Auftritt auf der Leipziger Messe 1983&#8243; use_text_overlay=&#8221;on&#8221; text_overlay_color=&#8221;rgba(181,18,62,0.33)&#8221; text_border_radius=&#8221;3px&#8221; _builder_version=&#8221;4.23.4&#8243; _module_preset=&#8221;default&#8221; header_line_height=&#8221;-0.6em&#8221; background_image=&#8221;https:\/\/oddesse.de\/wp-content\/uploads\/2024\/04\/Messe-Leipzig-VEB.png&#8221; background_enable_image=&#8221;on&#8221; width=&#8221;100%&#8221; custom_padding=&#8221;||||false|false&#8221; global_colors_info=&#8221;{}&#8221; sticky_transition=&#8221;on&#8221;][\/et_pb_slide][et_pb_slide heading=&#8221;S\u00f6ffel-Montagelinie 1984&#8243; use_text_overlay=&#8221;on&#8221; text_overlay_color=&#8221;rgba(181,18,62,0.33)&#8221; text_border_radius=&#8221;3px&#8221; _builder_version=&#8221;4.23.4&#8243; _module_preset=&#8221;default&#8221; header_line_height=&#8221;-0.6em&#8221; background_image=&#8221;https:\/\/oddesse.de\/wp-content\/uploads\/2024\/04\/Produktion-VEB.png&#8221; background_enable_image=&#8221;on&#8221; width=&#8221;100%&#8221; custom_padding=&#8221;||||false|false&#8221; global_colors_info=&#8221;{}&#8221; sticky_transition=&#8221;on&#8221;][\/et_pb_slide][et_pb_slide heading=&#8221;Luftbild VEB Pumpenfabrik 1978&#8243; use_text_overlay=&#8221;on&#8221; text_overlay_color=&#8221;rgba(181,18,62,0.33)&#8221; text_border_radius=&#8221;3px&#8221; _builder_version=&#8221;4.23.4&#8243; _module_preset=&#8221;default&#8221; header_line_height=&#8221;-0.6em&#8221; background_image=&#8221;https:\/\/oddesse.de\/wp-content\/uploads\/2024\/03\/VEB-Pumpenfabrik-Oschersleben-1975.png&#8221; background_enable_image=&#8221;on&#8221; width=&#8221;100%&#8221; custom_padding=&#8221;||||false|false&#8221; global_colors_info=&#8221;{}&#8221; sticky_transition=&#8221;on&#8221;][\/et_pb_slide][et_pb_slide heading=&#8221;Teilefertigung VEB Pumpenfabrik 1987&#8243; use_text_overlay=&#8221;on&#8221; text_overlay_color=&#8221;rgba(181,18,62,0.33)&#8221; text_border_radius=&#8221;3px&#8221; _builder_version=&#8221;4.23.4&#8243; _module_preset=&#8221;default&#8221; header_line_height=&#8221;-0.6em&#8221; background_image=&#8221;https:\/\/oddesse.de\/wp-content\/uploads\/2024\/04\/Fertigung-VEB.png&#8221; background_enable_image=&#8221;on&#8221; width=&#8221;100%&#8221; custom_padding=&#8221;||||false|false&#8221; global_colors_info=&#8221;{}&#8221; sticky_transition=&#8221;on&#8221;][\/et_pb_slide][et_pb_slide heading=&#8221;Heizungsumw\u00e4lzpumpen 1982&#8243; use_text_overlay=&#8221;on&#8221; text_overlay_color=&#8221;rgba(181,18,62,0.33)&#8221; text_border_radius=&#8221;3px&#8221; _builder_version=&#8221;4.23.4&#8243; _module_preset=&#8221;default&#8221; header_line_height=&#8221;-0.6em&#8221; background_image=&#8221;https:\/\/oddesse.de\/wp-content\/uploads\/2024\/04\/Heizungsumwaelzpumpen.png&#8221; background_enable_image=&#8221;on&#8221; background_position=&#8221;center_right&#8221; width=&#8221;100%&#8221; custom_padding=&#8221;||||false|false&#8221; global_colors_info=&#8221;{}&#8221; sticky_transition=&#8221;on&#8221;][\/et_pb_slide][\/et_pb_slider][\/et_pb_column][et_pb_column type=&#8221;2_5&#8243; _builder_version=&#8221;4.23.4&#8243; _module_preset=&#8221;default&#8221; global_colors_info=&#8221;{}&#8221;][et_pb_text _builder_version=&#8221;4.23.4&#8243; _module_preset=&#8221;default&#8221; text_text_color=&#8221;#FFFFFF&#8221; text_line_height=&#8221;1.8em&#8221; background_color=&#8221;#303946&#8243; width=&#8221;100%&#8221; min_height=&#8221;111%&#8221; max_height=&#8221;110%&#8221; custom_margin=&#8221;0px|||0px|false|false&#8221; custom_padding=&#8221;40px|20px|26px|20px|false|true&#8221; border_radii=&#8221;on|25px|25px|25px|25px&#8221; global_colors_info=&#8221;{}&#8221;]<\/p>\n<p style=\"text-align: center;\"><strong><span style=\"color: #b5123e; font-size: 90px;\">1975<\/span><\/strong><strong><span style=\"color: #b5123e; font-size: 90px;\"><\/span><\/strong><\/p>\n<p>Mit der Inbetriebnahme des Neubau 1975 in der Anderslebener Stra\u00dfe ist der VEB Pumpenfabrik Oschersleben nach dem Hauptsitz in Halle der wichtigste Pumpenbaustandort des \u201eKombinat Pumpen und Verdichter\u201c, und Hersteller der Heizungsumw\u00e4lzpumpen \u201eUsp\u201c f\u00fcr das Wohnungsbauprogramm der DDR.<\/p>\n<p>Neben den Investitionen in modernste Fertigungs- und EDV-Technologien sowie Entwicklung weltmarktf\u00e4hige Produkte, z.B. einer Geothermalpumpe, stieg die Anzahl der Werkt\u00e4tigen schlie\u00dflich auf bis zu 1.415 Kolleginnen und Kollegen sowie 200 Lehrlinge.<\/p>\n<p>Zus\u00e4tzlich erfolgten auch Ma\u00dfnahmen zur Verbesserung der Infrastruktur in der Stadt, wie dem Neubau-Wohnkomplex \u201eWasserrenne\u201c, dem Bau der Volksschwimmhalle und Kinderkrippen und Kinderg\u00e4rten.<\/p>\n<p>[\/et_pb_text][\/et_pb_column][\/et_pb_row][et_pb_row _builder_version=&#8221;4.23.4&#8243; _module_preset=&#8221;default&#8221; width=&#8221;100%&#8221; max_width=&#8221;1600px&#8221; saved_tabs=&#8221;all&#8221; global_colors_info=&#8221;{}&#8221;][et_pb_column type=&#8221;4_4&#8243; _builder_version=&#8221;4.23.4&#8243; _module_preset=&#8221;default&#8221; global_colors_info=&#8221;{}&#8221;][et_pb_button button_url=&#8221;@ET-DC@eyJkeW5hbWljIjp0cnVlLCJjb250ZW50IjoicG9zdF9saW5rX3VybF9wYWdlIiwic2V0dGluZ3MiOnsicG9zdF9pZCI6IjI0NzAzNSJ9fQ==@&#8221; button_text=&#8221;zur\u00fcck&#8221; _builder_version=&#8221;4.23.4&#8243; _dynamic_attributes=&#8221;button_url&#8221; _module_preset=&#8221;default&#8221; custom_button=&#8221;on&#8221; button_text_color=&#8221;#ffffff&#8221; button_bg_color=&#8221;#B5123E&#8221; button_border_width=&#8221;0px&#8221; button_border_radius=&#8221;10px&#8221; button_icon=&#8221;&#x48;||divi||400&#8243; button_icon_color=&#8221;#FFFFFF&#8221; global_colors_info=&#8221;{}&#8221;][\/et_pb_button][\/et_pb_column][\/et_pb_row][\/et_pb_section][et_pb_section fb_built=&#8221;1&#8243; disabled_on=&#8221;off|on|on&#8221; _builder_version=&#8221;4.23.4&#8243; _module_preset=&#8221;default&#8221; custom_padding=&#8221;60px|||||&#8221; global_colors_info=&#8221;{}&#8221;][et_pb_row column_structure=&#8221;3_5,2_5&#8243; _builder_version=&#8221;4.23.4&#8243; _module_preset=&#8221;default&#8221; width=&#8221;100%&#8221; max_width=&#8221;1250px&#8221; min_height=&#8221;589px&#8221; custom_margin=&#8221;|auto|2px|auto||&#8221; custom_padding=&#8221;||0px|||&#8221; global_colors_info=&#8221;{}&#8221;][et_pb_column type=&#8221;3_5&#8243; _builder_version=&#8221;4.23.4&#8243; _module_preset=&#8221;default&#8221; global_colors_info=&#8221;{}&#8221;][et_pb_slider use_text_overlay=&#8221;off&#8221; _builder_version=&#8221;4.23.4&#8243; _module_preset=&#8221;default&#8221; background_image=&#8221;https:\/\/oddesse.de\/wp-content\/uploads\/2024\/03\/1899-Verladen-einer-Dampfpumpe.png&#8221; min_height=&#8221;400px&#8221; max_height=&#8221;400px&#8221; custom_margin=&#8221;0px|0px|||false|false&#8221; custom_padding=&#8221;250px||0px||false|false&#8221; auto=&#8221;on&#8221; hover_transition_duration=&#8221;30ms&#8221; hover_transition_delay=&#8221;50ms&#8221; custom_css_free_form=&#8221;.selector .et_pb_text_overlay_wrapper {||  font-size: 100px;||}&#8221; border_radii=&#8221;on|30px|30px|30px|30px&#8221; box_shadow_style=&#8221;preset2&#8243; box_shadow_spread=&#8221;4px&#8221; global_colors_info=&#8221;{}&#8221;][et_pb_slide heading=&#8221;S\u00f6ffelpr\u00fcfstand 1979&#8243; use_text_overlay=&#8221;on&#8221; text_overlay_color=&#8221;rgba(181,18,62,0.33)&#8221; text_border_radius=&#8221;-102px&#8221; _builder_version=&#8221;4.23.4&#8243; _module_preset=&#8221;default&#8221; background_image=&#8221;https:\/\/oddesse.de\/wp-content\/uploads\/2024\/04\/Soeffel-Prueffeld.png&#8221; background_enable_image=&#8221;on&#8221; custom_padding=&#8221;||||false|false&#8221; global_colors_info=&#8221;{}&#8221; sticky_transition=&#8221;on&#8221;][\/et_pb_slide][et_pb_slide heading=&#8221;Kantine VEB Pumpenfabrik 1980&#8243; use_text_overlay=&#8221;on&#8221; text_overlay_color=&#8221;rgba(181,18,62,0.33)&#8221; text_border_radius=&#8221;3px&#8221; _builder_version=&#8221;4.23.4&#8243; _module_preset=&#8221;default&#8221; header_line_height=&#8221;-0.6em&#8221; background_image=&#8221;https:\/\/oddesse.de\/wp-content\/uploads\/2024\/04\/Werkskantine-VEB.png&#8221; background_enable_image=&#8221;on&#8221; width=&#8221;100%&#8221; custom_padding=&#8221;||||false|false&#8221; global_colors_info=&#8221;{}&#8221; sticky_transition=&#8221;on&#8221;][\/et_pb_slide][et_pb_slide heading=&#8221;Auftritt auf der Leipziger Messe 1983&#8243; use_text_overlay=&#8221;on&#8221; text_overlay_color=&#8221;rgba(181,18,62,0.33)&#8221; text_border_radius=&#8221;3px&#8221; _builder_version=&#8221;4.23.4&#8243; _module_preset=&#8221;default&#8221; header_line_height=&#8221;-0.6em&#8221; background_image=&#8221;https:\/\/oddesse.de\/wp-content\/uploads\/2024\/04\/Messe-Leipzig-VEB.png&#8221; background_enable_image=&#8221;on&#8221; width=&#8221;100%&#8221; custom_padding=&#8221;||||false|false&#8221; global_colors_info=&#8221;{}&#8221; sticky_transition=&#8221;on&#8221;][\/et_pb_slide][et_pb_slide heading=&#8221;S\u00f6ffel-Montagelinie 1984&#8243; use_text_overlay=&#8221;on&#8221; text_overlay_color=&#8221;rgba(181,18,62,0.33)&#8221; text_border_radius=&#8221;3px&#8221; _builder_version=&#8221;4.23.4&#8243; _module_preset=&#8221;default&#8221; header_line_height=&#8221;-0.6em&#8221; background_image=&#8221;https:\/\/oddesse.de\/wp-content\/uploads\/2024\/04\/Produktion-VEB.png&#8221; background_enable_image=&#8221;on&#8221; width=&#8221;100%&#8221; custom_padding=&#8221;||||false|false&#8221; global_colors_info=&#8221;{}&#8221; sticky_transition=&#8221;on&#8221;][\/et_pb_slide][et_pb_slide heading=&#8221;Luftbild VEB Pumpenfabrik 1978&#8243; use_text_overlay=&#8221;on&#8221; text_overlay_color=&#8221;rgba(181,18,62,0.33)&#8221; text_border_radius=&#8221;3px&#8221; _builder_version=&#8221;4.23.4&#8243; _module_preset=&#8221;default&#8221; header_line_height=&#8221;-0.6em&#8221; background_image=&#8221;https:\/\/oddesse.de\/wp-content\/uploads\/2024\/03\/VEB-Pumpenfabrik-Oschersleben-1975.png&#8221; background_enable_image=&#8221;on&#8221; width=&#8221;100%&#8221; custom_padding=&#8221;||||false|false&#8221; global_colors_info=&#8221;{}&#8221; sticky_transition=&#8221;on&#8221;][\/et_pb_slide][et_pb_slide heading=&#8221;Teilefertigung VEB Pumpenfabrik 1987&#8243; use_text_overlay=&#8221;on&#8221; text_overlay_color=&#8221;rgba(181,18,62,0.33)&#8221; text_border_radius=&#8221;3px&#8221; _builder_version=&#8221;4.23.4&#8243; _module_preset=&#8221;default&#8221; header_line_height=&#8221;-0.6em&#8221; background_image=&#8221;https:\/\/oddesse.de\/wp-content\/uploads\/2024\/04\/Fertigung-VEB.png&#8221; background_enable_image=&#8221;on&#8221; width=&#8221;100%&#8221; custom_padding=&#8221;||||false|false&#8221; global_colors_info=&#8221;{}&#8221; sticky_transition=&#8221;on&#8221;][\/et_pb_slide][et_pb_slide heading=&#8221;Heizungsumw\u00e4lzpumpen 1982&#8243; use_text_overlay=&#8221;on&#8221; text_overlay_color=&#8221;rgba(181,18,62,0.33)&#8221; text_border_radius=&#8221;3px&#8221; _builder_version=&#8221;4.23.4&#8243; _module_preset=&#8221;default&#8221; header_line_height=&#8221;-0.6em&#8221; background_image=&#8221;https:\/\/oddesse.de\/wp-content\/uploads\/2024\/04\/Heizungsumwaelzpumpen.png&#8221; background_enable_image=&#8221;on&#8221; background_position=&#8221;center_right&#8221; width=&#8221;100%&#8221; custom_padding=&#8221;||||false|false&#8221; global_colors_info=&#8221;{}&#8221; sticky_transition=&#8221;on&#8221;][\/et_pb_slide][\/et_pb_slider][\/et_pb_column][et_pb_column type=&#8221;2_5&#8243; _builder_version=&#8221;4.23.4&#8243; _module_preset=&#8221;default&#8221; global_colors_info=&#8221;{}&#8221;][et_pb_text _builder_version=&#8221;4.23.4&#8243; _module_preset=&#8221;default&#8221; text_text_color=&#8221;#FFFFFF&#8221; text_line_height=&#8221;1.8em&#8221; background_color=&#8221;#303946&#8243; width=&#8221;100%&#8221; min_height=&#8221;111%&#8221; max_height=&#8221;110%&#8221; custom_margin=&#8221;0px|||0px|false|false&#8221; custom_padding=&#8221;40px|20px|26px|20px|false|true&#8221; border_radii=&#8221;on|25px|25px|25px|25px&#8221; global_colors_info=&#8221;{}&#8221;]<\/p>\n<p style=\"text-align: center;\"><strong><span style=\"color: #b5123e; font-size: 90px;\">1975<\/span><\/strong><strong><span style=\"color: #b5123e; font-size: 90px;\"><\/span><\/strong><\/p>\n<p>Mit der Inbetriebnahme des Neubau 1975 in der Anderslebener Stra\u00dfe ist der VEB Pumpenfabrik Oschersleben nach dem Hauptsitz in Halle der wichtigste Pumpenbaustandort des \u201eKombinat Pumpen und Verdichter\u201c, und Hersteller der Heizungsumw\u00e4lzpumpen \u201eUsp\u201c f\u00fcr das Wohnungsbauprogramm der DDR.<\/p>\n<p>Neben den Investitionen in modernste Fertigungs- und EDV-Technologien sowie Entwicklung weltmarktf\u00e4hige Produkte, z.B. einer Geothermalpumpe, stieg die Anzahl der Werkt\u00e4tigen schlie\u00dflich auf bis zu 1.415 Kolleginnen und Kollegen sowie 200 Lehrlinge.<\/p>\n<p>Zus\u00e4tzlich erfolgten auch Ma\u00dfnahmen zur Verbesserung der Infrastruktur in der Stadt, wie dem Neubau-Wohnkomplex \u201eWasserrenne\u201c, dem Bau der Volksschwimmhalle und Kinderkrippen und Kinderg\u00e4rten.<\/p>\n<p>[\/et_pb_text][\/et_pb_column][\/et_pb_row][et_pb_row _builder_version=&#8221;4.23.4&#8243; _module_preset=&#8221;default&#8221;][et_pb_column _builder_version=&#8221;4.23.4&#8243; _module_preset=&#8221;default&#8221; type=&#8221;4_4&#8243;][et_pb_button button_text=&#8221;weiter&#8221; _builder_version=&#8221;4.23.4&#8243; _module_preset=&#8221;default&#8221; button_url=&#8221;@ET-DC@eyJkeW5hbWljIjp0cnVlLCJjb250ZW50IjoicG9zdF9saW5rX3VybF9wYWdlIiwic2V0dGluZ3MiOnsicG9zdF9pZCI6IjI0Nzg3MyJ9fQ==@&#8221; _dynamic_attributes=&#8221;button_url&#8221; hover_enabled=&#8221;0&#8243; sticky_enabled=&#8221;0&#8243;][\/et_pb_button][\/et_pb_column][\/et_pb_row][\/et_pb_section]<\/p>\n","protected":false},"excerpt":{"rendered":"<p>1975 Mit der Inbetriebnahme des Neubau 1975 in der Anderslebener Stra\u00dfe ist der VEB Pumpenfabrik Oschersleben nach dem Hauptsitz in Halle der wichtigste Pumpenbaustandort des \u201eKombinat Pumpen und Verdichter\u201c, und Hersteller der Heizungsumw\u00e4lzpumpen \u201eUsp\u201c f\u00fcr das Wohnungsbauprogramm der DDR. Neben den Investitionen in modernste Fertigungs- und EDV-Technologien sowie Entwicklung weltmarktf\u00e4hige Produkte, z.B. einer Geothermalpumpe, stieg [&hellip;]<\/p>\n","protected":false},"author":1,"featured_media":0,"parent":247036,"menu_order":0,"comment_status":"closed","ping_status":"closed","template":"","meta":{"_et_pb_use_builder":"on","_et_pb_old_content":"","_et_gb_content_width":"","footnotes":""},"class_list":["post-247733","page","type-page","status-publish","hentry"],"_links":{"self":[{"href":"https:\/\/oddesse.de\/en\/wp-json\/wp\/v2\/pages\/247733","targetHints":{"allow":["GET"]}}],"collection":[{"href":"https:\/\/oddesse.de\/en\/wp-json\/wp\/v2\/pages"}],"about":[{"href":"https:\/\/oddesse.de\/en\/wp-json\/wp\/v2\/types\/page"}],"author":[{"embeddable":true,"href":"https:\/\/oddesse.de\/en\/wp-json\/wp\/v2\/users\/1"}],"replies":[{"embeddable":true,"href":"https:\/\/oddesse.de\/en\/wp-json\/wp\/v2\/comments?post=247733"}],"version-history":[{"count":10,"href":"https:\/\/oddesse.de\/en\/wp-json\/wp\/v2\/pages\/247733\/revisions"}],"predecessor-version":[{"id":248531,"href":"https:\/\/oddesse.de\/en\/wp-json\/wp\/v2\/pages\/247733\/revisions\/248531"}],"up":[{"embeddable":true,"href":"https:\/\/oddesse.de\/en\/wp-json\/wp\/v2\/pages\/247036"}],"wp:attachment":[{"href":"https:\/\/oddesse.de\/en\/wp-json\/wp\/v2\/media?parent=247733"}],"curies":[{"name":"wp","href":"https:\/\/api.w.org\/{rel}","templated":true}]}}