{"id":247714,"date":"2024-04-03T13:14:09","date_gmt":"2024-04-03T13:14:09","guid":{"rendered":"https:\/\/oddesse.de\/?page_id=247714"},"modified":"2024-05-08T05:41:35","modified_gmt":"2024-05-08T05:41:35","slug":"170-jahre-1960","status":"publish","type":"page","link":"https:\/\/oddesse.de\/en\/170-years-oddesse\/170-jahre-1960\/","title":{"rendered":"170 Jahre 1960"},"content":{"rendered":"<p>[et_pb_section fb_built=&#8221;1&#8243; disabled_on=&#8221;on|off|off&#8221; _builder_version=&#8221;4.23.4&#8243; _module_preset=&#8221;default&#8221; custom_padding=&#8221;60px|||||&#8221; global_colors_info=&#8221;{}&#8221;][et_pb_row column_structure=&#8221;3_5,2_5&#8243; _builder_version=&#8221;4.23.4&#8243; _module_preset=&#8221;default&#8221; width=&#8221;100%&#8221; max_width=&#8221;1250px&#8221; min_height=&#8221;589px&#8221; custom_margin=&#8221;|auto|2px|auto||&#8221; custom_padding=&#8221;||0px|||&#8221; global_colors_info=&#8221;{}&#8221;][et_pb_column type=&#8221;3_5&#8243; _builder_version=&#8221;4.23.4&#8243; _module_preset=&#8221;default&#8221; global_colors_info=&#8221;{}&#8221;][et_pb_slider use_text_overlay=&#8221;off&#8221; _builder_version=&#8221;4.23.4&#8243; _module_preset=&#8221;default&#8221; background_image=&#8221;https:\/\/oddesse.de\/wp-content\/uploads\/2024\/03\/1899-Verladen-einer-Dampfpumpe.png&#8221; min_height=&#8221;760px&#8221; max_height=&#8221;760px&#8221; custom_margin=&#8221;0px|0px|||false|false&#8221; custom_padding=&#8221;552px||0px||false|false&#8221; auto=&#8221;on&#8221; hover_transition_duration=&#8221;30ms&#8221; hover_transition_delay=&#8221;50ms&#8221; custom_css_free_form=&#8221;.selector .et_pb_text_overlay_wrapper {||  font-size: 100px;||}&#8221; border_radii=&#8221;on|30px|30px|30px|30px&#8221; box_shadow_style=&#8221;preset2&#8243; box_shadow_spread=&#8221;4px&#8221; global_colors_info=&#8221;{}&#8221;][et_pb_slide heading=&#8221;Werbeanzeige S\u00f6ffel von 1953&#8243; use_text_overlay=&#8221;on&#8221; text_overlay_color=&#8221;rgba(181,18,62,0.33)&#8221; text_border_radius=&#8221;-102px&#8221; _builder_version=&#8221;4.23.4&#8243; _module_preset=&#8221;default&#8221; background_image=&#8221;https:\/\/oddesse.de\/wp-content\/uploads\/2024\/04\/Soeffel-Werbeanzeige.png&#8221; background_enable_image=&#8221;on&#8221; custom_padding=&#8221;||||false|false&#8221; global_colors_info=&#8221;{}&#8221; sticky_transition=&#8221;on&#8221;][\/et_pb_slide][et_pb_slide heading=&#8221;Statorenwickelei 1965&#8243; use_text_overlay=&#8221;on&#8221; text_overlay_color=&#8221;rgba(181,18,62,0.33)&#8221; text_border_radius=&#8221;3px&#8221; _builder_version=&#8221;4.23.4&#8243; _module_preset=&#8221;default&#8221; header_line_height=&#8221;-0.6em&#8221; background_image=&#8221;https:\/\/oddesse.de\/wp-content\/uploads\/2024\/04\/Handwickelei-1965.png&#8221; background_enable_image=&#8221;on&#8221; width=&#8221;100%&#8221; custom_padding=&#8221;||||false|false&#8221; global_colors_info=&#8221;{}&#8221; sticky_transition=&#8221;on&#8221;][\/et_pb_slide][et_pb_slide heading=&#8221;Schmutzwasserpumpen 1930 bis 1970&#8243; use_text_overlay=&#8221;on&#8221; text_overlay_color=&#8221;rgba(181,18,62,0.33)&#8221; text_border_radius=&#8221;3px&#8221; _builder_version=&#8221;4.23.4&#8243; _module_preset=&#8221;default&#8221; header_line_height=&#8221;-0.6em&#8221; background_image=&#8221;https:\/\/oddesse.de\/wp-content\/uploads\/2024\/04\/Schmutzwasserpumpen-Historie.png&#8221; background_enable_image=&#8221;on&#8221; width=&#8221;100%&#8221; custom_padding=&#8221;||||false|false&#8221; global_colors_info=&#8221;{}&#8221; sticky_transition=&#8221;on&#8221;][\/et_pb_slide][et_pb_slide heading=&#8221;Konstruktionsb\u00fcro 1966&#8243; use_text_overlay=&#8221;on&#8221; text_overlay_color=&#8221;rgba(181,18,62,0.33)&#8221; text_border_radius=&#8221;3px&#8221; _builder_version=&#8221;4.23.4&#8243; _module_preset=&#8221;default&#8221; header_line_height=&#8221;-0.6em&#8221; background_image=&#8221;https:\/\/oddesse.de\/wp-content\/uploads\/2024\/04\/Konstruktionsbuero-VEB.png&#8221; background_enable_image=&#8221;on&#8221; width=&#8221;100%&#8221; custom_padding=&#8221;||||false|false&#8221; global_colors_info=&#8221;{}&#8221; sticky_transition=&#8221;on&#8221;][\/et_pb_slide][et_pb_slide heading=&#8221;Reparaturabteilung 1960&#8243; use_text_overlay=&#8221;on&#8221; text_overlay_color=&#8221;rgba(181,18,62,0.33)&#8221; text_border_radius=&#8221;3px&#8221; _builder_version=&#8221;4.23.4&#8243; _module_preset=&#8221;default&#8221; header_line_height=&#8221;-0.6em&#8221; background_image=&#8221;https:\/\/oddesse.de\/wp-content\/uploads\/2024\/04\/Pumpenmontage-1960.png&#8221; background_enable_image=&#8221;on&#8221; width=&#8221;100%&#8221; custom_padding=&#8221;||||false|false&#8221; global_colors_info=&#8221;{}&#8221; sticky_transition=&#8221;on&#8221;][\/et_pb_slide][et_pb_slide heading=&#8221;Unterricht in der Produktion 1965&#8243; use_text_overlay=&#8221;on&#8221; text_overlay_color=&#8221;rgba(181,18,62,0.33)&#8221; text_border_radius=&#8221;3px&#8221; _builder_version=&#8221;4.23.4&#8243; _module_preset=&#8221;default&#8221; header_line_height=&#8221;-0.6em&#8221; background_image=&#8221;https:\/\/oddesse.de\/wp-content\/uploads\/2024\/04\/UTP-1960-2.png&#8221; background_enable_image=&#8221;on&#8221; width=&#8221;100%&#8221; custom_padding=&#8221;||||false|false&#8221; global_colors_info=&#8221;{}&#8221; sticky_transition=&#8221;on&#8221;][\/et_pb_slide][\/et_pb_slider][\/et_pb_column][et_pb_column type=&#8221;2_5&#8243; _builder_version=&#8221;4.23.4&#8243; _module_preset=&#8221;default&#8221; global_colors_info=&#8221;{}&#8221;][et_pb_text _builder_version=&#8221;4.23.4&#8243; _module_preset=&#8221;default&#8221; text_text_color=&#8221;#FFFFFF&#8221; text_line_height=&#8221;1.8em&#8221; background_color=&#8221;#303946&#8243; width=&#8221;100%&#8221; min_height=&#8221;100%&#8221; max_height=&#8221;100%&#8221; custom_margin=&#8221;0px|||0px|false|false&#8221; custom_padding=&#8221;90px|20px|54px|20px|false|true&#8221; border_radii=&#8221;on|25px|25px|25px|25px&#8221; global_colors_info=&#8221;{}&#8221;]<\/p>\n<p style=\"text-align: center;\"><strong><span style=\"color: #b5123e; font-size: 90px;\">1960<\/span><\/strong><\/p>\n<p style=\"text-align: center;\"><strong><span style=\"color: #b5123e; font-size: 90px;\"><\/span><\/strong><\/p>\n<p>Neue Produkte werden entwickelt, wie zum Beispiel die Baureihen der Propellerpumpen und der Heizungsumw\u00e4lzpumpen.<\/p>\n<p>Insbesondere die im Zuge des Baus der Rappbode-Talsperre (Harz) neu entwickelte S\u00f6ffel-Baureihe der\u00a0 Schmutzwasserpumpen wird, neben den Unterwassermotorpumpen, zu einem wichtigen Standbein des VEB Pumpenfabrik Oschersleben.<\/p>\n<p>Trotz der Errichtung weiterer Produktionsst\u00e4tten in Hamersleben, Ebeleben und Oschersleben und nun 650 Mitarbeitern, kann der Bedarf f\u00fcr die DDR und den Export nicht mehr abgedeckt werden. So erfolgt mit Beginn der 70er Jahre die Planung f\u00fcr ein neues gr\u00f6\u00dferes Fabrikgel\u00e4nde.\u00a0<\/p>\n<p>[\/et_pb_text][\/et_pb_column][\/et_pb_row][et_pb_row _builder_version=&#8221;4.23.4&#8243; _module_preset=&#8221;default&#8221; width=&#8221;100%&#8221; max_width=&#8221;1600px&#8221; saved_tabs=&#8221;all&#8221; global_colors_info=&#8221;{}&#8221;][et_pb_column type=&#8221;4_4&#8243; _builder_version=&#8221;4.23.4&#8243; _module_preset=&#8221;default&#8221; global_colors_info=&#8221;{}&#8221;][et_pb_button button_url=&#8221;@ET-DC@eyJkeW5hbWljIjp0cnVlLCJjb250ZW50IjoicG9zdF9saW5rX3VybF9wYWdlIiwic2V0dGluZ3MiOnsicG9zdF9pZCI6IjI0NzAzNSJ9fQ==@&#8221; button_text=&#8221;zur\u00fcck&#8221; _builder_version=&#8221;4.23.4&#8243; _dynamic_attributes=&#8221;button_url&#8221; _module_preset=&#8221;default&#8221; custom_button=&#8221;on&#8221; button_text_color=&#8221;#ffffff&#8221; button_bg_color=&#8221;#B5123E&#8221; button_border_width=&#8221;0px&#8221; button_border_radius=&#8221;10px&#8221; button_icon=&#8221;&#x48;||divi||400&#8243; button_icon_color=&#8221;#FFFFFF&#8221; global_colors_info=&#8221;{}&#8221;][\/et_pb_button][\/et_pb_column][\/et_pb_row][\/et_pb_section][et_pb_section fb_built=&#8221;1&#8243; disabled_on=&#8221;off|on|on&#8221; _builder_version=&#8221;4.23.4&#8243; _module_preset=&#8221;default&#8221; custom_padding=&#8221;60px|||||&#8221; global_colors_info=&#8221;{}&#8221;][et_pb_row column_structure=&#8221;3_5,2_5&#8243; _builder_version=&#8221;4.23.4&#8243; _module_preset=&#8221;default&#8221; width=&#8221;100%&#8221; max_width=&#8221;1250px&#8221; min_height=&#8221;589px&#8221; custom_margin=&#8221;|auto|2px|auto||&#8221; custom_padding=&#8221;||0px|||&#8221; global_colors_info=&#8221;{}&#8221;][et_pb_column type=&#8221;3_5&#8243; _builder_version=&#8221;4.23.4&#8243; _module_preset=&#8221;default&#8221; global_colors_info=&#8221;{}&#8221;][et_pb_slider use_text_overlay=&#8221;off&#8221; _builder_version=&#8221;4.23.4&#8243; _module_preset=&#8221;default&#8221; body_font_size=&#8221;17px&#8221; body_line_height=&#8221;2.1em&#8221; background_image=&#8221;https:\/\/oddesse.de\/wp-content\/uploads\/2024\/03\/1899-Verladen-einer-Dampfpumpe.png&#8221; min_height=&#8221;400px&#8221; max_height=&#8221;400px&#8221; custom_margin=&#8221;0px|0px|||false|false&#8221; custom_padding=&#8221;250px||0px||false|false&#8221; auto=&#8221;on&#8221; hover_transition_duration=&#8221;30ms&#8221; hover_transition_delay=&#8221;50ms&#8221; custom_css_free_form=&#8221;.selector .et_pb_text_overlay_wrapper {||  font-size: 100px;||}&#8221; border_radii=&#8221;on|30px|30px|30px|30px&#8221; box_shadow_style=&#8221;preset2&#8243; box_shadow_spread=&#8221;4px&#8221; global_colors_info=&#8221;{}&#8221;][et_pb_slide heading=&#8221;Werbeanzeige S\u00f6ffel von 1953&#8243; use_text_overlay=&#8221;on&#8221; text_overlay_color=&#8221;rgba(181,18,62,0.33)&#8221; text_border_radius=&#8221;-102px&#8221; _builder_version=&#8221;4.23.4&#8243; _module_preset=&#8221;default&#8221; background_image=&#8221;https:\/\/oddesse.de\/wp-content\/uploads\/2024\/04\/Soeffel-Werbeanzeige.png&#8221; background_enable_image=&#8221;on&#8221; custom_padding=&#8221;||||false|false&#8221; global_colors_info=&#8221;{}&#8221; sticky_transition=&#8221;on&#8221;][\/et_pb_slide][et_pb_slide heading=&#8221;Statorenwickelei 1965&#8243; use_text_overlay=&#8221;on&#8221; text_overlay_color=&#8221;rgba(181,18,62,0.33)&#8221; text_border_radius=&#8221;3px&#8221; _builder_version=&#8221;4.23.4&#8243; _module_preset=&#8221;default&#8221; header_line_height=&#8221;-0.6em&#8221; background_image=&#8221;https:\/\/oddesse.de\/wp-content\/uploads\/2024\/04\/Handwickelei-1965.png&#8221; background_enable_image=&#8221;on&#8221; width=&#8221;100%&#8221; custom_padding=&#8221;||||false|false&#8221; global_colors_info=&#8221;{}&#8221; sticky_transition=&#8221;on&#8221;][\/et_pb_slide][et_pb_slide heading=&#8221;Schmutzwasserpumpen 1930 bis 1970&#8243; use_text_overlay=&#8221;on&#8221; text_overlay_color=&#8221;rgba(181,18,62,0.33)&#8221; text_border_radius=&#8221;3px&#8221; _builder_version=&#8221;4.23.4&#8243; _module_preset=&#8221;default&#8221; header_line_height=&#8221;-0.6em&#8221; background_image=&#8221;https:\/\/oddesse.de\/wp-content\/uploads\/2024\/04\/Schmutzwasserpumpen-Historie.png&#8221; background_enable_image=&#8221;on&#8221; width=&#8221;100%&#8221; custom_padding=&#8221;||||false|false&#8221; global_colors_info=&#8221;{}&#8221; sticky_transition=&#8221;on&#8221;][\/et_pb_slide][et_pb_slide heading=&#8221;Konstruktionsb\u00fcro 1966&#8243; use_text_overlay=&#8221;on&#8221; text_overlay_color=&#8221;rgba(181,18,62,0.33)&#8221; text_border_radius=&#8221;3px&#8221; _builder_version=&#8221;4.23.4&#8243; _module_preset=&#8221;default&#8221; header_line_height=&#8221;-0.6em&#8221; background_image=&#8221;https:\/\/oddesse.de\/wp-content\/uploads\/2024\/04\/Konstruktionsbuero-VEB.png&#8221; background_enable_image=&#8221;on&#8221; width=&#8221;100%&#8221; custom_padding=&#8221;||||false|false&#8221; global_colors_info=&#8221;{}&#8221; sticky_transition=&#8221;on&#8221;][\/et_pb_slide][et_pb_slide heading=&#8221;Reparaturabteilung 1960&#8243; use_text_overlay=&#8221;on&#8221; text_overlay_color=&#8221;rgba(181,18,62,0.33)&#8221; text_border_radius=&#8221;3px&#8221; _builder_version=&#8221;4.23.4&#8243; _module_preset=&#8221;default&#8221; header_line_height=&#8221;-0.6em&#8221; background_image=&#8221;https:\/\/oddesse.de\/wp-content\/uploads\/2024\/04\/Pumpenmontage-1960.png&#8221; background_enable_image=&#8221;on&#8221; width=&#8221;100%&#8221; custom_padding=&#8221;||||false|false&#8221; global_colors_info=&#8221;{}&#8221; sticky_transition=&#8221;on&#8221;][\/et_pb_slide][et_pb_slide heading=&#8221;Unterricht in der Produktion 1965&#8243; use_text_overlay=&#8221;on&#8221; text_overlay_color=&#8221;rgba(181,18,62,0.33)&#8221; text_border_radius=&#8221;3px&#8221; _builder_version=&#8221;4.23.4&#8243; _module_preset=&#8221;default&#8221; header_line_height=&#8221;-0.6em&#8221; background_image=&#8221;https:\/\/oddesse.de\/wp-content\/uploads\/2024\/04\/UTP-1960-2.png&#8221; background_enable_image=&#8221;on&#8221; width=&#8221;100%&#8221; custom_padding=&#8221;||||false|false&#8221; global_colors_info=&#8221;{}&#8221; sticky_transition=&#8221;on&#8221;][\/et_pb_slide][\/et_pb_slider][\/et_pb_column][et_pb_column type=&#8221;2_5&#8243; _builder_version=&#8221;4.23.4&#8243; _module_preset=&#8221;default&#8221; global_colors_info=&#8221;{}&#8221;][et_pb_text _builder_version=&#8221;4.23.4&#8243; _module_preset=&#8221;default&#8221; text_text_color=&#8221;#FFFFFF&#8221; text_line_height=&#8221;1.8em&#8221; background_color=&#8221;#303946&#8243; width=&#8221;100%&#8221; custom_margin=&#8221;0px|||0px|false|false&#8221; custom_padding=&#8221;30px|20px|15px|20px|false|true&#8221; border_radii=&#8221;on|25px|25px|25px|25px&#8221; global_colors_info=&#8221;{}&#8221;]<\/p>\n<p style=\"text-align: center;\"><strong><span style=\"color: #b5123e; font-size: 90px;\">1960<\/span><\/strong><strong><span style=\"color: #b5123e; font-size: 90px;\"><\/span><\/strong><\/p>\n<p>Neue Produkte werden entwickelt, wie zum Beispiel die Baureihen der Propellerpumpen und der Heizungsumw\u00e4lzpumpen.<\/p>\n<p>Insbesondere die im Zuge des Baus der Rappbode-Talsperre (Harz) neu entwickelte S\u00f6ffel-Baureihe der\u00a0 Schmutzwasserpumpen wird, neben den Unterwassermotorpumpen, zu einem wichtigen Standbein des VEB Pumpenfabrik Oschersleben.<\/p>\n<p>Trotz der Errichtung weiterer Produktionsst\u00e4tten in Hamersleben, Ebeleben und Oschersleben und nun 650 Mitarbeitern, kann der Bedarf f\u00fcr die DDR und den Export nicht mehr abgedeckt werden. So erfolgt mit Beginn der 70er Jahre die Planung f\u00fcr ein neues gr\u00f6\u00dferes Fabrikgel\u00e4nde.<\/p>\n<p>[\/et_pb_text][\/et_pb_column][\/et_pb_row][et_pb_row _builder_version=&#8221;4.23.4&#8243; _module_preset=&#8221;default&#8221; width=&#8221;100%&#8221; max_width=&#8221;1600px&#8221; saved_tabs=&#8221;all&#8221; global_colors_info=&#8221;{}&#8221;][et_pb_column type=&#8221;4_4&#8243; _builder_version=&#8221;4.23.4&#8243; _module_preset=&#8221;default&#8221; global_colors_info=&#8221;{}&#8221;][et_pb_button button_text=&#8221;weiter&#8221; _builder_version=&#8221;4.23.4&#8243; _module_preset=&#8221;default&#8221; button_url=&#8221;@ET-DC@eyJkeW5hbWljIjp0cnVlLCJjb250ZW50IjoicG9zdF9saW5rX3VybF9wYWdlIiwic2V0dGluZ3MiOnsicG9zdF9pZCI6IjI0NzczMiJ9fQ==@&#8221; _dynamic_attributes=&#8221;button_url&#8221; hover_enabled=&#8221;0&#8243; sticky_enabled=&#8221;0&#8243;][\/et_pb_button][\/et_pb_column][\/et_pb_row][\/et_pb_section]<\/p>\n","protected":false},"excerpt":{"rendered":"<p>1960 Neue Produkte werden entwickelt, wie zum Beispiel die Baureihen der Propellerpumpen und der Heizungsumw\u00e4lzpumpen. Insbesondere die im Zuge des Baus der Rappbode-Talsperre (Harz) neu entwickelte S\u00f6ffel-Baureihe der\u00a0 Schmutzwasserpumpen wird, neben den Unterwassermotorpumpen, zu einem wichtigen Standbein des VEB Pumpenfabrik Oschersleben. Trotz der Errichtung weiterer Produktionsst\u00e4tten in Hamersleben, Ebeleben und Oschersleben und nun 650 Mitarbeitern, [&hellip;]<\/p>\n","protected":false},"author":1,"featured_media":0,"parent":247036,"menu_order":0,"comment_status":"closed","ping_status":"closed","template":"","meta":{"_et_pb_use_builder":"on","_et_pb_old_content":"","_et_gb_content_width":"","footnotes":""},"class_list":["post-247714","page","type-page","status-publish","hentry"],"_links":{"self":[{"href":"https:\/\/oddesse.de\/en\/wp-json\/wp\/v2\/pages\/247714","targetHints":{"allow":["GET"]}}],"collection":[{"href":"https:\/\/oddesse.de\/en\/wp-json\/wp\/v2\/pages"}],"about":[{"href":"https:\/\/oddesse.de\/en\/wp-json\/wp\/v2\/types\/page"}],"author":[{"embeddable":true,"href":"https:\/\/oddesse.de\/en\/wp-json\/wp\/v2\/users\/1"}],"replies":[{"embeddable":true,"href":"https:\/\/oddesse.de\/en\/wp-json\/wp\/v2\/comments?post=247714"}],"version-history":[{"count":6,"href":"https:\/\/oddesse.de\/en\/wp-json\/wp\/v2\/pages\/247714\/revisions"}],"predecessor-version":[{"id":248528,"href":"https:\/\/oddesse.de\/en\/wp-json\/wp\/v2\/pages\/247714\/revisions\/248528"}],"up":[{"embeddable":true,"href":"https:\/\/oddesse.de\/en\/wp-json\/wp\/v2\/pages\/247036"}],"wp:attachment":[{"href":"https:\/\/oddesse.de\/en\/wp-json\/wp\/v2\/media?parent=247714"}],"curies":[{"name":"wp","href":"https:\/\/api.w.org\/{rel}","templated":true}]}}