{"id":247234,"date":"2022-02-10T11:57:10","date_gmt":"2022-02-10T11:57:10","guid":{"rendered":"https:\/\/oddesse.de\/?page_id=247234"},"modified":"2025-11-04T08:23:44","modified_gmt":"2025-11-04T08:23:44","slug":"ausbildung","status":"publish","type":"page","link":"https:\/\/oddesse.de\/en\/karriere\/ausbildung\/","title":{"rendered":"Ausbildung"},"content":{"rendered":"<p>[et_pb_section fb_built=&#8221;1&#8243; fullwidth=&#8221;on&#8221; _builder_version=&#8221;4.16&#8243; _module_preset=&#8221;default&#8221; global_colors_info=&#8221;{}&#8221; da_is_popup=&#8221;off&#8221; da_exit_intent=&#8221;off&#8221; da_has_close=&#8221;on&#8221; da_alt_close=&#8221;off&#8221; da_dark_close=&#8221;off&#8221; da_not_modal=&#8221;on&#8221; da_is_singular=&#8221;off&#8221; da_with_loader=&#8221;off&#8221; da_has_shadow=&#8221;on&#8221; da_disable_devices=&#8221;off|off|off&#8221;][et_pb_fullwidth_slider _builder_version=&#8221;4.27.4&#8243; _module_preset=&#8221;default&#8221; background_enable_color=&#8221;off&#8221; width_tablet=&#8221;&#8221; width_phone=&#8221;&#8221; width_last_edited=&#8221;on|phone&#8221; module_alignment=&#8221;left&#8221; content_width=&#8221;73%&#8221; content_width_tablet=&#8221;73%&#8221; content_width_phone=&#8221;100%&#8221; content_width_last_edited=&#8221;on|phone&#8221; content_max_width_tablet=&#8221;&#8221; content_max_width_phone=&#8221;1080%&#8221; content_max_width_last_edited=&#8221;on|phone&#8221; min_height_tablet=&#8221;&#8221; min_height_phone=&#8221;&#8221; min_height_last_edited=&#8221;on|phone&#8221; height=&#8221;500px&#8221; height_tablet=&#8221;500px&#8221; height_phone=&#8221;250px&#8221; height_last_edited=&#8221;on|phone&#8221; max_height=&#8221;500px&#8221; max_height_tablet=&#8221;500px&#8221; max_height_phone=&#8221;250px&#8221; max_height_last_edited=&#8221;on|phone&#8221; custom_padding=&#8221;4px||6px|||&#8221; hover_enabled=&#8221;0&#8243; header_font_size_tablet=&#8221;&#8221; header_font_size_phone=&#8221;20px&#8221; header_font_size_last_edited=&#8221;on|phone&#8221; body_font_size_tablet=&#8221;&#8221; body_font_size_phone=&#8221;17px&#8221; body_font_size_last_edited=&#8221;on|phone&#8221; background_last_edited=&#8221;on|tablet&#8221; background_image_tablet=&#8221;https:\/\/oddesse.de\/wp-content\/uploads\/2022\/02\/karriere-banner.jpg&#8221; background_enable_image_tablet=&#8221;on&#8221; parallax_phone=&#8221;off&#8221; background_size_phone=&#8221;cover&#8221; text_orientation_tablet=&#8221;&#8221; text_orientation_phone=&#8221;&#8221; text_orientation_last_edited=&#8221;on|phone&#8221; module_alignment_tablet=&#8221;left&#8221; module_alignment_phone=&#8221;center&#8221; module_alignment_last_edited=&#8221;on|phone&#8221; global_colors_info=&#8221;{}&#8221; title_text=&#8221;Azubi Banner Website&#8221; sticky_enabled=&#8221;0&#8243; background_enable_image=&#8221;off&#8221;][et_pb_slide heading=&#8221;Ausbildung bei oddesse&#8221; use_bg_overlay=&#8221;off&#8221; use_text_overlay=&#8221;on&#8221; text_overlay_color=&#8221;rgba(181,18,62,0.54)&#8221; text_border_radius=&#8221;0px&#8221; heading_tablet=&#8221;Ausbildung bei oddesse&#8221; heading_phone=&#8221;Ausbildung bei oddesse&#8221; heading_last_edited=&#8221;on|phone&#8221; content_tablet=&#8221;<\/p>\n<h1><\/h1>\n<h1><\/h1>\n<h1>Wir bieten dir neue Perspektiven<\/h1>\n<p>&#8221; content_phone=&#8221;<\/p>\n<h1>Wir bieten dir neue Perspektiven<\/h1>\n<p>&#8221; content_last_edited=&#8221;on|desktop&#8221; text_border_radius_tablet=&#8221;0px&#8221; text_border_radius_phone=&#8221;0px&#8221; text_border_radius_last_edited=&#8221;on|phone&#8221; _builder_version=&#8221;4.27.4&#8243; _module_preset=&#8221;default&#8221; body_font_size=&#8221;30px&#8221; background_image=&#8221;https:\/\/oddesse.de\/wp-content\/uploads\/2025\/11\/Azubi-Titelbild-Website-scaled.jpeg&#8221; background_enable_image=&#8221;on&#8221; width=&#8221;100%&#8221; custom_padding_tablet=&#8221;&#8221; custom_padding_phone=&#8221;0px|0px|0px|0px|false|false&#8221; custom_padding_last_edited=&#8221;on|phone&#8221; hover_enabled=&#8221;0&#8243; header_font_tablet=&#8221;&#8221; header_font_phone=&#8221;&#8221; header_font_last_edited=&#8221;on|phone&#8221; body_font_size_tablet=&#8221;30px&#8221; body_font_size_phone=&#8221;16px&#8221; body_font_size_last_edited=&#8221;on|phone&#8221; background_last_edited=&#8221;on|desktop&#8221; background_image_tablet=&#8221;https:\/\/oddesse.de\/wp-content\/uploads\/2022\/02\/karriere-banner.jpg&#8221; background_enable_image_tablet=&#8221;on&#8221; background_size_tablet=&#8221;cover&#8221; background_size_phone=&#8221;cover&#8221; global_colors_info=&#8221;{}&#8221; sticky_transition=&#8221;on&#8221; title_text=&#8221;Azubi Titelbild Website&#8221; sticky_enabled=&#8221;0&#8243;]<\/p>\n<h1><\/h1>\n<h1>Wir bieten dir neue Perspektiven<\/h1>\n<p>[\/et_pb_slide][\/et_pb_fullwidth_slider][\/et_pb_section][et_pb_section fb_built=&#8221;1&#8243; admin_label=&#8221;section&#8221; _builder_version=&#8221;4.16&#8243; global_colors_info=&#8221;{}&#8221; da_is_popup=&#8221;off&#8221; da_exit_intent=&#8221;off&#8221; da_has_close=&#8221;on&#8221; da_alt_close=&#8221;off&#8221; da_dark_close=&#8221;off&#8221; da_not_modal=&#8221;on&#8221; da_is_singular=&#8221;off&#8221; da_with_loader=&#8221;off&#8221; da_has_shadow=&#8221;on&#8221; da_disable_devices=&#8221;off|off|off&#8221;][et_pb_row admin_label=&#8221;row&#8221; _builder_version=&#8221;4.16&#8243; background_size=&#8221;initial&#8221; background_position=&#8221;top_left&#8221; background_repeat=&#8221;repeat&#8221; custom_padding=&#8221;3px||22px|||&#8221; global_colors_info=&#8221;{}&#8221;][et_pb_column type=&#8221;4_4&#8243; _builder_version=&#8221;4.16&#8243; custom_padding=&#8221;|||&#8221; global_colors_info=&#8221;{}&#8221; custom_padding__hover=&#8221;|||&#8221;][et_pb_text content_tablet=&#8221;<\/p>\n<p><!-- divi:paragraph --><\/p>\n<div class=%22ce_text first block%22>\n<div class=%22mod_article last block%22 id=%22karriere%22>\n<div class=%22ce_text first last block%22>\n<h2>Ausbildung zum<\/h2>\n<h1>Elektroniker f\u00fcr Betriebstechnik (m\/w\/d)<\/h1>\n<p>Die Ausbildung beginnt im August und dauert in der Regel 3 Jahre.<\/p>\n<h3>Das erwartet dich:<\/h3>\n<p>\u2022 Grundausbildung in der Ausbildungsst\u00e4tte SBH Magdeburg<br \/>\u2022 praktische Ausbildung im Bereich Motorenbau bei oddesse<br \/>\u2022 Berufsschule in der Europaschule Oschersleben<br \/>\u2022 Bereitstellung von Notebook, Werkzeugkoffer und Schulmaterialien<br \/>\u2022 kostenloses 49-Euro-Ticket<\/p>\n<\/p>\n<h3>Das bieten wir dir nach der Ausbildung:<\/h3>\n<p>\u2022 einen unbefristeteten Arbeitsplatz<br \/>\u2022 30 Tage Urlaub im Kalenderjahr<br \/>\u2022 Unterst\u00fctzung bei der individuellen beru\ufb02ichen Weiterentwicklung<br \/>\u2022 ein famili\u00e4res Umfeld<br \/>\u2022 eine betriebliche Altersvorsorge<br \/>\u2022 E-Bike-Leasing<br \/>\u2022 sowie Mitarbeiterbeteiligung<\/p>\n<p>Nach erfolgreichem Abschluss der Ausbildung erfolgt der Einsatz im Bereich Motorenbau f\u00fcr die folgenden T\u00e4tigkeiten:<br \/>\u2022 Herstellung von Elektromotoren in automatisierten Anlagen bzw. durch Handwicklungen<br \/>\u2022 Schalten der Motoren<br \/>\u2022 Fertigmontage der Motoren und Zusammenbau mit Pumpen zu Tauchmotorpumpen<br \/>\u2022 Pr\u00fcfen der Motoren an Pr\u00fcfst\u00e4nden bzw. auf einem modernen Pr\u00fcffeld<br \/>\u2022 Demontage und Montage von reparierten Motoren im Service-Bereich<\/p>\n<\/p>\n<h3>Das solltest du mitbringen:<\/h3>\n<p>\u2022 einen Realschulabschluss<br \/>\u2022 Interesse f\u00fcr Mathematik und Naturwissenschaften<br \/>\u2022 Interesse an technischen Anwendungen<br \/>\u2022 und handwerkliches Geschick<br \/>Au\u00dferdem erwarten wir Sorgfalt, Genauigkeit, Leistungsbereitschaft und Motivation sowie Zuverl\u00e4ssigkeit von unseren Mitarbeiterinnen und Mitarbeitern.<\/p>\n<p><strong><\/strong><\/p>\n<p>Haben wir dein Interesse geweckt? Wir freuen uns auf deine schriftliche Bewerbung an:<\/p>\n<p><strong><\/strong><\/p>\n<p><strong>oddesse<br \/>Pumpen- und Motorenfabrik GmbH<br \/>Personalb\u00fcro<br \/><\/strong><strong>Am Pappelwald 12<\/strong><br \/><strong>39387 Oschersleben (Bode)<\/strong><span style=%22color: #b5123e;%22><a href=%22mailto:info@oddesse.de%22 style=%22color: #b5123e;%22><\/a><\/span><\/p>\n<p><strong><\/strong><\/p>\n<p>Solltest du noch Fragen haben, sind wir unter der Nummer 03949 932 481 telefonisch und unter info@oddesse.de per Mail zu erreichen.<\/p>\n<\/div>\n<\/div>\n<\/div>\n<p><!-- \/divi:paragraph --><\/p>\n<p>&#8221; content_phone=&#8221;<\/p>\n<p><!-- divi:paragraph --><\/p>\n<div class=%22ce_text first block%22>\n<div class=%22mod_article last block%22 id=%22karriere%22>\n<div class=%22ce_text first last block%22>\n<h2>Ausbildung zum<\/h2>\n<h1>Elektroniker f\u00fcr Betriebstechnik (m\/w\/d)<\/h1>\n<p>Die Ausbildung beginnt im August und dauert in der Regel 3 Jahre.<\/p>\n<h2>Das erwartet dich:<\/h2>\n<p>\u2022 Grundausbildung in der Ausbildungsst\u00e4tte SBH Magdeburg<br \/>\u2022 praktische Ausbildung im Bereich Motorenbau bei oddesse<br \/>\u2022 Berufsschule in der Europaschule Oschersleben<br \/>\u2022 Bereitstellung von Notebook, Werkzeugkoffer und Schulmaterialien<br \/>\u2022 kostenloses 49-Euro-Ticket<\/p>\n<\/p>\n<h2>Das bieten wir dir nach der Ausbildung:<\/h2>\n<p>\u2022 einen unbefristeteten Arbeitsplatz<br \/>\u2022 30 Tage Urlaub im Kalenderjahr<br \/>\u2022 Unterst\u00fctzung bei der individuellen beru\ufb02ichen Weiterentwicklung<br \/>\u2022 ein famili\u00e4res Umfeld<br \/>\u2022 eine betriebliche Altersvorsorge<br \/>\u2022 E-Bike-Leasing<br \/>\u2022 sowie Mitarbeiterbeteiligung<\/p>\n<p>Nach erfolgreichem Abschluss der Ausbildung erfolgt der Einsatz im Bereich Motorenbau f\u00fcr die folgenden T\u00e4tigkeiten:<br \/>\u2022 Herstellung von Elektromotoren in automatisierten Anlagen bzw. durch Handwicklungen<br \/>\u2022 Schalten der Motoren<br \/>\u2022 Fertigmontage der Motoren und Zusammenbau mit Pumpen zu Tauchmotorpumpen<br \/>\u2022 Pr\u00fcfen der Motoren an Pr\u00fcfst\u00e4nden bzw. auf einem modernen Pr\u00fcffeld<br \/>\u2022 Demontage und Montage von reparierten Motoren im Service-Bereich<\/p>\n<\/p>\n<h2>Das solltest du mitbringen:<\/h2>\n<p>\u2022 einen Realschulabschluss<br \/>\u2022 Interesse f\u00fcr Mathematik und Naturwissenschaften<br \/>\u2022 Interesse an technischen Anwendungen<br \/>\u2022 und handwerkliches Geschick<br \/>Au\u00dferdem erwarten wir Sorgfalt, Genauigkeit, Leistungsbereitschaft und Motivation sowie Zuverl\u00e4ssigkeit von unseren Mitarbeiterinnen und Mitarbeitern.<\/p>\n<p><strong><\/strong><\/p>\n<p>Haben wir dein Interesse geweckt? Wir freuen uns auf deine schriftliche Bewerbung an:<\/p>\n<p><strong><\/strong><\/p>\n<p><strong>oddesse<br \/>Pumpen- und Motorenfabrik GmbH<br \/>Personalb\u00fcro<br \/><\/strong><strong>Am Pappelwald 12<\/strong><br \/><strong>39387 Oschersleben (Bode)<\/strong><span style=%22color: #b5123e;%22><a href=%22mailto:info@oddesse.de%22 style=%22color: #b5123e;%22><\/a><\/span><\/p>\n<p><strong><\/strong><\/p>\n<p>Solltest du noch Fragen haben, sind wir unter der Nummer 03949 932 481 telefonisch und unter info@oddesse.de per Mail zu erreichen.<\/p>\n<\/div>\n<\/div>\n<\/div>\n<p><!-- \/divi:paragraph --><\/p>\n<p>&#8221; content_last_edited=&#8221;on|tablet&#8221; admin_label=&#8221;Text&#8221; _builder_version=&#8221;4.27.4&#8243; background_size=&#8221;initial&#8221; background_position=&#8221;top_left&#8221; background_repeat=&#8221;repeat&#8221; hover_enabled=&#8221;0&#8243; global_colors_info=&#8221;{}&#8221; sticky_enabled=&#8221;0&#8243;]<!-- divi:paragraph --><\/p>\n<div class=\"ce_text first block\">\n<div class=\"mod_article last block\" id=\"karriere\">\n<div class=\"ce_text first last block\">\n<h2>Ausbildung (Lehrjahr 2026) zum<\/h2>\n<h1>Elektroniker f\u00fcr Betriebstechnik (m\/w\/d)<\/h1>\n<p>Die Ausbildung beginnt im September und dauert in der Regel 3 Jahre.<\/p>\n<h3>Das erwartet dich:<\/h3>\n<p>\u2022 Grundausbildung in der Ausbildungsst\u00e4tte SBH Magdeburg<br \/>\n\u2022 Berufsschule in der Europaschule Oschersleben<br \/>\n\u2022 praktische Ausbildung im Bereich Motorenbau in der oddesse<br \/>\n&nbsp;<\/p>\n<h3>Wir stellen dir:<\/h3>\n<p>\u2022 Notebook mit Grafiktablett<br \/>\n\u2022 kostenloses Deutschlandticket<br \/>\n\u2022 Bereitstellung von Schulmaterialien\/Schulb\u00fcchern<br \/>\n&nbsp;<\/p>\n<h3>Das bieten wir dir nach der Ausbildung:<\/h3>\n<p>\u2022 einen unbefristeteten Arbeitsplatz<br \/>\n\u2022 30 Tage Urlaub im Kalenderjahr<br \/>\n\u2022 Unterst\u00fctzung bei der individuellen beru\ufb02ichen Weiterentwicklung<br \/>\n\u2022 ein famili\u00e4res Umfeld<br \/>\n\u2022 eine betriebliche Altersvorsorge<br \/>\n\u2022 E-Bike-Leasing<br \/>\n\u2022 sowie Mitarbeiterbeteiligung<\/p>\n<p>Nach erfolgreichem Abschluss der Ausbildung erfolgt der Einsatz im Bereich Motorenbau f\u00fcr die folgenden T\u00e4tigkeiten:<br \/>\n\u2022 Herstellung von Elektromotoren in automatisierten Anlagen bzw. durch Handwicklungen<br \/>\n\u2022 Schalten der Motoren<br \/>\n\u2022 Fertigmontage der Motoren und Zusammenbau mit Pumpen zu Tauchmotorpumpen<br \/>\n\u2022 Pr\u00fcfen der Motoren an Pr\u00fcfst\u00e4nden bzw. auf einem modernen Pr\u00fcffeld<br \/>\n\u2022 Demontage und Montage von reparierten Motoren im Service-Bereich<br \/>\n&nbsp;<\/p>\n<h3>Das solltest du mitbringen:<\/h3>\n<p>\u2022 einen guten Realschulabschluss<br \/>\n\u2022 Interesse f\u00fcr Mathematik und Naturwissenschaften<br \/>\n\u2022 Interesse an technischen Anwendungen<br \/>\n\u2022 und handwerkliches Geschick<br \/>\nAu\u00dferdem erwarten wir Sorgfalt, Genauigkeit, Leistungsbereitschaft und Motivation sowie Zuverl\u00e4ssigkeit von unseren Mitarbeiterinnen und Mitarbeitern.<\/p>\n<p><strong><\/strong><\/p>\n<p>Haben wir dein Interesse geweckt? Wir freuen uns auf deine schriftliche Bewerbung an:<\/p>\n<p><strong><\/strong><\/p>\n<p><strong>oddesse<br \/>\nPumpen- und Motorenfabrik GmbH<br \/>\nPersonalb\u00fcro<br \/>\n<\/strong><strong>Am Pappelwald 12<\/strong><br \/>\n<strong>39387 Oschersleben (Bode)<\/strong><span style=\"color: #b5123e;\"><a href=\"mailto:info@oddesse.de\" style=\"color: #b5123e;\"><\/a><\/span><\/p>\n<p><strong><\/strong><\/p>\n<p>Solltest du noch Fragen haben, sind wir unter der Nummer 03949 932 481 telefonisch und unter info@oddesse.de per Mail zu erreichen.<\/p>\n<\/div>\n<\/div>\n<p>&nbsp;<\/p>\n<\/div>\n<p>&nbsp;<\/p>\n<p><!-- \/divi:paragraph -->[\/et_pb_text][\/et_pb_column][\/et_pb_row][et_pb_row column_structure=&#8221;3_5,2_5&#8243; _builder_version=&#8221;4.16&#8243; _module_preset=&#8221;default&#8221; global_colors_info=&#8221;{}&#8221;][et_pb_column type=&#8221;3_5&#8243; _builder_version=&#8221;4.16&#8243; _module_preset=&#8221;default&#8221; global_colors_info=&#8221;{}&#8221;][et_pb_text _builder_version=&#8221;4.16&#8243; _module_preset=&#8221;default&#8221; global_colors_info=&#8221;{}&#8221;]<\/p>\n<h1>Anerkanntes Ausbildungsunternehmen<\/h1>\n<figure class=\"image_container float_right\" style=\"margin-top: -10px; float: right;\"><a href=\"https:\/\/oddesse.de\/tl_files\/Karriere\/Zertifikat_Anerkanntes%20Ausbildungsunternehmen.jpg\" data-lightbox=\"26f5e8\"> <br \/><\/a><\/figure>\n<p><span>Wir sind ein von der Industrie- und Handelskammer Magdeburg gepr\u00fcftes und gem\u00e4\u00df Berufsbildungsgesetz anerkanntes Ausbildungsunternehmen.<\/span><\/p>\n<p>[\/et_pb_text][\/et_pb_column][et_pb_column type=&#8221;2_5&#8243; _builder_version=&#8221;4.16&#8243; _module_preset=&#8221;default&#8221; global_colors_info=&#8221;{}&#8221;][et_pb_image src=&#8221;https:\/\/oddesse.de\/wp-content\/uploads\/2022\/02\/Zertifikat_Anerkanntes-Ausbildungsunternehmen.jpg&#8221; title_text=&#8221;Zertifikat_Anerkanntes Ausbildungsunternehmen&#8221; _builder_version=&#8221;4.16&#8243; _module_preset=&#8221;default&#8221; max_width=&#8221;70%&#8221; max_width_tablet=&#8221;70%&#8221; max_width_phone=&#8221;70%&#8221; max_width_last_edited=&#8221;on|phone&#8221; global_colors_info=&#8221;{}&#8221;][\/et_pb_image][\/et_pb_column][\/et_pb_row][\/et_pb_section]<\/p>\n","protected":false},"excerpt":{"rendered":"<p>Wir bieten dir neue Perspektiven Ausbildung (Lehrjahr 2026) zum Elektroniker f\u00fcr Betriebstechnik (m\/w\/d) Die Ausbildung beginnt im September und dauert in der Regel 3 Jahre. Das erwartet dich: \u2022 Grundausbildung in der Ausbildungsst\u00e4tte SBH Magdeburg \u2022 Berufsschule in der Europaschule Oschersleben \u2022 praktische Ausbildung im Bereich Motorenbau in der oddesse &nbsp; Wir stellen dir: \u2022 [&hellip;]<\/p>\n","protected":false},"author":1,"featured_media":0,"parent":1485,"menu_order":0,"comment_status":"closed","ping_status":"closed","template":"","meta":{"_et_pb_use_builder":"on","_et_pb_old_content":"<!-- wp:paragraph -->\n<p>This is an example page. It's different from a blog post because it will stay in one place and will show up in your site navigation (in most themes). Most people start with an About page that introduces them to potential site visitors. It might say something like this:<\/p>\n<!-- \/wp:paragraph -->\n\n<!-- wp:quote -->\n<blockquote class=\"wp-block-quote\"><p>Hi there! I'm a bike messenger by day, aspiring actor by night, and this is my website. I live in Los Angeles, have a great dog named Jack, and I like pi\u00f1a coladas. (And gettin' caught in the rain.)<\/p><\/blockquote>\n<!-- \/wp:quote -->\n\n<!-- wp:paragraph -->\n<p>...or something like this:<\/p>\n<!-- \/wp:paragraph -->\n\n<!-- wp:quote -->\n<blockquote class=\"wp-block-quote\"><p>The XYZ Doohickey Company was founded in 1971, and has been providing quality doohickeys to the public ever since. Located in Gotham City, XYZ employs over 2,000 people and does all kinds of awesome things for the Gotham community.<\/p><\/blockquote>\n<!-- \/wp:quote -->\n\n<!-- wp:paragraph -->\n<p>As a new WordPress user, you should go to <a href=\"https:\/\/oddesse.de\/wp-admin\/\">your dashboard<\/a> to delete this page and create new pages for your content. Have fun!<\/p>\n<!-- \/wp:paragraph -->","_et_gb_content_width":"","footnotes":""},"class_list":["post-247234","page","type-page","status-publish","hentry"],"_links":{"self":[{"href":"https:\/\/oddesse.de\/en\/wp-json\/wp\/v2\/pages\/247234","targetHints":{"allow":["GET"]}}],"collection":[{"href":"https:\/\/oddesse.de\/en\/wp-json\/wp\/v2\/pages"}],"about":[{"href":"https:\/\/oddesse.de\/en\/wp-json\/wp\/v2\/types\/page"}],"author":[{"embeddable":true,"href":"https:\/\/oddesse.de\/en\/wp-json\/wp\/v2\/users\/1"}],"replies":[{"embeddable":true,"href":"https:\/\/oddesse.de\/en\/wp-json\/wp\/v2\/comments?post=247234"}],"version-history":[{"count":10,"href":"https:\/\/oddesse.de\/en\/wp-json\/wp\/v2\/pages\/247234\/revisions"}],"predecessor-version":[{"id":249175,"href":"https:\/\/oddesse.de\/en\/wp-json\/wp\/v2\/pages\/247234\/revisions\/249175"}],"up":[{"embeddable":true,"href":"https:\/\/oddesse.de\/en\/wp-json\/wp\/v2\/pages\/1485"}],"wp:attachment":[{"href":"https:\/\/oddesse.de\/en\/wp-json\/wp\/v2\/media?parent=247234"}],"curies":[{"name":"wp","href":"https:\/\/api.w.org\/{rel}","templated":true}]}}