{"id":243130,"date":"2022-01-27T14:46:40","date_gmt":"2022-01-27T14:46:40","guid":{"rendered":"https:\/\/test376518.live-website.com\/production\/"},"modified":"2026-03-24T07:41:06","modified_gmt":"2026-03-24T07:41:06","slug":"production","status":"publish","type":"page","link":"https:\/\/oddesse.de\/en\/about-oddesse\/production\/","title":{"rendered":"Production"},"content":{"rendered":"<p>[et_pb_section fb_built=&#8221;1&#8243; fullwidth=&#8221;on&#8221; _builder_version=&#8221;4.16&#8243; _module_preset=&#8221;default&#8221; global_colors_info=&#8221;{}&#8221; da_is_popup=&#8221;off&#8221; da_exit_intent=&#8221;off&#8221; da_has_close=&#8221;on&#8221; da_alt_close=&#8221;off&#8221; da_dark_close=&#8221;off&#8221; da_not_modal=&#8221;on&#8221; da_is_singular=&#8221;off&#8221; da_with_loader=&#8221;off&#8221; da_has_shadow=&#8221;on&#8221; da_disable_devices=&#8221;off|off|off&#8221;][et_pb_fullwidth_slider _builder_version=&#8221;4.27.4&#8243; _module_preset=&#8221;default&#8221; background_image=&#8221;https:\/\/oddesse.de\/wp-content\/uploads\/2022\/02\/Produktion.jpg&#8221; width_tablet=&#8221;&#8221; width_phone=&#8221;&#8221; width_last_edited=&#8221;on|phone&#8221; module_alignment=&#8221;left&#8221; content_width=&#8221;73%&#8221; content_width_tablet=&#8221;73%&#8221; content_width_phone=&#8221;100%&#8221; content_width_last_edited=&#8221;on|phone&#8221; content_max_width_tablet=&#8221;&#8221; content_max_width_phone=&#8221;1080%&#8221; content_max_width_last_edited=&#8221;on|phone&#8221; min_height_tablet=&#8221;&#8221; min_height_phone=&#8221;&#8221; min_height_last_edited=&#8221;on|phone&#8221; height=&#8221;500px&#8221; height_tablet=&#8221;500px&#8221; height_phone=&#8221;250px&#8221; height_last_edited=&#8221;on|phone&#8221; max_height=&#8221;500px&#8221; max_height_tablet=&#8221;500px&#8221; max_height_phone=&#8221;250px&#8221; max_height_last_edited=&#8221;on|phone&#8221; custom_padding=&#8221;4px||6px|||&#8221; hover_enabled=&#8221;0&#8243; header_font_size_tablet=&#8221;&#8221; header_font_size_phone=&#8221;20px&#8221; header_font_size_last_edited=&#8221;on|phone&#8221; body_font_size_tablet=&#8221;&#8221; body_font_size_phone=&#8221;17px&#8221; body_font_size_last_edited=&#8221;on|phone&#8221; background_last_edited=&#8221;on|phone&#8221; background_size_phone=&#8221;cover&#8221; text_orientation_tablet=&#8221;&#8221; text_orientation_phone=&#8221;&#8221; text_orientation_last_edited=&#8221;on|phone&#8221; module_alignment_tablet=&#8221;left&#8221; module_alignment_phone=&#8221;center&#8221; module_alignment_last_edited=&#8221;on|phone&#8221; global_colors_info=&#8221;{}&#8221; sticky_enabled=&#8221;0&#8243;][et_pb_slide heading=&#8221;High flexibility&#8221; use_bg_overlay=&#8221;off&#8221; use_text_overlay=&#8221;on&#8221; text_border_radius=&#8221;5px&#8221; content_tablet=&#8221;<\/p>\n<h1><\/h1>\n<h1><\/h1>\n<h1><\/h1>\n<h1>in the interest of our customers<\/h1>\n<p>&#8221; content_phone=&#8221;<\/p>\n<h1><\/h1>\n<h1><\/h1>\n<h1><\/h1>\n<h1>in the interest of our customers<\/h1>\n<p>&#8221; content_last_edited=&#8221;on|phone&#8221; text_border_radius_tablet=&#8221;0px&#8221; text_border_radius_phone=&#8221;0px&#8221; text_border_radius_last_edited=&#8221;on|phone&#8221; _builder_version=&#8221;4.27.4&#8243; _module_preset=&#8221;default&#8221; body_font_size=&#8221;30px&#8221; background_image=&#8221;https:\/\/oddesse.de\/wp-content\/uploads\/2026\/03\/IMG_8712.1-scaled.jpg&#8221; background_enable_image=&#8221;on&#8221; width=&#8221;100%&#8221; custom_padding_tablet=&#8221;&#8221; custom_padding_phone=&#8221;0px|0px|0px|0px|false|false&#8221; custom_padding_last_edited=&#8221;on|phone&#8221; hover_enabled=&#8221;0&#8243; header_font_tablet=&#8221;&#8221; header_font_phone=&#8221;&#8221; header_font_last_edited=&#8221;on|phone&#8221; body_font_size_tablet=&#8221;30px&#8221; body_font_size_phone=&#8221;16px&#8221; body_font_size_last_edited=&#8221;on|phone&#8221; background_last_edited=&#8221;on|phone&#8221; background_image_phone=&#8221;https:\/\/oddesse.de\/wp-content\/uploads\/2022\/02\/Produktion.jpg&#8221; background_enable_image_phone=&#8221;on&#8221; background_size_phone=&#8221;cover&#8221; global_colors_info=&#8221;{}&#8221; sticky_transition=&#8221;on&#8221; title_text=&#8221;IMG_8712.1&#8243; sticky_enabled=&#8221;0&#8243;]<\/p>\n<h1><\/h1>\n<h1>in the interest of our customers<\/h1>\n<p>[\/et_pb_slide][\/et_pb_fullwidth_slider][\/et_pb_section][et_pb_section fb_built=&#8221;1&#8243; admin_label=&#8221;section&#8221; _builder_version=&#8221;4.16&#8243; custom_padding=&#8221;60px|||||&#8221; global_colors_info=&#8221;{}&#8221; da_is_popup=&#8221;off&#8221; da_exit_intent=&#8221;off&#8221; da_has_close=&#8221;on&#8221; da_alt_close=&#8221;off&#8221; da_dark_close=&#8221;off&#8221; da_not_modal=&#8221;on&#8221; da_is_singular=&#8221;off&#8221; da_with_loader=&#8221;off&#8221; da_has_shadow=&#8221;on&#8221; da_disable_devices=&#8221;off|off|off&#8221;][et_pb_row admin_label=&#8221;row&#8221; _builder_version=&#8221;4.16&#8243; background_size=&#8221;initial&#8221; background_position=&#8221;top_left&#8221; background_repeat=&#8221;repeat&#8221; custom_padding=&#8221;5px|||||&#8221; global_colors_info=&#8221;{}&#8221;][et_pb_column type=&#8221;4_4&#8243; _builder_version=&#8221;4.16&#8243; custom_padding=&#8221;|||&#8221; global_colors_info=&#8221;{}&#8221; custom_padding__hover=&#8221;|||&#8221;][et_pb_text content_tablet=&#8221;<\/p>\n<p><!-- divi:paragraph --><\/p>\n<h1>Die Qualit\u00e4t eines Unternehmens bestimmt die Qualit\u00e4t der Produkte<\/h1>\n<p>oddesse ist mit moderner Fertigungstechnik ausger\u00fcstet, die orientiert ist auf h\u00f6chste Qualit\u00e4t, gr\u00f6\u00dftm\u00f6gliche Flexibilit\u00e4t, kurze Lieferzeiten und hohe Produktivit\u00e4t. Mit Hilfe der Permanentmagnet-Technologie entwickeln wir hocheffiziente Tauchmotorpumpensysteme aus physiologisch unbedenklichen Materialien. Dadurch sind die Pumpen und Motoren f\u00fcr den Einsatz im Trinkwasser geeignet. Die effizienten Systeme zeichnen sich durch einen erh\u00f6hten Wirkungsgrad aus und sparen nachhaltig Energie und Kosten ein. Somit hilft die Umr\u00fcstung von alten Pumpenanalagen auf effizientere Systeme dabei den \u00f6kologischen Fu\u00dfabdruck der Wasserwirtschaft zu reduzieren und die Umwelt zu sch\u00fctzen.<\/p>\n<p>Im Interesse unserer Kundinnen und Kunden verf\u00fcgt oddesse \u00fcber eine hohe Fertigungstiefe sowie eine moderne Fertigungssteuerung, um Kundenw\u00fcnsche schnell realisieren zu k\u00f6nnen. Mit einem hochproduktiven Maschinenpark, modernster CAD-Produktentwicklung und Auftragssteuerung, vor allem aber mit einem erfahrenen und hoch qualifizierten Team von Facharbeitern, Ingenieuren und Managern setzen wir die \u00fcber 120-J\u00e4hrige Tradition im Pumpenbau in Oschersleben fort.<\/p>\n<p>Die qualifizierten Ingenieure, Meister, Facharbeiterinnen und Facharbeiter garantieren h\u00f6chste Qualit\u00e4t und Betriebssicherheit der oddesse-Produkte.<\/p>\n<p>Unser Team ber\u00e4t Sie zudem gern zur Umr\u00fcstung Ihrer alten Anlagen auf hocheffiziente Tauchmotorpumpensysteme.<\/p>\n<\/p>\n<p><!-- \/divi:paragraph --><\/p>\n<p>&#8221; content_phone=&#8221;<\/p>\n<p><!-- divi:paragraph --><\/p>\n<h1>Die Qualit\u00e4t eines Unternehmens bestimmt die Qualit\u00e4t der Produkte<\/h1>\n<p>oddesse ist mit moderner Fertigungstechnik ausger\u00fcstet, die orientiert ist auf h\u00f6chste Qualit\u00e4t, gr\u00f6\u00dftm\u00f6gliche Flexibilit\u00e4t, kurze Lieferzeiten und hohe Produktivit\u00e4t. Mit Hilfe der Permanentmagnet-Technologie entwickeln wir hocheffiziente Tauchmotorpumpensysteme aus physiologisch unbedenklichen Materialien. Dadurch sind die Pumpen und Motoren f\u00fcr den Einsatz im Trinkwasser geeignet. Die effizienten Systeme zeichnen sich durch einen erh\u00f6hten Wirkungsgrad aus und sparen nachhaltig Energie und Kosten ein. Somit hilft die Umr\u00fcstung von alten Pumpenanalagen auf effizientere Systeme dabei den \u00f6kologischen Fu\u00dfabdruck der Wasserwirtschaft zu reduzieren und die Umwelt zu sch\u00fctzen.<\/p>\n<p>Im Interesse unserer Kundinnen und Kunden verf\u00fcgt oddesse \u00fcber eine hohe Fertigungstiefe sowie eine moderne Fertigungssteuerung, um Kundenw\u00fcnsche schnell realisieren zu k\u00f6nnen. Mit einem hochproduktiven Maschinenpark, modernster CAD-Produktentwicklung und Auftragssteuerung, vor allem aber mit einem erfahrenen und hoch qualifizierten Team von Facharbeitern, Ingenieuren und Managern setzen wir die \u00fcber 120-J\u00e4hrige Tradition im Pumpenbau in Oschersleben fort.<\/p>\n<p>Die qualifizierten Ingenieure, Meister, Facharbeiterinnen und Facharbeiter garantieren h\u00f6chste Qualit\u00e4t und Betriebssicherheit der oddesse-Produkte.<\/p>\n<p>Unser Team ber\u00e4t Sie zudem gern zur Umr\u00fcstung Ihrer alten Anlagen auf hocheffiziente Tauchmotorpumpensysteme.<\/p>\n<\/p>\n<p><!-- \/divi:paragraph --><\/p>\n<p>&#8221; content_last_edited=&#8221;on|phone&#8221; admin_label=&#8221;Text&#8221; _builder_version=&#8221;4.17.0&#8243; background_size=&#8221;initial&#8221; background_position=&#8221;top_left&#8221; background_repeat=&#8221;repeat&#8221; global_colors_info=&#8221;{}&#8221;]<!-- divi:paragraph --><\/p>\n<h1>The quality of a company determines the quality of the products<\/h1>\n<p>oddesse is equipped with modern production technology that is oriented towards the highest quality, the greatest possible flexibility, short delivery times and high productivity. Using permanent magnet technology, we develop highly efficient submersible pump systems made of physiologically harmless materials. This makes the pumps and motors suitable for use in drinking water. The efficient systems are characterised by an increased efficiency and sustainably save energy and costs. Converting old pumping equipment to more efficient systems thus helps to reduce the ecological footprint of the water industry and protect the environment.<\/p>\n<p>In the interests of our customers, oddesse also boast extensive in-house production depth and modern production control, which make quick implementation of customers&#8217; wishes possible. With a highly productive machine park, the latest CAD product development and order management, but above all with an experienced and highly qualified team of skilled workers, engineers and managers, we are continuing the more than 120-year tradition in pump construction in Oschersleben.<\/p>\n<p>A very high percentage of qualified engineers, experts and skilled labourers guarantee the top quality and operational reliability of oddesse products.<\/p>\n<p>Our team will also be happy to advise you on converting your old systems to highly efficient submersible pump systems.<\/p>\n<p>&nbsp;<\/p>\n<p><!-- \/divi:paragraph -->[\/et_pb_text][\/et_pb_column][\/et_pb_row][et_pb_row column_structure=&#8221;1_3,1_3,1_3&#8243; _builder_version=&#8221;4.16&#8243; _module_preset=&#8221;default&#8221; global_colors_info=&#8221;{}&#8221;][et_pb_column type=&#8221;1_3&#8243; _builder_version=&#8221;4.16&#8243; _module_preset=&#8221;default&#8221; global_colors_info=&#8221;{}&#8221;][et_pb_image src=&#8221;https:\/\/oddesse.de\/wp-content\/uploads\/2022\/03\/Produktion-2.jpg&#8221; title_text=&#8221;Production 2&#8243; _builder_version=&#8221;4.16&#8243; _module_preset=&#8221;default&#8221; border_radii=&#8221;on|10px|10px|10px|10px&#8221; global_colors_info=&#8221;{}&#8221;][\/et_pb_image][\/et_pb_column][et_pb_column type=&#8221;1_3&#8243; _builder_version=&#8221;4.16&#8243; _module_preset=&#8221;default&#8221; global_colors_info=&#8221;{}&#8221;][et_pb_image src=&#8221;https:\/\/oddesse.de\/wp-content\/uploads\/2022\/03\/Produktion-3-2.jpg&#8221; title_text=&#8221;Production 3&#8243; _builder_version=&#8221;4.16&#8243; _module_preset=&#8221;default&#8221; border_radii=&#8221;on|10px|10px|10px|10px&#8221; global_colors_info=&#8221;{}&#8221;][\/et_pb_image][\/et_pb_column][et_pb_column type=&#8221;1_3&#8243; _builder_version=&#8221;4.16&#8243; _module_preset=&#8221;default&#8221; global_colors_info=&#8221;{}&#8221;][et_pb_image src=&#8221;https:\/\/oddesse.de\/wp-content\/uploads\/2022\/03\/Produktion-1-1.jpg&#8221; title_text=&#8221;Production 1&#8243; _builder_version=&#8221;4.16&#8243; _module_preset=&#8221;default&#8221; border_radii=&#8221;on|10px|10px|10px|10px&#8221; global_colors_info=&#8221;{}&#8221;][\/et_pb_image][\/et_pb_column][\/et_pb_row][\/et_pb_section][et_pb_section fb_built=&#8221;1&#8243; theme_builder_area=&#8221;post_content&#8221; _builder_version=&#8221;4.27.4&#8243; _module_preset=&#8221;default&#8221; title_text=&#8221;\u00dcber oddesse 1.2&#8243; background_image=&#8221;https:\/\/oddesse.de\/wp-content\/uploads\/2026\/03\/Ueber-oddesse-1.2-scaled.jpeg&#8221; hover_enabled=&#8221;0&#8243; sticky_enabled=&#8221;0&#8243; da_is_popup=&#8221;off&#8221; da_exit_intent=&#8221;off&#8221; da_has_close=&#8221;on&#8221; da_alt_close=&#8221;off&#8221; da_dark_close=&#8221;off&#8221; da_not_modal=&#8221;on&#8221; da_is_singular=&#8221;off&#8221; da_with_loader=&#8221;off&#8221; da_has_shadow=&#8221;on&#8221; da_disable_devices=&#8221;off|off|off&#8221;][\/et_pb_section]<\/p>\n","protected":false},"excerpt":{"rendered":"<p>in the interest of our customers The quality of a company determines the quality of the products oddesse is equipped with modern production technology that is oriented towards the highest quality, the greatest possible flexibility, short delivery times and high productivity. Using permanent magnet technology, we develop highly efficient submersible pump systems made of physiologically [&hellip;]<\/p>\n","protected":false},"author":2,"featured_media":0,"parent":243355,"menu_order":0,"comment_status":"closed","ping_status":"closed","template":"","meta":{"_et_pb_use_builder":"on","_et_pb_old_content":"","_et_gb_content_width":"","footnotes":""},"class_list":["post-243130","page","type-page","status-publish","hentry"],"_links":{"self":[{"href":"https:\/\/oddesse.de\/en\/wp-json\/wp\/v2\/pages\/243130","targetHints":{"allow":["GET"]}}],"collection":[{"href":"https:\/\/oddesse.de\/en\/wp-json\/wp\/v2\/pages"}],"about":[{"href":"https:\/\/oddesse.de\/en\/wp-json\/wp\/v2\/types\/page"}],"author":[{"embeddable":true,"href":"https:\/\/oddesse.de\/en\/wp-json\/wp\/v2\/users\/2"}],"replies":[{"embeddable":true,"href":"https:\/\/oddesse.de\/en\/wp-json\/wp\/v2\/comments?post=243130"}],"version-history":[{"count":15,"href":"https:\/\/oddesse.de\/en\/wp-json\/wp\/v2\/pages\/243130\/revisions"}],"predecessor-version":[{"id":249747,"href":"https:\/\/oddesse.de\/en\/wp-json\/wp\/v2\/pages\/243130\/revisions\/249747"}],"up":[{"embeddable":true,"href":"https:\/\/oddesse.de\/en\/wp-json\/wp\/v2\/pages\/243355"}],"wp:attachment":[{"href":"https:\/\/oddesse.de\/en\/wp-json\/wp\/v2\/media?parent=243130"}],"curies":[{"name":"wp","href":"https:\/\/api.w.org\/{rel}","templated":true}]}}